{"id":2779,"date":"2011-11-22T11:40:31","date_gmt":"2011-11-22T15:40:31","guid":{"rendered":"http:\/\/blog.espol.edu.ec\/lgrodrig\/?page_id=2779"},"modified":"2011-11-22T12:07:41","modified_gmt":"2011-11-22T16:07:41","slug":"me-llaman-magdalena","status":"publish","type":"page","link":"https:\/\/blog.espol.edu.ec\/lgrodrig\/me-llaman-magdalena\/","title":{"rendered":"2.2.Me llaman Magdalena - Novela"},"content":{"rendered":"<h1 style=\"text-align: center\"><span style=\"color: #008080\">Me llaman Magdalena<\/span><\/h1>\n<h1 style=\"text-align: center\"><span style=\"color: #008080\"><a href=\"http:\/\/blog.espol.edu.ec\/lgrodrig\/files\/2011\/11\/claro-oscuro.jpg\"><img loading=\"lazy\" decoding=\"async\" class=\"aligncenter size-full wp-image-2780\" title=\"claro oscuro\" src=\"http:\/\/blog.espol.edu.ec\/lgrodrig\/files\/2011\/11\/claro-oscuro.jpg\" alt=\"\" width=\"438\" height=\"323\" \/><\/a><\/span><\/h1>\n<h1 style=\"text-align: center\"><span style=\"color: #008080\">De nombres raros y l\u00e1grimas salobres\u2026<\/span><\/h1>\n<h2 style=\"text-align: justify\">\u00a0\u00a0\u00a0 <span style=\"color: #008080\">Cuando los hijos nacen en Magdalav\u00ed, pueblo de gente contradictoria y supersticiosa, sus padres acostumbran a bautizarlos con nombres raros. Yo no fui la excepci\u00f3n. Mis vecinos Fresco Solo Zea y Siemprevivas Vargas Llosa son parte de ese imaginario popular y han pasado a convertirse en emblemas de esta geograf\u00eda seductora de apenas siete mil habitantes, entre burros, chivos y chanchos. James Joyce Tixe y Semen de los Dioses Garc\u00eda M\u00e1rquez tienen de novedosas las referencias literarias y su gracia cotidiana que atrae a reporteros, soci\u00f3logos, vagos, chismosos, caricaturistas, antrop\u00f3logos, curiosos, fot\u00f3grafos, psic\u00f3logos, que muchas veces se aprovechan del ingenuo comportamiento de mis coterr\u00e1neos.<\/span><\/h2>\n<h2 style=\"text-align: justify\"><span style=\"color: #008080\">\u00a0\u00a0\u00a0 En materia de nombres curiosos las perlas son abundantes en mi tierra: Osita Generosa Quinde, Blanca Negrete, Puro Aguardiente Barrios, \u00c1ngel Arc\u00e1ngel Salvador, Coito Constante Albino, Barcelona Casicampe\u00f3n Quinto, Amado Cond\u00f3n Rosado, Magno Maduro Chico, Pl\u00e1cido Toro Manso, Gracia Circuncisi\u00f3n, Walt Disney Infante, Precios\u00edsima del Campo, Pepa de Pi\u00f1a, Esclavitud S\u00e1nchez, Desdichado Cort\u00e9s, Perfecto Gil,\u2026 Para continuar con esta costumbre hasta se han organizado campeonatos de nombres raros, donde los ganadores han mostrado con orgullo sus inconcebibles c\u00e9dulas de identidad sobre sus insignificantes trofeos. Aqu\u00ed nos visit\u00f3 un fan\u00e1tico uruguayo, quien apelando a la Biblia, hab\u00eda bautizado a sus tres hijos varones como Prometido del Cielo, Ed\u00e9n del Para\u00edso y Efluvio de Amor, tambi\u00e9n supe de un aviador que llam\u00f3 a sus v\u00e1stagos Jet, Boeing y Twin. Entonces, por qu\u00e9 sentirnos retra\u00eddos ante lo extravagante. En mi terru\u00f1o, al hijo del hacendado m\u00e1s exitoso, que ten\u00eda por afici\u00f3n las pel\u00edculas del actor Arnold Schwarzenegger, lo inscribieron en el Registro Civil como Pr\u00f3spero Yon S\u00e9neguer; mientras otro, que viv\u00eda siempre resfriado, bautiz\u00f3 a su primog\u00e9nito con el nombre de Vick Vaporub Sint\u00f3s y no puedo dejar de nombrar a mi buen amigo Alargino Crescenciano que sin ser de Magdalavi se une a la lista de nombres raros\u2026<\/span><\/h2>\n<h2 style=\"text-align: justify\"><span style=\"color: #008080\">\u00a0\u00a0\u00a0 Mi madre cuenta que fui concebida una noche de alboroto, luego de que volviera con mi padre de la funci\u00f3n dominical del circo que hab\u00eda llegado al pueblo, tras esa feria folcl\u00f3rica que se dec\u00eda internacional, pero que en realidad proven\u00eda de las afueras de Pallatanga, Chimborazo, con su penetrante olor a fritada incluido.<\/span><\/h2>\n<h2 style=\"text-align: justify\"><span style=\"color: #008080\">\u00a0\u00a0\u00a0 Me engendraron justo en la hora en que comenzaba el aquelarre nocherniego y las brujas sal\u00edan a volar en sus escobas el\u00e9ctricas, cuando los gatos encorvaban su erizado lomo y los perros de alrededor desaparec\u00edan en las fauces del viejo le\u00f3n que rug\u00eda de hambre en su jaula improvisada, a un costado de la zurcida carpa de lona.<\/span><\/h2>\n<h2 style=\"text-align: justify\"><span style=\"color: #008080\">\u00a0\u00a0\u00a0 Cuenta mi madre que el cielo se ilumin\u00f3 de golpe, que las estrellas se tornaron visibles y el viento guard\u00f3 silencio en el preciso instante del primer grito. Tal parece que, en materia de nacimiento, soy entrega especial en un universo de nombres estrafalarios.<\/span><\/h2>\n<h2 style=\"text-align: justify\"><span style=\"color: #008080\">\u00a0\u00a0\u00a0 Ah, mi nombre: Maga Malabarista Murillo, impuesto por mis progenitores en honor a la equilibrista del circo que los cautiv\u00f3 con su actuaci\u00f3n de artilugios y encantos. Cuando tuve conciencia de mi lugar en el mundo, en vez de protestar por tan elocuente registro, acept\u00e9 con una sonrisa que la gente me llamara Magdalena, pues fui alumbrada un 22 de julio, fecha que el santoral del almanaque se\u00f1ala como el d\u00eda de Mar\u00eda Magdalena, la aut\u00e9ntica, a quien me parezco solo por la facilidad de humectar los ojos sin ton ni son, como un estigma que me identifica con la frase \u201cLloras como Magdalena\u201d, puesto que lloro por todo y por nada: cuando corto cebolla colorada para el refrito, cuando veo los programas de far\u00e1ndula local en la televisi\u00f3n, cuando me matan con la indiferencia y hasta cuando leo las mentiras de la cr\u00f3nica roja. \u00a0Hubo un tiempo en que lloraba y gritaba \u201cNadie me quiere, nadie me quiere\u201d y vert\u00eda verdaderas l\u00e1grimas de cocodrilo, aquellas que los cient\u00edficos zootecnistas descubrieron cuando al observar que el saurio, una vez devorada su presa, lloraba sobre los despojos de su comida y daba la impresi\u00f3n de sentirse afligido porque el fest\u00edn hubiera terminado tan de prisa; lo cierto es que la estimulaci\u00f3n cercana de sus gl\u00e1ndulas salivales y las lacrimales hace que al animal llore mientras come. As\u00ed de llorona como el cocodrilo me volv\u00eda cuando me deprim\u00eda.<\/span><\/h2>\n<h2 style=\"text-align: justify\"><span style=\"color: #008080\">\u00a0\u00a0\u00a0 Lloraba con una disciplina parecida a la de las lloronas de alquiler, de esas que contratan para llorar en los funerales donde a los deudos del difunto les proh\u00edben llorar, porque eso de llorar en las exequias es propio de gente inculta. Lloraba por compulsi\u00f3n; una vez llor\u00e9 por la alegr\u00eda de que s\u00e9 llorar, como la letra de la canci\u00f3n que hicieron famosa los hermanos Mario y Lucas Montecel en Guayaquil: \u201cYo quisiera llorar y llorar tanto\/ y humedecer en llanto mis dolores\/ y abrazar con mis l\u00e1grimas mi canto\/ con mis l\u00e1grimas decirte mis amores\u201d.<\/span><\/h2>\n<h2 style=\"text-align: justify\"><span style=\"color: #008080\">\u00a0\u00a0\u00a0 A\u00fan as\u00ed, juro y perjuro que no tengo nada que ver con\u00a0 la Mar\u00eda Magdalena de las sagradas escrituras, ella naci\u00f3 en Magdala, a unos 200 kil\u00f3metros de Jerusal\u00e9n; yo en Magdalav\u00ed, un peque\u00f1o pueblo de fantas\u00eda, donde las vivencias populares fabricaban personajes anecd\u00f3ticos, all\u00e1 en la latitud cero, a ambos lados de la l\u00ednea equinoccial.<\/span><\/h2>\n<h2 style=\"text-align: justify\"><span style=\"color: #008080\">\u00a0\u00a0\u00a0 Las sagradas escrituras afirman que la historia de Jes\u00fas est\u00e1 ligada a la de esta santa, la propia, que lo acompa\u00f1\u00f3 en su andanza, escuchando su palabra, atestiguando sus milagros y perseverando \u00a0a su lado en los momentos m\u00e1s dif\u00edciles de su vida p\u00fablica, aunque despu\u00e9s de la pel\u00edcula\u00a0 C\u00f3digo da Vinci, basada en la novela hom\u00f3nima, toda perspectiva cambi\u00f3 con las afirmaciones que Dan Brown presentara, aseverando que Magdalena fue la pareja amatoria de Jes\u00fas y que hasta tuvieron descendencia. Desde luego que estas deducciones hicieron que se les moviera el piso a los cat\u00f3licos, unos pensando y otros dudando, perdiendo la poca fe que ten\u00edan y hay hasta quienes con esto la vida les cambi\u00f3 para bien, como el caso de B\u00e9renger, un pobre cura rural de un pueblo casi an\u00f3nimo del suroeste de Francia, quien se hizo millonario con el descubrimiento de documentos secretos que hablaban de una sociedad llamada el Priorato de Sion\u2026<\/span><\/h2>\n<h2 style=\"text-align: justify\"><span style=\"color: #008080\">\u00a0\u00a0\u00a0 Lo cierto es que me cuentan que nac\u00ed llorona; no es que estuviera enferma, al contrario, \u00a0ese parecer\u00eda ser mi destino y me alegro cuando escucho que las l\u00e1grimas purifican el coraz\u00f3n y revelan los secretos y misterios de la vida, que son la sangre del alma, como escrib\u00eda San Agust\u00edn; no obstante, a veces las m\u00edas parecen no tener fundamento, por lo que estoy convencida de que son una debilidad del alma.<\/span><\/h2>\n<h2 style=\"text-align: justify\"><span style=\"color: #008080\">\u00a0\u00a0\u00a0 S\u00e9 que no es un d\u00eda de festejos en el calendario de la Iglesia Cat\u00f3lica, pero ha habido ocasiones en que he pensado que deb\u00ed nacer el 28 de diciembre, d\u00eda de los Santos Inocentes, para evadir con disimulo el laberinto perturbado de la ingenua realidad que me acompa\u00f1a.<\/span><\/h2>\n<h2 style=\"text-align: justify\"><span style=\"color: #008080\">\u00a0<\/span><span style=\"color: #008080\">\u00a0<\/span><\/h2>\n<h1 style=\"text-align: center\"><span style=\"color: #008080\"><a href=\"http:\/\/blog.espol.edu.ec\/lgrodrig\/files\/2011\/11\/foto-de-portada.jpg\"><img loading=\"lazy\" decoding=\"async\" class=\"aligncenter size-full wp-image-2784\" title=\"foto de portada\" src=\"http:\/\/blog.espol.edu.ec\/lgrodrig\/files\/2011\/11\/foto-de-portada.jpg\" alt=\"\" width=\"487\" height=\"717\" srcset=\"https:\/\/blog.espol.edu.ec\/lgrodrig\/files\/2011\/11\/foto-de-portada.jpg 487w, https:\/\/blog.espol.edu.ec\/lgrodrig\/files\/2011\/11\/foto-de-portada-203x300.jpg 203w\" sizes=\"auto, (max-width: 487px) 100vw, 487px\" \/><\/a><\/span><\/h1>\n<h1 style=\"text-align: center\"><span style=\"color: #008080\">Acerca de mi origen<\/span><\/h1>\n<h2 style=\"text-align: justify\"><span style=\"color: #008080\">\u00a0\u00a0\u00a0 Era la d\u00e9cada de los 60, mi ni\u00f1ez transcurr\u00eda en medio de la extensa familia Murillo \u2013 Arteaga,\u00a0 en la llamada \u00e9poca de la ideolog\u00eda, que abri\u00f3 para el pa\u00eds el inicio de una nueva era frente al frenes\u00ed del siglo XX. En cambio, en el Vaticano, el papa Juan XXIII convocaba a la celebraci\u00f3n del II Concilio Ecum\u00e9nico que provocar\u00eda grandes reformas en la Iglesia Cat\u00f3lica.<\/span><\/h2>\n<h2 style=\"text-align: justify\"><span style=\"color: #008080\">\u00a0\u00a0\u00a0 Mi entorno lo formaban mis padres Casimiro y Diosa, mis abuelos paternos Ruperto y Diogesmunda, mi nana Timolina, mi t\u00eda Eulalia, su marido P\u00e9rez Prado, sus tres hijas \u2013mis celebradas primas-.<\/span><\/h2>\n<h2 style=\"text-align: justify\"><span style=\"color: #008080\">\u00a0\u00a0\u00a0 Tambi\u00e9n estaban mis cuatro perros cricall (cruce de criollo + callejero) a quienes mi bisabuelo paterno, Jesucristo P\u00e1jaro Murillo, puso tremebundos nombres de reyes de la Iglesia Cat\u00f3lica al conocer sus historias llenas de truculencia y corrupci\u00f3n y que, sin embargo, ocuparon el trono papal con desparpajo. Como una forma de menosprecio a la falsa Iglesia, denomin\u00f3 a los canes con nombres papales: Juan 12, en alusi\u00f3n al \u201csanto papa\u201d que hab\u00eda sido descrito por el Liber Pontificalis como un personaje en constante adulterio, hasta que fue asesinado por el esposo de la mujer con quien copulaba; perro Bonifacio, en referencia a Bonifacio VIII, un papa inmoral de cuyo reinado Dante describi\u00f3 como \u201cla alcantarilla de la corrupci\u00f3n\u201d; perro Le\u00f3n, en referencia a Le\u00f3n X, quien fue el gran inventor de las indulgencias, donde con dinero se perdonaba cualquier atrocidad; y perro Alejandro, en menci\u00f3n a Alejandro VI, \u00a0quien realiz\u00f3 una org\u00eda indefinida en el Vaticano. No s\u00e9 de qu\u00e9 forma se enter\u00f3 de estos malos servidores de Dios que actuaron en contra de la Iglesia Cat\u00f3lica haciendo horrores y barbaries que iban desde la pedofilia hasta el incesto.<\/span><\/h2>\n<h2 style=\"text-align: justify\"><span style=\"color: #008080\">\u00a0\u00a0\u00a0 En cambio, a fines del siglo XX un religioso con caracter\u00edsticas de santo asumi\u00f3 el papado: Juan Pablo II. Les cuento que cuando el Santo Padre vino a nuestro pa\u00eds, tuve la suerte de verlo pasar por la gran avenida en su inmaculado papam\u00f3vil custodiado por multitudes. Su sonrisa angelical, su carisma propio de un santo hizo que se tome los corazones de todos.<\/span><\/h2>\n<h2 style=\"text-align: justify\"><span style=\"color: #008080\">\u00a0\u00a0\u00a0 Lo lamentable es que Jesucristo P\u00e1jaro no vivi\u00f3 para conocer\u00a0 al\u00a0 papa viajero que peregrin\u00f3 por todo el mundo, comunic\u00e1ndose en m\u00e1s de 15 idiomas, entregando amor y su palabra a todos los pueblos cat\u00f3licos.<\/span><\/h2>\n<h2 style=\"text-align: justify\"><span style=\"color: #008080\">\u00a0\u00a0\u00a0 En Magdalav\u00ed viv\u00edamos en una hacienda muy antigua, donde nacieron desde mis tatarabuelos hasta mis padres. Yo no, en realidad nac\u00ed en los pastizales, mi madre caminaba despaciosa, de repente un pujo y afuera, lo primero que mis virginales ojos vieron fue aquel magn\u00e9tico espacio que constituye el cielo.<\/span><\/h2>\n<h2 style=\"text-align: justify\"><span style=\"color: #008080\">\u00a0\u00a0\u00a0 En Magdalav\u00ed la vida se identifica con el aroma a caf\u00e9 tostado de esos lares, despert\u00e1bamos casi en la madrugada, al primer canto del gallo o al rebuznar de los borricos. Y, aunque usualmente los perros ladraban toda la noche, la algarab\u00eda que formaban era se\u00f1al de que alguien se iba o llegaba.\u00a0 Si se iba, desde la ventana les hac\u00eda de la mano, pero si llegaba, de seguro ese d\u00eda mataban dos gallinas y el dolor de dejar sin madre a los peque\u00f1os ov\u00edparos me causaba infinita tristeza a tal punto que ese d\u00eda no pasaba bocado alguno.<\/span><\/h2>\n<h2 style=\"text-align: justify\"><span style=\"color: #008080\">\u00a0\u00a0\u00a0 En el \u00e1ngulo opuesto de la propiedad estaban los alt\u00edsimos ca\u00f1averales que parec\u00edan abrirme paso. Ah\u00ed me refugiaba a so\u00f1ar en la inmensidad del mundo, escondida de todos, aunque en muchas ocasiones el salto de peque\u00f1as ranitas de diversos colores que viv\u00edan en las ca\u00f1as me asustaba y sal\u00eda corriendo a buscar refugio en el \u00fanico lugar seguro: mi casa.<\/span><\/h2>\n<h2 style=\"text-align: justify\"><span style=\"color: #008080\">\u00a0\u00a0\u00a0 Hacia el otro extremo de la finca se levantaban los verdes pastizales, donde corr\u00eda sin zapatos, demostrando mis dotes de gacela.<\/span><\/h2>\n<h2 style=\"text-align: justify\"><span style=\"color: #008080\">\u00a0\u00a0\u00a0 Una vez vinieron varios hombres a la finca a ver c\u00f3mo crec\u00eda la hierba de los prados; escuchando lo que explicaban sobre los nutrientes, caminaba atenta de la mano de mi padre. A partir de ese momento, cada que pod\u00eda arrancaba un manojito de pasto y lo com\u00eda. Les cuento que hice esto por largo tiempo hasta que escuch\u00e9 a uno de los vaqueros que el pastoreo se hac\u00eda sin ning\u00fan control y que eso produc\u00eda \u201cenanizaci\u00f3n\u201d. Eso fue terrible, no quer\u00eda ser enanita como las que trabajan vestidas de payaso en el circo, en todo caso prefer\u00eda ser maga o malabarista.<\/span><\/h2>\n<h2 style=\"text-align: justify\"><span style=\"color: #008080\">\u00a0\u00a0\u00a0 Madrugar \u00a0para ir al potrero con mi padre, entre el mugir del ganado y el olor de la hierba reci\u00e9n cegada, despertaba mis sentidos. Me deleitaba agarrar las ubres de las vacas y sacar la leche, aunque varias veces ca\u00ed patas arriba en el intento de desprenderme de una garrapata antes de que el \u00e1caro me succione la sangre y me convierta en una de ellas.<\/span><\/h2>\n<h2 style=\"text-align: justify\"><span style=\"color: #008080\">\u00a0\u00a0\u00a0 Y un enajenamiento consumado: amasar el cuajo y sacar suero de la leche para formar quesos con mis manos diminutas en peque\u00f1os moldes de madera.\u00a0<\/span><\/h2>\n<h2 style=\"text-align: justify\"><span style=\"color: #008080\">\u00a0\u00a0\u00a0 La mejor diversi\u00f3n: jugar al pap\u00e1 y a la mam\u00e1, a la pega, al bate, al pan quemado y a la escondida. Mis aliados de juego eran mis primas, mis amigos, los hijos de los compadres, mis compa\u00f1eros de escuela, los vecinos de las tierras circundantes y, a escondidas del patriarca, hasta con los hijos de los peones.<\/span><\/h2>\n<h2 style=\"text-align: justify\"><span style=\"color: #008080\">\u00a0\u00a0\u00a0<\/span><span style=\"color: #008080\">\u00a0\u00a0\u00a0 Lo cierto es que cuando uno crece, muchas cosas se olvidan, Magdalena en cambio a\u00fan recordaba los pantalones grandotes que usaba Antonio Bragueta Suelta, las rodillas huesudas de Reales Tamarindo, las trenzas de Alavera del R\u00edo, la risa de Mar\u00eda Concebida, la velocidad al correr del flaco Sacachispas, la parsimonia del gordo Coco Cuadrado, las alergias de Margarita Flores del Campo, la audacia de Estrella Escondida quien era la capitana de sus travesuras y, por supuesto, la inolvidable Reina Isabel Tutifrutti que, pese a vivir al lado de la escuela, llegaba atrasada a clases, donde una sola profesora ense\u00f1aba a todos los grados.<\/span><\/h2>\n<h2 style=\"text-align: justify\"><span style=\"color: #008080\">\u00a0\u00a0\u00a0 Magdalena gustaba andar a lomo de una mula terca y ma\u00f1osa, y correr por el campo sin m\u00e1s raz\u00f3n que sentir libertad de esp\u00edritu, trepar al gran \u00e1rbol que estaba en el frente de la casa y, con un largo palo, coger tamarindo con los ojos cerrados para no ver al fantasma de la viuda. La aventura no paraba hasta desembocar en el estero, donde jugar y re\u00edr era un estado de trance, como si el d\u00eda siguiente fuese el fin del mundo, sin importarle c\u00f3mo se destrozaba la piel de sus extremidades con eczema y urticaria por las garrapatas del ganado y las mosquillas que proliferan en la humedad entre el esti\u00e9rcol y el ensilado. <\/span><span style=\"color: #008080\">Retozaba.<\/span><\/h2>\n<h2 style=\"text-align: justify\"><span style=\"color: #008080\">\u00a0\u00a0\u00a0 De repente, a Magdalena le viene a la mente el discordante vecino que alinderaba atr\u00e1s con la finca de sus padres. De \u00e9l se dec\u00eda que era cuatrero y abigeo de profesi\u00f3n, que se pasaba el d\u00eda de holgaz\u00e1n y al oscurecer sal\u00eda a robar.<\/span><\/h2>\n<h2 style=\"text-align: justify\"><span style=\"color: #008080\">\u00a0\u00a0\u00a0 De \u00e9l se dec\u00eda que hab\u00eda robado 300 chanchos sin capar, que les hab\u00eda echado polvo de estoraque para silenciar sus gua\u00f1idos, que se consagraba al Santo Justo Juez para que no lo vieran y que hasta manten\u00eda pacto con el diablo.<\/span><\/h2>\n<h2 style=\"text-align: justify\"><span style=\"color: #008080\">\u00a0\u00a0\u00a0 Sus allegados comentaban que, entre guaro y guaro, sol\u00eda contar sus andanzas y era tan orgulloso de lo que hac\u00eda que, a m\u00e1s de dar coimas a la polic\u00eda del pueblo para que no lo apresaran por lo que pregonaba, hab\u00eda tenido la osad\u00eda de inscribir a su primer hijo con el nombre de Perfecto Ladr\u00f3n Honrado.<\/span><\/h2>\n<h2 style=\"text-align: justify\"><span style=\"color: #008080\">\u00a0\u00a0 \u00a0De Perfecto, Magdalena recordaba con claridad sus t\u00edmidos y huidizos ojos, fueron juntos a la escuela, pero el ni\u00f1o jam\u00e1s disfrut\u00f3 de sus juegos. De seguro fue por el estigma de su nombre.<\/span><\/h2>\n<h2 style=\"text-align: justify\"><span style=\"color: #008080\">\u00a0\u00a0\u00a0 Los duendes, fantasmas, esp\u00edritus y aparecidos forman un misterio alucinante\u00a0 del que nadie escapa.\u00a0 En el campo estas historias se multiplican y est\u00e1n presentes en reuniones nocturnas. En torno a la abuela de Magdalena sol\u00eda contarse hechos relativos a personajes de terror que parec\u00edan veros\u00edmiles y que a\u00fan rondan en los \u00e1mbitos por donde pueden v\u00e9rselos de cuerpo entero.\u00a0 Los psic\u00f3logos creen que son invenciones producto del miedo a lo desconocido. A\u00fan hay ni\u00f1os que juegan con estas leyendas rurales: el le\u00f1ador que se lo trag\u00f3 la luna por no respetar el domingo de descanso obligatorio, Mar\u00eda Angula y su estridente llanto reclamando sus m\u00f3rbidas carnes, la viuda del tamarindo y su helada carcajada diab\u00f3lica y la loca llorona de Tamalameque con su aterrador lamento que hac\u00eda cuartear la humedad de las paredes...<\/span><\/h2>\n<h2 style=\"text-align: justify\"><span style=\"color: #008080\">\u00a0\u00a0\u00a0 Una ma\u00f1ana apareci\u00f3 en el cuarto de Magdalena, sobre su cama, una hermosa mu\u00f1eca de trapo, en el rostro del juguete se apreciaba las huellas de un golpe, como el que le dan con suficiente fuerza a las personas para \u201cemplomarlas\u201d, hincharlas y cerrarles los ojos. Ol\u00eda a perfume de rosas y parec\u00eda estar humedecida en l\u00e1grimas salobres.<\/span><\/h2>\n<h2 style=\"text-align: justify\"><span style=\"color: #008080\">\u00a0\u00a0\u00a0 Magdalena le tuvo desconfianza y, a\u00fan as\u00ed, no report\u00f3 a nadie del hallazgo para evitar que se la quitaran. Al d\u00eda siguiente se supo de la muerte de la gitana del circo que visitaba el\u00a0 pueblo, apareci\u00f3 inerme sobre el callej\u00f3n de los hermanos Mala Noche.\u00a0 Dicen que ol\u00eda a perfume de rosas y l\u00e1grimas salobres. Luc\u00eda las mismas ropas de la mu\u00f1eca de trapo y los ojos emplomados\u2026<\/span><\/h2>\n<h2 style=\"text-align: justify\"><span style=\"color: #008080\">\u00a0<\/span><\/h2>\n<h2 style=\"text-align: justify\"><span style=\"color: #008080\">\u00a0<\/span><\/h2>\n<h2 style=\"text-align: justify\"><span style=\"color: #008080\">\u00a0<\/span><\/h2>\n<h2 style=\"text-align: justify\"><span style=\"color: #008080\">\u00a0<\/span><\/h2>\n<h2 style=\"text-align: justify\"><span style=\"color: #008080\">\u00a0<\/span><\/h2>\n<h2 style=\"text-align: justify\"><span style=\"color: #008080\">\u00a0<\/span><\/h2>\n<h2 style=\"text-align: justify\"><span style=\"color: #008080\">\u00a0<\/span><\/h2>\n<h2 style=\"text-align: justify\"><span style=\"color: #008080\">\u00a0<\/span><\/h2>\n<h2 style=\"text-align: justify\"><span style=\"color: #008080\">\u00a0<\/span><\/h2>\n","protected":false},"excerpt":{"rendered":"<p>Me llaman Magdalena De nombres raros y l\u00e1grimas salobres\u2026 \u00a0\u00a0\u00a0 Cuando los hijos nacen en Magdalav\u00ed, pueblo de gente contradictoria y supersticiosa, sus padres acostumbran a bautizarlos con nombres raros. Yo no fui la excepci\u00f3n. Mis vecinos Fresco Solo Zea y Siemprevivas Vargas Llosa son parte de ese imaginario popular y han pasado a convertirse [&hellip;]<\/p>\n","protected":false},"author":247,"featured_media":0,"parent":0,"menu_order":0,"comment_status":"open","ping_status":"open","template":"","meta":{"footnotes":""},"class_list":["post-2779","page","type-page","status-publish","hentry"],"aioseo_notices":[],"_links":{"self":[{"href":"https:\/\/blog.espol.edu.ec\/lgrodrig\/wp-json\/wp\/v2\/pages\/2779","targetHints":{"allow":["GET"]}}],"collection":[{"href":"https:\/\/blog.espol.edu.ec\/lgrodrig\/wp-json\/wp\/v2\/pages"}],"about":[{"href":"https:\/\/blog.espol.edu.ec\/lgrodrig\/wp-json\/wp\/v2\/types\/page"}],"author":[{"embeddable":true,"href":"https:\/\/blog.espol.edu.ec\/lgrodrig\/wp-json\/wp\/v2\/users\/247"}],"replies":[{"embeddable":true,"href":"https:\/\/blog.espol.edu.ec\/lgrodrig\/wp-json\/wp\/v2\/comments?post=2779"}],"version-history":[{"count":10,"href":"https:\/\/blog.espol.edu.ec\/lgrodrig\/wp-json\/wp\/v2\/pages\/2779\/revisions"}],"predecessor-version":[{"id":2795,"href":"https:\/\/blog.espol.edu.ec\/lgrodrig\/wp-json\/wp\/v2\/pages\/2779\/revisions\/2795"}],"wp:attachment":[{"href":"https:\/\/blog.espol.edu.ec\/lgrodrig\/wp-json\/wp\/v2\/media?parent=2779"}],"curies":[{"name":"wp","href":"https:\/\/api.w.org\/{rel}","templated":true}]}}