{"id":300,"date":"2009-04-03T22:53:51","date_gmt":"2009-04-04T02:53:51","guid":{"rendered":"http:\/\/blog.espol.edu.ec\/lgrodrig\/?page_id=300"},"modified":"2009-05-08T21:33:26","modified_gmt":"2009-05-09T01:33:26","slug":"mas-alla-de-los-suenos-oniromancia","status":"publish","type":"page","link":"https:\/\/blog.espol.edu.ec\/lgrodrig\/libros-publicados\/mas-alla-de-los-suenos-oniromancia\/","title":{"rendered":"M\u00e1s all\u00e1 de los sue\u00f1os - Oniromancia"},"content":{"rendered":"<p class=\"MsoNormal\" style=\"text-align: justify\"><strong><span style=\"font-size: 14pt;color: #1f497d\"><img loading=\"lazy\" decoding=\"async\" class=\"aligncenter size-full wp-image-366\" src=\"http:\/\/blog.espol.edu.ec\/lgrodrig\/files\/2009\/04\/portay.jpg\" alt=\"portay\" width=\"128\" height=\"200\" \/><\/span><span style=\"font-size: 14pt;color: #1f497d\">M\u00e1s all\u00e1 De los Sue\u00f1os<\/span><\/strong><strong><span style=\"font-size: 14pt;color: #1f497d\">, pertenece a la serie \u201cNuestros Valores\u201d No. 6<span> <\/span>de la Escuela Superior Polit\u00e9cnica del Litoral.<span> <\/span>Es el primer libro de cuentos trabajado por Luz Gabriela, donde demuestra un m\u00e9rito innegable. Sus cuentos tratan de inducir al lector a un mundo de caos, de pesadillas, de sue\u00f1os, que terminan provocando desajustes emocionales en cualquier lector no precavido.<span> <\/span>La autora nos tiende finales llenos de trampas, inesperados y de rupturas.<\/span><\/strong><\/p>\n<p class=\"MsoNormal\" style=\"text-align: justify\"><strong><\/strong><\/p>\n<p class=\"MsoNormal\" style=\"text-align: justify\"><strong><span style=\"font-size: 14pt;color: #1f497d\">Presenta una gama de posibilidades<span> <\/span>que muestran una respetable vocaci\u00f3n, donde una imaginaci\u00f3n fresca, transparente presenta mundos propios, futuristas, tecnol\u00f3gicos o de ciencia ficci\u00f3n que sin ser otros, son mundos que encontramos en nosotros mismos.<\/span><\/strong><\/p>\n<p class=\"MsoNormal\" style=\"text-align: justify\"><strong><\/strong><\/p>\n<p class=\"MsoNormal\" style=\"text-align: justify\"><strong><span style=\"font-size: 14pt;color: #1f497d\">En s\u00edntesis los 16 textos de este libro nos toman de la mano y nos conducen hacia verdaderos mundos intempestivos, marcando desde ya un estilo \u00fanico.<\/span><\/strong><\/p>\n<p class=\"MsoNormal\" style=\"text-align: justify\"><strong><\/strong><\/p>\n<p class=\"MsoNormal\" style=\"text-align: justify\"><strong><span style=\"font-size: 14pt;color: #1f497d\">Miguel Donoso Pareja<\/span><\/strong><\/p>\n","protected":false},"excerpt":{"rendered":"<p>M\u00e1s all\u00e1 De los Sue\u00f1os, pertenece a la serie \u201cNuestros Valores\u201d No. 6 de la Escuela Superior Polit\u00e9cnica del Litoral. Es el primer libro de cuentos trabajado por Luz Gabriela, donde demuestra un m\u00e9rito innegable. Sus cuentos tratan de inducir al lector a un mundo de caos, de pesadillas, de sue\u00f1os, que terminan provocando desajustes [&hellip;]<\/p>\n","protected":false},"author":247,"featured_media":0,"parent":275,"menu_order":0,"comment_status":"open","ping_status":"open","template":"","meta":{"footnotes":""},"class_list":["post-300","page","type-page","status-publish","hentry"],"aioseo_notices":[],"_links":{"self":[{"href":"https:\/\/blog.espol.edu.ec\/lgrodrig\/wp-json\/wp\/v2\/pages\/300","targetHints":{"allow":["GET"]}}],"collection":[{"href":"https:\/\/blog.espol.edu.ec\/lgrodrig\/wp-json\/wp\/v2\/pages"}],"about":[{"href":"https:\/\/blog.espol.edu.ec\/lgrodrig\/wp-json\/wp\/v2\/types\/page"}],"author":[{"embeddable":true,"href":"https:\/\/blog.espol.edu.ec\/lgrodrig\/wp-json\/wp\/v2\/users\/247"}],"replies":[{"embeddable":true,"href":"https:\/\/blog.espol.edu.ec\/lgrodrig\/wp-json\/wp\/v2\/comments?post=300"}],"version-history":[{"count":7,"href":"https:\/\/blog.espol.edu.ec\/lgrodrig\/wp-json\/wp\/v2\/pages\/300\/revisions"}],"predecessor-version":[{"id":457,"href":"https:\/\/blog.espol.edu.ec\/lgrodrig\/wp-json\/wp\/v2\/pages\/300\/revisions\/457"}],"up":[{"embeddable":true,"href":"https:\/\/blog.espol.edu.ec\/lgrodrig\/wp-json\/wp\/v2\/pages\/275"}],"wp:attachment":[{"href":"https:\/\/blog.espol.edu.ec\/lgrodrig\/wp-json\/wp\/v2\/media?parent=300"}],"curies":[{"name":"wp","href":"https:\/\/api.w.org\/{rel}","templated":true}]}}