{"id":3027,"date":"2015-01-28T01:18:53","date_gmt":"2015-01-28T05:18:53","guid":{"rendered":"http:\/\/blog.espol.edu.ec\/lgrodrig\/?page_id=3027"},"modified":"2015-01-28T01:23:22","modified_gmt":"2015-01-28T05:23:22","slug":"y-ahora-cuando-muera-quien-estara-a-mi-lado-autobiografia-novelada","status":"publish","type":"page","link":"https:\/\/blog.espol.edu.ec\/lgrodrig\/libros-publicados\/y-ahora-cuando-muera-quien-estara-a-mi-lado-autobiografia-novelada\/","title":{"rendered":"Y ahora cuando muera, qui\u00e9n estar\u00e1 a mi lado - Autobiografia novelada"},"content":{"rendered":"<p><a href=\"http:\/\/blog.espol.edu.ec\/lgrodrig\/files\/2009\/04\/portada-y-ahora.jpg\"><img loading=\"lazy\" decoding=\"async\" class=\"wp-image-3013 aligncenter\" src=\"http:\/\/blog.espol.edu.ec\/lgrodrig\/files\/2009\/04\/portada-y-ahora.jpg\" alt=\"portada y ahora\" width=\"247\" height=\"329\" srcset=\"https:\/\/blog.espol.edu.ec\/lgrodrig\/files\/2009\/04\/portada-y-ahora.jpg 480w, https:\/\/blog.espol.edu.ec\/lgrodrig\/files\/2009\/04\/portada-y-ahora-e1422418797440-113x150.jpg 113w, https:\/\/blog.espol.edu.ec\/lgrodrig\/files\/2009\/04\/portada-y-ahora-225x300.jpg 225w\" sizes=\"auto, (max-width: 247px) 100vw, 247px\" \/><\/a><\/p>\n<p>&nbsp;<\/p>\n<h3 style=\"text-align: justify\"><strong>Esta obra toma como escenario la ciudad de Guayaquil y presenta una propuesta\u00a0 que se traduce en una b\u00fasqueda constante en la memoria y en la evocaci\u00f3n, en la continua visi\u00f3n hacia el pasado, enhebrando ausencias, desatinos, desencuentros, pero tambi\u00e9n afectos y bienandanzas, como queriendo descifrar los sinsentidos de una vida lograda a base de movimientos de ajedrez.\u00a0<\/strong><\/h3>\n<h3 style=\"text-align: justify\"><strong>La narraci\u00f3n est\u00e1 estructurada en 32 textos, que bien pueden leerse de forma individual, mostrando que la frontera que pudiere existir entre lo l\u00edrico, lo \u00e9pico y lo dram\u00e1tico se han abierto para dar paso a nuevas texturas ficcionales.\u00a0<\/strong><\/h3>\n","protected":false},"excerpt":{"rendered":"<p>&nbsp; Esta obra toma como escenario la ciudad de Guayaquil y presenta una propuesta\u00a0 que se traduce en una b\u00fasqueda constante en la memoria y en la evocaci\u00f3n, en la continua visi\u00f3n hacia el pasado, enhebrando ausencias, desatinos, desencuentros, pero tambi\u00e9n afectos y bienandanzas, como queriendo descifrar los sinsentidos de una vida lograda a base [&hellip;]<\/p>\n","protected":false},"author":247,"featured_media":0,"parent":275,"menu_order":2,"comment_status":"open","ping_status":"closed","template":"","meta":{"footnotes":""},"class_list":["post-3027","page","type-page","status-publish","hentry"],"aioseo_notices":[],"_links":{"self":[{"href":"https:\/\/blog.espol.edu.ec\/lgrodrig\/wp-json\/wp\/v2\/pages\/3027","targetHints":{"allow":["GET"]}}],"collection":[{"href":"https:\/\/blog.espol.edu.ec\/lgrodrig\/wp-json\/wp\/v2\/pages"}],"about":[{"href":"https:\/\/blog.espol.edu.ec\/lgrodrig\/wp-json\/wp\/v2\/types\/page"}],"author":[{"embeddable":true,"href":"https:\/\/blog.espol.edu.ec\/lgrodrig\/wp-json\/wp\/v2\/users\/247"}],"replies":[{"embeddable":true,"href":"https:\/\/blog.espol.edu.ec\/lgrodrig\/wp-json\/wp\/v2\/comments?post=3027"}],"version-history":[{"count":1,"href":"https:\/\/blog.espol.edu.ec\/lgrodrig\/wp-json\/wp\/v2\/pages\/3027\/revisions"}],"predecessor-version":[{"id":3028,"href":"https:\/\/blog.espol.edu.ec\/lgrodrig\/wp-json\/wp\/v2\/pages\/3027\/revisions\/3028"}],"up":[{"embeddable":true,"href":"https:\/\/blog.espol.edu.ec\/lgrodrig\/wp-json\/wp\/v2\/pages\/275"}],"wp:attachment":[{"href":"https:\/\/blog.espol.edu.ec\/lgrodrig\/wp-json\/wp\/v2\/media?parent=3027"}],"curies":[{"name":"wp","href":"https:\/\/api.w.org\/{rel}","templated":true}]}}