{"id":304,"date":"2009-04-03T22:59:08","date_gmt":"2009-04-04T02:59:08","guid":{"rendered":"http:\/\/blog.espol.edu.ec\/lgrodrig\/?page_id=304"},"modified":"2009-04-03T23:22:00","modified_gmt":"2009-04-04T03:22:00","slug":"los-dias-estan-contados-breviario-convexo","status":"publish","type":"page","link":"https:\/\/blog.espol.edu.ec\/lgrodrig\/libros-publicados\/los-dias-estan-contados-breviario-convexo\/","title":{"rendered":"Los d\u00edas est\u00e1n contados - Breviario convexo"},"content":{"rendered":"<div><\/div>\n<p><span style=\"font-family: Arial\"><\/p>\n<p class=\"MsoNormal\" style=\"margin: 0cm 0cm 0pt;text-align: justify\"><span style=\"font-size: 14pt;font-family: Arial\"><span><img loading=\"lazy\" decoding=\"async\" class=\"alignright size-medium wp-image-311\" src=\"http:\/\/blog.espol.edu.ec\/lgrodrig\/files\/2009\/04\/dsc_5807-199x300.jpg\" alt=\"dsc_5807\" width=\"199\" height=\"300\" srcset=\"https:\/\/blog.espol.edu.ec\/lgrodrig\/files\/2009\/04\/dsc_5807-199x300.jpg 199w, https:\/\/blog.espol.edu.ec\/lgrodrig\/files\/2009\/04\/dsc_5807.jpg 1000w\" sizes=\"auto, (max-width: 199px) 100vw, 199px\" \/>\u00a0<\/span><strong>La brevedad para contar los d\u00edas<\/strong><\/span><\/p>\n<p class=\"MsoNormal\" style=\"margin: 0cm 0cm 0pt;text-align: justify\"><span style=\"font-size: 14pt;font-family: Arial\">\u00a0<\/span><span style=\"font-size: 14pt;font-family: Arial\">Matsuo Basho, padre del haiku; y Augusto Monterroso, autor de <em>El dinosaurio<\/em>, pese a la distancia de los siglos, coincidieron al sugerir que el arte de la brevedad va m\u00e1s all\u00e1 de las epifan\u00edas dominantes, para arribar a breviarios sorprendentes que se sit\u00faan con autonom\u00eda y rigor. <\/span><\/p>\n<p class=\"MsoNormal\" style=\"margin: 0cm 0cm 0pt;text-align: justify\"><span style=\"font-size: 14pt;font-family: Arial\">\u00a0<\/span><\/p>\n<p class=\"MsoNormal\" style=\"margin: 0cm 0cm 0pt;text-align: justify\"><span style=\"font-size: 14pt;font-family: Arial\">En estas l\u00edneas, se puede establecer la coordenada perfecta de <strong><em>Los <\/em><\/strong><\/span><strong><em><span style=\"font-size: 16pt;font-family: Arial\">d\u00edas est\u00e1n contados \u2013Breviario convexo<\/span><\/em><\/strong><strong><em><span style=\"font-size: 14pt;font-family: Arial\">-<\/span><\/em><\/strong><span style=\"font-size: 14pt;font-family: Arial\">, t\u00edtulo del libro de cuentos de <\/span><strong><span style=\"font-size: 16pt;font-family: Arial\">Luz Gabriela Rodr\u00edguez<\/span><\/strong><span style=\"font-size: 14pt;font-family: Arial\">, que aparece con <span>\u00a0<\/span>el No. 28 del sello editorial de la ESPOL en su serie <em>Nuestros Valores<\/em>.<\/span><\/p>\n<p class=\"MsoNormal\" style=\"margin: 0cm 0cm 0pt;text-align: justify\"><span style=\"font-size: 14pt;font-family: Arial\">\u00a0<\/span><\/p>\n<p class=\"MsoNormal\" style=\"margin: 0cm 0cm 0pt;text-align: justify\"><span style=\"font-size: 14pt;font-family: Arial\">Sobre este cuarto tomo de la escritora ecuatoriana <strong>Luz Gabriela Rodr\u00edguez<\/strong>; el editor de la colecci\u00f3n, Washington Mac\u00edas augur\u00f3 lo mejor; la escritora <span>\u00a0<\/span>Cristina Reyes Hidalgo, coment\u00f3 la obra; el profesor polit\u00e9cnico Ricardo Cass\u00eds Mart\u00ednez, hizo la presentaci\u00f3n del cuentario.<\/span><\/p>\n<p class=\"MsoNormal\" style=\"margin: 0cm 0cm 0pt;text-align: justify\"><span style=\"font-size: 14pt;font-family: Arial\">\u00a0<\/span><\/p>\n<p class=\"MsoNormal\" style=\"margin: 0cm 0cm 0pt;text-align: justify\"><span style=\"font-size: 14pt;font-family: Arial\">Reyes refiri\u00f3 que <strong><em>Los d\u00edas est\u00e1n contados<\/em><\/strong> detallan una amalgama de situaciones impresionantes por el uso<span>\u00a0 <\/span>de im\u00e1genes sobresalientes mediante una escritura precisa. <span>\u00a0<\/span>Cassis destac\u00f3, del volumen de cuentos, a la libertad que lo compone \u201cporque es la revelaci\u00f3n de la dignidad humana, de la verdadera naturaleza del ser, con el resultante final de que s\u00f3lo con el amor y la uni\u00f3n de hombres y mujeres de este planeta, se puede alcanzar la salvaci\u00f3n\u201d.<\/span><span><span style=\"font-size: small\"><span style=\"font-family: Times New Roman\"> <\/span><\/span><\/span><\/p>\n<p class=\"MsoNormal\" style=\"margin: 0cm 0cm 0pt;text-align: justify\"><span style=\"font-size: 14pt;font-family: Arial\">\u00a0<\/span><\/p>\n<p class=\"MsoNormal\" style=\"margin: 0cm 0cm 0pt;text-align: justify\"><span style=\"font-size: 14pt;font-family: Arial\">El mundo del microrrelato, del brevitexto, de la minificci\u00f3n literaria abre sus brazos para dar cabida a esta propuesta de <strong>Luz Gabriela Rodr\u00edguez<\/strong>, dentro de los c\u00e1nones de la posmodernidad, a sabiendas de la certeza interpretativa que encierra cada uno de los 22 mosaicos que, con un laconismo desafiante, permite al lector solazarse en una aventura que conmueve y atrapa.<\/span><\/p>\n<p class=\"MsoNormal\" style=\"margin: 0cm 0cm 0pt;text-align: justify\"><span style=\"font-size: 14pt;font-family: Arial\">\u00a0<\/span><\/p>\n<p class=\"MsoNormal\" style=\"margin: 0cm 0cm 0pt;text-align: justify\"><span style=\"font-size: 14pt;font-family: Arial\">\u00a0<\/span><\/p>\n<p class=\"MsoNormal\" style=\"margin: 0cm 0cm 0pt;text-align: justify\"><span style=\"font-size: 14pt;font-family: Arial\">\u00a0<\/span><\/p>\n<p class=\"MsoNormal\" style=\"margin: 0cm 0cm 0pt;text-align: justify\"><span lang=\"ES-EC\"><span style=\"font-size: small;font-family: Times New Roman\">\u00a0<\/span><\/span><\/p>\n<div><span style=\"font-family: Arial\">\u00a0<\/span><\/div>\n<p><span style=\"font-family: Arial\">\u00a0<\/p>\n<p><\/span><\/p>\n<p><\/span><\/p>\n","protected":false},"excerpt":{"rendered":"<p>\u00a0La brevedad para contar los d\u00edas \u00a0Matsuo Basho, padre del haiku; y Augusto Monterroso, autor de El dinosaurio, pese a la distancia de los siglos, coincidieron al sugerir que el arte de la brevedad va m\u00e1s all\u00e1 de las epifan\u00edas dominantes, para arribar a breviarios sorprendentes que se sit\u00faan con autonom\u00eda y rigor. \u00a0 En [&hellip;]<\/p>\n","protected":false},"author":247,"featured_media":0,"parent":275,"menu_order":0,"comment_status":"open","ping_status":"open","template":"","meta":{"footnotes":""},"class_list":["post-304","page","type-page","status-publish","hentry"],"aioseo_notices":[],"_links":{"self":[{"href":"https:\/\/blog.espol.edu.ec\/lgrodrig\/wp-json\/wp\/v2\/pages\/304","targetHints":{"allow":["GET"]}}],"collection":[{"href":"https:\/\/blog.espol.edu.ec\/lgrodrig\/wp-json\/wp\/v2\/pages"}],"about":[{"href":"https:\/\/blog.espol.edu.ec\/lgrodrig\/wp-json\/wp\/v2\/types\/page"}],"author":[{"embeddable":true,"href":"https:\/\/blog.espol.edu.ec\/lgrodrig\/wp-json\/wp\/v2\/users\/247"}],"replies":[{"embeddable":true,"href":"https:\/\/blog.espol.edu.ec\/lgrodrig\/wp-json\/wp\/v2\/comments?post=304"}],"version-history":[{"count":4,"href":"https:\/\/blog.espol.edu.ec\/lgrodrig\/wp-json\/wp\/v2\/pages\/304\/revisions"}],"predecessor-version":[{"id":312,"href":"https:\/\/blog.espol.edu.ec\/lgrodrig\/wp-json\/wp\/v2\/pages\/304\/revisions\/312"}],"up":[{"embeddable":true,"href":"https:\/\/blog.espol.edu.ec\/lgrodrig\/wp-json\/wp\/v2\/pages\/275"}],"wp:attachment":[{"href":"https:\/\/blog.espol.edu.ec\/lgrodrig\/wp-json\/wp\/v2\/media?parent=304"}],"curies":[{"name":"wp","href":"https:\/\/api.w.org\/{rel}","templated":true}]}}