{"id":322,"date":"2009-04-06T21:46:00","date_gmt":"2009-04-07T01:46:00","guid":{"rendered":"http:\/\/blog.espol.edu.ec\/lgrodrig\/?page_id=322"},"modified":"2009-04-06T21:46:00","modified_gmt":"2009-04-07T01:46:00","slug":"reconocimiento","status":"publish","type":"page","link":"https:\/\/blog.espol.edu.ec\/lgrodrig\/libros-publicados\/entre-el-y-nosotros-estan-ellos\/reconocimiento\/","title":{"rendered":"Reconocimiento"},"content":{"rendered":"<p style=\"text-align: justify\"><span style=\"font-size: 14pt;font-family: Arial\"><span>\u00a0<\/span>Visualiza un gran c\u00edrculo, en cuyo centro la energ\u00eda pura genere calor y materia, donde las \u00f3rdenes celestiales se den la mano en lo alto y en lo bajo. Con firme convicci\u00f3n de fe, inv\u00f3calos, en el nombre de Jes\u00fas, hijo \u00fanico de Dios y <span>\u00a0<\/span>aunque los rangos jer\u00e1rquicos existan entre ellos, sin pensar en niveles, solicita ayuda a los arc\u00e1ngeles y a <span>\u00a0<\/span>toda la corte celestial. <a name=\"serafines\"><\/a>Debes saber que con la oraci\u00f3n y el perd\u00f3n se logra el desarrollo espiritual. <\/span><\/p>\n<div style=\"padding-right: 4pt;padding-left: 4pt;padding-bottom: 1pt;padding-top: 1pt;border: windowtext 1pt solid\">\n<p style=\"text-align: center;padding: 0cm\" align=\"center\"><em><span style=\"font-size: 14pt;font-family: Arial\">Cuando el alma est\u00e1 en silencio, acuden los \u00c1ngeles de Dios, como una bendici\u00f3n.<\/span><\/em><\/p>\n<\/div>\n<p><img loading=\"lazy\" decoding=\"async\" class=\"aligncenter size-full wp-image-323\" src=\"http:\/\/blog.espol.edu.ec\/lgrodrig\/files\/2009\/04\/angeles.gif\" alt=\"angeles\" width=\"430\" height=\"425\" srcset=\"https:\/\/blog.espol.edu.ec\/lgrodrig\/files\/2009\/04\/angeles.gif 430w, https:\/\/blog.espol.edu.ec\/lgrodrig\/files\/2009\/04\/angeles-300x296.gif 300w\" sizes=\"auto, (max-width: 430px) 100vw, 430px\" \/><\/p>\n","protected":false},"excerpt":{"rendered":"<p>\u00a0Visualiza un gran c\u00edrculo, en cuyo centro la energ\u00eda pura genere calor y materia, donde las \u00f3rdenes celestiales se den la mano en lo alto y en lo bajo. Con firme convicci\u00f3n de fe, inv\u00f3calos, en el nombre de Jes\u00fas, hijo \u00fanico de Dios y \u00a0aunque los rangos jer\u00e1rquicos existan entre ellos, sin pensar en [&hellip;]<\/p>\n","protected":false},"author":247,"featured_media":0,"parent":4,"menu_order":0,"comment_status":"open","ping_status":"open","template":"","meta":{"footnotes":""},"class_list":["post-322","page","type-page","status-publish","hentry"],"aioseo_notices":[],"_links":{"self":[{"href":"https:\/\/blog.espol.edu.ec\/lgrodrig\/wp-json\/wp\/v2\/pages\/322","targetHints":{"allow":["GET"]}}],"collection":[{"href":"https:\/\/blog.espol.edu.ec\/lgrodrig\/wp-json\/wp\/v2\/pages"}],"about":[{"href":"https:\/\/blog.espol.edu.ec\/lgrodrig\/wp-json\/wp\/v2\/types\/page"}],"author":[{"embeddable":true,"href":"https:\/\/blog.espol.edu.ec\/lgrodrig\/wp-json\/wp\/v2\/users\/247"}],"replies":[{"embeddable":true,"href":"https:\/\/blog.espol.edu.ec\/lgrodrig\/wp-json\/wp\/v2\/comments?post=322"}],"version-history":[{"count":2,"href":"https:\/\/blog.espol.edu.ec\/lgrodrig\/wp-json\/wp\/v2\/pages\/322\/revisions"}],"predecessor-version":[{"id":325,"href":"https:\/\/blog.espol.edu.ec\/lgrodrig\/wp-json\/wp\/v2\/pages\/322\/revisions\/325"}],"up":[{"embeddable":true,"href":"https:\/\/blog.espol.edu.ec\/lgrodrig\/wp-json\/wp\/v2\/pages\/4"}],"wp:attachment":[{"href":"https:\/\/blog.espol.edu.ec\/lgrodrig\/wp-json\/wp\/v2\/media?parent=322"}],"curies":[{"name":"wp","href":"https:\/\/api.w.org\/{rel}","templated":true}]}}