{"id":4,"date":"2008-10-23T18:51:41","date_gmt":"2008-10-23T22:51:41","guid":{"rendered":"http:\/\/blog.espol.edu.ec\/lgrodrig\/?page_id=4"},"modified":"2009-06-01T17:21:12","modified_gmt":"2009-06-01T21:21:12","slug":"entre-el-y-nosotros-estan-ellos","status":"publish","type":"page","link":"https:\/\/blog.espol.edu.ec\/lgrodrig\/libros-publicados\/entre-el-y-nosotros-estan-ellos\/","title":{"rendered":"Entre \u00c9l y nosotros est\u00e1n ellos"},"content":{"rendered":"<p><a href=\"http:\/\/blog.espol.edu.ec\/lgrodrig\/files\/2008\/10\/imagen-3.png\"><img loading=\"lazy\" decoding=\"async\" class=\"aligncenter size-full wp-image-313\" src=\"http:\/\/blog.espol.edu.ec\/lgrodrig\/files\/2008\/10\/angel-ii_nbsp_2.png\" alt=\"angel-ii_nbsp_2\" width=\"1005\" height=\"798\" srcset=\"https:\/\/blog.espol.edu.ec\/lgrodrig\/files\/2008\/10\/angel-ii_nbsp_2.png 1005w, https:\/\/blog.espol.edu.ec\/lgrodrig\/files\/2008\/10\/angel-ii_nbsp_2-300x238.png 300w\" sizes=\"auto, (max-width: 1005px) 100vw, 1005px\" \/><br \/>\n<\/a><\/p>\n<div style=\"padding-right: 4pt;padding-left: 4pt;padding-bottom: 1pt;padding-top: 1pt;border: windowtext 1pt solid\">\n<p class=\"MsoNormal\" style=\"margin: 0cm 0cm 0pt;text-align: center;padding: 0cm\" align=\"center\"><span style=\"font-size: 14pt;font-family: 'Arial','sans-serif'\"><span><span style=\"color: #0000ff;font-family: 'Arial','sans-serif'\"><em>No se sabe con exactitud d\u00f3nde moran los \u00e1ngeles,ya sea en el aire, el vac\u00edo, o los planetas. <\/em><\/span><\/span><span class=\"giorgia141\"><strong><span style=\"color: #0000ff;font-family: 'Arial','sans-serif'\">(Voltaire)<\/span><\/strong><\/span><\/span><\/p>\n<\/div>\n<p class=\"MsoNormal\" style=\"margin: 0cm 0cm 0pt;text-align: justify\"><span style=\"color: #0000ff\"><span class=\"giorgia141\"><span style=\"font-size: 14pt;font-family: 'Arial','sans-serif'\">Los llamamos \u00e1ngeles, nombre que significa <em>mensajero<\/em>, y s<\/span><\/span><span style=\"font-size: 14pt;font-family: 'Arial','sans-serif'\">i dudamos de su existencia y no advertimos su presencia, se mantendr\u00e1n distantes, por lo que antes de<span> solicitar su ayuda, se debe saber que conocen mejor que nadie qui\u00e9nes somos, qu\u00e9 necesitamos, qu\u00e9 deseamos y que solo est\u00e1n presentes donde<span> <\/span>est\u00e1 la verdad. <\/span><\/span><\/span><\/p>\n<div style=\"padding-right: 4pt;padding-left: 4pt;padding-bottom: 1pt;padding-top: 1pt;border: windowtext 1pt solid\">\n<p class=\"MsoNormal\" style=\"margin: 0cm 0cm 0pt;text-align: center;padding: 0cm\" align=\"center\"><span style=\"font-size: 14pt;color: #0000ff;font-family: 'Arial','sans-serif'\"><em>No se puede mentir acerca del fin real de nuestra petici\u00f3n; <\/em><\/span><\/p>\n<p class=\"MsoNormal\" style=\"margin: 0cm 0cm 0pt;text-align: center;padding: 0cm\" align=\"center\"><span style=\"font-size: 14pt;color: #0000ff;font-family: 'Arial','sans-serif'\"><em>tampoco se puede aspirar a situaciones que vayan<\/em><\/span><\/p>\n<p class=\"MsoNormal\" style=\"margin: 0cm 0cm 0pt;text-align: center;padding: 0cm\" align=\"center\"><span style=\"font-size: 14pt;font-family: 'Arial','sans-serif'\"><em><span style=\"color: #0000ff\">en contra de la ley de Dios<\/span><\/em><\/span><\/p>\n<\/div>\n<p class=\"MsoNormal\" style=\"margin: 0cm 0cm 0pt;text-align: center\" align=\"center\"><strong><\/strong><\/p>\n<p style=\"text-align: justify\"><span style=\"font-size: 14pt;font-family: 'Arial','sans-serif'\"><span style=\"color: #0000ff\">Existen desde antes de la formaci\u00f3n del cosmos y durante milenios, han sido portadores de los mensajes que Dios ha querido anunciar a la humanidad.<span> <\/span>Se hacen presentes para brindarnos amor, inspiraci\u00f3n, apoyo y compa\u00f1\u00eda. Nos gu\u00edan con se\u00f1ales, pistas e inclusive consejos, mediante canalizaciones o telepat\u00eda, para conducirnos en las distintas encrucijadas vitales, allanando el camino de regreso a la divinidad y cubri\u00e9ndonos angelicalmente, sin importar la religi\u00f3n. <\/span><\/span><\/p>\n<p class=\"MsoNormal\" style=\"margin: 0cm 0cm 0pt;text-align: justify\"><span class=\"giorgia141\"><\/span><\/p>\n<div style=\"padding-right: 4pt;padding-left: 4pt;padding-bottom: 1pt;padding-top: 1pt;border: windowtext 1pt solid\">\n<p class=\"MsoNormal\" style=\"margin: 0cm 0cm 0pt;text-align: center;padding: 0cm\" align=\"center\"><span style=\"font-size: 14pt;color: #0000ff;font-family: 'Arial','sans-serif'\"><em>Si a veces me ves sonre\u00edr sin aparente motivo, <\/em><\/span><\/p>\n<p class=\"MsoNormal\" style=\"margin: 0cm 0cm 0pt;text-align: center;padding: 0cm\" align=\"center\"><span style=\"font-size: 14pt;color: #0000ff;font-family: 'Arial','sans-serif'\"><em>es f\u00e1cil que est\u00e9 hablando con mis \u00e1ngeles. <\/em><\/span><\/p>\n<p class=\"MsoNormal\" style=\"margin: 0cm 0cm 0pt;text-align: center;padding: 0cm\" align=\"center\"><span style=\"font-size: 14pt;color: #0000ff;font-family: 'Arial','sans-serif'\"><em>Ellos est\u00e1n siempre a mi lado<\/em><\/span><\/p>\n<\/div>\n<p class=\"MsoNormal\" style=\"margin: 0cm 0cm 0pt;text-align: center\" align=\"center\"><strong><\/strong><\/p>\n<p style=\"text-align: justify\"><strong><span style=\"font-size: 14pt;color: #0000ff;font-family: 'Arial','sans-serif'\">PERCEPCI\u00d3N<\/span><\/strong><\/p>\n<p class=\"MsoNormal\" style=\"margin: 0cm 0cm 0pt;text-align: justify\"><span style=\"color: #0000ff\"><span class=\"giorgia141\"><span style=\"font-size: 14pt;font-family: 'Arial','sans-serif'\">La fuerza de<span> <\/span>fe permite admitir <\/span><\/span><span style=\"font-size: 14pt;font-family: 'Arial','sans-serif'\">la presencia de estos prodigiosos seres, que en <span class=\"giorgia141\"><span style=\"font-family: 'Arial','sans-serif'\">un et\u00e9reo fulgor y en una frecuencia oscilante m\u00e1s sutil que la nuestra, exponen una imagen auditiva<\/span><\/span>. <span>A nivel energ\u00e9tico <\/span><\/span><span style=\"font-size: 14pt;font-family: 'Arial','sans-serif'\">nuestros pensamientos, <\/span><span style=\"font-size: 14pt;font-family: 'Arial','sans-serif'\">deseos, prop\u00f3sitos, sentimientos, palabras y acciones<\/span><span style=\"font-size: 14pt;font-family: 'Arial','sans-serif'\"> provienen del amor<\/span><span style=\"font-size: 14pt;font-family: 'Arial','sans-serif'\">, por lo que es necesaria la armon\u00eda entre la fe y la raz\u00f3n; que revela la presencia de Dios.<\/span><\/span><\/p>\n<p style=\"text-align: justify\"><span style=\"font-size: 14pt;font-family: 'Arial','sans-serif'\"><span style=\"color: #0000ff\">Es normal que se adviertan en nuestros sue\u00f1os como im\u00e1genes protectoras para darnos un consejo o hacernos felices con su sola presencia. A veces los vemos como \u00e1ngeles en la imagen de seres perfectos y de belleza pura, otras ocasiones est\u00e1n dispuestos a mostrarse de muchas maneras y con distintas apariencias tal es as\u00ed que pueden transitar en la tierra en forma de animales o personas.<span> <\/span><\/span><\/span><\/p>\n<p style=\"text-align: justify\"><span style=\"color: #0000ff\"><span class=\"giorgia141\"><span style=\"font-size: 14pt;font-family: 'Arial','sans-serif'\">Es frecuente en horas de vigilia percibir un susurro en nuestro interior que revela el contacto celestial.<\/span><\/span><span style=\"font-size: 14pt;font-family: 'Arial','sans-serif'\"><span> <\/span><\/span><span style=\"font-size: 14pt;font-family: 'Arial','sans-serif'\">Se puede manifestar como un fulgor, un suave perfume,<span> <\/span>una caricia,<span> <\/span>un leve roce de piel o escuchar sonidos sutiles como sonajas, sentir sensaci\u00f3n de paz, escalofr\u00edo, <\/span><span style=\"font-size: 14pt;font-family: 'Arial','sans-serif'\">cosquilleo en la nuca, en los brazos y hasta un ligero aumento de la temperatura o que alg\u00fan desconocido resulte<span> <\/span>extra\u00f1amente familiar. <\/span><\/span><\/p>\n<p style=\"text-align: justify\"><span style=\"font-size: 14pt;font-family: 'Arial','sans-serif'\"><span style=\"color: #0000ff\">Los \u00e1ngeles nos inspiran en la m\u00fasica y en las actividades art\u00edsticas. Son psic\u00f3logos, nos ayudan a descubrir nuestras respectivas trabas y bloqueos, son m\u00e9dicos porque nos develan el origen de nuestras enfermedades, son buenos asesores, pues nos ayudan a modificar nuestro presente para elegir los m\u00e1s luminosos futuros, ya que p<span>oseen ilimitados poderes milagrosos, a trav\u00e9s de los cuales nos ayudan a restablecernos, servir, reanimar, amar y ser amado, entrar <\/span>a un mundo de luz, energ\u00eda y belleza y vivir en medio de l<span>a protecci\u00f3n celestial que tanto se anhela. <\/span><\/span><\/span><\/p>\n<p class=\"MsoNormal\" style=\"margin: 0cm 0cm 0pt;text-align: justify\">\u00a0<\/p>\n<p class=\"MsoNormal\" style=\"margin: 0cm 0cm 0pt;text-align: justify\"><span style=\"font-size: 14pt;font-family: 'Arial','sans-serif'\"><span style=\"color: #0000ff\">Nos afirman en nuestra espiritualidad, a conocer la parte interior de nuestra alma, nuestra parte divina, puesto que somos hijos de Dios y podemos comunicarnos con la pureza directa.<span> <\/span>Esto crea una acci\u00f3n positiva en<span> <\/span>cuerpo y alma que permite cambios trascendentales, profundos y permanentes. La mente se vuelve receptiva a los milagros y este<span> <\/span>cambio de conciencia<span> <\/span>predispone un ambiente propicio para que se manifiesten, y nos permitan vivir una vida colmada de sus intercepciones y milagros.<\/span><\/span><\/p>\n<p class=\"MsoNormal\" style=\"margin: 0cm 0cm 0pt;text-align: justify\">\u00a0<\/p>\n<p class=\"MsoNormal\" style=\"margin: 0cm 0cm 0pt;text-align: justify\"><span style=\"font-size: 14pt;font-family: 'Arial','sans-serif'\"><span style=\"color: #0000ff\">Los \u00e1ngeles son m\u00e1gicos y, desde el momento que se los acepta, nuestra vida tambi\u00e9n ser\u00e1 m\u00e1gica, ya que ubican en nuestro camino aquello que precisamos.<span> <\/span>Cuidan de nosotros, nos protegen y aportan a nuestra vida humor y alegr\u00eda, est\u00e1n listos a darnos lo que confesamos con la boca. Son luchadores del amor, la armon\u00eda y libertad.<span> <\/span>Su energ\u00eda llega a nosotros con gran capacidad de amar nuestro entorno, el mundo, el cielo, la tierra, los \u00e1rboles y el energizante mar. Nos ayudan a sentir la felicidad en el aire que respiramos y nos dan la ocasi\u00f3n de evolucionar nuestro entorno. <\/span><\/span><\/p>\n<p class=\"MsoNormal\" style=\"margin: 0cm 0cm 0pt;text-align: justify\">\n<p class=\"MsoNormal\" style=\"margin: 0cm 0cm 0pt;text-align: justify\"><span style=\"font-size: 14pt;font-family: 'Arial','sans-serif'\"><span style=\"color: #0000ff\">Luz Gabriela<\/span><\/span><\/p>\n","protected":false},"excerpt":{"rendered":"<p>No se sabe con exactitud d\u00f3nde moran los \u00e1ngeles,ya sea en el aire, el vac\u00edo, o los planetas. (Voltaire) Los llamamos \u00e1ngeles, nombre que significa mensajero, y si dudamos de su existencia y no advertimos su presencia, se mantendr\u00e1n distantes, por lo que antes de solicitar su ayuda, se debe saber que conocen mejor que [&hellip;]<\/p>\n","protected":false},"author":247,"featured_media":0,"parent":275,"menu_order":0,"comment_status":"open","ping_status":"open","template":"","meta":{"footnotes":""},"class_list":["post-4","page","type-page","status-publish","hentry"],"aioseo_notices":[],"_links":{"self":[{"href":"https:\/\/blog.espol.edu.ec\/lgrodrig\/wp-json\/wp\/v2\/pages\/4","targetHints":{"allow":["GET"]}}],"collection":[{"href":"https:\/\/blog.espol.edu.ec\/lgrodrig\/wp-json\/wp\/v2\/pages"}],"about":[{"href":"https:\/\/blog.espol.edu.ec\/lgrodrig\/wp-json\/wp\/v2\/types\/page"}],"author":[{"embeddable":true,"href":"https:\/\/blog.espol.edu.ec\/lgrodrig\/wp-json\/wp\/v2\/users\/247"}],"replies":[{"embeddable":true,"href":"https:\/\/blog.espol.edu.ec\/lgrodrig\/wp-json\/wp\/v2\/comments?post=4"}],"version-history":[{"count":14,"href":"https:\/\/blog.espol.edu.ec\/lgrodrig\/wp-json\/wp\/v2\/pages\/4\/revisions"}],"predecessor-version":[{"id":16,"href":"https:\/\/blog.espol.edu.ec\/lgrodrig\/wp-json\/wp\/v2\/pages\/4\/revisions\/16"}],"up":[{"embeddable":true,"href":"https:\/\/blog.espol.edu.ec\/lgrodrig\/wp-json\/wp\/v2\/pages\/275"}],"wp:attachment":[{"href":"https:\/\/blog.espol.edu.ec\/lgrodrig\/wp-json\/wp\/v2\/media?parent=4"}],"curies":[{"name":"wp","href":"https:\/\/api.w.org\/{rel}","templated":true}]}}