{"id":429,"date":"2014-04-10T13:00:29","date_gmt":"2014-04-10T17:00:29","guid":{"rendered":"http:\/\/blog.espol.edu.ec\/lgrodrig\/?page_id=429"},"modified":"2014-04-10T13:50:25","modified_gmt":"2014-04-10T17:50:25","slug":"lucy-ball-yo-amo-a-lucy","status":"publish","type":"page","link":"https:\/\/blog.espol.edu.ec\/lgrodrig\/recordando\/lucy-ball-yo-amo-a-lucy\/","title":{"rendered":"Lucy Ball - Yo amo a Lucy"},"content":{"rendered":"<p class=\"MsoNormal\" style=\"margin: 0cm 0cm 0pt;text-align: justify\"><span style=\"font-size: 14pt\"><span style=\"font-family: Arial\"><img loading=\"lazy\" decoding=\"async\" class=\"alignleft size-medium wp-image-430\" alt=\"nyc-2008-067\" src=\"http:\/\/blog.espol.edu.ec\/lgrodrig\/files\/2009\/04\/nyc-2008-067-225x300.jpg\" width=\"225\" height=\"300\" srcset=\"https:\/\/blog.espol.edu.ec\/lgrodrig\/files\/2009\/04\/nyc-2008-067-225x300.jpg 225w, https:\/\/blog.espol.edu.ec\/lgrodrig\/files\/2009\/04\/nyc-2008-067.jpg 1536w\" sizes=\"auto, (max-width: 225px) 100vw, 225px\" \/>He descansado de la rutina.<span>\u00a0 <\/span>La arritmia que habitaba en mi coraz\u00f3n se ha marchado, lo afirmo por convicci\u00f3n, es que ella suele hacerse presente con ingenio, cuando la ubico en callej\u00f3n sin salida y la someto se aten\u00faa.<span>\u00a0 <\/span>Me sent\u00e9 ante mi laptop y comenc\u00e9 escribir <span>\u00a0<\/span>lo primero que se cruz\u00f3 por mi mente y flash vino a mi cabeza Lucy Ball y por supuesto New York.<\/span><\/span><\/p>\n<p class=\"MsoNormal\" style=\"margin: 0cm 0cm 0pt;text-align: justify\"><span style=\"font-size: 14pt\"><span style=\"font-family: Arial\">\u00a0<\/span><\/span><\/p>\n<p class=\"MsoNormal\" style=\"margin: 0cm 0cm 0pt;text-align: justify\"><span style=\"font-size: 14pt\"><span style=\"font-family: Arial\">Yo amo a Lucy.<\/span><\/span><\/p>\n<p class=\"MsoNormal\" style=\"margin: 0cm 0cm 0pt;text-align: justify\"><span style=\"font-size: 14pt\"><span style=\"font-family: Arial\">\u00a0<\/span><\/span><\/p>\n<p class=\"MsoNormal\" style=\"margin: 0cm 0cm 0pt;text-align: justify\"><span style=\"font-size: 14pt\"><span style=\"font-family: Arial\">Y qui\u00e9n no, creo que toda Am\u00e9rica lleg\u00f3 a amar a esta neoyorquina. <span>\u00a0\u00a0<\/span>Aquella pelirroja exc\u00e9ntrica que de s\u00f3lo mirarla te hacia re\u00edr, con cara de inocencia y lengua suelta, ingres\u00f3 a los hogares sin pedir permiso, rompiendo los prejuicios sociales de los a\u00f1os 50, sin importarle las barreras sexistas de aquella \u00e9poca.<\/span><\/span><\/p>\n<p class=\"MsoNormal\" style=\"margin: 0cm 0cm 0pt;text-align: justify\"><span style=\"font-size: 14pt\"><span style=\"font-family: Arial\">\u00a0<\/span><\/span><\/p>\n<p class=\"MsoNormal\" style=\"margin: 0cm 0cm 0pt;text-align: justify\"><span style=\"font-size: 14pt\"><span style=\"font-family: Arial\">Entr\u00f3 sin golpear la puerta y cambi\u00f3 la cultura pop americana con su comedia y su inspiraci\u00f3n.<span>\u00a0\u00a0 <\/span>Lucy esperaba algo m\u00e1s que ser la simple ama de casa de aquellos tiempos, viv\u00eda en busca de la oportunidad precisa, mostrando \u00a0perseverancia, insistencia a sus alocadas ideas, transformando las cotidianas tareas del hogar en algo diferente, que siempre ten\u00edan un buen final. <\/span><\/span><\/p>\n<p class=\"MsoNormal\" style=\"margin: 0cm 0cm 0pt;text-align: justify\"><span style=\"font-size: 14pt\"><span style=\"font-family: Arial\">\u00a0<\/span><\/span><\/p>\n<p class=\"MsoNormal\" style=\"margin: 0cm 0cm 0pt;text-align: justify\"><span style=\"font-size: 14pt\"><span style=\"font-family: Arial\">Marc\u00f3 una \u00e9poca especial al constituirse en un acontecimiento sociol\u00f3gico. Para mi, creo que Lucy Ball fue y sigue siendo la favorita de muchos.- Luz Gabriela Rodr\u00edguez<\/span><\/span><\/p>\n","protected":false},"excerpt":{"rendered":"<p>He descansado de la rutina.\u00a0 La arritmia que habitaba en mi coraz\u00f3n se ha marchado, lo afirmo por convicci\u00f3n, es que ella suele hacerse presente con ingenio, cuando la ubico en callej\u00f3n sin salida y la someto se aten\u00faa.\u00a0 Me sent\u00e9 ante mi laptop y comenc\u00e9 escribir \u00a0lo primero que se cruz\u00f3 por mi mente [&hellip;]<\/p>\n","protected":false},"author":247,"featured_media":0,"parent":237,"menu_order":0,"comment_status":"open","ping_status":"open","template":"","meta":{"footnotes":""},"class_list":["post-429","page","type-page","status-publish","hentry"],"aioseo_notices":[],"_links":{"self":[{"href":"https:\/\/blog.espol.edu.ec\/lgrodrig\/wp-json\/wp\/v2\/pages\/429","targetHints":{"allow":["GET"]}}],"collection":[{"href":"https:\/\/blog.espol.edu.ec\/lgrodrig\/wp-json\/wp\/v2\/pages"}],"about":[{"href":"https:\/\/blog.espol.edu.ec\/lgrodrig\/wp-json\/wp\/v2\/types\/page"}],"author":[{"embeddable":true,"href":"https:\/\/blog.espol.edu.ec\/lgrodrig\/wp-json\/wp\/v2\/users\/247"}],"replies":[{"embeddable":true,"href":"https:\/\/blog.espol.edu.ec\/lgrodrig\/wp-json\/wp\/v2\/comments?post=429"}],"version-history":[{"count":5,"href":"https:\/\/blog.espol.edu.ec\/lgrodrig\/wp-json\/wp\/v2\/pages\/429\/revisions"}],"predecessor-version":[{"id":2999,"href":"https:\/\/blog.espol.edu.ec\/lgrodrig\/wp-json\/wp\/v2\/pages\/429\/revisions\/2999"}],"up":[{"embeddable":true,"href":"https:\/\/blog.espol.edu.ec\/lgrodrig\/wp-json\/wp\/v2\/pages\/237"}],"wp:attachment":[{"href":"https:\/\/blog.espol.edu.ec\/lgrodrig\/wp-json\/wp\/v2\/media?parent=429"}],"curies":[{"name":"wp","href":"https:\/\/api.w.org\/{rel}","templated":true}]}}