{"id":45,"date":"2008-12-24T12:45:31","date_gmt":"2008-12-24T16:45:31","guid":{"rendered":"http:\/\/blog.espol.edu.ec\/lgrodrig\/?page_id=45"},"modified":"2009-04-01T15:36:50","modified_gmt":"2009-04-01T19:36:50","slug":"luz-gabriela-doce-en-esta-noche-especial","status":"publish","type":"page","link":"https:\/\/blog.espol.edu.ec\/lgrodrig\/fechas-especiales\/luz-gabriela-doce-en-esta-noche-especial\/","title":{"rendered":"Nochebuena: En esta noche especial..."},"content":{"rendered":"<p><img loading=\"lazy\" decoding=\"async\" class=\"alignleft size-medium wp-image-234\" src=\"http:\/\/blog.espol.edu.ec\/lgrodrig\/files\/2008\/12\/arbol-azul-de-navidad-300x225.jpg\" alt=\"arbol-azul-de-navidad\" width=\"300\" height=\"225\" srcset=\"https:\/\/blog.espol.edu.ec\/lgrodrig\/files\/2008\/12\/arbol-azul-de-navidad-300x225.jpg 300w, https:\/\/blog.espol.edu.ec\/lgrodrig\/files\/2008\/12\/arbol-azul-de-navidad.jpg 962w\" sizes=\"auto, (max-width: 300px) 100vw, 300px\" \/>Luz Gabriela dice:<br \/>\nEn esta noche especial, el centro de nuestra familia es Jes\u00fas. Encendamos una vela en se\u00f1al de su luz y demos gracias a Dios, nuestro padre celestial por habernos enviado a su \u00fanico hijo. Gracias Jes\u00fas por venir a salvarnos, por haber tra\u00eddo al mundo el amor a Dios. Gracias por ayudarnos a comprender que da m\u00e1s alegr\u00eda dar que recibir. Gracias por esta noche de paz y de amor, colmando de bendiciones a este planeta.<\/p>\n<p>Pensamientos para leer en Nochebuena<\/p>\n<p>Si en tu coraz\u00f3n hay un poco m\u00e1s de amor, es Navidad.<br \/>\nSi has decidido perdonar a alguien, es Navidad.<br \/>\nSi buscas a Dios de verdad, es Navidad.<br \/>\nSu aumenta el gozo de tu fe cristiana, es Navidad.<br \/>\nSi en tu alma florece la esperanza, es Navidad.<br \/>\nSi trabajas por la justicia entre los hombres, es Navidad.<br \/>\nSi tienes deseos de vivir y los comunicas a los dem\u00e1s, es Navidad.<br \/>\nSi sabes sufrir con amor, es Navidad.<br \/>\nSi eres perseguido o se r\u00eden de ti por causa del Evangelio, es Navidad.<br \/>\nSi te alegras de ser hijo de Dios en la Iglesia, es Navidad.<\/p>\n","protected":false},"excerpt":{"rendered":"<p>Luz Gabriela dice: En esta noche especial, el centro de nuestra familia es Jes\u00fas. Encendamos una vela en se\u00f1al de su luz y demos gracias a Dios, nuestro padre celestial por habernos enviado a su \u00fanico hijo. Gracias Jes\u00fas por venir a salvarnos, por haber tra\u00eddo al mundo el amor a Dios. Gracias por ayudarnos [&hellip;]<\/p>\n","protected":false},"author":247,"featured_media":0,"parent":254,"menu_order":0,"comment_status":"open","ping_status":"open","template":"","meta":{"footnotes":""},"class_list":["post-45","page","type-page","status-publish","hentry"],"aioseo_notices":[],"_links":{"self":[{"href":"https:\/\/blog.espol.edu.ec\/lgrodrig\/wp-json\/wp\/v2\/pages\/45","targetHints":{"allow":["GET"]}}],"collection":[{"href":"https:\/\/blog.espol.edu.ec\/lgrodrig\/wp-json\/wp\/v2\/pages"}],"about":[{"href":"https:\/\/blog.espol.edu.ec\/lgrodrig\/wp-json\/wp\/v2\/types\/page"}],"author":[{"embeddable":true,"href":"https:\/\/blog.espol.edu.ec\/lgrodrig\/wp-json\/wp\/v2\/users\/247"}],"replies":[{"embeddable":true,"href":"https:\/\/blog.espol.edu.ec\/lgrodrig\/wp-json\/wp\/v2\/comments?post=45"}],"version-history":[{"count":5,"href":"https:\/\/blog.espol.edu.ec\/lgrodrig\/wp-json\/wp\/v2\/pages\/45\/revisions"}],"predecessor-version":[{"id":235,"href":"https:\/\/blog.espol.edu.ec\/lgrodrig\/wp-json\/wp\/v2\/pages\/45\/revisions\/235"}],"up":[{"embeddable":true,"href":"https:\/\/blog.espol.edu.ec\/lgrodrig\/wp-json\/wp\/v2\/pages\/254"}],"wp:attachment":[{"href":"https:\/\/blog.espol.edu.ec\/lgrodrig\/wp-json\/wp\/v2\/media?parent=45"}],"curies":[{"name":"wp","href":"https:\/\/api.w.org\/{rel}","templated":true}]}}