{"id":512,"date":"2009-06-06T01:47:48","date_gmt":"2009-06-06T05:47:48","guid":{"rendered":"http:\/\/blog.espol.edu.ec\/lgrodrig\/?page_id=512"},"modified":"2009-06-07T15:04:54","modified_gmt":"2009-06-07T19:04:54","slug":"steven-spielberg-%e2%80%93-un-dia-juntos","status":"publish","type":"page","link":"https:\/\/blog.espol.edu.ec\/lgrodrig\/recordando\/steven-spielberg-%e2%80%93-un-dia-juntos\/","title":{"rendered":"STEVEN SPIELBERG \u2013 UN DIA JUNTOS"},"content":{"rendered":"<p class=\"MsoNormal\" style=\"margin: 0in 0in 10pt;text-align: justify\"><span style=\"font-size: 14pt;color: #403152;font-family: &quot;Century Gothic&quot;,&quot;sans-serif&amp;quot\" lang=\"ES-EC\"><img loading=\"lazy\" decoding=\"async\" class=\"aligncenter size-full wp-image-513\" src=\"http:\/\/blog.espol.edu.ec\/lgrodrig\/files\/2009\/06\/nyc-2008-076.jpg\" alt=\"nyc-2008-076\" width=\"2048\" height=\"1536\" srcset=\"https:\/\/blog.espol.edu.ec\/lgrodrig\/files\/2009\/06\/nyc-2008-076.jpg 2048w, https:\/\/blog.espol.edu.ec\/lgrodrig\/files\/2009\/06\/nyc-2008-076-300x225.jpg 300w\" sizes=\"auto, (max-width: 2048px) 100vw, 2048px\" \/>Todo estaba listo. En breves instantes comenzar\u00edan a rodar la pel\u00edcula de Indiana Jones y la calavera de cristal. <span>\u00a0<\/span>Steven me propuso que pase el d\u00eda con ellos y viva la experiencia del rodaje. <span>\u00a0<\/span>La verdad que no me hice de rogar y acepte de inmediato\u2026<\/span><\/p>\n<p class=\"MsoNormal\" style=\"margin: 0in 0in 10pt;text-align: justify\"><span style=\"font-size: 14pt;color: #403152;font-family: &quot;Century Gothic&quot;,&quot;sans-serif&amp;quot\" lang=\"ES-EC\">Aparentemente no ten\u00edamos temas en com\u00fan, a m\u00e1s de que un hermano vive en Ohio, lugar donde Steven naci\u00f3, pero sentada a su diestra, ya se me ocurrir\u00eda algo. <\/span><\/p>\n<p class=\"MsoNormal\" style=\"margin: 0in 0in 10pt;text-align: justify\"><span style=\"font-size: 14pt;color: #403152;font-family: &quot;Century Gothic&quot;,&quot;sans-serif&amp;quot\" lang=\"ES-EC\">Anunciaron <span>\u00a0<\/span>que el rodaje se postergar\u00eda porque Harrinson estaba indispuesto. <span>\u00a0<\/span><span>\u00a0<\/span>Steven me mir\u00f3 y dijo sonriente: Luz Gabriela, eres una mujer de suerte, ahora tendremos tiempo\u00a0para conversar.<\/span><\/p>\n<p style=\"text-align: justify\"><span style=\"font-size: 14pt;color: #403152;font-family: &quot;Century Gothic&quot;,&quot;sans-serif&amp;quot\" lang=\"ES-EC\">Mientras tazas de caf\u00e9 iban y ven\u00edan, hablamos de la fant\u00e1stica serie televisiva<span>\u00a0 <\/span>del detective Colombo, de <span>\u00a0<\/span>Pinky y Cerebro, de E.T. y sus amigos, dijo\u00a0que la historia se \u00a0<\/span><span style=\"font-size: 14pt;font-family: &quot;Century Gothic&quot;,&quot;sans-serif&amp;quot\" lang=\"ES\">bas\u00f3 en un\u00a0amigo imaginario\u00a0<\/span><span style=\"font-size: 14pt;color: #403152;font-family: &quot;Century Gothic&quot;,&quot;sans-serif&amp;quot\" lang=\"ES-EC\">cuando sus padres se divorciaron, nos re\u00edmos del libreto de los Picapiedras en su mundo fant\u00e1stico desarrollado en la \u00e9poca de las cavernas, de los trucos que utilizaron en la pel\u00edcula de Gasper, de lo cre\u00edble del Parque Jur\u00e1sico, de la pel\u00edcula Inteligencia Artificial, donde el robot \u2013 ni\u00f1o sustituye a los hijos, <span>\u00a0<\/span><\/span><span style=\"font-size: 14pt;color: #403152;font-family: &quot;Century Gothic&quot;,&quot;sans-serif&amp;quot\" lang=\"ES\">que en una escena futurista est\u00e1 restringido tenerlos por la superpoblaci\u00f3n del mundo.\u00a0<span>\u00a0D<\/span>ijo con orgullo, que fue \u00e9l quien <span>\u00a0<\/span>tom\u00f3 la decisi\u00f3n de que en la pel\u00edcula\u00a0est\u00e9n las torres gemelas a pesar de que ya no existen desde el a\u00f1o 2001.<span>\u00a0 <\/span><\/span><\/p>\n<p style=\"text-align: justify\"><span style=\"font-size: 14pt;color: #403152;font-family: &quot;Century Gothic&quot;,&quot;sans-serif&amp;quot\" lang=\"ES\">Nos servimos<span>\u00a0 <\/span>un <span>\u00a0<\/span>emparedado fr\u00edo acompa\u00f1ado de un chispeante vino blanco. Luego llam\u00f3 a su esposa Kate, le pregunt\u00f3 si hab\u00eda realizado la transferencia para las obras de caridad <span>\u00a0<\/span>y le\u00a0cont\u00f3 que yo estaba ah\u00ed\u2026<\/span><\/p>\n<p style=\"text-align: justify\"><span style=\"font-size: 14pt;color: #403152;font-family: &quot;Century Gothic&quot;,&quot;sans-serif&amp;quot\" lang=\"ES\"><img loading=\"lazy\" decoding=\"async\" class=\"alignright size-medium wp-image-514\" src=\"http:\/\/blog.espol.edu.ec\/lgrodrig\/files\/2009\/06\/indiana-jones-300x207.jpg\" alt=\"indiana-jones\" width=\"300\" height=\"207\" srcset=\"https:\/\/blog.espol.edu.ec\/lgrodrig\/files\/2009\/06\/indiana-jones-300x207.jpg 300w, https:\/\/blog.espol.edu.ec\/lgrodrig\/files\/2009\/06\/indiana-jones.jpg 500w\" sizes=\"auto, (max-width: 300px) 100vw, 300px\" \/>Le averig\u00fc\u00e9 si era cierto que Tom Selleck iba a ser originalmente Indiana Jones y que no lo imaginaba en ese personaje.<span>\u00a0 <\/span><span>\u00a0\u00a0<\/span>Nos re\u00edmos al un\u00edsono, mientras a\u00f1ad\u00eda que la verdad es que estaba desesperado por el cercano inicio del rodaje de la pel\u00edcula, pero que desde el comienzo, \u00e9l consider\u00f3 a Harrison Ford.<span>\u00a0 <\/span><\/span><\/p>\n<p style=\"text-align: justify\"><span style=\"font-size: 14pt;color: #403152;font-family: &quot;Century Gothic&quot;,&quot;sans-serif&amp;quot\" lang=\"ES\">La tarde fue cediendo.<span>\u00a0\u00a0 <\/span>Muchos temas de pel\u00edculas dirigidos o producidos por \u00e9l quedaron intocables.<span>\u00a0 <\/span>Sobre los globos de oro y los oscares, dijo que\u00a0cuando venga \u00a0al Ecuador, conversar\u00edamos <span>\u00a0<\/span>al respecto.<span>\u00a0 <\/span><\/span><\/p>\n<p style=\"text-align: justify\"><span style=\"font-size: 14pt;color: #403152;font-family: &quot;Century Gothic&quot;,&quot;sans-serif&amp;quot\" lang=\"ES\">Nos despedimos con un hasta pronto, no sin antes tomarnos una foto.<span>\u00a0\u00a0 <\/span><\/span><\/p>\n<p style=\"text-align: justify\"><span style=\"font-size: 14pt;color: #403152;font-family: &quot;Century Gothic&quot;,&quot;sans-serif&amp;quot\" lang=\"ES\">Baj\u00e9 las escalinatas del <strong>museo de cera<\/strong> de Madam Tussaudg\u2026 Afuera, la ciudad que nunca duerme me esperaba.<\/span><\/p>\n<p><span style=\"font-size: 14pt;color: #403152\" lang=\"ES\"><span style=\"font-family: Times New Roman\">\u00a0<\/span><\/span><\/p>\n","protected":false},"excerpt":{"rendered":"<p>Todo estaba listo. En breves instantes comenzar\u00edan a rodar la pel\u00edcula de Indiana Jones y la calavera de cristal. \u00a0Steven me propuso que pase el d\u00eda con ellos y viva la experiencia del rodaje. \u00a0La verdad que no me hice de rogar y acepte de inmediato\u2026 Aparentemente no ten\u00edamos temas en com\u00fan, a m\u00e1s de [&hellip;]<\/p>\n","protected":false},"author":247,"featured_media":0,"parent":237,"menu_order":1,"comment_status":"open","ping_status":"open","template":"","meta":{"footnotes":""},"class_list":["post-512","page","type-page","status-publish","hentry"],"aioseo_notices":[],"_links":{"self":[{"href":"https:\/\/blog.espol.edu.ec\/lgrodrig\/wp-json\/wp\/v2\/pages\/512","targetHints":{"allow":["GET"]}}],"collection":[{"href":"https:\/\/blog.espol.edu.ec\/lgrodrig\/wp-json\/wp\/v2\/pages"}],"about":[{"href":"https:\/\/blog.espol.edu.ec\/lgrodrig\/wp-json\/wp\/v2\/types\/page"}],"author":[{"embeddable":true,"href":"https:\/\/blog.espol.edu.ec\/lgrodrig\/wp-json\/wp\/v2\/users\/247"}],"replies":[{"embeddable":true,"href":"https:\/\/blog.espol.edu.ec\/lgrodrig\/wp-json\/wp\/v2\/comments?post=512"}],"version-history":[{"count":10,"href":"https:\/\/blog.espol.edu.ec\/lgrodrig\/wp-json\/wp\/v2\/pages\/512\/revisions"}],"predecessor-version":[{"id":517,"href":"https:\/\/blog.espol.edu.ec\/lgrodrig\/wp-json\/wp\/v2\/pages\/512\/revisions\/517"}],"up":[{"embeddable":true,"href":"https:\/\/blog.espol.edu.ec\/lgrodrig\/wp-json\/wp\/v2\/pages\/237"}],"wp:attachment":[{"href":"https:\/\/blog.espol.edu.ec\/lgrodrig\/wp-json\/wp\/v2\/media?parent=512"}],"curies":[{"name":"wp","href":"https:\/\/api.w.org\/{rel}","templated":true}]}}