{"id":81,"date":"2011-02-14T20:10:03","date_gmt":"2011-02-15T00:10:03","guid":{"rendered":"http:\/\/blog.espol.edu.ec\/lgrodrig\/?page_id=81"},"modified":"2011-02-14T22:52:40","modified_gmt":"2011-02-15T02:52:40","slug":"luz-gabriela-del-amor-la-amistad-y-esas-cosas","status":"publish","type":"page","link":"https:\/\/blog.espol.edu.ec\/lgrodrig\/fechas-especiales\/luz-gabriela-del-amor-la-amistad-y-esas-cosas\/","title":{"rendered":"San Valent\u00edn: Del amor, la amistad y otras cosas"},"content":{"rendered":"<p class=\"MsoNormal\" style=\"margin: 0cm 0cm 0pt\">\n<div class=\"MsoNormal\" style=\"margin: 0cm 0cm 0pt;text-align: center\"><span style=\"color: #ff0000\"><span style=\"font-size: 13pt;font-family: Tahoma\"><strong><em>DEL AMOR, LA AMISTAD Y OTRAS COSAS\u2026<\/em><\/strong><\/span><\/span><br \/>\n<span style=\"font-size: 13pt;font-family: Tahoma\"><strong><em> <\/em><\/strong><img loading=\"lazy\" decoding=\"async\" class=\"aligncenter size-full wp-image-1374\" src=\"http:\/\/blog.espol.edu.ec\/lgrodrig\/files\/2009\/02\/rosa-rojita.gif\" alt=\"rosa-rojita\" width=\"540\" height=\"404\" srcset=\"https:\/\/blog.espol.edu.ec\/lgrodrig\/files\/2009\/02\/rosa-rojita.gif 540w, https:\/\/blog.espol.edu.ec\/lgrodrig\/files\/2009\/02\/rosa-rojita-300x224.jpg 300w\" sizes=\"auto, (max-width: 540px) 100vw, 540px\" \/><span style=\"color: #ff0000\">El amor no mira con los ojos, sino con el esp\u00edritu: <\/span><\/span><\/div>\n<div class=\"MsoNormal\" style=\"margin: 0cm 0cm 0pt;text-align: center\"><span style=\"color: #ff0000\"><span style=\"font-size: 13pt;font-family: Tahoma\">por eso pintan ciego al alado Cupido. <em> <\/em><\/span><\/span><\/div>\n<div class=\"MsoNormal\" style=\"margin: 0cm 0cm 0pt;text-align: center\"><span style=\"font-size: 13pt;font-family: Tahoma\"><em><span style=\"color: #ff0000\">Shakespeare<\/span><br \/>\n<\/em><br \/>\n<img loading=\"lazy\" decoding=\"async\" class=\"aligncenter size-full wp-image-1375\" src=\"http:\/\/blog.espol.edu.ec\/lgrodrig\/files\/2009\/02\/love27.gif\" alt=\"love27\" width=\"341\" height=\"293\" srcset=\"https:\/\/blog.espol.edu.ec\/lgrodrig\/files\/2009\/02\/love27.gif 341w, https:\/\/blog.espol.edu.ec\/lgrodrig\/files\/2009\/02\/love27-300x257.gif 300w\" sizes=\"auto, (max-width: 341px) 100vw, 341px\" \/><span style=\"color: #ff0000\">Y vaya que es ciego, sordo y mudo, porque cuando toca el coraz\u00f3n, no ve, no escucha, no habla, no razona, solo se siente un suave y caracter\u00edstico aleteo de una paloma en el coraz\u00f3n y mariposas en el est\u00f3mago, que te hace vivir la raz\u00f3n de la sin raz\u00f3n. Quien diga que jam\u00e1s ha estado enamorado est\u00e1 falseando. No existe nadie en el mundo que no haya sido tocado por las m\u00e1gicas flechas de Cupido.<\/span><\/span><\/div>\n<div class=\"MsoNormal\" style=\"margin: 0cm 0cm 0pt;text-align: justify\"><span style=\"font-size: 13pt;font-family: Tahoma\"><br \/>\n<\/span><\/div>\n<div class=\"MsoNormal\" style=\"margin: 0cm 0cm 0pt;text-align: center\"><span style=\"font-size: 13pt;font-family: Tahoma\"><img loading=\"lazy\" decoding=\"async\" class=\"aligncenter size-full wp-image-1376\" src=\"http:\/\/blog.espol.edu.ec\/lgrodrig\/files\/2009\/02\/rosa_roja-dsc03145.jpg\" alt=\"rosa_roja-dsc03145\" width=\"180\" height=\"160\" \/><span style=\"color: #ff0000\">La amistad es un alma que habita en dos cuerpos, <\/span><\/span><\/div>\n<div class=\"MsoNormal\" style=\"margin: 0cm 0cm 0pt;text-align: center\"><span style=\"color: #ff0000\"><span style=\"font-size: 13pt;font-family: Tahoma\">con un coraz\u00f3n que habita en dos almas. <em> <\/em><\/span><\/span><\/div>\n<div class=\"MsoNormal\" style=\"margin: 0cm 0cm 0pt;text-align: center\"><span style=\"color: #ff0000\"><span style=\"font-size: 13pt;font-family: Tahoma\"><em>Arist\u00f3teles<\/em>.<\/span><\/span><\/div>\n<div class=\"MsoNormal\" style=\"margin: 0cm 0cm 0pt;text-align: center\"><span style=\"font-size: 13pt;font-family: Tahoma\"><br \/>\n<\/span><\/div>\n<div style=\"text-align: justify\"><span style=\"font-size: 13pt;font-family: Tahoma\"><img loading=\"lazy\" decoding=\"async\" class=\"aligncenter size-full wp-image-1377\" src=\"http:\/\/blog.espol.edu.ec\/lgrodrig\/files\/2009\/02\/262031.jpg\" alt=\"262031\" width=\"359\" height=\"400\" srcset=\"https:\/\/blog.espol.edu.ec\/lgrodrig\/files\/2009\/02\/262031.jpg 359w, https:\/\/blog.espol.edu.ec\/lgrodrig\/files\/2009\/02\/262031-269x300.jpg 269w\" sizes=\"auto, (max-width: 359px) 100vw, 359px\" \/><span style=\"color: #ff0000\">Suelo comparar el verdadero amor y la amistad con la transparencia de un fino vaso de cristal donde se reflejan tus sue\u00f1os, los mios, los nuestros...<\/span><\/span><\/div>\n<div><span style=\"color: #ff0000\"><span style=\"font-size: 13pt;font-family: Tahoma\"><em>Luz Gabriela Rodr\u00edguez<\/em><\/span><\/span><\/div>\n<div><span style=\"font-size: 13pt;font-family: Tahoma\"><em><span style=\"color: #ff0000\">http:www.blog.espol.edu.ec\/lgrodrig\/<\/span><br \/>\n<\/em><\/span><\/div>\n<div><span style=\"font-size: 13pt;font-family: Tahoma\"> <\/span><\/div>\n<div><span style=\"font-size: 13pt;font-family: Tahoma\"> <\/span><\/div>\n<p><span style=\"font-size: 13pt;font-family: Tahoma\"> <\/span><\/p>\n<p class=\"MsoNormal\" style=\"margin: 0cm 0cm 0pt\"><span style=\"font-size: 13pt;font-family: Tahoma\"><a href=\"http:\/\/www.facebook.com\/photo.php?pid=109861&amp;op=1&amp;view=all&amp;subj=52984466506&amp;aid=-1&amp;oid=52984466506&amp;id=1646373710\"><\/a><\/span><\/p>\n<p class=\"MsoNormal\" style=\"margin: 0cm 0cm 0pt\"><span style=\"font-size: small;font-family: Times New Roman\"> <\/span><\/p>\n","protected":false},"excerpt":{"rendered":"<p>DEL AMOR, LA AMISTAD Y OTRAS COSAS\u2026 El amor no mira con los ojos, sino con el esp\u00edritu: por eso pintan ciego al alado Cupido. Shakespeare Y vaya que es ciego, sordo y mudo, porque cuando toca el coraz\u00f3n, no ve, no escucha, no habla, no razona, solo se siente un suave y caracter\u00edstico aleteo [&hellip;]<\/p>\n","protected":false},"author":247,"featured_media":0,"parent":254,"menu_order":0,"comment_status":"open","ping_status":"open","template":"","meta":{"footnotes":""},"class_list":["post-81","page","type-page","status-publish","hentry"],"aioseo_notices":[],"_links":{"self":[{"href":"https:\/\/blog.espol.edu.ec\/lgrodrig\/wp-json\/wp\/v2\/pages\/81","targetHints":{"allow":["GET"]}}],"collection":[{"href":"https:\/\/blog.espol.edu.ec\/lgrodrig\/wp-json\/wp\/v2\/pages"}],"about":[{"href":"https:\/\/blog.espol.edu.ec\/lgrodrig\/wp-json\/wp\/v2\/types\/page"}],"author":[{"embeddable":true,"href":"https:\/\/blog.espol.edu.ec\/lgrodrig\/wp-json\/wp\/v2\/users\/247"}],"replies":[{"embeddable":true,"href":"https:\/\/blog.espol.edu.ec\/lgrodrig\/wp-json\/wp\/v2\/comments?post=81"}],"version-history":[{"count":16,"href":"https:\/\/blog.espol.edu.ec\/lgrodrig\/wp-json\/wp\/v2\/pages\/81\/revisions"}],"predecessor-version":[{"id":2461,"href":"https:\/\/blog.espol.edu.ec\/lgrodrig\/wp-json\/wp\/v2\/pages\/81\/revisions\/2461"}],"up":[{"embeddable":true,"href":"https:\/\/blog.espol.edu.ec\/lgrodrig\/wp-json\/wp\/v2\/pages\/254"}],"wp:attachment":[{"href":"https:\/\/blog.espol.edu.ec\/lgrodrig\/wp-json\/wp\/v2\/media?parent=81"}],"curies":[{"name":"wp","href":"https:\/\/api.w.org\/{rel}","templated":true}]}}