{"id":51,"date":"2015-06-16T02:36:00","date_gmt":"2015-06-16T02:36:00","guid":{"rendered":"http:\/\/blog.espol.edu.ec\/lian\/?page_id=51"},"modified":"2015-06-16T02:36:00","modified_gmt":"2015-06-16T02:36:00","slug":"mamiferos-marinos","status":"publish","type":"page","link":"https:\/\/blog.espol.edu.ec\/lian\/mamiferos-marinos\/","title":{"rendered":"Mam\u00edferos marinos"},"content":{"rendered":"<p style=\"text-align: left\" align=\"left\"><span style=\"font-family: verdana;font-size: small\">Se considera que en el mundo existen alrededor de 4.000 especies de mam\u00edferos, incluyendo al hombre. Dentro de estas especies, encontramos un grupo que forma parte del ecosistema marino. Estos animales de extraordinaria inteligencia han inspirado al hombre durante miles de a\u00f1os. La mayor\u00eda habita en los mares y oc\u00e9anos, con algunas especies de r\u00edo y agua dulce como el delf\u00edn rosado de Am\u00e9rica del Sur, pero no son peces.<\/span><\/p>\n<p style=\"text-align: left\"><span style=\"font-family: verdana;font-size: small\">Los mam\u00edferos marinos respiran aire, amamantan sus cr\u00edas y viven la mayor parte o la totalidad de sus vidas adaptados al mar. Seg\u00fan los cient\u00edficos, son el resultado de la evoluci\u00f3n de diversos grupos de animales terrestres que volvieron al mar en distintas \u00e9pocas y quiz\u00e1s por distintas causas hace unos 66 millones de a\u00f1os.<\/span><\/p>\n<p style=\"text-align: left\"><span style=\"font-family: verdana;font-size: small\">Los principales grupos que existen en las aguas epicontinentales y las costas de Am\u00e9rica, son:<\/span><\/p>\n<ul>\n<li><span style=\"font-family: verdana\"><b><span style=\"font-size: small\">Los Sir\u00e9nidos: <\/span><\/b><span style=\"font-size: small\">Familia: pinn\u00edpedos: focas, lobos marinos, morsas, manat\u00edes,... de los que existen unas 33 especies.<br \/>\n<\/span><\/span><\/li>\n<li><span style=\"font-family: verdana\"><b><span style=\"font-size: small\">Los Cet\u00e1ceos: <\/span><\/b><span style=\"font-size: small\">ballenas, cachalotes, belugas, narvales, marsopas, delfines, de las que se conocen unas 75 especies.<\/span><\/span><\/li>\n<\/ul>\n<p><a href=\"http:\/\/blog.espol.edu.ec\/lian\/files\/2015\/06\/Sin-t\u00edtulo4.png\"><img loading=\"lazy\" decoding=\"async\" class=\" size-medium wp-image-52 alignright\" src=\"http:\/\/blog.espol.edu.ec\/lian\/files\/2015\/06\/Sin-t\u00edtulo4-300x103.png\" alt=\"Sin t\u00edtulo\" width=\"300\" height=\"103\" srcset=\"https:\/\/blog.espol.edu.ec\/lian\/files\/2015\/06\/Sin-t\u00edtulo4-300x103.png 300w, https:\/\/blog.espol.edu.ec\/lian\/files\/2015\/06\/Sin-t\u00edtulo4.png 494w\" sizes=\"auto, (max-width: 300px) 100vw, 300px\" \/><\/a><\/p>\n<form id=\"vozme_form_bcfc08a1b5b2dd4b8cb8770fe14e0ee3\" method=\"post\" name=\"vozme_form_bcfc08a1b5b2dd4b8cb8770fe14e0ee3\" target=\"bcfc08a1b5b2dd4b8cb8770fe14e0ee3\" action=\"http:\/\/vozme.com\/text2voice.php\"><input name=\"text\" type=\"hidden\" value=\"Mam\u00edferos marinos. Se considera que en el mundo existen alrededor de 4.000 especies de mam\u00edferos, incluyendo al hombre. Dentro de estas especies, encontramos un grupo que forma parte del ecosistema marino. Estos animales de extraordinaria inteligencia han inspirado al hombre durante miles de a\u00f1os. La mayor\u00eda habita en los mares y oc\u00e9anos, con algunas especies de r\u00edo y agua dulce como el delf\u00edn rosado de Am\u00e9rica del Sur, pero no son peces.\nLos mam\u00edferos marinos respiran aire, amamantan sus cr\u00edas y viven la mayor parte o la totalidad de sus vidas adaptados al mar. Seg\u00fan los cient\u00edficos, son el resultado de la evoluci\u00f3n de diversos grupos de animales terrestres que volvieron al mar en distintas \u00e9pocas y quiz\u00e1s por distintas causas hace unos 66 millones de a\u00f1os.\nLos principales grupos que existen en las aguas epicontinentales y las costas de Am\u00e9rica, son:\n\nLos Sir\u00e9nidos: Familia: pinn\u00edpedos: focas, lobos marinos, morsas, manat\u00edes,... de los que existen unas 33 especies.\n\nLos Cet\u00e1ceos: ballenas, cachalotes, belugas, narvales, marsopas, delfines, de las que se conocen unas 75 especies.\n\n\n\" \/><input name=\"lang\" type=\"hidden\" value=\"en\" \/><input name=\"gn\" type=\"hidden\" value=\"ml\" \/><input type=\"hidden\" id=\"interface\" name=\"interface\" value=\"full\" \/>\n\t\t\t<div style=\"margin-left:40%;\">\n\t\t\t\n\t\t\t\t<input style=\"float:left;\" type=\"image\" width=\"40\" height=\"40\" src=\"http:\/\/blog.espol.edu.ec\/lian\/wp-content\/plugins\/vozme\/img\/megaphone40x40w.gif\" alt=\"Hear this post\" onclick=\"window.open('', 'bcfc08a1b5b2dd4b8cb8770fe14e0ee3', 'width=600,height=370,scrollbars=yes,location=yes,menubar=yes,resizable=yes,status=yes,toolbar=yes');\">\n\t\t\t\t<div style=\"margin-left:48px; text-align:left;\"><a style=\"font-size:12px;\" href=\"javascript:void(0);\" onclick=\"window.open('', 'bcfc08a1b5b2dd4b8cb8770fe14e0ee3', 'width=600,height=370,scrollbars=yes,location=yes,menubar=yes,resizable=yes,status=yes,toolbar=yes'); document.getElementById('vozme_form_bcfc08a1b5b2dd4b8cb8770fe14e0ee3').submit();\">Hear<br\/>this post<\/a><\/div>\n\t\t\t<\/div><\/form>","protected":false},"excerpt":{"rendered":"<p>Se considera que en el mundo existen alrededor de 4.000 especies de mam\u00edferos, incluyendo al hombre. Dentro de estas especies, encontramos un grupo que forma parte del ecosistema marino. Estos animales de extraordinaria inteligencia han inspirado al hombre durante miles de a\u00f1os. La mayor\u00eda habita en los mares y oc\u00e9anos, con algunas especies de r\u00edo [&hellip;]<\/p>\n","protected":false},"author":9686,"featured_media":0,"parent":0,"menu_order":0,"comment_status":"open","ping_status":"open","template":"","meta":{"footnotes":""},"class_list":["post-51","page","type-page","status-publish","hentry"],"_links":{"self":[{"href":"https:\/\/blog.espol.edu.ec\/lian\/wp-json\/wp\/v2\/pages\/51","targetHints":{"allow":["GET"]}}],"collection":[{"href":"https:\/\/blog.espol.edu.ec\/lian\/wp-json\/wp\/v2\/pages"}],"about":[{"href":"https:\/\/blog.espol.edu.ec\/lian\/wp-json\/wp\/v2\/types\/page"}],"author":[{"embeddable":true,"href":"https:\/\/blog.espol.edu.ec\/lian\/wp-json\/wp\/v2\/users\/9686"}],"replies":[{"embeddable":true,"href":"https:\/\/blog.espol.edu.ec\/lian\/wp-json\/wp\/v2\/comments?post=51"}],"version-history":[{"count":1,"href":"https:\/\/blog.espol.edu.ec\/lian\/wp-json\/wp\/v2\/pages\/51\/revisions"}],"predecessor-version":[{"id":55,"href":"https:\/\/blog.espol.edu.ec\/lian\/wp-json\/wp\/v2\/pages\/51\/revisions\/55"}],"wp:attachment":[{"href":"https:\/\/blog.espol.edu.ec\/lian\/wp-json\/wp\/v2\/media?parent=51"}],"curies":[{"name":"wp","href":"https:\/\/api.w.org\/{rel}","templated":true}]}}