{"id":88,"date":"2015-06-27T17:34:18","date_gmt":"2015-06-27T17:34:18","guid":{"rendered":"http:\/\/blog.espol.edu.ec\/lian\/?page_id=88"},"modified":"2015-06-27T17:34:18","modified_gmt":"2015-06-27T17:34:18","slug":"delfines","status":"publish","type":"page","link":"https:\/\/blog.espol.edu.ec\/lian\/mamiferos-marinos\/delfines\/","title":{"rendered":"Delfines"},"content":{"rendered":"<div><b>DELF\u00cdN ROSADO<\/b><\/div>\n<div>El delf\u00edn rosado es la especie m\u00e1s grande de delfines de r\u00edo, pudiendo alcanzar una longitud de 2,7 m y un peso de 180 kg, siendo los machos ligeramente m\u00e1s grandes que las hembras. Las cr\u00edas al nacer miden entre 76 y 82 cm de longitud, con un peso entre 7 y 8 kg. Su cuerpo es robusto y flexible. La cabeza es relativamente peque\u00f1a, con ojos inconspicuos pero funcionales y el hocico alargado, provisto de vibrisas sensoriales, m\u00e1s conspicuas en cr\u00edas y juveniles. El mel\u00f3n (parte frontal de la cabeza) es elevado, en forma de bulbo y provisto de movimiento controlado por acci\u00f3n muscular para la ecolocalizaci\u00f3n (Trujillo &amp; Diazgranados, 2002). Presentan entre 24 y 35 pares de dientes en ambas mand\u00edbulas y su dentadura es heterodonta, con dientes incisivos en la parte anterior y molariformes unic\u00faspides en la posterior. Las aletas pectorales son grandes, anchas y de forma triangular, con un amplio arco de rotaci\u00f3n; la aleta dorsal es baja, en forma de quilla y se prolonga hacia el ped\u00fanculo caudal, el cual es achatado lateralmente y la aleta caudal es ancha y gruesa.<\/p>\n<\/div>\n<div>\n<div><b><br \/>\nDELF\u00cdN GRIS<\/b><\/div>\n<div>Es una de las especies m\u00e1s peque\u00f1as de delfines, alcanzando s\u00f3lo 1,6 m de longitud y un peso aproximado de 50 kg. Su cuerpo es robusto y compacto. El rostro es ancho en la base; con ojos grandes y acentuados por un contorno oscuro. El hocico es corto y bien diferenciado del mel\u00f3n que es redondeado. La dentadura es homodonta, con 26 a 36 dientes en cada lado de las mand\u00edbulas (Trujillo, 1990). La aleta dorsal es ancha en la base, de forma triangular y ligeramente falcada en el extremo, y se sit\u00faa en la parte media del dorso. Las aletas pectorales son peque\u00f1as y terminadas en punta. La aleta caudal es ancha, delgada y con una escotadura media bien definida. La coloraci\u00f3n del cuerpo es gris oscuro en el dorso y blanco ros\u00e1ceo en el vientre y los flancos, donde se suelen observar tambi\u00e9n una o dos proyecciones de color gris<a href=\"http:\/\/blog.espol.edu.ec\/lian\/files\/2015\/06\/wwfcol_fernando_amazonas_399592.jpg\"><img loading=\"lazy\" decoding=\"async\" class=\" wp-image-89\" src=\"http:\/\/blog.espol.edu.ec\/lian\/files\/2015\/06\/wwfcol_fernando_amazonas_399592-300x114.jpg\" alt=\"Delf\u00edn Gris\" width=\"361\" height=\"137\" srcset=\"https:\/\/blog.espol.edu.ec\/lian\/files\/2015\/06\/wwfcol_fernando_amazonas_399592-300x114.jpg 300w, https:\/\/blog.espol.edu.ec\/lian\/files\/2015\/06\/wwfcol_fernando_amazonas_399592.jpg 304w\" sizes=\"auto, (max-width: 361px) 100vw, 361px\" \/><\/a><\/p>\n<\/div>\n<\/div>\n<form id=\"vozme_form_3d4a25bb7216f79d44d0699f88086877\" method=\"post\" name=\"vozme_form_3d4a25bb7216f79d44d0699f88086877\" target=\"3d4a25bb7216f79d44d0699f88086877\" action=\"http:\/\/vozme.com\/text2voice.php\"><input name=\"text\" type=\"hidden\" value=\"Delfines. DELF\u00cdN ROSADO\nEl delf\u00edn rosado es la especie m\u00e1s grande de delfines de r\u00edo, pudiendo alcanzar una longitud de 2,7 m y un peso de 180 kg, siendo los machos ligeramente m\u00e1s grandes que las hembras. Las cr\u00edas al nacer miden entre 76 y 82 cm de longitud, con un peso entre 7 y 8 kg. Su cuerpo es robusto y flexible. La cabeza es relativamente peque\u00f1a, con ojos inconspicuos pero funcionales y el hocico alargado, provisto de vibrisas sensoriales, m\u00e1s conspicuas en cr\u00edas y juveniles. El mel\u00f3n (parte frontal de la cabeza) es elevado, en forma de bulbo y provisto de movimiento controlado por acci\u00f3n muscular para la ecolocalizaci\u00f3n (Trujillo &amp; Diazgranados, 2002). Presentan entre 24 y 35 pares de dientes en ambas mand\u00edbulas y su dentadura es heterodonta, con dientes incisivos en la parte anterior y molariformes unic\u00faspides en la posterior. Las aletas pectorales son grandes, anchas y de forma triangular, con un amplio arco de rotaci\u00f3n; la aleta dorsal es baja, en forma de quilla y se prolonga hacia el ped\u00fanculo caudal, el cual es achatado lateralmente y la aleta caudal es ancha y gruesa.\n\n\n\nDELF\u00cdN GRIS\nEs una de las especies m\u00e1s peque\u00f1as de delfines, alcanzando s\u00f3lo 1,6 m de longitud y un peso aproximado de 50 kg. Su cuerpo es robusto y compacto. El rostro es ancho en la base; con ojos grandes y acentuados por un contorno oscuro. El hocico es corto y bien diferenciado del mel\u00f3n que es redondeado. La dentadura es homodonta, con 26 a 36 dientes en cada lado de las mand\u00edbulas (Trujillo, 1990). La aleta dorsal es ancha en la base, de forma triangular y ligeramente falcada en el extremo, y se sit\u00faa en la parte media del dorso. Las aletas pectorales son peque\u00f1as y terminadas en punta. La aleta caudal es ancha, delgada y con una escotadura media bien definida. La coloraci\u00f3n del cuerpo es gris oscuro en el dorso y blanco ros\u00e1ceo en el vientre y los flancos, donde se suelen observar tambi\u00e9n una o dos proyecciones de color gris\n\n\n\" \/><input name=\"lang\" type=\"hidden\" value=\"en\" \/><input name=\"gn\" type=\"hidden\" value=\"ml\" \/><input type=\"hidden\" id=\"interface\" name=\"interface\" value=\"full\" \/>\n\t\t\t<div style=\"margin-left:40%;\">\n\t\t\t\n\t\t\t\t<input style=\"float:left;\" type=\"image\" width=\"40\" height=\"40\" src=\"http:\/\/blog.espol.edu.ec\/lian\/wp-content\/plugins\/vozme\/img\/megaphone40x40w.gif\" alt=\"Hear this post\" onclick=\"window.open('', '3d4a25bb7216f79d44d0699f88086877', 'width=600,height=370,scrollbars=yes,location=yes,menubar=yes,resizable=yes,status=yes,toolbar=yes');\">\n\t\t\t\t<div style=\"margin-left:48px; text-align:left;\"><a style=\"font-size:12px;\" href=\"javascript:void(0);\" onclick=\"window.open('', '3d4a25bb7216f79d44d0699f88086877', 'width=600,height=370,scrollbars=yes,location=yes,menubar=yes,resizable=yes,status=yes,toolbar=yes'); document.getElementById('vozme_form_3d4a25bb7216f79d44d0699f88086877').submit();\">Hear<br\/>this post<\/a><\/div>\n\t\t\t<\/div><\/form>","protected":false},"excerpt":{"rendered":"<p>DELF\u00cdN ROSADO El delf\u00edn rosado es la especie m\u00e1s grande de delfines de r\u00edo, pudiendo alcanzar una longitud de 2,7 m y un peso de 180 kg, siendo los machos ligeramente m\u00e1s grandes que las hembras. Las cr\u00edas al nacer miden entre 76 y 82 cm de longitud, con un peso entre 7 y 8 [&hellip;]<\/p>\n","protected":false},"author":9686,"featured_media":0,"parent":51,"menu_order":0,"comment_status":"open","ping_status":"open","template":"","meta":{"footnotes":""},"class_list":["post-88","page","type-page","status-publish","hentry"],"_links":{"self":[{"href":"https:\/\/blog.espol.edu.ec\/lian\/wp-json\/wp\/v2\/pages\/88","targetHints":{"allow":["GET"]}}],"collection":[{"href":"https:\/\/blog.espol.edu.ec\/lian\/wp-json\/wp\/v2\/pages"}],"about":[{"href":"https:\/\/blog.espol.edu.ec\/lian\/wp-json\/wp\/v2\/types\/page"}],"author":[{"embeddable":true,"href":"https:\/\/blog.espol.edu.ec\/lian\/wp-json\/wp\/v2\/users\/9686"}],"replies":[{"embeddable":true,"href":"https:\/\/blog.espol.edu.ec\/lian\/wp-json\/wp\/v2\/comments?post=88"}],"version-history":[{"count":1,"href":"https:\/\/blog.espol.edu.ec\/lian\/wp-json\/wp\/v2\/pages\/88\/revisions"}],"predecessor-version":[{"id":90,"href":"https:\/\/blog.espol.edu.ec\/lian\/wp-json\/wp\/v2\/pages\/88\/revisions\/90"}],"up":[{"embeddable":true,"href":"https:\/\/blog.espol.edu.ec\/lian\/wp-json\/wp\/v2\/pages\/51"}],"wp:attachment":[{"href":"https:\/\/blog.espol.edu.ec\/lian\/wp-json\/wp\/v2\/media?parent=88"}],"curies":[{"name":"wp","href":"https:\/\/api.w.org\/{rel}","templated":true}]}}