{"id":93,"date":"2015-06-27T17:42:52","date_gmt":"2015-06-27T17:42:52","guid":{"rendered":"http:\/\/blog.espol.edu.ec\/lian\/?page_id=93"},"modified":"2015-06-27T22:03:32","modified_gmt":"2015-06-27T22:03:32","slug":"ballenas-2","status":"publish","type":"page","link":"https:\/\/blog.espol.edu.ec\/lian\/ballenas-2\/","title":{"rendered":"Ballenas"},"content":{"rendered":"<p>Dentro de los cet\u00e1ceos existen dos grandes grupos:<\/p>\n<p><strong>1. Las ballenas con barbas: <\/strong>En este grupo se incluyen las ballenas de gran tama\u00f1o, como el caso de la ballena azul. Esta clase de cet\u00e1ceos se caracterizan por tener barbas en lugar de dientes. Estas barbas las utilizan para filtrar el agua y as\u00ed poder atrapar el alimento. El n\u00famero de barbas que poseen oscila entre 160 y 360 en cada lado de la mand\u00edbula y \u00e9stas presentan en su borde interior un aspecto filamentoso. Otro rasgo de este grupo es que cuentan con un respiradero doble.<\/p>\n<p>Las ballenas pertenecientes a\u00a0 este gran grupo suelen pasar el verano en las aguas polares, donde abunda el plancton. Antes que llegue el invierno emigran hacia zonas templadas y tropicales. All\u00ed pasan el invierno y se reproducen.<\/p>\n<p><a href=\"http:\/\/blog.espol.edu.ec\/lian\/files\/2015\/06\/08-28_Arti_Animales_interior_large.jpg\"><img loading=\"lazy\" decoding=\"async\" class=\" size-medium wp-image-94 aligncenter\" src=\"http:\/\/blog.espol.edu.ec\/lian\/files\/2015\/06\/08-28_Arti_Animales_interior_large-300x167.jpg\" alt=\"Ballena\" width=\"300\" height=\"167\" srcset=\"https:\/\/blog.espol.edu.ec\/lian\/files\/2015\/06\/08-28_Arti_Animales_interior_large-300x167.jpg 300w, https:\/\/blog.espol.edu.ec\/lian\/files\/2015\/06\/08-28_Arti_Animales_interior_large.jpg 450w\" sizes=\"auto, (max-width: 300px) 100vw, 300px\" \/><\/a><\/p>\n<p><strong>2.<\/strong> <strong>Las ballenas dentadas<\/strong>: Las caracter\u00edsticas de este grupo son que suelen tener entre 1 y 260 dientes, que utilizan para retener el alimento. S\u00f3lo tienen un orificio para respirar y poseen la habilidad para la ecolocaci\u00f3n. La mayor\u00eda de las ballenas peque\u00f1as, delfines y marsopas, pertenecen a este grupo. Un ejemplo de ballena con dientes es el cachalote.<\/p>\n<p>A continuaci\u00f3n vamos con una serie de caracter\u00edsticas comunes a los dos grupos. Empezaremos aclarando que las ballenas, como todos los mam\u00edferos, necesitan respirar aire para vivir. Para ello cuentan con grandes pulmones, respirando a trav\u00e9s de los orificios que tienen en la parte superior de su cabeza.<\/p>\n<p>Las ballenas hembra son siempre m\u00e1s grandes que los machos. Suelen estar preparadas para la reproducci\u00f3n cuando alcanzan una longitud entre 13 y 16 metros, m\u00e1s o menos una edad de 3-4 a\u00f1os. Suelen vivir en parejas o peque\u00f1os grupos, aunque tambi\u00e9n existen ballenas solitarias, y su apareamiento se hace posible en mares templados o c\u00e1lidos.<\/p>\n<p>El cuerpo de la ballena est\u00e1 recubierto de una capa de grasa espesa que mantiene su temperatura corporal en una media de 36 grados. Las dos extremidades de delante son las aletas. Su cuerpo acaba en una gran aleta horizontal, de potente musculatura y fuerza, lo que le permite alcanzar velocidades de 40 a 50 km\/h.<\/p>\n<form id=\"vozme_form_0fb2348ce473f9891a2b49604edaa010\" method=\"post\" name=\"vozme_form_0fb2348ce473f9891a2b49604edaa010\" target=\"0fb2348ce473f9891a2b49604edaa010\" action=\"http:\/\/vozme.com\/text2voice.php\"><input name=\"text\" type=\"hidden\" value=\"Ballenas. Dentro de los cet\u00e1ceos existen dos grandes grupos:\n1. Las ballenas con barbas: En este grupo se incluyen las ballenas de gran tama\u00f1o, como el caso de la ballena azul. Esta clase de cet\u00e1ceos se caracterizan por tener barbas en lugar de dientes. Estas barbas las utilizan para filtrar el agua y as\u00ed poder atrapar el alimento. El n\u00famero de barbas que poseen oscila entre 160 y 360 en cada lado de la mand\u00edbula y \u00e9stas presentan en su borde interior un aspecto filamentoso. Otro rasgo de este grupo es que cuentan con un respiradero doble.\nLas ballenas pertenecientes a\u00a0 este gran grupo suelen pasar el verano en las aguas polares, donde abunda el plancton. Antes que llegue el invierno emigran hacia zonas templadas y tropicales. All\u00ed pasan el invierno y se reproducen.\n\n2. Las ballenas dentadas: Las caracter\u00edsticas de este grupo son que suelen tener entre 1 y 260 dientes, que utilizan para retener el alimento. S\u00f3lo tienen un orificio para respirar y poseen la habilidad para la ecolocaci\u00f3n. La mayor\u00eda de las ballenas peque\u00f1as, delfines y marsopas, pertenecen a este grupo. Un ejemplo de ballena con dientes es el cachalote.\nA continuaci\u00f3n vamos con una serie de caracter\u00edsticas comunes a los dos grupos. Empezaremos aclarando que las ballenas, como todos los mam\u00edferos, necesitan respirar aire para vivir. Para ello cuentan con grandes pulmones, respirando a trav\u00e9s de los orificios que tienen en la parte superior de su cabeza.\nLas ballenas hembra son siempre m\u00e1s grandes que los machos. Suelen estar preparadas para la reproducci\u00f3n cuando alcanzan una longitud entre 13 y 16 metros, m\u00e1s o menos una edad de 3-4 a\u00f1os. Suelen vivir en parejas o peque\u00f1os grupos, aunque tambi\u00e9n existen ballenas solitarias, y su apareamiento se hace posible en mares templados o c\u00e1lidos.\nEl cuerpo de la ballena est\u00e1 recubierto de una capa de grasa espesa que mantiene su temperatura corporal en una media de 36 grados. Las dos extremidades de delante son las aletas. Su cuerpo acaba en una gran aleta horizontal, de potente musculatura y fuerza, lo que le permite alcanzar velocidades de 40 a 50 km\/h.\n\" \/><input name=\"lang\" type=\"hidden\" value=\"en\" \/><input name=\"gn\" type=\"hidden\" value=\"ml\" \/><input type=\"hidden\" id=\"interface\" name=\"interface\" value=\"full\" \/>\n\t\t\t<div style=\"margin-left:40%;\">\n\t\t\t\n\t\t\t\t<input style=\"float:left;\" type=\"image\" width=\"40\" height=\"40\" src=\"http:\/\/blog.espol.edu.ec\/lian\/wp-content\/plugins\/vozme\/img\/megaphone40x40w.gif\" alt=\"Hear this post\" onclick=\"window.open('', '0fb2348ce473f9891a2b49604edaa010', 'width=600,height=370,scrollbars=yes,location=yes,menubar=yes,resizable=yes,status=yes,toolbar=yes');\">\n\t\t\t\t<div style=\"margin-left:48px; text-align:left;\"><a style=\"font-size:12px;\" href=\"javascript:void(0);\" onclick=\"window.open('', '0fb2348ce473f9891a2b49604edaa010', 'width=600,height=370,scrollbars=yes,location=yes,menubar=yes,resizable=yes,status=yes,toolbar=yes'); document.getElementById('vozme_form_0fb2348ce473f9891a2b49604edaa010').submit();\">Hear<br\/>this post<\/a><\/div>\n\t\t\t<\/div><\/form>","protected":false},"excerpt":{"rendered":"<p>Dentro de los cet\u00e1ceos existen dos grandes grupos: 1. Las ballenas con barbas: En este grupo se incluyen las ballenas de gran tama\u00f1o, como el caso de la ballena azul. Esta clase de cet\u00e1ceos se caracterizan por tener barbas en lugar de dientes. Estas barbas las utilizan para filtrar el agua y as\u00ed poder atrapar [&hellip;]<\/p>\n","protected":false},"author":9686,"featured_media":0,"parent":0,"menu_order":0,"comment_status":"open","ping_status":"open","template":"","meta":{"footnotes":""},"class_list":["post-93","page","type-page","status-publish","hentry"],"_links":{"self":[{"href":"https:\/\/blog.espol.edu.ec\/lian\/wp-json\/wp\/v2\/pages\/93","targetHints":{"allow":["GET"]}}],"collection":[{"href":"https:\/\/blog.espol.edu.ec\/lian\/wp-json\/wp\/v2\/pages"}],"about":[{"href":"https:\/\/blog.espol.edu.ec\/lian\/wp-json\/wp\/v2\/types\/page"}],"author":[{"embeddable":true,"href":"https:\/\/blog.espol.edu.ec\/lian\/wp-json\/wp\/v2\/users\/9686"}],"replies":[{"embeddable":true,"href":"https:\/\/blog.espol.edu.ec\/lian\/wp-json\/wp\/v2\/comments?post=93"}],"version-history":[{"count":2,"href":"https:\/\/blog.espol.edu.ec\/lian\/wp-json\/wp\/v2\/pages\/93\/revisions"}],"predecessor-version":[{"id":98,"href":"https:\/\/blog.espol.edu.ec\/lian\/wp-json\/wp\/v2\/pages\/93\/revisions\/98"}],"wp:attachment":[{"href":"https:\/\/blog.espol.edu.ec\/lian\/wp-json\/wp\/v2\/media?parent=93"}],"curies":[{"name":"wp","href":"https:\/\/api.w.org\/{rel}","templated":true}]}}