{"id":6,"date":"2011-07-04T16:54:50","date_gmt":"2011-07-04T16:54:50","guid":{"rendered":"http:\/\/blog.espol.edu.ec\/liberacurso\/?page_id=6"},"modified":"2011-07-28T18:53:12","modified_gmt":"2011-07-28T18:53:12","slug":"%c2%bfque-es-libera-tu-curso","status":"publish","type":"page","link":"https:\/\/blog.espol.edu.ec\/liberacurso\/%c2%bfque-es-libera-tu-curso\/","title":{"rendered":"\u00bfQu\u00e9 es libera tu curso?"},"content":{"rendered":"<p><strong><span style=\"color: #000000\">En muchos casos durante la clase, la transferencia de\u00a0 conocimiento es en una sola v\u00eda: del profesor hacia el alumno, por esta raz\u00f3n, los estudiantes pierden inter\u00e9s en la materia y hacen el m\u00ednimo esfuerzo para aprobarla. Libera tu curso pretende ser una contribuci\u00f3n a la soluci\u00f3n de este problema de manera innovadora en la ESPOL.<\/span><\/strong><\/p>\n<p><strong><span style=\"color: #000000\">Libera tu Curso es un concurso que a trav\u00e9s de una aplicaci\u00f3n web\u00a0 permite que los estudiantes de ESPOL contribuyan a mejorar sus cursos, por medio de trabajos creativos e innovadores acerca de como aprender un curso.<\/span><\/strong><\/p>\n<h1><strong><span style=\"color: #339966\">\u00bfEn qu\u00e9 consiste el concurso?<\/span><\/strong><\/h1>\n<p><strong><span style=\"color: #000000\">El concurso consiste en hacer el material de un curso m\u00e1s interesante y  f\u00e1cil de aprender. Los participantes podr\u00e1n seleccionar uno o varios  cursos que hayan aprobado y uno m\u00e1s t\u00f3picos(cap\u00edtulos) de dichos cursos  que ofrece la ESPOL.<\/span><\/strong><\/p>\n<h1><span style=\"color: #ff6600\"><strong>\u00bfQui\u00e9nes pueden participar?<\/strong><\/span><\/h1>\n<p><strong><span style=\"color: #000000\">- El concurso es abierto para cualquier estudiante activo de ESPOL y podr\u00e1 ser individual o en pareja.<\/span><\/strong><\/p>\n<p><strong><span style=\"color: #000000\">- Necesitas por lo menos haber aprobado el primer semestre (m\u00ednimo un curso).<\/span><span class=\"messageBody\"> <\/span><\/strong><\/p>\n<p><span class=\"messageBody\"> <\/span><\/p>\n<h1><span style=\"color: #333399\"><strong>\u00bfQu\u00e9 beneficios obtienen los ganadores?<\/strong><\/span><\/h1>\n<h3><strong><span style=\"color: #000000\">*Dinero en efectivo:<\/span><\/strong><\/h3>\n<p><span style=\"color: #000000\"> <span style=\"color: #993300\"> *<span style=\"color: #ff6600\"><strong> Primer Lugar: $1000<\/strong><\/span><\/span><\/span><\/p>\n<p><span style=\"color: #000000\"> * <strong>Segundo Lugar: $500<\/strong><\/span><\/p>\n<p><span style=\"color: #000000\"> *<strong><span style=\"color: #800080\">Tercer Lugar: $250<\/span><\/strong><\/span><\/p>\n<h3><span style=\"color: #003366\"><strong>*Los primeros\u00a0 mejores trabajos formar\u00e1n parte del repositorio acad\u00e9mico de ESPOL donde tu trabajo podr\u00e1 ser aprovechado y visto por el resto de la comunidad polit\u00e9cnica.<\/strong><\/span><\/h3>\n<p><span style=\"color: #000000\"><br \/>\n<\/span><\/p>\n<p><em><br \/>\n<\/em><em> <\/em><\/p>\n<p><span style=\"color: #000000\"><em><a href=\"http:\/\/blog.espol.edu.ec\/liberacurso\/files\/2011\/07\/Email-icon.png\"><img loading=\"lazy\" decoding=\"async\" class=\"size-full wp-image-27 alignleft\" title=\"Email-icon\" src=\"http:\/\/blog.espol.edu.ec\/liberacurso\/files\/2011\/07\/Email-icon.png\" alt=\"\" width=\"24\" height=\"24\" \/><\/a> <\/em><\/span><em> <\/em><span style=\"color: #000000\"><em>Para mayor informaci<\/em>\u00f3<em>n cont<\/em>\u00e1<em>ctanos a:<\/em><\/span><\/p>\n<p><span style=\"color: #000000\">* liberatucurso@gmail.com<\/span><\/p>\n<p><span style=\"color: #000000\">* liberatucurso@espol.edu.ec<\/span><\/p>\n<p><em><br \/>\n<\/em><\/p>\n<div id=\"_mcePaste\" style=\"width: 1px;height: 1px;overflow: hidden\">\n<h6 class=\"uiStreamMessage\"><span class=\"messageBody\"> Necesitas por lo menos haber aprobado el 1er semestre.<br \/>\n- Dominar temas de materias que ya has aprobado seg\u00fan tu malla acad\u00e9mica.<br \/>\n-  Preparar un contenido o contenidos de una o varias materias de tal  forma que sea muy sencillo de entender, puedes utilizar imagenes,  videos, lo que creas conveniente.<\/span><\/h6>\n<\/div>\n","protected":false},"excerpt":{"rendered":"<p>En muchos casos durante la clase, la transferencia de\u00a0 conocimiento es en una sola v\u00eda: del profesor hacia el alumno, por esta raz\u00f3n, los estudiantes pierden inter\u00e9s en la materia y hacen el m\u00ednimo esfuerzo para aprobarla. Libera tu curso pretende ser una contribuci\u00f3n a la soluci\u00f3n de este problema de manera innovadora en la [&hellip;]<\/p>\n","protected":false},"author":6630,"featured_media":0,"parent":0,"menu_order":0,"comment_status":"open","ping_status":"open","template":"","meta":{"footnotes":""},"class_list":["post-6","page","type-page","status-publish","hentry"],"_links":{"self":[{"href":"https:\/\/blog.espol.edu.ec\/liberacurso\/wp-json\/wp\/v2\/pages\/6","targetHints":{"allow":["GET"]}}],"collection":[{"href":"https:\/\/blog.espol.edu.ec\/liberacurso\/wp-json\/wp\/v2\/pages"}],"about":[{"href":"https:\/\/blog.espol.edu.ec\/liberacurso\/wp-json\/wp\/v2\/types\/page"}],"author":[{"embeddable":true,"href":"https:\/\/blog.espol.edu.ec\/liberacurso\/wp-json\/wp\/v2\/users\/6630"}],"replies":[{"embeddable":true,"href":"https:\/\/blog.espol.edu.ec\/liberacurso\/wp-json\/wp\/v2\/comments?post=6"}],"version-history":[{"count":27,"href":"https:\/\/blog.espol.edu.ec\/liberacurso\/wp-json\/wp\/v2\/pages\/6\/revisions"}],"predecessor-version":[{"id":47,"href":"https:\/\/blog.espol.edu.ec\/liberacurso\/wp-json\/wp\/v2\/pages\/6\/revisions\/47"}],"wp:attachment":[{"href":"https:\/\/blog.espol.edu.ec\/liberacurso\/wp-json\/wp\/v2\/media?parent=6"}],"curies":[{"name":"wp","href":"https:\/\/api.w.org\/{rel}","templated":true}]}}