{"id":26,"date":"2009-06-30T20:04:32","date_gmt":"2009-07-01T00:04:32","guid":{"rendered":"http:\/\/blog.espol.edu.ec\/liceespi\/?page_id=26"},"modified":"2009-06-30T20:05:09","modified_gmt":"2009-07-01T00:05:09","slug":"enfermedades","status":"publish","type":"page","link":"https:\/\/blog.espol.edu.ec\/liceespi\/enfermedades\/","title":{"rendered":"eNfErMeDaDeS!!!"},"content":{"rendered":"<p>La enfermedad es un proceso y el status consecuente de afecci\u00f3n de un ser vivo, caracterizado por una alteraci\u00f3n de su estado ontol\u00f3gico de salud. El estado y\/o proceso de enfermedad puede ser provocado por diversos factores, tanto intr\u00ednsecos como extr\u00ednsecos al organismo enfermo: estos factores se denominan noxas (del griego n\u00f3sos: \u00abenfermedad\u00bb, \u00abafecci\u00f3n de la salud\u00bb).<\/p>\n<p>La salud y la enfermedad son parte integral de la vida, del proceso biol\u00f3gico y de las interacciones medioambientales y sociales. Generalmente, se entiende a la enfermedad como una entidad opuesta a la salud, cuyo efecto negativo es consecuencia de una alteraci\u00f3n o desarmonizaci\u00f3n de un sistema a cualquier nivel (molecular, corporal, mental, emocional, espiritual, etc.) del estado fisiol\u00f3gico y\/o morfol\u00f3gico considerados como normales, equilibrados o arm\u00f3nicos (cf. homeostasis).<\/p>\n<p>Por definici\u00f3n, existe una sola enfermedad, pero la caracterizaci\u00f3n e identificaci\u00f3n de variados procesos y estados diferentes de la salud, ha llevado a la discriminaci\u00f3n de un universo de entidades distintas (entidades nosol\u00f3gicas), muchas de ellas son entendidas estrictamente como enfermedades, pero otras no (cf. s\u00edndrome, entidad cl\u00ednica y trastorno). De esta forma, las enfermedades y procesos suced\u00e1neos y an\u00e1logos, son entendidas como categor\u00edas determinadas por la mente humana.<\/p>\n<p>Las enfermedades que afectan a las plantas y dem\u00e1s g\u00e9neros bot\u00e1nicos conciernen a la Fitopatolog\u00eda, las patolog\u00edas que afectan a los animales son dominio de la Ciencia Veterinaria. La enfermedad humana es el n\u00facleo organizador de la Ciencia M\u00e9dica, pues gran parte del conocimiento m\u00e9dico est\u00e1 orientado hacia la enfermedad y a su soluci\u00f3n.<\/p>\n","protected":false},"excerpt":{"rendered":"<p>La enfermedad es un proceso y el status consecuente de afecci\u00f3n de un ser vivo, caracterizado por una alteraci\u00f3n de su estado ontol\u00f3gico de salud. El estado y\/o proceso de enfermedad puede ser provocado por diversos factores, tanto intr\u00ednsecos como extr\u00ednsecos al organismo enfermo: estos factores se denominan noxas (del griego n\u00f3sos: \u00abenfermedad\u00bb, \u00abafecci\u00f3n de [&hellip;]<\/p>\n","protected":false},"author":2624,"featured_media":0,"parent":0,"menu_order":0,"comment_status":"open","ping_status":"open","template":"","meta":{"footnotes":""},"class_list":["post-26","page","type-page","status-publish","hentry"],"_links":{"self":[{"href":"https:\/\/blog.espol.edu.ec\/liceespi\/wp-json\/wp\/v2\/pages\/26","targetHints":{"allow":["GET"]}}],"collection":[{"href":"https:\/\/blog.espol.edu.ec\/liceespi\/wp-json\/wp\/v2\/pages"}],"about":[{"href":"https:\/\/blog.espol.edu.ec\/liceespi\/wp-json\/wp\/v2\/types\/page"}],"author":[{"embeddable":true,"href":"https:\/\/blog.espol.edu.ec\/liceespi\/wp-json\/wp\/v2\/users\/2624"}],"replies":[{"embeddable":true,"href":"https:\/\/blog.espol.edu.ec\/liceespi\/wp-json\/wp\/v2\/comments?post=26"}],"version-history":[{"count":3,"href":"https:\/\/blog.espol.edu.ec\/liceespi\/wp-json\/wp\/v2\/pages\/26\/revisions"}],"predecessor-version":[{"id":28,"href":"https:\/\/blog.espol.edu.ec\/liceespi\/wp-json\/wp\/v2\/pages\/26\/revisions\/28"}],"wp:attachment":[{"href":"https:\/\/blog.espol.edu.ec\/liceespi\/wp-json\/wp\/v2\/media?parent=26"}],"curies":[{"name":"wp","href":"https:\/\/api.w.org\/{rel}","templated":true}]}}