{"id":37,"date":"2009-06-30T20:26:58","date_gmt":"2009-07-01T00:26:58","guid":{"rendered":"http:\/\/blog.espol.edu.ec\/liceespi\/?page_id=37"},"modified":"2009-06-30T20:27:22","modified_gmt":"2009-07-01T00:27:22","slug":"la-comunicacion-animal","status":"publish","type":"page","link":"https:\/\/blog.espol.edu.ec\/liceespi\/la-comunicacion-animal\/","title":{"rendered":"lA cOmUnIcAcI\u00f3N aNiMaL!!!"},"content":{"rendered":"<p><embed src=\"http:\/\/c.brightcove.com\/services\/viewer\/federated_f8\/1418520395\" width=\"486\" height=\"412\" type=\"application\/x-shockwave-flash\"><\/embed><\/p>\n<p>Quiz\u00e1s los animales no env\u00eden invitaciones de bodas, mensajes de texto o te den una llamada telef\u00f3nica a ver c\u00f3mo est\u00e1s, pero lo cierto es que tienen particulares (y sorprendentes) formas de mantenerse en contacto. Descubre a trav\u00e9s de esta experiencia c\u00f3mo se comunican los animales.<\/p>\n<p>Para la humanidad, el hablar con los animales ha sido siempre un deseo que se ha plasmado en la ficci\u00f3n. Uno de los casos m\u00e1s notables es el del Doctor Dolittle, creado por el escritor infantil Hugo Lofting. La historia de Doolitle, un m\u00e9dico descubre que puede hablar con animales, ha sido llevada al cine, donde no han faltado variantes de la idea. En TV, en cambio, uno de los ejemplos m\u00e1s fuertes de comunicaci\u00f3n animal lo marc\u00f3 Mr. Ed: el primer caballo parlanch\u00edn, estrenado en 1961. Tiras c\u00f3micas, dibujos animados, t\u00edteres, animaciones 3D y hasta doblajes a animales reales son algunos de los canales por los que el sue\u00f1o de entendernos con el resto de habitantes del planeta se ha desarrollado. \u00bfLograr\u00e1 la ciencia darle alcance a la fantas\u00eda en alg\u00fan momento? Estaremos atentos.<\/p>\n","protected":false},"excerpt":{"rendered":"<p>Quiz\u00e1s los animales no env\u00eden invitaciones de bodas, mensajes de texto o te den una llamada telef\u00f3nica a ver c\u00f3mo est\u00e1s, pero lo cierto es que tienen particulares (y sorprendentes) formas de mantenerse en contacto. Descubre a trav\u00e9s de esta experiencia c\u00f3mo se comunican los animales. Para la humanidad, el hablar con los animales ha [&hellip;]<\/p>\n","protected":false},"author":2624,"featured_media":0,"parent":0,"menu_order":0,"comment_status":"open","ping_status":"open","template":"","meta":{"footnotes":""},"class_list":["post-37","page","type-page","status-publish","hentry"],"_links":{"self":[{"href":"https:\/\/blog.espol.edu.ec\/liceespi\/wp-json\/wp\/v2\/pages\/37","targetHints":{"allow":["GET"]}}],"collection":[{"href":"https:\/\/blog.espol.edu.ec\/liceespi\/wp-json\/wp\/v2\/pages"}],"about":[{"href":"https:\/\/blog.espol.edu.ec\/liceespi\/wp-json\/wp\/v2\/types\/page"}],"author":[{"embeddable":true,"href":"https:\/\/blog.espol.edu.ec\/liceespi\/wp-json\/wp\/v2\/users\/2624"}],"replies":[{"embeddable":true,"href":"https:\/\/blog.espol.edu.ec\/liceespi\/wp-json\/wp\/v2\/comments?post=37"}],"version-history":[{"count":2,"href":"https:\/\/blog.espol.edu.ec\/liceespi\/wp-json\/wp\/v2\/pages\/37\/revisions"}],"predecessor-version":[{"id":39,"href":"https:\/\/blog.espol.edu.ec\/liceespi\/wp-json\/wp\/v2\/pages\/37\/revisions\/39"}],"wp:attachment":[{"href":"https:\/\/blog.espol.edu.ec\/liceespi\/wp-json\/wp\/v2\/media?parent=37"}],"curies":[{"name":"wp","href":"https:\/\/api.w.org\/{rel}","templated":true}]}}