{"id":50,"date":"2009-07-05T16:05:21","date_gmt":"2009-07-05T20:05:21","guid":{"rendered":"http:\/\/blog.espol.edu.ec\/liceespi\/?page_id=50"},"modified":"2009-07-05T17:00:31","modified_gmt":"2009-07-05T21:00:31","slug":"que-es-un-foro","status":"publish","type":"page","link":"https:\/\/blog.espol.edu.ec\/liceespi\/redes-sociales\/que-es-un-foro\/","title":{"rendered":"1. Qu\u00e9 es un foro???"},"content":{"rendered":"<p><a href=\"http:\/\/blog.espol.edu.ec\/liceespi\/files\/2009\/07\/foros.jpg\"><img loading=\"lazy\" decoding=\"async\" class=\"alignleft size-medium wp-image-51\" src=\"http:\/\/blog.espol.edu.ec\/liceespi\/files\/2009\/07\/foros-300x249.jpg\" alt=\"foros\" width=\"300\" height=\"249\" srcset=\"https:\/\/blog.espol.edu.ec\/liceespi\/files\/2009\/07\/foros-300x249.jpg 300w, https:\/\/blog.espol.edu.ec\/liceespi\/files\/2009\/07\/foros.jpg 1000w\" sizes=\"auto, (max-width: 300px) 100vw, 300px\" \/><\/a>En Internet, un foro, tambi\u00e9n conocido como foro de mensajes, foro de opini\u00f3n o foro de discusi\u00f3n, es una aplicaci\u00f3n web que da soporte a discusiones u opiniones en l\u00ednea.<\/p>\n<p>\u00a0<\/p>\n<p>Son los descendientes modernos de los sistemas de noticias BBS (Bulletin Board System) y Usenet, muy populares en los a\u00f1os 1980 y 1990. Por lo general los foros en Internet existen como un complemento a un sitio web invitando a los usuarios a discutir o compartir informaci\u00f3n relevante a la tem\u00e1tica del sitio, en discusi\u00f3n libre e informal, con lo cual se llega a formar una comunidad en torno a un inter\u00e9s com\u00fan. Las discusiones suelen ser moderadas por un coordinador o dinamizador, quien generalmente introduce el tema, formula la primera pregunta, estimula y gu\u00eda, sin presionar, otorga la palabra, pide fundamentaciones y explicaciones y sintetiza lo expuesto antes de cerrar la discusi\u00f3n.<\/p>\n<p>Comparado con los wikis, no se pueden modificar los aportes de otros miembros a menos que se tengan ciertos permisos especiales como los asignados a moderadores o administradores. Por otro lado, en comparaci\u00f3n con los weblogs, se diferencian en que los foros permiten una gran cantidad de usuarios y las discusiones est\u00e1n anidadas, algo similar a lo que ser\u00edan los comentarios en los weblogs. Adem\u00e1s, por lo general, los foros suelen ser de temas m\u00e1s diversos o amplios con una cantidad de contenido m\u00e1s variado y la posibilidad de personalizar a nivel usuario (no s\u00f3lo a nivel due\u00f1o).<\/p>\n<p>Un foro en Internet, com\u00fanmente, permite que el administrador del sitio defina varios foros sobre una sola plataforma. \u00c9stos funcionar\u00e1n como contenedores de las discusiones que empezar\u00e1n los usuarios; otros usuarios pueden responder en las discusiones ya comenzadas o empezar unas nuevas seg\u00fan lo crean conveniente.<\/p>\n<p>La forma de ver un foro puede ser llana, en la que las respuestas de una discusi\u00f3n se ordenan en forma cronol\u00f3gica; o puede ser anidada, en la que cada respuesta est\u00e1 vinculada con el mensaje original o alguna de las respuestas subsiguientes formando algo as\u00ed como un \u00e1rbol geneal\u00f3gico de discusi\u00f3n, tambi\u00e9n llamado hilo de discusi\u00f3n. Por lo general los foros disponen de formas de personalizar la apariencia a la que le resulte m\u00e1s c\u00f3moda al usuario e inclusive algunas formas mixtas.<\/p>\n","protected":false},"excerpt":{"rendered":"<p>En Internet, un foro, tambi\u00e9n conocido como foro de mensajes, foro de opini\u00f3n o foro de discusi\u00f3n, es una aplicaci\u00f3n web que da soporte a discusiones u opiniones en l\u00ednea. \u00a0 Son los descendientes modernos de los sistemas de noticias BBS (Bulletin Board System) y Usenet, muy populares en los a\u00f1os 1980 y 1990. Por [&hellip;]<\/p>\n","protected":false},"author":2624,"featured_media":0,"parent":46,"menu_order":0,"comment_status":"open","ping_status":"open","template":"","meta":{"footnotes":""},"class_list":["post-50","page","type-page","status-publish","hentry"],"_links":{"self":[{"href":"https:\/\/blog.espol.edu.ec\/liceespi\/wp-json\/wp\/v2\/pages\/50","targetHints":{"allow":["GET"]}}],"collection":[{"href":"https:\/\/blog.espol.edu.ec\/liceespi\/wp-json\/wp\/v2\/pages"}],"about":[{"href":"https:\/\/blog.espol.edu.ec\/liceespi\/wp-json\/wp\/v2\/types\/page"}],"author":[{"embeddable":true,"href":"https:\/\/blog.espol.edu.ec\/liceespi\/wp-json\/wp\/v2\/users\/2624"}],"replies":[{"embeddable":true,"href":"https:\/\/blog.espol.edu.ec\/liceespi\/wp-json\/wp\/v2\/comments?post=50"}],"version-history":[{"count":5,"href":"https:\/\/blog.espol.edu.ec\/liceespi\/wp-json\/wp\/v2\/pages\/50\/revisions"}],"predecessor-version":[{"id":68,"href":"https:\/\/blog.espol.edu.ec\/liceespi\/wp-json\/wp\/v2\/pages\/50\/revisions\/68"}],"up":[{"embeddable":true,"href":"https:\/\/blog.espol.edu.ec\/liceespi\/wp-json\/wp\/v2\/pages\/46"}],"wp:attachment":[{"href":"https:\/\/blog.espol.edu.ec\/liceespi\/wp-json\/wp\/v2\/media?parent=50"}],"curies":[{"name":"wp","href":"https:\/\/api.w.org\/{rel}","templated":true}]}}