{"id":2,"date":"2009-06-05T11:53:39","date_gmt":"2009-06-05T15:53:39","guid":{"rendered":"http:\/\/blog.espol.edu.ec\/lictur\/?page_id=2"},"modified":"2010-06-04T00:49:45","modified_gmt":"2010-06-04T05:49:45","slug":"ecuador-un-pais-para-visitar","status":"publish","type":"page","link":"https:\/\/blog.espol.edu.ec\/lictur\/","title":{"rendered":"Un Pais para visitar... ECUADOR"},"content":{"rendered":"<p class=\"MsoNormal\" style=\"margin: 0cm 0cm 10pt\"><span lang=\"ES\"><span style=\"font-size: small\"><span style=\"font-family: Calibri\"><strong>BIENVENIDOS ...<\/strong><\/span><\/span><\/span><\/p>\n<p class=\"MsoNormal\" style=\"margin: 0cm 0cm 10pt\"><span lang=\"ES\"><span style=\"font-size: small\"><span style=\"font-family: Calibri\">Tenemos el gran gusto de ofrecerle a usted, turista extranjero o nacional\u2026todas las facilidades que un<span>\u00a0 <\/span>Sitio informativo tur\u00edstico le puede ofrecer y si tiene una consulta adicional estamos para ayudarle, es nuestro deseo que su visita o presencia en nuestro pa\u00eds sea grata, completa y en particular satisfactoria, en todos los destinos que desee visitar, aprovechando la diversidad de nuestro pa\u00eds.<\/span><\/span><\/span><\/p>\n<p class=\"MsoNormal\" style=\"text-align: justify;margin: 0cm 0cm 10pt\"><span lang=\"ES\"><span style=\"font-size: small\"><span style=\"font-family: Calibri\">Nuestro aporte tur\u00edstico es efectuado en calidad de estudiantes de LICTUR \u2013 ESPOL, <span>\u00a0<\/span>de esta pasi\u00f3n que anima <span>\u00a0<\/span>al turismo y al turista en general, <span>\u00a0<\/span>a ofrecerle\u00a0lo mucho que tenemos para su disfrute en su pr\u00f3xima visita\u2026<span>\u00a0 <\/span>Estamos convencido que regresar\u00e1, nuestro pa\u00eds estar\u00e1 presto a recibirlo una vez mas.<\/span><\/span><\/span><\/p>\n<p class=\"MsoNormal\" style=\"text-align: justify;margin: 0cm 0cm 10pt\"><span lang=\"ES\"><span style=\"font-size: small\"><span style=\"font-family: Calibri\">ECUADOR es un para\u00edso tur\u00edstico... Tiene playas, ciudades ancestrales, nevados majestuosos, una selva amaz\u00f3nica majestuosa, gastronom\u00eda, mucha cultura y tradici\u00f3n, etc. Ubicado en pleno centro del mundo, ofrecemos mucha diversidad para que su visita sea hoy\u2026 lo estamos esperando.<\/span><\/span><\/span><\/p>\n<p class=\"MsoNormal\" style=\"text-align: center;margin: 0cm 0cm 10pt\">\u00a0<img loading=\"lazy\" decoding=\"async\" class=\"aligncenter size-thumbnail wp-image-518\" src=\"http:\/\/blog.espol.edu.ec\/lictur\/files\/2009\/06\/2bb-150x150.jpg\" alt=\"2bb\" width=\"150\" height=\"150\" \/><\/p>\n<p class=\"MsoNormal\" style=\"text-align: justify;margin: 0cm 0cm 10pt\"><img loading=\"lazy\" decoding=\"async\" class=\"alignright size-thumbnail wp-image-521\" src=\"http:\/\/blog.espol.edu.ec\/lictur\/files\/2009\/06\/sierra2-150x150.jpg\" alt=\"sierra2\" width=\"150\" height=\"150\" \/><img loading=\"lazy\" decoding=\"async\" class=\"alignleft size-thumbnail wp-image-523\" src=\"http:\/\/blog.espol.edu.ec\/lictur\/files\/2009\/06\/costa2-150x150.jpg\" alt=\"costa2\" width=\"150\" height=\"150\" \/><\/p>\n<p class=\"MsoNormal\" style=\"text-align: center;margin: 0cm 0cm 10pt\"><img loading=\"lazy\" decoding=\"async\" class=\"aligncenter size-full wp-image-531\" src=\"http:\/\/blog.espol.edu.ec\/lictur\/files\/2009\/06\/logoespol2.jpg\" alt=\"logoespol2\" width=\"126\" height=\"107\" \/><\/p>\n<p class=\"MsoNormal\" style=\"text-align: justify;margin: 0cm 0cm 10pt\">\u00a0<\/p>\n<p class=\"MsoNormal\" style=\"text-align: justify;margin: 0cm 0cm 10pt\"><span style=\"font-size: small\"><span style=\"font-family: Calibri\"><strong>\u00a0<\/strong><\/span><\/span><\/p>\n<p class=\"MsoNormal\" style=\"text-align: justify;margin: 0cm 0cm 10pt\"><span style=\"font-size: small\"><span style=\"font-family: Calibri\"><strong>ECUADOR<\/strong><\/span><\/span><span style=\"font-size: small\"><span style=\"font-family: Calibri\"><strong><span lang=\"ES\">\u2026 a la Carta!<\/span><\/strong><span lang=\"ES\"> Desea proporcionar el m\u00e1s completo conocimiento de nuestro pa\u00eds, sus <strong>provincias<\/strong>, sus <strong>atractivos tur\u00edsticos<\/strong>, sus <strong>\u00e1reas naturales<\/strong>, pa\u00eds de <strong>aventura<\/strong>, su exquisita <strong>gastronom\u00eda<\/strong>, su <strong>cultura<\/strong> y en particular su <strong>m\u00fasica y folklore<\/strong>.<\/span><\/span><\/span><\/p>\n<p class=\"MsoNormal\" style=\"text-align: justify;margin: 0cm 0cm 10pt\"><span lang=\"ES\"><span style=\"font-size: small\"><span style=\"font-family: Calibri\"><a href=\"http:\/\/blog.espol.edu.ec\/lictur\/files\/2009\/06\/costa1.jpg\"><img loading=\"lazy\" decoding=\"async\" class=\"alignright size-thumbnail wp-image-524\" src=\"http:\/\/blog.espol.edu.ec\/lictur\/files\/2009\/06\/costa1-150x150.jpg\" alt=\"costa1\" width=\"150\" height=\"150\" \/><\/a><\/span><\/span><\/span><\/p>\n<p><a href=\"http:\/\/blog.espol.edu.ec\/lictur\/files\/2009\/06\/galapagos1.jpg\"><img loading=\"lazy\" decoding=\"async\" class=\"alignleft size-thumbnail wp-image-526\" src=\"http:\/\/blog.espol.edu.ec\/lictur\/files\/2009\/06\/galapagos1-150x150.jpg\" alt=\"galapagos1\" width=\"150\" height=\"150\" srcset=\"https:\/\/blog.espol.edu.ec\/lictur\/files\/2009\/06\/galapagos1-150x150.jpg 150w, https:\/\/blog.espol.edu.ec\/lictur\/files\/2009\/06\/galapagos1-300x300.jpg 300w, https:\/\/blog.espol.edu.ec\/lictur\/files\/2009\/06\/galapagos1-1024x1024.jpg 1024w\" sizes=\"auto, (max-width: 150px) 100vw, 150px\" \/><\/a><a href=\"http:\/\/blog.espol.edu.ec\/lictur\/files\/2009\/06\/mitad-mundo1.jpg\"><img loading=\"lazy\" decoding=\"async\" class=\"aligncenter size-thumbnail wp-image-525\" src=\"http:\/\/blog.espol.edu.ec\/lictur\/files\/2009\/06\/mitad-mundo1-150x150.jpg\" alt=\"mitad-mundo1\" width=\"150\" height=\"150\" \/><\/a><\/p>\n<p>Nos hemos propuesto proyectar<span>\u00a0 <\/span>la real imagen tur\u00edstica del Ecuador difundiendo los atractivos de los lugares desconocidos por el mundo, deseando ser los orientadores comerciales del turismo en el Ecuador, <strong>aunque nuestra asesor\u00eda tur\u00edstica no incluye costo alguno.<\/strong><\/p>\n<p class=\"MsoNormal\" style=\"text-align: justify;margin: 0cm 0cm 10pt\"><span lang=\"ES\"><span style=\"font-size: small\"><span style=\"font-family: Calibri\">Nosotros tambi\u00e9n estaremos satisfechos de que nos consulten y requieran de <strong>ECUADOR\u2026a la Carta! <\/strong>todas sus inquietudes necesarias\u00a0para todas sus excursiones en nuestro pa\u00eds\u2026 esperamos sus comentarios, donde lo atenderemos de inmediato.<\/span><\/span><\/span><\/p>\n<p class=\"MsoNormal\" style=\"text-align: justify;margin: 0cm 0cm 10pt\"><span lang=\"ES\"><span style=\"font-size: small\"><span style=\"font-family: Calibri\"><a href=\"http:\/\/blog.espol.edu.ec\/lictur\/files\/2009\/06\/amazonia2.jpg\"><img loading=\"lazy\" decoding=\"async\" class=\"alignright size-thumbnail wp-image-528\" src=\"http:\/\/blog.espol.edu.ec\/lictur\/files\/2009\/06\/amazonia2-150x150.jpg\" alt=\"amazonia2\" width=\"150\" height=\"150\" \/><\/a><a href=\"http:\/\/blog.espol.edu.ec\/lictur\/files\/2009\/06\/sierra1.jpg\"><img loading=\"lazy\" decoding=\"async\" class=\"alignleft size-thumbnail wp-image-529\" src=\"http:\/\/blog.espol.edu.ec\/lictur\/files\/2009\/06\/sierra1-150x150.jpg\" alt=\"sierra1\" width=\"150\" height=\"150\" \/><\/a><\/span><\/span><\/span><\/p>\n<p><a href=\"http:\/\/blog.espol.edu.ec\/lictur\/files\/2009\/06\/costa4.jpg\"><img loading=\"lazy\" decoding=\"async\" class=\"aligncenter size-thumbnail wp-image-530\" src=\"http:\/\/blog.espol.edu.ec\/lictur\/files\/2009\/06\/costa4-150x150.jpg\" alt=\"costa4\" width=\"150\" height=\"150\" \/><\/a><\/p>\n<p>Empezaremos dici\u00e9ndoles que nuestras Islas Gal\u00e1pagos, nuestro mejor referente como Patrimonio de la Humanidad; nuestra megadiversidad es \u00fanica y extensa y estamos entre los que tenemos cantidad en poco territorio; nuestra Amazonia es todo un verdadero contacto con la Naturaleza;\u00a0sus volcanes y altas monta\u00f1as,\u00a0le permitir\u00e1n hasta realizar los deportes m\u00e1s excitantes<span>\u00a0 <\/span>como el ascencionismo y\u00a0extremos como el rafting en sus turbulentos rios\u00a0y adem\u00e1s en temperaturas agradables. Si le agrada el turismo cultural, le ofrecemos convivencia con doce etnias cada una con su lengua, historia y tradiciones y si se trata de la gastronom\u00eda los platos m\u00e1s diversos y exquisitos le est\u00e1n esperando\u2026 adem\u00e1s disponemos de excelente hoteler\u00eda y\u00a0servicios turisticos\u00a0de gran calidad.<br \/>\n<object classid=\"clsid:d27cdb6e-ae6d-11cf-96b8-444553540000\" width=\"425\" height=\"344\"><param name=\"data\" value=\"http:\/\/www.youtube.com\/v\/exUZER3MCLQ&amp;hl=en&amp;fs=1&amp;\" \/><param name=\"allowFullScreen\" value=\"true\" \/><param name=\"allowscriptaccess\" value=\"always\" \/><param name=\"src\" value=\"http:\/\/www.youtube.com\/v\/exUZER3MCLQ&amp;hl=en&amp;fs=1&amp;\" \/><param name=\"allowfullscreen\" value=\"true\" \/><embed type=\"application\/x-shockwave-flash\" width=\"425\" height=\"344\" src=\"http:\/\/www.youtube.com\/v\/exUZER3MCLQ&amp;hl=en&amp;fs=1&amp;\" allowfullscreen=\"true\" allowscriptaccess=\"always\"><\/embed><\/object><\/p>\n<p class=\"MsoNormal\" style=\"text-align: justify;margin: 0cm 0cm 10pt\">\u00a0<span lang=\"ES\"><span style=\"font-size: small\"><span style=\"font-family: Calibri\">Lo que deseamos es seguir el ejemplo de divulgar a casi todo el mundo nuestra riqueza de pa\u00eds, reconocidos ya internacionalmente y los que es mas, motivando<span>\u00a0 <\/span>un constante ir y venir de visitantes\u2026 esperamos su decision\u00a0\u2026<\/span><\/span><\/span><\/p>\n<p class=\"MsoNormal\" style=\"text-align: justify;margin: 0cm 0cm 10pt\"><span lang=\"ES\"><span style=\"font-size: small\"><span style=\"font-family: Calibri\"><strong><\/strong><\/span><\/span><\/span><\/p>\n<p class=\"MsoNormal\" style=\"text-align: justify;margin: 0cm 0cm 10pt\"><span lang=\"ES\"><span style=\"font-size: small\"><span style=\"font-family: Calibri\"><strong><\/strong><\/span><\/span><\/span><\/p>\n<p class=\"MsoNormal\" style=\"text-align: justify;margin: 0cm 0cm 10pt\"><span lang=\"ES\"><span style=\"font-size: small\"><span style=\"font-family: Calibri\"><strong>ECUADOR\u2026a la Carta!<\/strong> \u2026 ya somos su mejor\u00a0opcion de viaje\u2026<\/span><\/span><\/span>\u00a0<\/p>\n","protected":false},"excerpt":{"rendered":"<p>BIENVENIDOS ... Tenemos el gran gusto de ofrecerle a usted, turista extranjero o nacional\u2026todas las facilidades que un\u00a0 Sitio informativo tur\u00edstico le puede ofrecer y si tiene una consulta adicional estamos para ayudarle, es nuestro deseo que su visita o presencia en nuestro pa\u00eds sea grata, completa y en particular satisfactoria, en todos los destinos [&hellip;]<\/p>\n","protected":false},"author":2045,"featured_media":0,"parent":0,"menu_order":0,"comment_status":"open","ping_status":"open","template":"","meta":{"_monsterinsights_skip_tracking":false,"_monsterinsights_sitenote_active":false,"_monsterinsights_sitenote_note":"","_monsterinsights_sitenote_category":0,"footnotes":""},"class_list":["post-2","page","type-page","status-publish","hentry"],"_links":{"self":[{"href":"https:\/\/blog.espol.edu.ec\/lictur\/wp-json\/wp\/v2\/pages\/2","targetHints":{"allow":["GET"]}}],"collection":[{"href":"https:\/\/blog.espol.edu.ec\/lictur\/wp-json\/wp\/v2\/pages"}],"about":[{"href":"https:\/\/blog.espol.edu.ec\/lictur\/wp-json\/wp\/v2\/types\/page"}],"author":[{"embeddable":true,"href":"https:\/\/blog.espol.edu.ec\/lictur\/wp-json\/wp\/v2\/users\/2045"}],"replies":[{"embeddable":true,"href":"https:\/\/blog.espol.edu.ec\/lictur\/wp-json\/wp\/v2\/comments?post=2"}],"version-history":[{"count":43,"href":"https:\/\/blog.espol.edu.ec\/lictur\/wp-json\/wp\/v2\/pages\/2\/revisions"}],"predecessor-version":[{"id":121,"href":"https:\/\/blog.espol.edu.ec\/lictur\/wp-json\/wp\/v2\/pages\/2\/revisions\/121"}],"wp:attachment":[{"href":"https:\/\/blog.espol.edu.ec\/lictur\/wp-json\/wp\/v2\/media?parent=2"}],"curies":[{"name":"wp","href":"https:\/\/api.w.org\/{rel}","templated":true}]}}