{"id":213,"date":"2009-06-14T23:08:50","date_gmt":"2009-06-15T04:08:50","guid":{"rendered":"http:\/\/blog.espol.edu.ec\/lictur\/?page_id=213"},"modified":"2010-07-24T17:48:36","modified_gmt":"2010-07-24T22:48:36","slug":"reconocimientos","status":"publish","type":"page","link":"https:\/\/blog.espol.edu.ec\/lictur\/reconocimientos\/","title":{"rendered":"Reconocimientos"},"content":{"rendered":"<p><img loading=\"lazy\" decoding=\"async\" class=\"alignleft size-full wp-image-287\" src=\"http:\/\/blog.espol.edu.ec\/lictur\/files\/2009\/06\/logoespol1.jpg\" alt=\"logoespol1\" width=\"82\" height=\"80\" \/><\/p>\n<p style=\"text-align: left\">\u00a0<\/p>\n<p style=\"text-align: left\"><a href=\"http:\/\/blog.espol.edu.ec\/lictur\/files\/2009\/06\/2bb2.jpg\"><img loading=\"lazy\" decoding=\"async\" class=\"aligncenter size-medium wp-image-1431\" src=\"http:\/\/blog.espol.edu.ec\/lictur\/files\/2009\/06\/2bb2-300x200.jpg\" alt=\"2bb2\" width=\"793\" height=\"225\" \/><\/a>\u00a0<\/p>\n<p><span style=\"color: #993300\">ESTUDIANTES DE GEOGRAFIA TURISTICA NACIONAL E INTERNACIONAL, que participan como iniciadores del Sitio:<\/span><\/p>\n<table style=\"width: 351pt\" border=\"0\" cellspacing=\"0\" cellpadding=\"0\" width=\"468\">\n<col style=\"width: 128pt\" span=\"1\" width=\"171\"><\/col>\n<col style=\"width: 99pt\" span=\"1\" width=\"132\"><\/col>\n<col style=\"width: 124pt\" span=\"1\" width=\"165\"><\/col>\n<tbody>\n<tr style=\"height: 15pt\">\n<td class=\"xl63\" style=\"width: 128pt;height: 15pt;border: black 0.5pt solid\" width=\"171\" height=\"20\"><strong><span style=\"font-size: small\"><span style=\"font-family: Calibri\">\u00a0<\/span><\/span><\/strong><strong><span style=\"font-family: Calibri;font-size: small\"><span style=\"color: #993300\">APELLIDOS<\/span><\/span><\/strong><\/td>\n<td class=\"xl63\" style=\"width: 99pt\" width=\"132\"><strong><span style=\"font-family: Calibri;font-size: small\"><span style=\"color: #993300\">NOMBRES<\/span><\/span><\/strong><\/td>\n<td class=\"xl63\" style=\"width: 124pt\" width=\"165\"><strong><span style=\"font-family: Calibri;font-size: small\"><span style=\"color: #993300\">EMAIL<\/span><\/span><\/strong><\/td>\n<\/tr>\n<tr style=\"height: 15pt\">\n<td class=\"xl64\" style=\"width: 128pt;height: 15pt\" width=\"171\" height=\"20\"><span style=\"font-family: Calibri;font-size: small\">ALVARADO BARCO<\/span><\/td>\n<td class=\"xl64\" style=\"width: 99pt\" width=\"132\"><span style=\"font-family: Calibri;font-size: small\">OLGA GABRIELA<\/span><\/td>\n<td class=\"xl64\" style=\"width: 124pt\" width=\"165\"><span style=\"font-family: Calibri;font-size: small\">ogalvara@espol.edu.ec<\/span><\/td>\n<\/tr>\n<tr style=\"height: 15pt\">\n<td class=\"xl64\" style=\"width: 128pt;height: 15pt\" width=\"171\" height=\"20\"><span style=\"font-family: Calibri;font-size: small\">ARIAS ALAVA<\/span><\/td>\n<td class=\"xl64\" style=\"width: 99pt\" width=\"132\"><span style=\"font-family: Calibri;font-size: small\">SANDRA PILAR<\/span><\/td>\n<td class=\"xl64\" style=\"width: 124pt\" width=\"165\"><span style=\"font-family: Calibri;font-size: small\">saarias@espol.edu.ec<\/span><\/td>\n<\/tr>\n<tr style=\"height: 15pt\">\n<td class=\"xl64\" style=\"width: 128pt;height: 15pt\" width=\"171\" height=\"20\"><span style=\"font-family: Calibri;font-size: small\">AVILA CARPIO<\/span><\/td>\n<td class=\"xl64\" style=\"width: 99pt\" width=\"132\"><span style=\"font-family: Calibri;font-size: small\">LEOPOLDO MANUEL<\/span><\/td>\n<td class=\"xl64\" style=\"width: 124pt\" width=\"165\"><span style=\"font-family: Calibri;font-size: small\">leomavil@espol.edu.ec<\/span><\/td>\n<\/tr>\n<tr style=\"height: 15pt\">\n<td class=\"xl64\" style=\"width: 128pt;height: 15pt\" width=\"171\" height=\"20\"><span style=\"font-family: Calibri;font-size: small\">BAILON MAJOJO<\/span><\/td>\n<td class=\"xl64\" style=\"width: 99pt\" width=\"132\"><span style=\"font-family: Calibri;font-size: small\">GRACE GERALDINE<\/span><\/td>\n<td class=\"xl64\" style=\"width: 124pt\" width=\"165\"><span style=\"font-family: Calibri;font-size: small\">gbailon@espol.edu.ec<\/span><\/td>\n<\/tr>\n<tr style=\"height: 15pt\">\n<td class=\"xl64\" style=\"width: 128pt;height: 15pt\" width=\"171\" height=\"20\"><span style=\"font-family: Calibri;font-size: small\">BAJA\u00d1A ZAMBRANO<\/span><\/td>\n<td class=\"xl64\" style=\"width: 99pt\" width=\"132\"><span style=\"font-family: Calibri;font-size: small\">LUISA SILVANA<\/span><\/td>\n<td class=\"xl64\" style=\"width: 124pt\" width=\"165\"><span style=\"font-family: Calibri;font-size: small\">luisibaj@espol.edu.ec<\/span><\/td>\n<\/tr>\n<tr style=\"height: 15pt\">\n<td class=\"xl64\" style=\"width: 128pt;height: 15pt\" width=\"171\" height=\"20\"><span style=\"font-family: Calibri;font-size: small\">BARRERA BARRERA<\/span><\/td>\n<td class=\"xl64\" style=\"width: 99pt\" width=\"132\"><span style=\"font-family: Calibri;font-size: small\">ROSI INES<\/span><\/td>\n<td class=\"xl64\" style=\"width: 124pt\" width=\"165\"><span style=\"font-family: Calibri;font-size: small\">rosibarr@espol.edu.ec<\/span><\/td>\n<\/tr>\n<tr style=\"height: 15pt\">\n<td class=\"xl64\" style=\"width: 128pt;height: 15pt\" width=\"171\" height=\"20\"><span style=\"font-family: Calibri;font-size: small\">BELTRAN ULLOA<\/span><\/td>\n<td class=\"xl64\" style=\"width: 99pt\" width=\"132\"><span style=\"font-family: Calibri;font-size: small\">SILVIA CRISTINA<\/span><\/td>\n<td class=\"xl64\" style=\"width: 124pt\" width=\"165\"><span style=\"font-family: Calibri;font-size: small\">sbeltran@espol.edu.ec<\/span><\/td>\n<\/tr>\n<tr style=\"height: 15pt\">\n<td class=\"xl64\" style=\"width: 128pt;height: 15pt\" width=\"171\" height=\"20\"><span style=\"font-family: Calibri;font-size: small\">CARCHIPULLA RIOFRIO<\/span><\/td>\n<td class=\"xl64\" style=\"width: 99pt\" width=\"132\"><span style=\"font-family: Calibri;font-size: small\">MILDRED JOMAYRA<\/span><\/td>\n<td class=\"xl64\" style=\"width: 124pt\" width=\"165\"><span style=\"font-family: Calibri;font-size: small\">mjcarchi@espol.edu.ec<\/span><\/td>\n<\/tr>\n<tr style=\"height: 15pt\">\n<td class=\"xl64\" style=\"width: 128pt;height: 15pt\" width=\"171\" height=\"20\"><span style=\"font-family: Calibri;font-size: small\">CEVALLOS LUCAS<\/span><\/td>\n<td class=\"xl64\" style=\"width: 99pt\" width=\"132\"><span style=\"font-family: Calibri;font-size: small\">KARINA LISBETH<\/span><\/td>\n<td class=\"xl64\" style=\"width: 124pt\" width=\"165\"><span style=\"font-family: Calibri;font-size: small\">klcevall@espol.edu.ec<\/span><\/td>\n<\/tr>\n<tr style=\"height: 15pt\">\n<td class=\"xl64\" style=\"width: 128pt;height: 15pt\" width=\"171\" height=\"20\"><span style=\"font-family: Calibri;font-size: small\">CORNEJO MARTINEZ<\/span><\/td>\n<td class=\"xl64\" style=\"width: 99pt\" width=\"132\"><span style=\"font-family: Calibri;font-size: small\">ALBERTO CESAR<\/span><\/td>\n<td class=\"xl64\" style=\"width: 124pt\" width=\"165\"><span style=\"font-family: Calibri;font-size: small\">acornejo@espol.edu.ec<\/span><\/td>\n<\/tr>\n<tr style=\"height: 15pt\">\n<td class=\"xl64\" style=\"width: 128pt;height: 15pt\" width=\"171\" height=\"20\"><span style=\"font-family: Calibri;font-size: small\">HINOJOSA MORAN<\/span><\/td>\n<td class=\"xl64\" style=\"width: 99pt\" width=\"132\"><span style=\"font-family: Calibri;font-size: small\">VALERIA STEPHANIE<\/span><\/td>\n<td class=\"xl64\" style=\"width: 124pt\" width=\"165\"><span style=\"font-family: Calibri;font-size: small\">vhinojos@espol.edu.ec<\/span><\/td>\n<\/tr>\n<tr style=\"height: 15pt\">\n<td class=\"xl64\" style=\"width: 128pt;height: 15pt\" width=\"171\" height=\"20\"><span style=\"font-family: Calibri;font-size: small\">IBARRA MARINO<\/span><\/td>\n<td class=\"xl64\" style=\"width: 99pt\" width=\"132\"><span style=\"font-family: Calibri;font-size: small\">ARACELY NATALY<\/span><\/td>\n<td class=\"xl64\" style=\"width: 124pt\" width=\"165\"><span style=\"font-family: Calibri;font-size: small\">aribarra@espol.edu.ec<\/span><\/td>\n<\/tr>\n<tr style=\"height: 15pt\">\n<td class=\"xl64\" style=\"width: 128pt;height: 15pt\" width=\"171\" height=\"20\"><span style=\"font-family: Calibri;font-size: small\">MONGE GARCIA<\/span><\/td>\n<td class=\"xl64\" style=\"width: 99pt\" width=\"132\"><span style=\"font-family: Calibri;font-size: small\">AMELIA DESIRE<\/span><\/td>\n<td class=\"xl64\" style=\"width: 124pt\" width=\"165\"><span style=\"font-family: Calibri;font-size: small\">admonge@espol.edu.ec<\/span><\/td>\n<\/tr>\n<tr style=\"height: 15pt\">\n<td class=\"xl64\" style=\"width: 128pt;height: 15pt\" width=\"171\" height=\"20\"><span style=\"font-family: Calibri;font-size: small\">MORA HARO<\/span><\/td>\n<td class=\"xl64\" style=\"width: 99pt\" width=\"132\"><span style=\"font-family: Calibri;font-size: small\">SULLY DANIELA<\/span><\/td>\n<td class=\"xl64\" style=\"width: 124pt\" width=\"165\"><span style=\"font-family: Calibri;font-size: small\">sudamora@espol.edu.ec<\/span><\/td>\n<\/tr>\n<tr style=\"height: 15pt\">\n<td class=\"xl64\" style=\"width: 128pt;height: 15pt\" width=\"171\" height=\"20\"><span style=\"font-family: Calibri;font-size: small\">MORA PALMA<\/span><\/td>\n<td class=\"xl64\" style=\"width: 99pt\" width=\"132\"><span style=\"font-family: Calibri;font-size: small\">JAVIER VINICIO<\/span><\/td>\n<td class=\"xl64\" style=\"width: 124pt\" width=\"165\"><span style=\"font-family: Calibri;font-size: small\">jvmora@espol.edu.ec<\/span><\/td>\n<\/tr>\n<tr style=\"height: 15pt\">\n<td class=\"xl64\" style=\"width: 128pt;height: 15pt\" width=\"171\" height=\"20\"><span style=\"font-family: Calibri;font-size: small\">NAVARRETE BUSTAMANTE<\/span><\/td>\n<td class=\"xl64\" style=\"width: 99pt\" width=\"132\"><span style=\"font-family: Calibri;font-size: small\">OMAIRA NATHALY<\/span><\/td>\n<td class=\"xl64\" style=\"width: 124pt\" width=\"165\"><span style=\"font-family: Calibri;font-size: small\">onavarre@espol.edu.ec<\/span><\/td>\n<\/tr>\n<tr style=\"height: 15pt\">\n<td class=\"xl64\" style=\"width: 128pt;height: 15pt\" width=\"171\" height=\"20\"><span style=\"font-family: Calibri;font-size: small\">OJEDA PONTON<\/span><\/td>\n<td class=\"xl64\" style=\"width: 99pt\" width=\"132\"><span style=\"font-family: Calibri;font-size: small\">DIEGO PATRICIO<\/span><\/td>\n<td class=\"xl64\" style=\"width: 124pt\" width=\"165\"><span style=\"font-family: Calibri;font-size: small\">diojeda@espol.edu.ec<\/span><\/td>\n<\/tr>\n<tr style=\"height: 15pt\">\n<td class=\"xl64\" style=\"width: 128pt;height: 15pt\" width=\"171\" height=\"20\"><span style=\"font-family: Calibri;font-size: small\">PLAZA SILVA<\/span><\/td>\n<td class=\"xl64\" style=\"width: 99pt\" width=\"132\"><span style=\"font-family: Calibri;font-size: small\">VERONICA CECILIA<\/span><\/td>\n<td class=\"xl64\" style=\"width: 124pt\" width=\"165\"><span style=\"font-family: Calibri;font-size: small\">vcplaza@espol.edu.ec<\/span><\/td>\n<\/tr>\n<tr style=\"height: 15pt\">\n<td class=\"xl64\" style=\"width: 128pt;height: 15pt\" width=\"171\" height=\"20\"><span style=\"font-family: Calibri;font-size: small\">ROJAS HERMOSA<\/span><\/td>\n<td class=\"xl64\" style=\"width: 99pt\" width=\"132\"><span style=\"font-family: Calibri;font-size: small\">ANDREA GERALDINE<\/span><\/td>\n<td class=\"xl64\" style=\"width: 124pt\" width=\"165\"><span style=\"font-family: Calibri;font-size: small\">arojas@espol.edu.ec<\/span><\/td>\n<\/tr>\n<tr style=\"height: 15pt\">\n<td class=\"xl64\" style=\"width: 128pt;height: 15pt\" width=\"171\" height=\"20\"><span style=\"font-family: Calibri;font-size: small\">RON CASTRO<\/span><\/td>\n<td class=\"xl64\" style=\"width: 99pt\" width=\"132\"><span style=\"font-family: Calibri;font-size: small\">LUIS ABRAHAM<\/span><\/td>\n<td class=\"xl64\" style=\"width: 124pt\" width=\"165\"><span style=\"font-family: Calibri;font-size: small\">lron@espol.edu.ec<\/span><\/td>\n<\/tr>\n<tr style=\"height: 15pt\">\n<td class=\"xl64\" style=\"width: 128pt;height: 15pt\" width=\"171\" height=\"20\"><span style=\"font-family: Calibri;font-size: small\">SANCHEZ MIRANDA<\/span><\/td>\n<td class=\"xl64\" style=\"width: 99pt\" width=\"132\"><span style=\"font-family: Calibri;font-size: small\">OSCAR FREDDY<\/span><\/td>\n<td class=\"xl64\" style=\"width: 124pt\" width=\"165\"><span style=\"font-family: Calibri;font-size: small\">ofsanche@espol.edu.ec<\/span><\/td>\n<\/tr>\n<tr style=\"height: 15pt\">\n<td class=\"xl64\" style=\"width: 128pt;height: 15pt\" width=\"171\" height=\"20\"><span style=\"font-family: Calibri;font-size: small\">SOLIS CAMPUZANO<\/span><\/td>\n<td class=\"xl64\" style=\"width: 99pt\" width=\"132\"><span style=\"font-family: Calibri;font-size: small\">ANDREA VALERIA<\/span><\/td>\n<td class=\"xl64\" style=\"width: 124pt\" width=\"165\"><span style=\"font-family: Calibri;font-size: small\">avsolis@espol.edu.ec<\/span><\/td>\n<\/tr>\n<tr style=\"height: 15pt\">\n<td class=\"xl64\" style=\"width: 128pt;height: 15pt\" width=\"171\" height=\"20\"><span style=\"font-family: Calibri;font-size: small\">VARGAS ESMERALDA<\/span><\/td>\n<td class=\"xl64\" style=\"width: 99pt\" width=\"132\"><span style=\"font-family: Calibri;font-size: small\">TATIANA MELISA<\/span><\/td>\n<td class=\"xl64\" style=\"width: 124pt\" width=\"165\"><span style=\"font-family: Calibri;font-size: small\">tmvargas@espol.edu.ec<\/span><\/td>\n<\/tr>\n<tr style=\"height: 15pt\">\n<td class=\"xl64\" style=\"width: 128pt;height: 15pt\" width=\"171\" height=\"20\"><span style=\"font-family: Calibri;font-size: small\">VASQUEZ CEDE\u00d1O<\/span><\/td>\n<td class=\"xl64\" style=\"width: 99pt\" width=\"132\"><span style=\"font-family: Calibri;font-size: small\">SANDRA BETSABELL<\/span><\/td>\n<td class=\"xl64\" style=\"width: 124pt\" width=\"165\"><span style=\"font-family: Calibri;font-size: small\">svasquez@espol.edu.ec<\/span><\/td>\n<\/tr>\n<tr style=\"height: 15pt\">\n<td class=\"xl64\" style=\"width: 128pt;height: 15pt\" width=\"171\" height=\"20\"><span style=\"font-family: Calibri;font-size: small\">VELEZ MENDOZA<\/span><\/td>\n<td class=\"xl64\" style=\"width: 99pt\" width=\"132\"><span style=\"font-family: Calibri;font-size: small\">MARCELLA OLIVIA<\/span><\/td>\n<td class=\"xl64\" style=\"width: 124pt\" width=\"165\"><span style=\"font-family: Calibri;font-size: small\">movelez@espol.edu.ec<\/span><\/td>\n<\/tr>\n<tr style=\"height: 15pt\">\n<td class=\"xl64\" style=\"width: 128pt;height: 15pt\" width=\"171\" height=\"20\"><span style=\"font-family: Calibri;font-size: small\">ZAMBRANO MURILLO<\/span><\/td>\n<td class=\"xl64\" style=\"width: 99pt\" width=\"132\"><span style=\"font-family: Calibri;font-size: small\">ANDREA CAROLINA<\/span><\/td>\n<td class=\"xl64\" style=\"width: 124pt\" width=\"165\"><span style=\"font-family: Calibri;font-size: small\">andcazam@espol.edu.ec<\/span><\/td>\n<\/tr>\n<tr style=\"height: 15pt\">\n<td class=\"xl64\" style=\"width: 128pt;height: 15pt\" width=\"171\" height=\"20\"><span style=\"font-family: Calibri;font-size: small\">ZAMORA OLMEDO<\/span><\/td>\n<td class=\"xl64\" style=\"width: 99pt\" width=\"132\"><span style=\"font-family: Calibri;font-size: small\">ANGEL EDUARDO<\/span><\/td>\n<td class=\"xl64\" style=\"width: 124pt\" width=\"165\"><span style=\"font-family: Calibri;font-size: small\"><a href=\"mailto:angedzam@espol.edu.ec\">angedzam@espol.edu.ec<\/a><\/span><\/td>\n<\/tr>\n<\/tbody>\n<\/table>\n<p>\u00a0<\/p>\n<p><span style=\"color: #993300\"><strong><span style=\"text-decoration: underline\"><span>AGRADECIMIENTOS<\/span><\/span><\/strong><\/span><\/p>\n<p><strong><span style=\"color: #993300\"><span>BLOG ESPOL (Soporte Tecnico)<\/span><\/span><\/strong><\/p>\n<p><span>Ing. Jos\u00e9 Rodr\u00edguez, Sub - Director del CCI\u00a0 y estudiante Andrea \"Yunie\" Rodr\u00edguez de la\u00a0 <span class=\"style13\"><span>FIEC Facultad de Ingenieria Electrica y Computacion de la ESPOL.<\/span><\/span>\u00a0<\/span><\/p>\n<p><span style=\"color: #993300\"><strong><span>Fotograf\u00edas<\/span><\/strong><span>:<\/span><\/span><span> Participantes,\u00a0Profesor y muchos que contribuyeron.<\/span><\/p>\n<p><strong><span style=\"color: #993300\"><span>LICTUR<\/span><\/span><\/strong><\/p>\n<p><span>Master Julio Gavilanes, Coordinador de la Carrera de Licenciatura en\u00a0Turismo,FIMCM - ESPOL\u00a0 <a href=\"mailto:julengav@espol.ec\"><span style=\"color: #0000ff\">julengav@espol.ec<\/span><\/a><\/span><\/p>\n<p><span>Lic. Andrea Vega,\u00a0 Coordinaci\u00f3n LICTUR\u00a0 <a href=\"mailto:evega@espol.edu.ec\"><span style=\"color: #0000ff\">evega@espol.edu.ec<\/span><\/a><\/span><\/p>\n<p><span>Carmen Lara, Asistente Acad\u00e9mica LICTUR\u00a0 <a href=\"mailto:clara@espol.edu.ec\"><span style=\"color: #0000ff\">clara@espol.edu.ec<\/span><\/a><\/span><\/p>\n<p><strong><span style=\"color: #993300\"><span>COORDINADOR GENERAL<\/span><\/span><\/strong><\/p>\n<p><span>Ab. Ricardo Medina O., Catedr\u00e1tico de Geograf\u00eda Tur\u00edstica Nacional e Internacional, Etica y Liderazgo y en especial Legislacion Turistica.\u00a0\u00a0\u00a0\u00a0Mail:\u00a0 \u00a0<a href=\"mailto:rmedina@espol.edu.ec\"><span style=\"color: #0000ff\">rmedina@espol.edu.ec<\/span><\/a>\u00a0<\/span><\/p>\n<p style=\"text-align: justify\"><span><strong>BLOGS:<\/strong><\/span><\/p>\n<p style=\"text-align: justify\"><span><a href=\"http:\/\/www.blog.espol.edu.ec\/ricardomedina\">www.blog.espol.edu.ec\/ricardomedina<\/a>.<\/span><\/p>\n<p style=\"text-align: justify\"><span><a href=\"http:\/\/www.ricardomedinao.com\">www.ricardomedinao.com<\/a><\/span><\/p>\n<p style=\"text-align: justify\"><span><a href=\"http:\/\/www.ricardomedinao.wordpress.com\">www.ricardomedinao.wordpress.com<\/a><\/span><\/p>\n<p style=\"text-align: justify\"><span>\u00a0<\/span><\/p>\n<p style=\"text-align: justify\"><span><a href=\"http:\/\/www.ricardomedinao\">.<\/a><\/span><\/p>\n","protected":false},"excerpt":{"rendered":"<p>\u00a0 \u00a0 ESTUDIANTES DE GEOGRAFIA TURISTICA NACIONAL E INTERNACIONAL, que participan como iniciadores del Sitio: \u00a0APELLIDOS NOMBRES EMAIL ALVARADO BARCO OLGA GABRIELA ogalvara@espol.edu.ec ARIAS ALAVA SANDRA PILAR saarias@espol.edu.ec AVILA CARPIO LEOPOLDO MANUEL leomavil@espol.edu.ec BAILON MAJOJO GRACE GERALDINE gbailon@espol.edu.ec BAJA\u00d1A ZAMBRANO LUISA SILVANA luisibaj@espol.edu.ec BARRERA BARRERA ROSI INES rosibarr@espol.edu.ec BELTRAN ULLOA SILVIA CRISTINA sbeltran@espol.edu.ec CARCHIPULLA RIOFRIO [&hellip;]<\/p>\n","protected":false},"author":2045,"featured_media":0,"parent":0,"menu_order":0,"comment_status":"open","ping_status":"open","template":"","meta":{"_monsterinsights_skip_tracking":false,"_monsterinsights_sitenote_active":false,"_monsterinsights_sitenote_note":"","_monsterinsights_sitenote_category":0,"footnotes":""},"class_list":["post-213","page","type-page","status-publish","hentry"],"_links":{"self":[{"href":"https:\/\/blog.espol.edu.ec\/lictur\/wp-json\/wp\/v2\/pages\/213","targetHints":{"allow":["GET"]}}],"collection":[{"href":"https:\/\/blog.espol.edu.ec\/lictur\/wp-json\/wp\/v2\/pages"}],"about":[{"href":"https:\/\/blog.espol.edu.ec\/lictur\/wp-json\/wp\/v2\/types\/page"}],"author":[{"embeddable":true,"href":"https:\/\/blog.espol.edu.ec\/lictur\/wp-json\/wp\/v2\/users\/2045"}],"replies":[{"embeddable":true,"href":"https:\/\/blog.espol.edu.ec\/lictur\/wp-json\/wp\/v2\/comments?post=213"}],"version-history":[{"count":26,"href":"https:\/\/blog.espol.edu.ec\/lictur\/wp-json\/wp\/v2\/pages\/213\/revisions"}],"predecessor-version":[{"id":2243,"href":"https:\/\/blog.espol.edu.ec\/lictur\/wp-json\/wp\/v2\/pages\/213\/revisions\/2243"}],"wp:attachment":[{"href":"https:\/\/blog.espol.edu.ec\/lictur\/wp-json\/wp\/v2\/media?parent=213"}],"curies":[{"name":"wp","href":"https:\/\/api.w.org\/{rel}","templated":true}]}}