{"id":5,"date":"2009-06-05T11:55:58","date_gmt":"2009-06-05T15:55:58","guid":{"rendered":"http:\/\/blog.espol.edu.ec\/lictur\/?page_id=5"},"modified":"2009-08-04T20:01:24","modified_gmt":"2009-08-05T01:01:24","slug":"objetivos","status":"publish","type":"page","link":"https:\/\/blog.espol.edu.ec\/lictur\/objetivos\/","title":{"rendered":"Objetivos"},"content":{"rendered":"<p>\u00a0<a href=\"http:\/\/blog.espol.edu.ec\/lictur\/files\/2009\/06\/logoespol1.jpg\"><img loading=\"lazy\" decoding=\"async\" class=\"alignleft size-full wp-image-287\" src=\"http:\/\/blog.espol.edu.ec\/lictur\/files\/2009\/06\/logoespol1.jpg\" alt=\"logoespol1\" width=\"82\" height=\"80\" \/><\/a><\/p>\n<p>\u00a0<\/p>\n<p>\u00a0<\/p>\n<p style=\"text-align: center\">\u00a0<a href=\"http:\/\/blog.espol.edu.ec\/lictur\/files\/2009\/06\/img_6885a.jpg\"><img loading=\"lazy\" decoding=\"async\" class=\"aligncenter size-large wp-image-1429\" src=\"http:\/\/blog.espol.edu.ec\/lictur\/files\/2009\/06\/img_6885a-1024x574.jpg\" alt=\"img_6885a\" width=\"1024\" height=\"574\" srcset=\"https:\/\/blog.espol.edu.ec\/lictur\/files\/2009\/06\/img_6885a-1024x574.jpg 1024w, https:\/\/blog.espol.edu.ec\/lictur\/files\/2009\/06\/img_6885a-300x168.jpg 300w\" sizes=\"auto, (max-width: 1024px) 100vw, 1024px\" \/><\/a>\u00a0<strong>UNA REALIZACION DE ESTUDIANTES \u00a0QUE PIENSAN\u00a0 ...<\/strong><\/p>\n<p style=\"text-align: center\"><strong>...\u00a0\u00a0QUE EN\u00a0TURISMO,SI\u00a0SE PUEDE EJECUTAR EN CORTO TIEMPO.<\/strong>\u00a0<\/p>\n<p style=\"text-align: justify\"><span style=\"font-family: &quot;Georgia&quot;,&quot;serif&quot;color: black;font-size: 10pt\">Esta iniciativa\u00a0es de los estudiantes de la materia Geograf\u00eda Tur\u00edstica Nacional e Internacional, Paralelo 2 de LICTUR-ESPOL (2009), como una motivaci\u00f3n e inquietud de j\u00f3venes \u00e1vidos de conocimiento, de la pasi\u00f3n y entusiasmo del turismo y en particular,\u00a0la no localizaci\u00f3n de un Sitio Web en el Internet,\u00a0donde encontrar la gran mayor\u00eda de nuestros atractivos tur\u00edsticos existentes en el Ecuador.<\/span><\/p>\n<p style=\"text-align: justify\"><span style=\"font-family: &quot;Georgia&quot;,&quot;serif&quot;color: black;font-size: 10pt\">Lo importante es que\u00a0jam\u00e1s tuvimos discrepancias en la organizaci\u00f3n, ni en la b\u00fasqueda del resultado de este proyecto. Se procedi\u00f3 de inmediato con el nombre del Sitio, en otorgar las veinticuatro provincias y a designar un grupo de estudiantes que coordinar\u00eda la revisi\u00f3n de los art\u00edculos (post) y la posterior subida al Internet. Nuestro Profesor, siempre fue nuestro est\u00edmulo o motivador <span>\u00a0<\/span>para lograrlo, as\u00ed que esperamos al t\u00e9rmino de nuestro Curso, lograr\u00a0incorporar informaci\u00f3n de 240 atractivos tur\u00edsticos, como un inicio de un trabajo que en ESPOL, lo continuar\u00e1n otros compa\u00f1eros siguiendo en la\u00a0b\u00fasqueda necesaria de material de consulta, para nuestro estudio.<\/span><\/p>\n<p style=\"text-align: justify\"><span style=\"font-family: &quot;Georgia&quot;,&quot;serif&quot;color: black;font-size: 10pt\">Estamos convencidos de que con\u00a0nuestro esfuerzo, fortalecemos a la Licenciatura de\u00a0Turismo (LICTUR) de la FIMCM\u00a0y a nuestra querida ESPOL. Damos gracias por el soporte tecnico y educativo...<\/span><\/p>\n<p style=\"text-align: justify\"><span style=\"font-family: &quot;Georgia&quot;,&quot;serif&quot;color: black;font-size: 10pt\">Adem\u00e1s sin confundirnos, estamos convencidos de nuestra Responsabilidad Social <span>\u00a0<\/span>de estudiantes, como un asunto de sostenibilidad, en donde nuestra Sociedad actual debe pensar en las futuras generaciones y no solamente que ya \u00a0lo hemos cristalizado a favor de los\u00a0ecuatorianos, sino que lo trasladamos como gu\u00eda tur\u00edstica para los turistas de habla hispana, que visitaran a nuestro pais,\u00a0 diverso, grandioso y hermoso\u00a0\u2026ECUADOR tur\u00edstico.<\/span><\/p>\n<p style=\"text-align: justify\"><span style=\"font-family: &quot;Georgia&quot;,&quot;serif&quot;color: black;font-size: 10pt\">Esperamos que nuestro Blog de informaci\u00f3n tur\u00edstica, <span>\u00a0<\/span>se convierta en la mejor ayuda de todos\u2026y lo seguiremos mejorando.<\/span><\/p>\n<p style=\"text-align: justify\"><strong><span style=\"font-family: &quot;Georgia&quot;,&quot;serif&quot;color: black;font-size: 10pt\">ECUADOR\u2026 a la Carta!<\/span><\/strong><\/p>\n","protected":false},"excerpt":{"rendered":"<p>\u00a0 \u00a0 \u00a0 \u00a0\u00a0UNA REALIZACION DE ESTUDIANTES \u00a0QUE PIENSAN\u00a0 ... ...\u00a0\u00a0QUE EN\u00a0TURISMO,SI\u00a0SE PUEDE EJECUTAR EN CORTO TIEMPO.\u00a0 Esta iniciativa\u00a0es de los estudiantes de la materia Geograf\u00eda Tur\u00edstica Nacional e Internacional, Paralelo 2 de LICTUR-ESPOL (2009), como una motivaci\u00f3n e inquietud de j\u00f3venes \u00e1vidos de conocimiento, de la pasi\u00f3n y entusiasmo del turismo y en particular,\u00a0la [&hellip;]<\/p>\n","protected":false},"author":2045,"featured_media":0,"parent":0,"menu_order":0,"comment_status":"open","ping_status":"open","template":"","meta":{"_monsterinsights_skip_tracking":false,"_monsterinsights_sitenote_active":false,"_monsterinsights_sitenote_note":"","_monsterinsights_sitenote_category":0,"footnotes":""},"class_list":["post-5","page","type-page","status-publish","hentry"],"_links":{"self":[{"href":"https:\/\/blog.espol.edu.ec\/lictur\/wp-json\/wp\/v2\/pages\/5","targetHints":{"allow":["GET"]}}],"collection":[{"href":"https:\/\/blog.espol.edu.ec\/lictur\/wp-json\/wp\/v2\/pages"}],"about":[{"href":"https:\/\/blog.espol.edu.ec\/lictur\/wp-json\/wp\/v2\/types\/page"}],"author":[{"embeddable":true,"href":"https:\/\/blog.espol.edu.ec\/lictur\/wp-json\/wp\/v2\/users\/2045"}],"replies":[{"embeddable":true,"href":"https:\/\/blog.espol.edu.ec\/lictur\/wp-json\/wp\/v2\/comments?post=5"}],"version-history":[{"count":30,"href":"https:\/\/blog.espol.edu.ec\/lictur\/wp-json\/wp\/v2\/pages\/5\/revisions"}],"predecessor-version":[{"id":116,"href":"https:\/\/blog.espol.edu.ec\/lictur\/wp-json\/wp\/v2\/pages\/5\/revisions\/116"}],"wp:attachment":[{"href":"https:\/\/blog.espol.edu.ec\/lictur\/wp-json\/wp\/v2\/media?parent=5"}],"curies":[{"name":"wp","href":"https:\/\/api.w.org\/{rel}","templated":true}]}}