{"id":85,"date":"2009-03-02T12:58:21","date_gmt":"2009-03-02T17:58:21","guid":{"rendered":"http:\/\/blog.espol.edu.ec\/liderazgointegral\/?page_id=85"},"modified":"2009-03-02T15:13:21","modified_gmt":"2009-03-02T20:13:21","slug":"misiones-universitarias","status":"publish","type":"page","link":"https:\/\/blog.espol.edu.ec\/liderazgointegral\/","title":{"rendered":"Misiones Universitarias"},"content":{"rendered":"<h3><strong>MISIONES UNIVERSITARIAS MVC 2009<\/strong><\/h3>\n<p style=\"text-align: center\"><object width=\"425\" height=\"344\"><param name=\"movie\" value=\"http:\/\/www.youtube.com\/v\/zF5vnZSkbZY&amp;hl=en&amp;fs=1&amp;rel=0&amp;color1=0x3a3a3a&amp;color2=0x999999\"><\/param><param name=\"allowFullScreen\" value=\"true\"><\/param><param name=\"allowscriptaccess\" value=\"always\"><\/param><embed src=\"http:\/\/www.youtube.com\/v\/zF5vnZSkbZY&amp;hl=en&amp;fs=1&amp;rel=0&amp;color1=0x3a3a3a&amp;color2=0x999999\" type=\"application\/x-shockwave-flash\" width=\"425\" height=\"344\"><\/embed><\/object><\/p>\n<p style=\"text-align: justify\">\n<h3><strong>\u00bfQu\u00e9 son las Misiones Universitarias?<\/strong><\/h3>\n<p style=\"text-align: justify\"><img loading=\"lazy\" decoding=\"async\" class=\"alignright size-medium wp-image-73\" src=\"http:\/\/blog.espol.edu.ec\/liderazgointegral\/files\/2008\/12\/logo-misiones.jpg\" alt=\"Misiones\" width=\"167\" height=\"86\" \/><strong>Misiones<\/strong> consiste en llevar un mensaje de esperanza y alegr\u00eda a trav\u00e9s del anuncio del Se\u00f1or Jes\u00fas a personas muy necesitadas de nuestro pa\u00eds, en lugares en los que la asistencia de sacerdotes es muy espor\u00e1dica y que en muchos casos ni siquiera tienen una buena infraestructura.<\/p>\n<p style=\"text-align: justify\">Durante las misiones se realizan talleres y actividades para ni\u00f1os, j\u00f3venes y adultos con los que se logra una cercan\u00eda muy profunda. Adem\u00e1s se conocen lugares con una naturaleza impresionante, lo que hace que sea una experiencia inolvidable.<\/p>\n<h3><strong>\u00bfCu\u00e1ndo se realizar\u00e1n las Misiones?<\/strong><\/h3>\n<p style=\"text-align: justify\">Las misiones se llevar\u00e1n a cabo del <strong>12 al 21 de marzo de 2009<\/strong>, para lo cual ya se est\u00e1n formando grupos de misioneros universitarios. \u00a1No te quedes sin participar!<\/p>\n<h3><strong>Mayor informaci\u00f3n e inscripciones:<\/strong><\/h3>\n<p style=\"text-align: justify\">Carlos Briones: 088179490 - 099976556<\/p>\n<p style=\"text-align: justify\">E-Mail: <a href=\"mailto:liderazgointegral@espol.edu.ec\"><strong>liderazgointegral@espol.edu.ec<\/strong><\/a><\/p>\n<p style=\"text-align: justify\">* Indica tus datos\u00a0personales (nombre, facultad, carrera, tel\u00e9fono, celular, e-mail).<\/p>\n<p style=\"text-align: justify\">\n<p style=\"text-align: justify\">\n","protected":false},"excerpt":{"rendered":"<p>MISIONES UNIVERSITARIAS MVC 2009 \u00bfQu\u00e9 son las Misiones Universitarias? Misiones consiste en llevar un mensaje de esperanza y alegr\u00eda a trav\u00e9s del anuncio del Se\u00f1or Jes\u00fas a personas muy necesitadas de nuestro pa\u00eds, en lugares en los que la asistencia de sacerdotes es muy espor\u00e1dica y que en muchos casos ni siquiera tienen una buena [&hellip;]<\/p>\n","protected":false},"author":418,"featured_media":0,"parent":0,"menu_order":7,"comment_status":"open","ping_status":"open","template":"","meta":{"footnotes":""},"class_list":["post-85","page","type-page","status-publish","hentry"],"_links":{"self":[{"href":"https:\/\/blog.espol.edu.ec\/liderazgointegral\/wp-json\/wp\/v2\/pages\/85","targetHints":{"allow":["GET"]}}],"collection":[{"href":"https:\/\/blog.espol.edu.ec\/liderazgointegral\/wp-json\/wp\/v2\/pages"}],"about":[{"href":"https:\/\/blog.espol.edu.ec\/liderazgointegral\/wp-json\/wp\/v2\/types\/page"}],"author":[{"embeddable":true,"href":"https:\/\/blog.espol.edu.ec\/liderazgointegral\/wp-json\/wp\/v2\/users\/418"}],"replies":[{"embeddable":true,"href":"https:\/\/blog.espol.edu.ec\/liderazgointegral\/wp-json\/wp\/v2\/comments?post=85"}],"version-history":[{"count":11,"href":"https:\/\/blog.espol.edu.ec\/liderazgointegral\/wp-json\/wp\/v2\/pages\/85\/revisions"}],"predecessor-version":[{"id":96,"href":"https:\/\/blog.espol.edu.ec\/liderazgointegral\/wp-json\/wp\/v2\/pages\/85\/revisions\/96"}],"wp:attachment":[{"href":"https:\/\/blog.espol.edu.ec\/liderazgointegral\/wp-json\/wp\/v2\/media?parent=85"}],"curies":[{"name":"wp","href":"https:\/\/api.w.org\/{rel}","templated":true}]}}