{"id":9,"date":"2008-10-28T17:25:54","date_gmt":"2008-10-29T00:25:54","guid":{"rendered":"http:\/\/blog.espol.edu.ec\/liderazgointegral\/?page_id=9"},"modified":"2008-11-07T13:58:45","modified_gmt":"2008-11-07T20:58:45","slug":"metodologia-del-congreso","status":"publish","type":"page","link":"https:\/\/blog.espol.edu.ec\/liderazgointegral\/metodologia-del-congreso\/","title":{"rendered":"Metodolog\u00eda del Congreso"},"content":{"rendered":"<h3><strong>Expositores internacionales<\/strong><\/h3>\n<p>Quienes expondr\u00e1n algunas experiencias positivas de otros pa\u00edses, que puedan ser aplicables a la realidad nacional.<\/p>\n<h3><strong>Paneles de opini\u00f3n<\/strong><\/h3>\n<p>Especialistas de diversas profesiones, compartir\u00e1n algunas claves para integrar la vida profesional, como aporte a la realizaci\u00f3n personal y al desarrollo social.<\/p>\n<h3><strong>Plenarios, din\u00e1micas y trabajos en equipo<\/strong><\/h3>\n<p>Din\u00e1micas participativas y di\u00e1logos grupales permitir\u00e1n a los participantes aplicar los contenidos de manera concreta y personalizada.<\/p>\n<h3><strong>Programas de actualizaci\u00f3n<\/strong><\/h3>\n<p>Se presentar\u00e1n diversos programas de liderazgo y proyecci\u00f3n social, que permitan concretar algunos de los contenidos adquiridos.<\/p>\n<h3><strong>Reconocimiento a los proyectos m\u00e1s innovadores<\/strong><\/h3>\n<p>Empresas del pa\u00eds premiar\u00e1n aquellos proyectos que han generado mayor impacto en la sociedad.<\/p>\n","protected":false},"excerpt":{"rendered":"<p>Expositores internacionales Quienes expondr\u00e1n algunas experiencias positivas de otros pa\u00edses, que puedan ser aplicables a la realidad nacional. Paneles de opini\u00f3n Especialistas de diversas profesiones, compartir\u00e1n algunas claves para integrar la vida profesional, como aporte a la realizaci\u00f3n personal y al desarrollo social. Plenarios, din\u00e1micas y trabajos en equipo Din\u00e1micas participativas y di\u00e1logos grupales permitir\u00e1n [&hellip;]<\/p>\n","protected":false},"author":418,"featured_media":0,"parent":0,"menu_order":2,"comment_status":"open","ping_status":"open","template":"","meta":{"footnotes":""},"class_list":["post-9","page","type-page","status-publish","hentry"],"_links":{"self":[{"href":"https:\/\/blog.espol.edu.ec\/liderazgointegral\/wp-json\/wp\/v2\/pages\/9","targetHints":{"allow":["GET"]}}],"collection":[{"href":"https:\/\/blog.espol.edu.ec\/liderazgointegral\/wp-json\/wp\/v2\/pages"}],"about":[{"href":"https:\/\/blog.espol.edu.ec\/liderazgointegral\/wp-json\/wp\/v2\/types\/page"}],"author":[{"embeddable":true,"href":"https:\/\/blog.espol.edu.ec\/liderazgointegral\/wp-json\/wp\/v2\/users\/418"}],"replies":[{"embeddable":true,"href":"https:\/\/blog.espol.edu.ec\/liderazgointegral\/wp-json\/wp\/v2\/comments?post=9"}],"version-history":[{"count":7,"href":"https:\/\/blog.espol.edu.ec\/liderazgointegral\/wp-json\/wp\/v2\/pages\/9\/revisions"}],"predecessor-version":[{"id":44,"href":"https:\/\/blog.espol.edu.ec\/liderazgointegral\/wp-json\/wp\/v2\/pages\/9\/revisions\/44"}],"wp:attachment":[{"href":"https:\/\/blog.espol.edu.ec\/liderazgointegral\/wp-json\/wp\/v2\/media?parent=9"}],"curies":[{"name":"wp","href":"https:\/\/api.w.org\/{rel}","templated":true}]}}