{"id":1,"date":"2009-02-02T18:19:35","date_gmt":"2009-02-02T23:19:35","guid":{"rendered":""},"modified":"2009-03-16T08:49:23","modified_gmt":"2009-03-16T13:49:23","slug":"about","status":"publish","type":"page","link":"https:\/\/blog.espol.edu.ec\/lilianadvila\/about\/","title":{"rendered":"About me"},"content":{"rendered":"<p>hi amigos este blog esta dise\u00f1ado para que puedan saber un poco m\u00e1s de m\u00ed...<\/p>\n<p>Gracias a la Ing. Eva Maria Mera hemos podido realizar un trabajo el cu\u00e1l por medio de sus comentarios veremos la calidad de nuestro trabajo ya que ella nos a ense\u00f1ando dia a dia cada paso para que asi se\u00a0de la realizaci\u00f3n del mismo.<\/p>\n<p>Bueno a continuaci\u00f3n\u00a0uno de mis\u00a0videos preferidos espero les gustesea de su agrado...<\/p>\n<p style=\"text-align: center\">\u00a0<img loading=\"lazy\" decoding=\"async\" class=\"aligncenter\" src=\"https:\/\/blog.espol.edu.ec\/lilianadvila\/wp-includes\/js\/tinymce\/plugins\/media\/img\/trans.gif\" alt=\"\" width=\"487\" height=\"391\" \/><\/p>\n<p>\u00a0<\/p>\n<p style=\"text-align: center\">\u00a0<\/p>\n<p style=\"text-align: center\">\u00a0<\/p>\n<p style=\"text-align: center\">\u00a0<\/p>\n<p style=\"text-align: center\">\u00a0<\/p>\n<p style=\"text-align: center\"><img decoding=\"async\" src=\"http:\/\/lilianacakescookies.files.wordpress.com\/2009\/01\/cropped-logo-liliana233.jpg\" alt=\"\" \/><\/p>\n","protected":false},"excerpt":{"rendered":"<p>hi amigos este blog esta dise\u00f1ado para que puedan saber un poco m\u00e1s de m\u00ed... Gracias a la Ing. Eva Maria Mera hemos podido realizar un trabajo el cu\u00e1l por medio de sus comentarios veremos la calidad de nuestro trabajo ya que ella nos a ense\u00f1ando dia a dia cada paso para que asi se\u00a0de [&hellip;]<\/p>\n","protected":false},"author":1323,"featured_media":0,"parent":0,"menu_order":0,"comment_status":"open","ping_status":"open","template":"","meta":{"footnotes":""},"class_list":["post-1","page","type-page","status-publish","hentry"],"_links":{"self":[{"href":"https:\/\/blog.espol.edu.ec\/lilianadvila\/wp-json\/wp\/v2\/pages\/1","targetHints":{"allow":["GET"]}}],"collection":[{"href":"https:\/\/blog.espol.edu.ec\/lilianadvila\/wp-json\/wp\/v2\/pages"}],"about":[{"href":"https:\/\/blog.espol.edu.ec\/lilianadvila\/wp-json\/wp\/v2\/types\/page"}],"author":[{"embeddable":true,"href":"https:\/\/blog.espol.edu.ec\/lilianadvila\/wp-json\/wp\/v2\/users\/1323"}],"replies":[{"embeddable":true,"href":"https:\/\/blog.espol.edu.ec\/lilianadvila\/wp-json\/wp\/v2\/comments?post=1"}],"version-history":[{"count":8,"href":"https:\/\/blog.espol.edu.ec\/lilianadvila\/wp-json\/wp\/v2\/pages\/1\/revisions"}],"predecessor-version":[{"id":18,"href":"https:\/\/blog.espol.edu.ec\/lilianadvila\/wp-json\/wp\/v2\/pages\/1\/revisions\/18"}],"wp:attachment":[{"href":"https:\/\/blog.espol.edu.ec\/lilianadvila\/wp-json\/wp\/v2\/media?parent=1"}],"curies":[{"name":"wp","href":"https:\/\/api.w.org\/{rel}","templated":true}]}}