{"id":15,"date":"2009-03-03T15:31:08","date_gmt":"2009-03-03T20:31:08","guid":{"rendered":"http:\/\/blog.espol.edu.ec\/lilianadvila\/?page_id=15"},"modified":"2009-03-16T08:44:57","modified_gmt":"2009-03-16T13:44:57","slug":"sobre-mi","status":"publish","type":"page","link":"https:\/\/blog.espol.edu.ec\/lilianadvila\/sobre-mi\/","title":{"rendered":"Sobre m\u00ed"},"content":{"rendered":"<p style=\"text-align: center\"><a href=\"http:\/\/www.icm.espol.edu.ec\/estudiantes\/2008\/200802619\/\"><img loading=\"lazy\" decoding=\"async\" src=\"http:\/\/recursos.fotocajon.com\/revistate\/20090225\/q3\/q3jis6yj39vs9qf07cw5r82usressl30_VOGUE.jpg\" border=\"0\" alt=\"revisa mi sitio web si quieres saber mas de mi...\" width=\"322\" height=\"386\" \/><\/a><\/p>\n<p style=\"text-align: center\">Hola...<\/p>\n<p>Mi nombre es Liliana D\u00e1vila tengo 19 a\u00f1os recien cumplidos el 27\/12\/89... Mi hobbie es cantar y escuchar musica... Estudi\u00e9 en la escuela Semillita de kinder hasta 2do grado, luego en 3er grado estudie en la escuela de monja Mercedes de Jesus Molina, cuando entr\u00e9 al colegio en primer a\u00f1o entre al 9 de Octubre, luego en segundo a\u00f1o me cam<img loading=\"lazy\" decoding=\"async\" style=\"margin: 0px 0px -652px\" src=\"http:\/\/images.hi5.com\/images\/1x1_trans.gif\" alt=\"\" width=\"640\" height=\"650\" \/>bie al Instituto Tecnologico Superior \"Guayaquil\" en el cu\u00e1l me gradu\u00e9.\u00a0\u00a0\u00a0\u00a0\u00a0\u00a0\u00a0Actualmente estudio en la universidad \"Escuela Polit\u00e9cnica\" segundo semestre en una de las carreras del ICM (\"Instituto de Ciencias Matem\u00e1ticas\") llamada Ing. en ESTAD\u00cdSTICA INFORM\u00c1TICA.\u00a0<\/p>\n<p>Si quieren\u00a0saber m\u00e1s\u00a0de mi\u00a0me pueden escribir\u00a0a\u00a0mi e-mail o hi5<\/p>\n<p><a href=\"mailto:lili_denis16@hotmail.com\">lili_denis16@hotmail.com<\/a>\u00a0o ami sitio web <a href=\"http:\/\/www.icm.espol.edu.ec\/estudiantes\/2008\/200802619\">www.icm.espol.edu.ec\/estudiantes\/2008\/200802619<\/a><\/p>\n<p>Donde podr\u00e1s encontrar m\u00e1s acerca de m\u00ed ...<\/p>\n<p>\u00a0<\/p>\n<p>\u00a0<\/p>\n<p><img loading=\"lazy\" decoding=\"async\" class=\"alignright\" src=\"http:\/\/lilianacakescookies.files.wordpress.com\/2009\/01\/cropped-logo-liliana233.jpg\" alt=\"\" width=\"519\" height=\"155\" \/><\/p>\n","protected":false},"excerpt":{"rendered":"<p>Hola... Mi nombre es Liliana D\u00e1vila tengo 19 a\u00f1os recien cumplidos el 27\/12\/89... Mi hobbie es cantar y escuchar musica... Estudi\u00e9 en la escuela Semillita de kinder hasta 2do grado, luego en 3er grado estudie en la escuela de monja Mercedes de Jesus Molina, cuando entr\u00e9 al colegio en primer a\u00f1o entre al 9 de [&hellip;]<\/p>\n","protected":false},"author":1323,"featured_media":0,"parent":0,"menu_order":0,"comment_status":"open","ping_status":"open","template":"","meta":{"footnotes":""},"class_list":["post-15","page","type-page","status-publish","hentry"],"_links":{"self":[{"href":"https:\/\/blog.espol.edu.ec\/lilianadvila\/wp-json\/wp\/v2\/pages\/15","targetHints":{"allow":["GET"]}}],"collection":[{"href":"https:\/\/blog.espol.edu.ec\/lilianadvila\/wp-json\/wp\/v2\/pages"}],"about":[{"href":"https:\/\/blog.espol.edu.ec\/lilianadvila\/wp-json\/wp\/v2\/types\/page"}],"author":[{"embeddable":true,"href":"https:\/\/blog.espol.edu.ec\/lilianadvila\/wp-json\/wp\/v2\/users\/1323"}],"replies":[{"embeddable":true,"href":"https:\/\/blog.espol.edu.ec\/lilianadvila\/wp-json\/wp\/v2\/comments?post=15"}],"version-history":[{"count":9,"href":"https:\/\/blog.espol.edu.ec\/lilianadvila\/wp-json\/wp\/v2\/pages\/15\/revisions"}],"predecessor-version":[{"id":52,"href":"https:\/\/blog.espol.edu.ec\/lilianadvila\/wp-json\/wp\/v2\/pages\/15\/revisions\/52"}],"wp:attachment":[{"href":"https:\/\/blog.espol.edu.ec\/lilianadvila\/wp-json\/wp\/v2\/media?parent=15"}],"curies":[{"name":"wp","href":"https:\/\/api.w.org\/{rel}","templated":true}]}}