{"id":171,"date":"2010-02-02T14:31:33","date_gmt":"2010-02-02T19:31:33","guid":{"rendered":"http:\/\/blog.espol.edu.ec\/lilicarito\/?page_id=171"},"modified":"2010-02-20T20:21:27","modified_gmt":"2010-02-21T01:21:27","slug":"adios-stress","status":"publish","type":"page","link":"https:\/\/blog.espol.edu.ec\/lilicarito\/adios-stress\/","title":{"rendered":"Adi\u00f3s Stress"},"content":{"rendered":"<p>As\u00ed es, dejemos a un lado nuestras preocupaciones y disfrutemos la vida un poco!!!...<\/p>\n<p>Para ello aqu\u00ed les dejo unas p\u00e1ginas donde hay informaci\u00f3n muy \"valiosa\" de una saga que est\u00e1 en pleno apogeo y me refiero a...<\/p>\n<p><span style=\"text-decoration: underline\"><strong>Saga Crep\u00fasculo<\/strong><\/span><\/p>\n<p>Web de Crep\u00fasculo-es<\/p>\n<p><a href=\"http:\/\/www.crepusculo-es.com\/\"><img loading=\"lazy\" decoding=\"async\" class=\"aligncenter size-medium wp-image-522\" src=\"http:\/\/blog.espol.edu.ec\/dscoello\/files\/2009\/12\/banner_01-300x142.jpg\" alt=\"banner_01\" width=\"300\" height=\"142\" \/><\/a><\/p>\n<p>Twilight Fans Ecuador<\/p>\n<p><a href=\"http:\/\/twilightfansecuador.blogspot.com\/\"><img loading=\"lazy\" decoding=\"async\" class=\"aligncenter size-medium wp-image-365\" src=\"http:\/\/blog.espol.edu.ec\/dscoello\/files\/2009\/12\/twilight-fans-ecuador-300x171.jpg\" alt=\"twilight-fans-ecuador\" width=\"300\" height=\"171\" \/><\/a><\/p>\n<p>Twilight Xtreme<\/p>\n<p><a href=\"http:\/\/twilightarg.blogspot.com\/\"><img loading=\"lazy\" decoding=\"async\" class=\"aligncenter size-medium wp-image-363\" src=\"http:\/\/blog.espol.edu.ec\/dscoello\/files\/2009\/12\/twilight-xtreme-300x62.jpg\" alt=\"twilight-xtreme\" width=\"300\" height=\"62\" \/><\/a><\/p>\n<p><span style=\"text-decoration: underline\"><strong>Estrenos del 2010<\/strong><\/span><\/p>\n<p>Para ir preparando la agenda de las salidas al cine...<\/p>\n<p><em><span class=\"H2\">15 de enero<\/span><\/em><\/p>\n<p><span class=\"H2\">Sherlock Holmes<\/span><\/p>\n<p><img loading=\"lazy\" decoding=\"async\" class=\"aligncenter size-full wp-image-187\" src=\"http:\/\/blog.espol.edu.ec\/lilicarito\/files\/2010\/02\/2029.jpg\" alt=\"2029\" width=\"160\" height=\"210\" \/><\/p>\n<p><span class=\"H2\">La decisi\u00f3n de Anne<br \/>\n<\/span><\/p>\n<p><img loading=\"lazy\" decoding=\"async\" class=\"aligncenter size-full wp-image-189\" src=\"http:\/\/blog.espol.edu.ec\/lilicarito\/files\/2010\/02\/my-sisters-keeper.jpg\" alt=\"my-sisters-keeper\" width=\"110\" height=\"150\" \/><\/p>\n<p><em><span class=\"H2\">29 de Enero<\/span><\/em><\/p>\n<p><span class=\"H2\">Invictus<\/span><\/p>\n<p><span class=\"H2\"><img loading=\"lazy\" decoding=\"async\" class=\"aligncenter size-full wp-image-196\" src=\"http:\/\/blog.espol.edu.ec\/lilicarito\/files\/2010\/02\/invictus-poster-202x300.jpg\" alt=\"invictus-poster-202x300\" width=\"202\" height=\"300\" \/><\/span><\/p>\n<p><span class=\"H2\">Ch\u00e9ri<\/span><\/p>\n<p><span class=\"H2\"><img loading=\"lazy\" decoding=\"async\" class=\"aligncenter size-full wp-image-197\" src=\"http:\/\/blog.espol.edu.ec\/lilicarito\/files\/2010\/02\/cheri-202x300.jpg\" alt=\"cheri-202x300\" width=\"202\" height=\"300\" \/><\/span><\/p>\n<p><span class=\"H2\">En tierra hostil<\/span><\/p>\n<p><span class=\"H2\"><img loading=\"lazy\" decoding=\"async\" class=\"aligncenter size-full wp-image-198\" src=\"http:\/\/blog.espol.edu.ec\/lilicarito\/files\/2010\/02\/en-tierra-hostil-poster.jpg\" alt=\"en-tierra-hostil-poster\" width=\"180\" height=\"255\" \/><\/span><\/p>\n<p><span class=\"H2\">Todo incluido<\/span><\/p>\n<p><span class=\"H2\"><img loading=\"lazy\" decoding=\"async\" class=\"aligncenter size-full wp-image-200\" src=\"http:\/\/blog.espol.edu.ec\/lilicarito\/files\/2010\/02\/todo-incluido-poster.jpg\" alt=\"untitled\" width=\"180\" height=\"255\" \/><\/span><\/p>\n<p><span class=\"H2\">La cuarta fase<\/span><\/p>\n<p><span class=\"H2\"><img loading=\"lazy\" decoding=\"async\" class=\"aligncenter size-full wp-image-201\" src=\"http:\/\/blog.espol.edu.ec\/lilicarito\/files\/2010\/02\/la-cuarta-fase-poster.jpg\" alt=\"la-cuarta-fase-poster\" width=\"180\" height=\"255\" \/><br \/>\n<\/span><\/p>\n<p><em><span class=\"H2\">12 de Febrero <\/span><\/em><\/p>\n<p><span class=\"H2\">Valentines Day<br \/>\n<\/span><\/p>\n<p><span style=\"text-decoration: underline\"><img loading=\"lazy\" decoding=\"async\" class=\"aligncenter size-medium wp-image-191\" src=\"http:\/\/blog.espol.edu.ec\/lilicarito\/files\/2010\/02\/valentines-b-208x300.jpg\" alt=\"valentines-b\" width=\"208\" height=\"300\" srcset=\"https:\/\/blog.espol.edu.ec\/lilicarito\/files\/2010\/02\/valentines-b-208x300.jpg 208w, https:\/\/blog.espol.edu.ec\/lilicarito\/files\/2010\/02\/valentines-b.jpg 415w\" sizes=\"auto, (max-width: 208px) 100vw, 208px\" \/><\/span><\/p>\n<p><em>5 de Marzo<\/em><\/p>\n<p><span>Alicia en el Pais de las Maravillas<\/span><\/p>\n<p style=\"text-align: center\"><span style=\"text-decoration: underline\"><img loading=\"lazy\" decoding=\"async\" class=\"size-thumbnail wp-image-220 aligncenter\" src=\"http:\/\/blog.espol.edu.ec\/lilicarito\/files\/2010\/02\/alice_in_wonderland01-1024x731-150x150.jpg\" alt=\"alice_in_wonderland01-1024x731\" width=\"150\" height=\"150\" \/><\/span><\/p>\n<p><em>7 de Mayo<\/em><\/p>\n<p><span class=\"H2\">Las Cr\u00f3nicas de Narnia: La Traves\u00eda del Viajero del Alba<\/span><\/p>\n<p><span class=\"H2\"><img loading=\"lazy\" decoding=\"async\" class=\"aligncenter size-full wp-image-205\" src=\"http:\/\/blog.espol.edu.ec\/lilicarito\/files\/2010\/02\/1730.jpg\" alt=\"1730\" width=\"160\" height=\"210\" \/><\/span><\/p>\n<p><span class=\"H2\">Iron Man 2<\/span><\/p>\n<p><img loading=\"lazy\" decoding=\"async\" class=\"aligncenter size-full wp-image-207\" src=\"http:\/\/blog.espol.edu.ec\/lilicarito\/files\/2010\/02\/1861.jpg\" alt=\"1861\" width=\"160\" height=\"210\" \/><\/p>\n<p><em>18 de Junio<\/em><\/p>\n<p><span class=\"H2\">Toy Story 3<\/span><\/p>\n<p><img loading=\"lazy\" decoding=\"async\" class=\"aligncenter size-full wp-image-209\" src=\"http:\/\/blog.espol.edu.ec\/lilicarito\/files\/2010\/02\/toy.jpg\" alt=\"toy\" width=\"160\" height=\"210\" \/><\/p>\n<p><em>30 de Junio<\/em><\/p>\n<p><span class=\"H2\">The Twilight Saga: Eclipse<\/span><\/p>\n<p><img loading=\"lazy\" decoding=\"async\" class=\"aligncenter size-full wp-image-212\" src=\"http:\/\/blog.espol.edu.ec\/lilicarito\/files\/2010\/02\/eclipse.jpg\" alt=\"eclipse\" width=\"160\" height=\"210\" \/><\/p>\n<p><em>1 de Julio<\/em><\/p>\n<p><span class=\"H2\">The Last Airbender<\/span><\/p>\n<p><img loading=\"lazy\" decoding=\"async\" class=\"aligncenter size-full wp-image-214\" src=\"http:\/\/blog.espol.edu.ec\/lilicarito\/files\/2010\/02\/the-last.jpg\" alt=\"the-last\" width=\"160\" height=\"210\" \/><\/p>\n<p>16 de Julio<\/p>\n<p><span>Thor<strong> <\/strong><\/span><\/p>\n<p><span><strong><img loading=\"lazy\" decoding=\"async\" class=\"aligncenter size-thumbnail wp-image-223\" src=\"http:\/\/blog.espol.edu.ec\/lilicarito\/files\/2010\/02\/thorflic-150x150.jpg\" alt=\"thorflic\" width=\"150\" height=\"150\" \/><br \/>\n<\/strong><\/span><\/p>\n<p><em>19 de Noviembre<\/em><\/p>\n<p><span class=\"H2\">Harry Potter y las Reliquias de la Muerte Parte 1<\/span><\/p>\n<p><img loading=\"lazy\" decoding=\"async\" class=\"aligncenter size-full wp-image-216\" src=\"http:\/\/blog.espol.edu.ec\/lilicarito\/files\/2010\/02\/hp.jpg\" alt=\"hp\" width=\"160\" height=\"210\" \/><\/p>\n","protected":false},"excerpt":{"rendered":"<p>As\u00ed es, dejemos a un lado nuestras preocupaciones y disfrutemos la vida un poco!!!... Para ello aqu\u00ed les dejo unas p\u00e1ginas donde hay informaci\u00f3n muy \"valiosa\" de una saga que est\u00e1 en pleno apogeo y me refiero a... Saga Crep\u00fasculo Web de Crep\u00fasculo-es Twilight Fans Ecuador Twilight Xtreme Estrenos del 2010 Para ir preparando la [&hellip;]<\/p>\n","protected":false},"author":3351,"featured_media":0,"parent":0,"menu_order":2,"comment_status":"open","ping_status":"open","template":"","meta":{"footnotes":""},"class_list":["post-171","page","type-page","status-publish","hentry"],"_links":{"self":[{"href":"https:\/\/blog.espol.edu.ec\/lilicarito\/wp-json\/wp\/v2\/pages\/171","targetHints":{"allow":["GET"]}}],"collection":[{"href":"https:\/\/blog.espol.edu.ec\/lilicarito\/wp-json\/wp\/v2\/pages"}],"about":[{"href":"https:\/\/blog.espol.edu.ec\/lilicarito\/wp-json\/wp\/v2\/types\/page"}],"author":[{"embeddable":true,"href":"https:\/\/blog.espol.edu.ec\/lilicarito\/wp-json\/wp\/v2\/users\/3351"}],"replies":[{"embeddable":true,"href":"https:\/\/blog.espol.edu.ec\/lilicarito\/wp-json\/wp\/v2\/comments?post=171"}],"version-history":[{"count":5,"href":"https:\/\/blog.espol.edu.ec\/lilicarito\/wp-json\/wp\/v2\/pages\/171\/revisions"}],"predecessor-version":[{"id":173,"href":"https:\/\/blog.espol.edu.ec\/lilicarito\/wp-json\/wp\/v2\/pages\/171\/revisions\/173"}],"wp:attachment":[{"href":"https:\/\/blog.espol.edu.ec\/lilicarito\/wp-json\/wp\/v2\/media?parent=171"}],"curies":[{"name":"wp","href":"https:\/\/api.w.org\/{rel}","templated":true}]}}