{"id":2,"date":"2009-11-09T12:22:13","date_gmt":"2009-11-09T17:22:13","guid":{"rendered":""},"modified":"2010-02-02T14:13:22","modified_gmt":"2010-02-02T19:13:22","slug":"about","status":"publish","type":"page","link":"https:\/\/blog.espol.edu.ec\/lilicarito\/about\/","title":{"rendered":"ING. ALINEMTOS. ESPOL"},"content":{"rendered":"<p style=\"text-align: center\">DISCULPA EN ESO ESTOY .....................................<\/p>\n<p style=\"text-align: center\"><a href=\"http:\/\/www.vm-ingar.com\/images\/construccion_main.jpg\"><img loading=\"lazy\" decoding=\"async\" class=\"alignnone size-medium wp-image-48\" src=\"http:\/\/blog.espol.edu.ec\/lilicarito\/files\/2009\/11\/construccion_main-233x300.jpg\" alt=\"construccion_main\" width=\"233\" height=\"300\" srcset=\"https:\/\/blog.espol.edu.ec\/lilicarito\/files\/2009\/11\/construccion_main-233x300.jpg 233w, https:\/\/blog.espol.edu.ec\/lilicarito\/files\/2009\/11\/construccion_main.jpg 326w\" sizes=\"auto, (max-width: 233px) 100vw, 233px\" \/><br \/>\n<\/a><\/p>\n<p style=\"text-align: center\">\n<p><!--[if gte mso 9]&gt;  Normal 0   21   false false false  ES X-NONE X-NONE              MicrosoftInternetExplorer4              &lt;![endif]--><!--[if gte mso 9]&gt;                                                                                                                                            &lt;![endif]--><\/p>\n<p><!--[if gte mso 10]&gt;--> <!--[endif]--><\/p>\n<p class=\"MsoNormal\"><em>Hi de nuevo <span> <\/span>chicos\u2026 ac\u00e1 les dejo unas diapositivas \u2026 que les ayudar\u00e1 mucho a entender el m\u00e9todo de aislamiento e identificaci\u00f3n de la salmonella<\/em><\/p>\n<div id=\"__ss_3055885\" style=\"width: 425px;text-align: left\"><a title=\"Identifcacion De Salmonellas\" href=\"http:\/\/www.slideshare.net\/lilicarito1\/identifcacion-de-salmonellas\">Identifcacion De Salmonellas<\/a><\/p>\n<div style=\"font-size: 11px;font-family: tahoma,arial;height: 26px;padding-top: 2px\">View more <a href=\"http:\/\/www.slideshare.net\/\">presentations<\/a> from <a href=\"http:\/\/www.slideshare.net\/lilicarito1\">carito<\/a>.<\/div>\n<\/div>\n<p style=\"text-align: center\"><object width=\"425\" height=\"355\" data=\"http:\/\/static.slidesharecdn.com\/swf\/ssplayer2.swf?doc=identifcaciondesalmonellas-100202124943-phpapp01&amp;stripped_title=identifcacion-de-salmonellas\" type=\"application\/x-shockwave-flash\"><param name=\"allowFullScreen\" value=\"true\" \/><param name=\"allowScriptAccess\" value=\"always\" \/><param name=\"src\" value=\"http:\/\/static.slidesharecdn.com\/swf\/ssplayer2.swf?doc=identifcaciondesalmonellas-100202124943-phpapp01&amp;stripped_title=identifcacion-de-salmonellas\" \/><param name=\"allowfullscreen\" value=\"true\" \/><\/object><\/p>\n<div id=\"__ss_3055860\" style=\"width: 425px;text-align: center\">\n<p>..HI.. esta vez les presento Una serie de diapositivas con valiosa informaci\u00f3n sobre la clasificaci\u00f3n de las bombas y una introducci\u00f3n sencilla pero interesante sobre los montajugos...<\/p>\n<p><a title=\"Bombas   Montajugos\" href=\"http:\/\/www.slideshare.net\/lilicarito1\/bombas-montajugos\">Bombas   Montajugos<\/a><\/p>\n<div style=\"font-size: 11px;font-family: tahoma,arial;height: 26px;padding-top: 2px\">View more <a href=\"http:\/\/www.slideshare.net\/\">presentations<\/a> from <a href=\"http:\/\/www.slideshare.net\/lilicarito1\">carito<\/a>.<\/div>\n<\/div>\n<p style=\"text-align: center\"><object width=\"425\" height=\"355\" data=\"http:\/\/static.slidesharecdn.com\/swf\/ssplayer2.swf?doc=bombas-montajugos-100202124552-phpapp01&amp;stripped_title=bombas-montajugos\" type=\"application\/x-shockwave-flash\"><param name=\"allowFullScreen\" value=\"true\" \/><param name=\"allowScriptAccess\" value=\"always\" \/><param name=\"src\" value=\"http:\/\/static.slidesharecdn.com\/swf\/ssplayer2.swf?doc=bombas-montajugos-100202124552-phpapp01&amp;stripped_title=bombas-montajugos\" \/><param name=\"allowfullscreen\" value=\"true\" \/><\/object><\/p>\n<p style=\"text-align: center\">\n<p class=\"MsoNormal\">\n<p class=\"MsoNormal\"><em><br \/>\n<\/em><\/p>\n","protected":false},"excerpt":{"rendered":"<p>DISCULPA EN ESO ESTOY ..................................... Hi de nuevo chicos\u2026 ac\u00e1 les dejo unas diapositivas \u2026 que les ayudar\u00e1 mucho a entender el m\u00e9todo de aislamiento e identificaci\u00f3n de la salmonella Identifcacion De Salmonellas View more presentations from carito. ..HI.. esta vez les presento Una serie de diapositivas con valiosa informaci\u00f3n sobre la clasificaci\u00f3n de las [&hellip;]<\/p>\n","protected":false},"author":3351,"featured_media":0,"parent":0,"menu_order":0,"comment_status":"open","ping_status":"open","template":"","meta":{"footnotes":""},"class_list":["post-2","page","type-page","status-publish","hentry"],"_links":{"self":[{"href":"https:\/\/blog.espol.edu.ec\/lilicarito\/wp-json\/wp\/v2\/pages\/2","targetHints":{"allow":["GET"]}}],"collection":[{"href":"https:\/\/blog.espol.edu.ec\/lilicarito\/wp-json\/wp\/v2\/pages"}],"about":[{"href":"https:\/\/blog.espol.edu.ec\/lilicarito\/wp-json\/wp\/v2\/types\/page"}],"author":[{"embeddable":true,"href":"https:\/\/blog.espol.edu.ec\/lilicarito\/wp-json\/wp\/v2\/users\/3351"}],"replies":[{"embeddable":true,"href":"https:\/\/blog.espol.edu.ec\/lilicarito\/wp-json\/wp\/v2\/comments?post=2"}],"version-history":[{"count":9,"href":"https:\/\/blog.espol.edu.ec\/lilicarito\/wp-json\/wp\/v2\/pages\/2\/revisions"}],"predecessor-version":[{"id":45,"href":"https:\/\/blog.espol.edu.ec\/lilicarito\/wp-json\/wp\/v2\/pages\/2\/revisions\/45"}],"wp:attachment":[{"href":"https:\/\/blog.espol.edu.ec\/lilicarito\/wp-json\/wp\/v2\/media?parent=2"}],"curies":[{"name":"wp","href":"https:\/\/api.w.org\/{rel}","templated":true}]}}