{"id":221,"date":"2017-03-04T23:22:44","date_gmt":"2017-03-05T03:22:44","guid":{"rendered":"http:\/\/blog.espol.edu.ec\/linaleon\/?page_id=221"},"modified":"2017-03-04T23:22:44","modified_gmt":"2017-03-05T03:22:44","slug":"quien-soy-al-2017","status":"publish","type":"page","link":"https:\/\/blog.espol.edu.ec\/linaleon\/quien-soy-al-2017\/","title":{"rendered":"\u00bfQui\u00e9n soy al 2017?"},"content":{"rendered":"<p>Hola,<\/p>\n<p>Perfil profesional: Al 2017 soy una Ingeniera en auditor\u00eda y CPA, pr\u00f3xima a iniciar una maestr\u00eda en Estad\u00edstica con menci\u00f3n en Calidad y Productividad, tengo 4 a\u00f1os de experiencia en Gesti\u00f3n de Calidad, manejando ISO 9001 y trabajo para un grupo empresarial privado en Guayaquil - Ecuador.<\/p>\n<p>Perfil personal: Soy una mujer fuerte y valiente, amigable, con muchos sue\u00f1os en el coraz\u00f3n, amada por Dios, amante de la actividad f\u00edsica (he hecho de todo: crossfit, ciclismo, spinning, running, nataci\u00f3n, gym) y con ganas de encontrar mi amor, mi id\u00f3neo, el hombre que Dios ha reservado para mi.<\/p>\n<p>Perfil familiar: Hija engre\u00edda de papi y mami, \u00fanica mujer, tengo dos hermosos hermanos, dos hermosas sobrinas. Mi Wendy a veces me llama mam\u00e1 y me hace tan feliz.<\/p>\n<p>&nbsp;<\/p>\n<p><a href=\"http:\/\/blog.espol.edu.ec\/linaleon\/files\/2017\/03\/thumbnail_20170215_082553.jpg\"><img loading=\"lazy\" decoding=\"async\" class=\"alignnone size-medium wp-image-222\" src=\"http:\/\/blog.espol.edu.ec\/linaleon\/files\/2017\/03\/thumbnail_20170215_082553-225x300.jpg\" alt=\"thumbnail_20170215_082553\" width=\"225\" height=\"300\" srcset=\"https:\/\/blog.espol.edu.ec\/linaleon\/files\/2017\/03\/thumbnail_20170215_082553-225x300.jpg 225w, https:\/\/blog.espol.edu.ec\/linaleon\/files\/2017\/03\/thumbnail_20170215_082553-768x1024.jpg 768w, https:\/\/blog.espol.edu.ec\/linaleon\/files\/2017\/03\/thumbnail_20170215_082553.jpg 960w\" sizes=\"auto, (max-width: 225px) 100vw, 225px\" \/><\/a><\/p>\n","protected":false},"excerpt":{"rendered":"<p>Hola, Perfil profesional: Al 2017 soy una Ingeniera en auditor\u00eda y CPA, pr\u00f3xima a iniciar una maestr\u00eda en Estad\u00edstica con menci\u00f3n en Calidad y Productividad, tengo 4 a\u00f1os de experiencia en Gesti\u00f3n de Calidad, manejando ISO 9001 y trabajo para un grupo empresarial privado en Guayaquil - Ecuador. Perfil personal: Soy una mujer fuerte y [&hellip;]<\/p>\n","protected":false},"author":1698,"featured_media":0,"parent":0,"menu_order":0,"comment_status":"closed","ping_status":"closed","template":"","meta":{"footnotes":""},"class_list":["post-221","page","type-page","status-publish","hentry"],"_links":{"self":[{"href":"https:\/\/blog.espol.edu.ec\/linaleon\/wp-json\/wp\/v2\/pages\/221","targetHints":{"allow":["GET"]}}],"collection":[{"href":"https:\/\/blog.espol.edu.ec\/linaleon\/wp-json\/wp\/v2\/pages"}],"about":[{"href":"https:\/\/blog.espol.edu.ec\/linaleon\/wp-json\/wp\/v2\/types\/page"}],"author":[{"embeddable":true,"href":"https:\/\/blog.espol.edu.ec\/linaleon\/wp-json\/wp\/v2\/users\/1698"}],"replies":[{"embeddable":true,"href":"https:\/\/blog.espol.edu.ec\/linaleon\/wp-json\/wp\/v2\/comments?post=221"}],"version-history":[{"count":1,"href":"https:\/\/blog.espol.edu.ec\/linaleon\/wp-json\/wp\/v2\/pages\/221\/revisions"}],"predecessor-version":[{"id":223,"href":"https:\/\/blog.espol.edu.ec\/linaleon\/wp-json\/wp\/v2\/pages\/221\/revisions\/223"}],"wp:attachment":[{"href":"https:\/\/blog.espol.edu.ec\/linaleon\/wp-json\/wp\/v2\/media?parent=221"}],"curies":[{"name":"wp","href":"https:\/\/api.w.org\/{rel}","templated":true}]}}