{"id":47,"date":"2009-06-12T21:38:56","date_gmt":"2009-06-13T01:38:56","guid":{"rendered":"http:\/\/blog.espol.edu.ec\/linaleon\/?page_id=47"},"modified":"2009-08-23T14:46:12","modified_gmt":"2009-08-23T18:46:12","slug":"sobre-mi","status":"publish","type":"page","link":"https:\/\/blog.espol.edu.ec\/linaleon\/sobre-mi\/","title":{"rendered":"&gt;&gt;SoBrE Mi&lt;&lt;"},"content":{"rendered":"<p style=\"text-align: center\"><span style=\"color: #ffffff\">Hi, \u00a0gracias por visitar mi blog...!<\/span><\/p>\n<p style=\"text-align: justify\"><span style=\"color: #ffffff\">Mi nombre es Lilibeth, tengo 17 lindos a\u00f1itos ; )\u00a0y \u00a0vivo en el sur de la ciudad de Guayaquil.\u00a0 Mi familia est\u00e1 conformada por mis padres y mis dos hermanos.<\/span><\/p>\n<p style=\"text-align: justify\"><span style=\"color: #c0c0c0\"><\/span><\/p>\n<p style=\"text-align: justify\"><span style=\"color: #c0c0c0\"><span style=\"color: #c0c0c0\"><\/span><\/span><\/p>\n<p style=\"text-align: justify\"><span style=\"color: #ffffff\">\u00a0<\/span><a href=\"http:\/\/blog.espol.edu.ec\/linaleon\/files\/2009\/06\/varias-sony-187.jpg\"><span style=\"color: #ffffff\"><img loading=\"lazy\" decoding=\"async\" class=\"size-medium wp-image-64 alignnone\" src=\"http:\/\/blog.espol.edu.ec\/linaleon\/files\/2009\/06\/varias-sony-187-300x225.jpg\" alt=\"Mi familia\" width=\"300\" height=\"225\" srcset=\"https:\/\/blog.espol.edu.ec\/linaleon\/files\/2009\/06\/varias-sony-187-300x225.jpg 300w, https:\/\/blog.espol.edu.ec\/linaleon\/files\/2009\/06\/varias-sony-187-1024x768.jpg 1024w, https:\/\/blog.espol.edu.ec\/linaleon\/files\/2009\/06\/varias-sony-187.jpg 2048w\" sizes=\"auto, (max-width: 300px) 100vw, 300px\" \/><\/span><\/a><\/p>\n<p style=\"text-align: justify\"><a href=\"http:\/\/blog.espol.edu.ec\/linaleon\/files\/2009\/06\/varias-sony-001.jpg\"><span style=\"color: #ffffff\"><img loading=\"lazy\" decoding=\"async\" class=\"aligncenter size-medium wp-image-65\" src=\"http:\/\/blog.espol.edu.ec\/linaleon\/files\/2009\/06\/varias-sony-001-300x225.jpg\" alt=\"Familia\" width=\"300\" height=\"225\" srcset=\"https:\/\/blog.espol.edu.ec\/linaleon\/files\/2009\/06\/varias-sony-001-300x225.jpg 300w, https:\/\/blog.espol.edu.ec\/linaleon\/files\/2009\/06\/varias-sony-001-1024x768.jpg 1024w, https:\/\/blog.espol.edu.ec\/linaleon\/files\/2009\/06\/varias-sony-001.jpg 2048w\" sizes=\"auto, (max-width: 300px) 100vw, 300px\" \/><\/span><\/a><\/p>\n<p style=\"text-align: justify\"><a href=\"http:\/\/blog.espol.edu.ec\/linaleon\/files\/2009\/06\/varias-sony-004.jpg\"><span style=\"color: #ffffff\"><img loading=\"lazy\" decoding=\"async\" class=\"size-medium wp-image-66 alignnone\" src=\"http:\/\/blog.espol.edu.ec\/linaleon\/files\/2009\/06\/varias-sony-004-300x225.jpg\" alt=\"Familia\" width=\"300\" height=\"225\" srcset=\"https:\/\/blog.espol.edu.ec\/linaleon\/files\/2009\/06\/varias-sony-004-300x225.jpg 300w, https:\/\/blog.espol.edu.ec\/linaleon\/files\/2009\/06\/varias-sony-004-1024x768.jpg 1024w, https:\/\/blog.espol.edu.ec\/linaleon\/files\/2009\/06\/varias-sony-004.jpg 2048w\" sizes=\"auto, (max-width: 300px) 100vw, 300px\" \/><\/span><\/a><\/p>\n<p><span style=\"color: #ffffff\">\u00a0<\/span><\/p>\n<p style=\"text-align: justify\"><span style=\"color: #ffffff\">\u00a0Estudi\u00e9 en la Escuela \"Rep\u00fablica de Cuba\"; \u00a0me gradu\u00e9\u00a0como Contador Bachiller en el Colegio T\u00e9cnico Experimental de Comercio y Administraci\u00f3n \"Veintiocho de Mayo\" y actualmente estoy cursando mi primer semestre en la carrera de \u00a0Ingenier\u00eda en Auditor\u00eda y Contadur\u00eda P\u00fablica, \u00a0en la <\/span><a title=\"ESPOL\" href=\"http:\/\/www.espol.edu.ec\" target=\"_blank\"><span style=\"color: #ffffff\">ESCUELA SUPERIOR POLIT\u00c9CNICA DEL LITORAL<\/span><\/a><span style=\"color: #ffffff\">.<\/span><\/p>\n<div style=\"text-align: justify\">\n<p><span style=\"color: #ffffff\">\u00a0<img loading=\"lazy\" decoding=\"async\" class=\"size-full wp-image-79 alignnone\" src=\"http:\/\/blog.espol.edu.ec\/linaleon\/files\/2009\/06\/os8lkk296625-01.jpg\" alt=\"ACPA\" width=\"100\" height=\"100\" \/><\/span><\/p>\n<p style=\"text-align: left\"><span style=\"color: #ffffff\">\u00a0<\/span><a href=\"http:\/\/blog.espol.edu.ec\/linaleon\/files\/2009\/06\/l0kxh774628-01.jpg\"><span style=\"color: #ffffff\"><img loading=\"lazy\" decoding=\"async\" class=\"size-full wp-image-81 alignnone\" src=\"http:\/\/blog.espol.edu.ec\/linaleon\/files\/2009\/06\/l0kxh774628-01.jpg\" alt=\"ACPA\" width=\"100\" height=\"100\" \/><\/span><\/a><\/p>\n<p style=\"text-align: left\"><span style=\"color: #003366\"><span style=\"color: #ffffff\">De mi etapa estudiantil he ganado buenas\/os amigas\/os, pero debo mencionar al mejor grupo de amigas que tengo: A. C. P.A. (Amigas Contables de la Parte de Adelante) fundado por Adda Choco... je je. Hemos pasado momentos inolvidables. Son como mis hermanas!! <\/span><\/span><\/p>\n<div><\/div>\n<div><\/div>\n<div><\/div>\n<p><span style=\"color: #003366\"><span style=\"color: #c0c0c0\"><\/span><\/span><span style=\"color: #ffffff\">\u00a0<\/span><\/p>\n<div class=\"mceTemp\"><span style=\"color: #c0c0c0\"><a href=\"http:\/\/blog.espol.edu.ec\/linaleon\/files\/2009\/06\/os8lkk296625-01.jpg\"><\/a><\/span><\/div>\n<div class=\"mceTemp\"><span style=\"color: #ffffff\">Ah lo olvidaba! mi cumplea\u00f1os es el 26 de julio : )<\/span><\/div>\n<p><span style=\"color: #ffffff\">\u00a0Anhelo ser una gran profesional,\u00a0para esto me esfuerzo cada d\u00eda un poco m\u00e1s.<\/span><\/p>\n<p><span style=\"color: #ffffff\">\u00a0Me gustan mucho las canciones rom\u00e1nticas y cristianas; como las de Alex Campos y Jes\u00fas Adri\u00e1n Romero<br \/>\n<object width=\"425\" height=\"344\" data=\"http:\/\/www.youtube.com\/v\/VlwPoKbH5tw&amp;hl=en&amp;fs=1&amp;color1=0xcc2550&amp;color2=0xe87a9f\" type=\"application\/x-shockwave-flash\"><param name=\"allowFullScreen\" value=\"true\" \/><param name=\"allowscriptaccess\" value=\"always\" \/><param name=\"src\" value=\"http:\/\/www.youtube.com\/v\/VlwPoKbH5tw&amp;hl=en&amp;fs=1&amp;color1=0xcc2550&amp;color2=0xe87a9f\" \/><\/object><br \/>\nSi necesitan conocer m\u00e1s de mi les dejo mi corrreo<br \/>\nlili_leon267@hotmail.com<br \/>\nCorreo ESPOL: linaleon@espol.edu.ec<\/span><\/p>\n<p><span style=\"color: #ffffff\">\u00a0<\/span><\/p>\n<p><span style=\"color: #ffffff\">\u00a0<\/span><\/p>\n<p><span style=\"color: #ffffff\">\u00a0<\/span><\/p>\n<p><span style=\"color: #ffffff\">\u00a0<\/span><\/p>\n<p><span style=\"color: #ffffff\">\u00a0<\/span><\/p>\n<p><span style=\"color: #ffffff\">\u00a0<\/span><\/p>\n<p><span style=\"color: #ffffff\">\u00a0<\/span><\/p>\n<p><span style=\"color: #ffffff\">\u00a0<\/span><\/p>\n<p>\u00a0<\/p><\/div>\n","protected":false},"excerpt":{"rendered":"<p>Hi, \u00a0gracias por visitar mi blog...! Mi nombre es Lilibeth, tengo 17 lindos a\u00f1itos ; )\u00a0y \u00a0vivo en el sur de la ciudad de Guayaquil.\u00a0 Mi familia est\u00e1 conformada por mis padres y mis dos hermanos. \u00a0 \u00a0 \u00a0Estudi\u00e9 en la Escuela \"Rep\u00fablica de Cuba\"; \u00a0me gradu\u00e9\u00a0como Contador Bachiller en el Colegio T\u00e9cnico Experimental de [&hellip;]<\/p>\n","protected":false},"author":1698,"featured_media":0,"parent":0,"menu_order":0,"comment_status":"open","ping_status":"open","template":"","meta":{"footnotes":""},"class_list":["post-47","page","type-page","status-publish","hentry"],"_links":{"self":[{"href":"https:\/\/blog.espol.edu.ec\/linaleon\/wp-json\/wp\/v2\/pages\/47","targetHints":{"allow":["GET"]}}],"collection":[{"href":"https:\/\/blog.espol.edu.ec\/linaleon\/wp-json\/wp\/v2\/pages"}],"about":[{"href":"https:\/\/blog.espol.edu.ec\/linaleon\/wp-json\/wp\/v2\/types\/page"}],"author":[{"embeddable":true,"href":"https:\/\/blog.espol.edu.ec\/linaleon\/wp-json\/wp\/v2\/users\/1698"}],"replies":[{"embeddable":true,"href":"https:\/\/blog.espol.edu.ec\/linaleon\/wp-json\/wp\/v2\/comments?post=47"}],"version-history":[{"count":25,"href":"https:\/\/blog.espol.edu.ec\/linaleon\/wp-json\/wp\/v2\/pages\/47\/revisions"}],"predecessor-version":[{"id":50,"href":"https:\/\/blog.espol.edu.ec\/linaleon\/wp-json\/wp\/v2\/pages\/47\/revisions\/50"}],"wp:attachment":[{"href":"https:\/\/blog.espol.edu.ec\/linaleon\/wp-json\/wp\/v2\/media?parent=47"}],"curies":[{"name":"wp","href":"https:\/\/api.w.org\/{rel}","templated":true}]}}