{"id":36,"date":"2016-05-28T20:53:29","date_gmt":"2016-05-28T20:53:29","guid":{"rendered":"http:\/\/blog.espol.edu.ec\/liparodr\/?page_id=36"},"modified":"2016-05-28T21:50:35","modified_gmt":"2016-05-28T21:50:35","slug":"historia","status":"publish","type":"page","link":"https:\/\/blog.espol.edu.ec\/liparodr\/historia\/","title":{"rendered":"Historia"},"content":{"rendered":"<p style=\"text-align: left\">Cartoon Network Latinoam\u00e9rica es un complejo de cuatro canales de cable pertenecientes a Cartoon Network Inc., la cual a su vez pertenece a Turner Broadcasting System y operados por Time Warner Company. Fue lanzado el 30 de abril de 1993, convirti\u00e9ndose r\u00e1pidamente en el canal de animaci\u00f3n preferido por el p\u00fablico Latinoamericano.<\/p>\n<p>La mayor parte de la programaci\u00f3n, son producciones originales producidas por los Estudios Cartoon Network en Estados Unidos con novedades y adaptaciones especializadas para el p\u00fablico residente en Latinoam\u00e9rica. En los \u00faltimos 15 a\u00f1os, Cartoon Network Latinoam\u00e9rica ha combinado los dibujos animados favoritos de todos los tiempos provenientes de la biblioteca de la animaci\u00f3n m\u00e1s grande del mundo junto con los dibujos animados originales, innovadores, ganadores de premios y con la adquisici\u00f3n tambi\u00e9n de nuevas series de dibujos animados para proveer entretenimiento al p\u00fablico de todas las edades.<\/p>\n<p>Entre los ni\u00f1os de 6 a 12 a\u00f1os, 10 de los 15 programas favoritos son presentados por Cartoon Network Latinoam\u00e9rica, incluyendo Cartoon Cartoons (tales como Las Chicas Superpoderosas, El Laboratorio de Dexter, La Vaca y el Pollito, Johnny Bravo y Coraje, el Perro Cobarde), los favoritos de siempre (como Scooby-Doo, Tom &amp; Jerry y los Looney Tunes) y las reconocidas adquisiciones mundiales Pok\u00e9mon y Dragon Ball<\/p>\n<p>Cartoon Network atrae personas de todas las edades; ni\u00f1os de 7-12 a\u00f1os, j\u00f3venes de 13-17 a\u00f1os y adultos de 18-24 a\u00f1os, siendo as\u00ed la segunda cadena televisiva de m\u00e1s alto rating en Latinoam\u00e9rica.<\/p>\n<p><img loading=\"lazy\" decoding=\"async\" class=\"alignnone size-medium wp-image-30\" src=\"http:\/\/blog.espol.edu.ec\/liparodr\/files\/2016\/05\/Cartoon-Network-Original-LOGO-1-300x86.png\" alt=\"Cartoon-Network-Original-LOGO\" width=\"300\" height=\"86\" srcset=\"https:\/\/blog.espol.edu.ec\/liparodr\/files\/2016\/05\/Cartoon-Network-Original-LOGO-1-300x86.png 300w, https:\/\/blog.espol.edu.ec\/liparodr\/files\/2016\/05\/Cartoon-Network-Original-LOGO-1-768x219.png 768w, https:\/\/blog.espol.edu.ec\/liparodr\/files\/2016\/05\/Cartoon-Network-Original-LOGO-1-1024x292.png 1024w, https:\/\/blog.espol.edu.ec\/liparodr\/files\/2016\/05\/Cartoon-Network-Original-LOGO-1.png 2000w\" sizes=\"auto, (max-width: 300px) 100vw, 300px\" \/><\/p>\n<p style=\"text-align: left\">\n","protected":false},"excerpt":{"rendered":"<p>Cartoon Network Latinoam\u00e9rica es un complejo de cuatro canales de cable pertenecientes a Cartoon Network Inc., la cual a su vez pertenece a Turner Broadcasting System y operados por Time Warner Company. Fue lanzado el 30 de abril de 1993, convirti\u00e9ndose r\u00e1pidamente en el canal de animaci\u00f3n preferido por el p\u00fablico Latinoamericano. La mayor parte [&hellip;]<\/p>\n","protected":false},"author":10284,"featured_media":0,"parent":0,"menu_order":0,"comment_status":"closed","ping_status":"closed","template":"","meta":{"footnotes":""},"class_list":["post-36","page","type-page","status-publish","hentry"],"_links":{"self":[{"href":"https:\/\/blog.espol.edu.ec\/liparodr\/wp-json\/wp\/v2\/pages\/36","targetHints":{"allow":["GET"]}}],"collection":[{"href":"https:\/\/blog.espol.edu.ec\/liparodr\/wp-json\/wp\/v2\/pages"}],"about":[{"href":"https:\/\/blog.espol.edu.ec\/liparodr\/wp-json\/wp\/v2\/types\/page"}],"author":[{"embeddable":true,"href":"https:\/\/blog.espol.edu.ec\/liparodr\/wp-json\/wp\/v2\/users\/10284"}],"replies":[{"embeddable":true,"href":"https:\/\/blog.espol.edu.ec\/liparodr\/wp-json\/wp\/v2\/comments?post=36"}],"version-history":[{"count":4,"href":"https:\/\/blog.espol.edu.ec\/liparodr\/wp-json\/wp\/v2\/pages\/36\/revisions"}],"predecessor-version":[{"id":58,"href":"https:\/\/blog.espol.edu.ec\/liparodr\/wp-json\/wp\/v2\/pages\/36\/revisions\/58"}],"wp:attachment":[{"href":"https:\/\/blog.espol.edu.ec\/liparodr\/wp-json\/wp\/v2\/media?parent=36"}],"curies":[{"name":"wp","href":"https:\/\/api.w.org\/{rel}","templated":true}]}}