{"id":38,"date":"2016-05-28T21:11:26","date_gmt":"2016-05-28T21:11:26","guid":{"rendered":"http:\/\/blog.espol.edu.ec\/liparodr\/?page_id=38"},"modified":"2016-05-28T21:35:31","modified_gmt":"2016-05-28T21:35:31","slug":"top-10","status":"publish","type":"page","link":"https:\/\/blog.espol.edu.ec\/liparodr\/top-10\/","title":{"rendered":"Top 10"},"content":{"rendered":"<p># 1 \" LA vaca y el pollito\"<\/p>\n<p>La vaca\u00a0y el Pollito es una serie de dibujos animados de la d\u00e9cada de 1990 creada por David Feiss para Cartoon Network.<br \/>\nLa vaca\u00a0y el pollito trata sobre las aventuras de dos hermanos, una vaca\u00a0y un pollo. Sus padres son un par de piernas cada uno sin torso y casi siempre los hermanos son atormentados por Rojo, un personaje similar a un diablo que usa distintos personajes para hacer de las suyas, y que nunca trae pantalones.<\/p>\n<p><img loading=\"lazy\" decoding=\"async\" class=\"alignnone size-medium wp-image-39\" src=\"http:\/\/blog.espol.edu.ec\/liparodr\/files\/2016\/05\/1-300x225.jpg\" alt=\"1\" width=\"300\" height=\"225\" srcset=\"https:\/\/blog.espol.edu.ec\/liparodr\/files\/2016\/05\/1-300x225.jpg 300w, https:\/\/blog.espol.edu.ec\/liparodr\/files\/2016\/05\/1.jpg 600w\" sizes=\"auto, (max-width: 300px) 100vw, 300px\" \/><\/p>\n<p>#2 \" Las chicas s\u00faper poderosas\"<\/p>\n<p>La historia comienza cuando el Profesor Utonio hace un experimento tratando de crear a la ni\u00f1ita perfecta mezclando az\u00facar, flores y muchos colores, ya que se sent\u00eda muy solo en su casa y con la misma se convertir\u00eda en un bello hogar, situado a las afueras de la ciudad de Saltadilla . Pero accidentalmente agreg\u00f3 un ingrediente a la formula \"La Sustancia X\",y tras una explosi\u00f3n as\u00ed nacieron las chicas super poderosas, con sus ultra super poderes, Bomb\u00f3m, Burbuja y Bellota, aunque en un capitulo dicen que el profesor tenia un mono como mascota, quien era muy travieso y hace que el profesor tropiece y agregue la sustancia X, la radiaci\u00f3n de esta sustancia le da al monito un super cerebro que lo dota de gran inteligencia, pero dado el rechazo del profesor, \u00e9ste se va y se convierte en el enemigo de las chicas, buscando siempre destruirlas y conquistar la ciudad. Bomb\u00f3n , es un ni\u00f1a muy inteligente, viste color rosa y es la l\u00edder del grupo; Burbuja es m\u00e1s tranquila e infantil, se viste siempre de celeste, tiene la capacidad de hablar con los animales y duerme siempre con su mu\u00f1eco Pulpi, un pulpo violeta con un sombrero; Bellota es la m\u00e1s valiente del grupo, por lo general su car\u00e1cter es rudo y, a menudo, se enoja con Bomb\u00f3n, por ser tan mandona, y Burbuja, por llorar tanto y ser ingenua.<\/p>\n<p><img loading=\"lazy\" decoding=\"async\" class=\"alignnone size-medium wp-image-40\" src=\"http:\/\/blog.espol.edu.ec\/liparodr\/files\/2016\/05\/chicas-superpoderosas-latino-temporada-4-300x300.gif\" alt=\"chicas-superpoderosas-latino-temporada-4\" width=\"300\" height=\"300\" srcset=\"https:\/\/blog.espol.edu.ec\/liparodr\/files\/2016\/05\/chicas-superpoderosas-latino-temporada-4-300x300.gif 300w, https:\/\/blog.espol.edu.ec\/liparodr\/files\/2016\/05\/chicas-superpoderosas-latino-temporada-4-150x150.gif 150w, https:\/\/blog.espol.edu.ec\/liparodr\/files\/2016\/05\/chicas-superpoderosas-latino-temporada-4-50x50.gif 50w\" sizes=\"auto, (max-width: 300px) 100vw, 300px\" \/><\/p>\n<p>#3 \u00a0\"Johnny Bravo\"<\/p>\n<p>Johnny Bravo es una serie de dibujos animados sobre una persona inocentemente engre\u00edda, que persigue a todas las mujeres que pasan por su lado. Busca constantemente una mujer que est\u00e9 dispuesta a quedar con \u00e9l, pero incluso cuando parece que encuentra una, las cosas salen mal. Johnny Bravo se parece a James Dean y es tremendamente narcisista. Vive en una ciudad ficticia llamada Aron City.<\/p>\n<p><img loading=\"lazy\" decoding=\"async\" class=\"alignnone size-medium wp-image-41\" src=\"http:\/\/blog.espol.edu.ec\/liparodr\/files\/2016\/05\/johnny-bravo-wallpaper-300x225.gif\" alt=\"johnny-bravo-wallpaper\" width=\"300\" height=\"225\" srcset=\"https:\/\/blog.espol.edu.ec\/liparodr\/files\/2016\/05\/johnny-bravo-wallpaper-300x225.gif 300w, https:\/\/blog.espol.edu.ec\/liparodr\/files\/2016\/05\/johnny-bravo-wallpaper-768x576.gif 768w, https:\/\/blog.espol.edu.ec\/liparodr\/files\/2016\/05\/johnny-bravo-wallpaper-1024x768.gif 1024w\" sizes=\"auto, (max-width: 300px) 100vw, 300px\" \/><\/p>\n<p># 4 \"Scooby Doo\"<\/p>\n<p>Trata de\u00a0un perro de raza gran dan\u00e9s parlante llamado Scooby-Doo y a cuatro adolescentes llamados Fred Jones, Daphne Blake, Vilma Dinkley y Shaggy Rogers, los cuales viajan a lo largo del mundo en una camioneta llamada \"La M\u00e1quina del Misterio\" (Mystery Machine en su t\u00e9rmino original), por la cual se transportan de un lugar a otro resolviendo misterios relacionados con fantasmas y otras fuerzas sobrenaturales. Al final de cada episodio, las fuerzas sobrenaturales tienen una explicaci\u00f3n racional generalmente un criminal que espanta a la gente para poder cometer sus cr\u00edmenes . Posteriores temporadas del programa presentaron variaciones en el tema sobrenatural, e incluyeron nuevos personajes, como el primo de Scooby, Scooby-Dum y su sobrino, Scrappy-Doo.<\/p>\n<p><img loading=\"lazy\" decoding=\"async\" class=\"alignnone size-medium wp-image-46\" src=\"http:\/\/blog.espol.edu.ec\/liparodr\/files\/2016\/05\/scooby-doo-tv-01-300x209.jpg\" alt=\"scooby-doo-tv-01\" width=\"300\" height=\"209\" srcset=\"https:\/\/blog.espol.edu.ec\/liparodr\/files\/2016\/05\/scooby-doo-tv-01-300x209.jpg 300w, https:\/\/blog.espol.edu.ec\/liparodr\/files\/2016\/05\/scooby-doo-tv-01-400x280.jpg 400w, https:\/\/blog.espol.edu.ec\/liparodr\/files\/2016\/05\/scooby-doo-tv-01.jpg 445w\" sizes=\"auto, (max-width: 300px) 100vw, 300px\" \/><\/p>\n<p># 5 \" El laboratorio de Dexter\"<\/p>\n<p>Dexter es un ni\u00f1o cient\u00edfico pelirrojo de 10 a\u00f1os de edad, tiene un laboratorio secreto donde guarda todos sus experimentos, al que accede diciendo varias contrase\u00f1as o activando los interruptores ocultos en un estante para libros, que es realmente una puerta. En muchas ocasiones accede a su laboratorio presionando un bot\u00f3n dentro de un libro en especial, y a veces identificarse leyendo la retina de sus ojos, o hasta identificarse con su voz.<br \/>\nDexter est\u00e1 casi siempre en conflicto con su desagradable y odiosa hermana, Dee-Dee, a quien le encanta invadir el laboratorio de su hermano y destruir todas sus creaciones. Lo inexplicable es c\u00f3mo siempre logra Dee-Dee entrar a su laboratorio. Muchos de los episodios giran alrededor de este tema.<\/p>\n<p><img loading=\"lazy\" decoding=\"async\" class=\"alignnone size-medium wp-image-44\" src=\"http:\/\/blog.espol.edu.ec\/liparodr\/files\/2016\/05\/dexterlabs-220x300.jpg\" alt=\"dexterlabs\" width=\"220\" height=\"300\" srcset=\"https:\/\/blog.espol.edu.ec\/liparodr\/files\/2016\/05\/dexterlabs-220x300.jpg 220w, https:\/\/blog.espol.edu.ec\/liparodr\/files\/2016\/05\/dexterlabs-768x1047.jpg 768w, https:\/\/blog.espol.edu.ec\/liparodr\/files\/2016\/05\/dexterlabs-751x1024.jpg 751w, https:\/\/blog.espol.edu.ec\/liparodr\/files\/2016\/05\/dexterlabs.jpg 1000w\" sizes=\"auto, (max-width: 220px) 100vw, 220px\" \/><\/p>\n<p>#6 \"Ed, Edd y Eddy\"<\/p>\n<p>Ed, Edd y Eddy es una serie animada c\u00f3mica producida por Cartoon Network. La serie fue estrenada el 4 de enero de 1999 en Estados Unidos teniendo como pa\u00eds productor a Canad\u00e1. El creador de la serie es el dibujante canadiense Danny Antonucci. La serie trata de tres chicos que hacen estafas para conseguir caramelos gigantes y har\u00e1n lo que sea para obtenerlos. Actualmente se puede ver en televisi\u00f3n por Cartoon Network. La empresa productora de la serie se llama AKA CARTOON, que es adem\u00e1s la empresa del creador.<br \/>\nLa serie acab\u00f3 el d\u00eda 8 de noviembre de 2009 tras la emisi\u00f3n de su pel\u00edcula en Estados Unidos, despu\u00e9s de 10 a\u00f1os inconclusa, AKA CARTOON public\u00f3 en la prensa declaraciones por escritos que afirmaban que la pel\u00edcula representaba el aflictivo fin de Ed, Edd y Eddy.<\/p>\n<p><img loading=\"lazy\" decoding=\"async\" class=\"alignnone size-medium wp-image-45\" src=\"http:\/\/blog.espol.edu.ec\/liparodr\/files\/2016\/05\/Ed_edd_n_eddy-300x229.jpg\" alt=\"Ed,_edd_n_eddy\" width=\"300\" height=\"229\" srcset=\"https:\/\/blog.espol.edu.ec\/liparodr\/files\/2016\/05\/Ed_edd_n_eddy-300x229.jpg 300w, https:\/\/blog.espol.edu.ec\/liparodr\/files\/2016\/05\/Ed_edd_n_eddy.jpg 500w\" sizes=\"auto, (max-width: 300px) 100vw, 300px\" \/><\/p>\n<p>#7 \" Los chicos del barrio\"<\/p>\n<p>La serie, de contenido infantil y con caracteres tomados del g\u00e9nero de espionaje y de aventuras; basada en la vida de un grupo de cinco ni\u00f1os (Sector V) que encaran la lucha sin cuartel contra la tiran\u00eda de los adolescentes y adultos que intentan imponer su disciplina y sus reglas a los ni\u00f1os de toda la Tierra. Al principio no aceptaban ni\u00f1as. Su residencia es en la Casa del \u00c1rbol y all\u00ed toman sus decisiones como grupo aunque reciben \u00f3rdenes del comando central ubicado en la Base Lunar. Su famoso lema es \"Est\u00e1s con nosotros o eres un viejo\" y sino una m\u00e1s conocida \"Somos los chicos del Barrio\"<\/p>\n<p><img loading=\"lazy\" decoding=\"async\" class=\"alignnone size-medium wp-image-49\" src=\"http:\/\/blog.espol.edu.ec\/liparodr\/files\/2016\/05\/D9F_zero-300x252.gif\" alt=\"D9F_zero\" width=\"300\" height=\"252\" \/><\/p>\n<p>#8 \" Billy y Mandy\"<\/p>\n<p>La serie cuenta las diversas aventuras de dos ni\u00f1os: el idiota, optimista, y repulsivo Billy\u00a0y su amiga, la oscura, c\u00ednica, y despiadada Mandy. La vida de ambos recordar\u00eda a la de cualquier otro ni\u00f1o de su edad, salvo por una peque\u00f1a diferencia: tienen como inseparable amigo a la Muerte, conocido como \"Puro Hueso\"\u00a0Este se ve obligado a convivir con ellos para siempre tras perder una rid\u00edcula apuesta que decidir\u00eda la vida de \"Don Bigotes\", el h\u00e1mster de\u00a0Billy<\/p>\n<p>A partir de entonces, \"Puro Hueso\"\u00a0es forzado a convivir con ellos en la ciudad de Endsville, compartiendo con ellos los t\u00edpicos problemas de la vida diaria: escuela, amigos, viajes a lugares sobrenaturales, o la defensa del vecindario ante la amenaza de varios seres del submundo.<\/p>\n<p><img loading=\"lazy\" decoding=\"async\" class=\"alignnone size-medium wp-image-48\" src=\"http:\/\/blog.espol.edu.ec\/liparodr\/files\/2016\/05\/maxresdefault-1-300x169.jpg\" alt=\"maxresdefault (1)\" width=\"300\" height=\"169\" srcset=\"https:\/\/blog.espol.edu.ec\/liparodr\/files\/2016\/05\/maxresdefault-1-300x169.jpg 300w, https:\/\/blog.espol.edu.ec\/liparodr\/files\/2016\/05\/maxresdefault-1-768x432.jpg 768w, https:\/\/blog.espol.edu.ec\/liparodr\/files\/2016\/05\/maxresdefault-1-1024x576.jpg 1024w, https:\/\/blog.espol.edu.ec\/liparodr\/files\/2016\/05\/maxresdefault-1.jpg 1920w\" sizes=\"auto, (max-width: 300px) 100vw, 300px\" \/><\/p>\n<p>&nbsp;<\/p>\n<p>#9 \"Coraje el perro cobarde\"<\/p>\n<p>Coraje, el perro cobarde, es una serie animada producida por Cartoon Network y Stretch Films Studios que fue creada por John R. Dilworth, quien dirigi\u00f3 cada episodio. La historia trata sobre un perro llamado Coraje y sus due\u00f1os: Muriel, una vieja mujer escocesa, y Justo\/Eustaquio, un viejo agricultor gru\u00f1\u00f3n. Este perro vive para salvarles la vida de tenebrosos monstruos, extraterrestres y otras criaturas m\u00edticas. En general, es una serie animada de humor negro y horror con elementos simbolistas y surrealistas.<\/p>\n<p><img loading=\"lazy\" decoding=\"async\" class=\"alignnone size-medium wp-image-50\" src=\"http:\/\/blog.espol.edu.ec\/liparodr\/files\/2016\/05\/x240-txX-300x225.jpg\" alt=\"x240-txX\" width=\"300\" height=\"225\" srcset=\"https:\/\/blog.espol.edu.ec\/liparodr\/files\/2016\/05\/x240-txX-300x225.jpg 300w, https:\/\/blog.espol.edu.ec\/liparodr\/files\/2016\/05\/x240-txX.jpg 320w\" sizes=\"auto, (max-width: 300px) 100vw, 300px\" \/><\/p>\n<p>#10 \" Los supers\u00f3nicos\"<\/p>\n<p>Los Supers\u00f3nicos (cuyo t\u00edtulo original es The Jetsons) es una serie animada\u00a0creada en 1962; durante a\u00f1os la audiencia lo compar\u00f3 con una versi\u00f3n futurista de Los Picapiedra<span style=\"font-size: 10px\">.\u00a0<\/span>\u00a0<i>Los Supers\u00f3nicos<\/i> se encuentran en el a\u00f1o 2062 donde, seg\u00fan la serie, \"viviremos\" en casas suspendidas en el aire mediante enormes soportes y nos \"transportaremos\" en aeroautos.<\/p>\n<p><img loading=\"lazy\" decoding=\"async\" class=\"alignnone size-medium wp-image-52\" src=\"http:\/\/blog.espol.edu.ec\/liparodr\/files\/2016\/05\/4890-211x300.jpg\" alt=\"4890\" width=\"211\" height=\"300\" srcset=\"https:\/\/blog.espol.edu.ec\/liparodr\/files\/2016\/05\/4890-211x300.jpg 211w, https:\/\/blog.espol.edu.ec\/liparodr\/files\/2016\/05\/4890.jpg 367w\" sizes=\"auto, (max-width: 211px) 100vw, 211px\" \/><\/p>\n","protected":false},"excerpt":{"rendered":"<p># 1 \" LA vaca y el pollito\" La vaca\u00a0y el Pollito es una serie de dibujos animados de la d\u00e9cada de 1990 creada por David Feiss para Cartoon Network. La vaca\u00a0y el pollito trata sobre las aventuras de dos hermanos, una vaca\u00a0y un pollo. Sus padres son un par de piernas cada uno sin [&hellip;]<\/p>\n","protected":false},"author":10284,"featured_media":0,"parent":0,"menu_order":0,"comment_status":"closed","ping_status":"closed","template":"","meta":{"footnotes":""},"class_list":["post-38","page","type-page","status-publish","hentry"],"_links":{"self":[{"href":"https:\/\/blog.espol.edu.ec\/liparodr\/wp-json\/wp\/v2\/pages\/38","targetHints":{"allow":["GET"]}}],"collection":[{"href":"https:\/\/blog.espol.edu.ec\/liparodr\/wp-json\/wp\/v2\/pages"}],"about":[{"href":"https:\/\/blog.espol.edu.ec\/liparodr\/wp-json\/wp\/v2\/types\/page"}],"author":[{"embeddable":true,"href":"https:\/\/blog.espol.edu.ec\/liparodr\/wp-json\/wp\/v2\/users\/10284"}],"replies":[{"embeddable":true,"href":"https:\/\/blog.espol.edu.ec\/liparodr\/wp-json\/wp\/v2\/comments?post=38"}],"version-history":[{"count":5,"href":"https:\/\/blog.espol.edu.ec\/liparodr\/wp-json\/wp\/v2\/pages\/38\/revisions"}],"predecessor-version":[{"id":53,"href":"https:\/\/blog.espol.edu.ec\/liparodr\/wp-json\/wp\/v2\/pages\/38\/revisions\/53"}],"wp:attachment":[{"href":"https:\/\/blog.espol.edu.ec\/liparodr\/wp-json\/wp\/v2\/media?parent=38"}],"curies":[{"name":"wp","href":"https:\/\/api.w.org\/{rel}","templated":true}]}}