{"id":149,"date":"2010-07-31T20:30:22","date_gmt":"2010-07-31T20:30:22","guid":{"rendered":"http:\/\/blog.espol.edu.ec\/lisethb\/?page_id=149"},"modified":"2010-08-02T01:19:57","modified_gmt":"2010-08-02T01:19:57","slug":"yop-lis","status":"publish","type":"page","link":"https:\/\/blog.espol.edu.ec\/lisethb\/yop-lis\/","title":{"rendered":"yop...(lis)"},"content":{"rendered":"<p style=\"text-align: left\">hola soy liseth( lis) nac\u00ed en ec<a href=\"http:\/\/blog.espol.edu.ec\/lisethb\/files\/2010\/07\/goli.jpg\"><img loading=\"lazy\" decoding=\"async\" class=\"alignleft size-medium wp-image-177\" title=\"goli\" src=\"http:\/\/blog.espol.edu.ec\/lisethb\/files\/2010\/07\/goli-300x225.jpg\" alt=\"\" width=\"250\" height=\"225\" \/><\/a>uador el 1 de Septiembre de 1992\u00a0 y soy guayaquile\u00f1a de coraz\u00f3n. Mis padres  son Andres Y Monica ya tienen 30 a\u00f1os de casados. tengo 4 hermanos Andres Santiago Jairo y Diego y tambien tengo tres perritos ellos son  Rooyer, Lisa y Dika siempre me escuchan y no me reprochan nada.<\/p>\n<p>Bueno tengo 17 a\u00f1os mi primaria estudie en la escuela \"BOLIVAR CALI BAJA\u00d1A\", fue una linda experiencia porq hay obtuve grandes conocimientos y valores que hoy en dia me han convertido en lo que soy. En esa escuela conoci a mi mejor amiga kerly.<br \/>\nEn la secundaria estuve en el Colegio de se\u00f1oritas Dr.Jorge Carrera Andrade mi especilalidad era Contabilidad.<br \/>\nCuando estaba en el colegio mi vida era muy distinta a la de ahora porq desde q me gradue se lo que es en realidad las responsabilidades.<\/p>\n<p style=\"text-align: left\"><strong><span style=\"text-decoration: underline\"><span style=\"color: #ff0000\">LISETH\u2665 STEFANIA<br \/>\n<\/span><\/span><\/strong><\/p>\n<p style=\"text-align: left\">Soy una chica m<a href=\"http:\/\/blog.espol.edu.ec\/lisethb\/files\/2010\/07\/IMG01714.jpg\"><img loading=\"lazy\" decoding=\"async\" class=\"alignleft size-medium wp-image-179\" title=\"IMG01714\" src=\"http:\/\/blog.espol.edu.ec\/lisethb\/files\/2010\/07\/IMG01714-300x225.jpg\" alt=\"\" width=\"300\" height=\"225\" srcset=\"https:\/\/blog.espol.edu.ec\/lisethb\/files\/2010\/07\/IMG01714-300x225.jpg 300w, https:\/\/blog.espol.edu.ec\/lisethb\/files\/2010\/07\/IMG01714-1024x768.jpg 1024w, https:\/\/blog.espol.edu.ec\/lisethb\/files\/2010\/07\/IMG01714.jpg 1600w\" sizes=\"auto, (max-width: 300px) 100vw, 300px\" \/><\/a>uy tierna me gusta escuchar a las personas y tratar de ayudarlas, soy responsable y honesta siempre he creido que lo mejor para que una amistad se conserve es ser sincero y grato porq asi demostramos los sentimientos hacia las demas personas.<\/p>\n<p style=\"text-align: left\">Soy amigable divertida espont\u00e1nea suelo ser algo resentida cuando me tratan mal,,,,, siento que hago sentir bien a las demas personas, me gusta conversar mucho (no me gusta estar callada y ocultar lo q pienso o siento).<\/p>\n<p style=\"text-align: left\">Lo mas importante para mi son mis padres porq gracias a ellos soy lo que soy , ellos me apoyan en todo y eso me tiene muy convencida de que mi prioridad son ellos otorgarles el mismo amor y dedicacion que ellos me han dado.<\/p>\n<p style=\"text-align: left\">ahhhh... me olvidaba me encantan los animales ... me fascinan los perros,,,\u00a0 lo que si no me gusta y le tengo fobia es a los pollo, gallinas, patos etc.<\/p>\n<p style=\"text-align: left\">Siempre estoy sonriente\u00a0 :-)aunque este triste o enojada ,,amo estar junto con mis padres estar estudiando en Espol y sobre todo poder brindar amor a las demas personas porq de que vale que me sacrifique o que obtenga de todo si no comparto con los demas .<\/p>\n<p style=\"text-align: left\">ahhh soy de la LIGA .. mi equipo... \u2665<\/p>\n<p style=\"text-align: left\">mi pasatiempo: conversar y estudiar<\/p>\n<p style=\"text-align: left\">Tipo de musica q me agrada: romanticas( baladas, salsa, etc)<\/p>\n<p style=\"text-align: left\">Signo: virgo<\/p>\n<p style=\"text-align: left\">Nick: Lis<\/p>\n<p style=\"text-align: left\">Comida Favorita: Arroz con menestra y pollo ( soy guayaca)<\/p>\n<p style=\"text-align: left\">mis defectos: resentida<\/p>\n<p style=\"text-align: left\">Cualidad: tengo de todo un poquito<\/p>\n<p style=\"text-align: left\">\n<p style=\"text-align: left\">\n<p style=\"text-align: left\"><strong><span style=\"color: #ff0000\"><span style=\"color: #000000\"> <\/span><\/span><span style=\"text-decoration: underline\"><span style=\"color: #ff0000\"><br \/>\n<\/span><\/span><\/strong><\/p>\n","protected":false},"excerpt":{"rendered":"<p>hola soy liseth( lis) nac\u00ed en ecuador el 1 de Septiembre de 1992\u00a0 y soy guayaquile\u00f1a de coraz\u00f3n. Mis padres son Andres Y Monica ya tienen 30 a\u00f1os de casados. tengo 4 hermanos Andres Santiago Jairo y Diego y tambien tengo tres perritos ellos son Rooyer, Lisa y Dika siempre me escuchan y no me [&hellip;]<\/p>\n","protected":false},"author":3976,"featured_media":0,"parent":0,"menu_order":0,"comment_status":"open","ping_status":"open","template":"","meta":{"footnotes":""},"class_list":["post-149","page","type-page","status-publish","hentry"],"_links":{"self":[{"href":"https:\/\/blog.espol.edu.ec\/lisethb\/wp-json\/wp\/v2\/pages\/149","targetHints":{"allow":["GET"]}}],"collection":[{"href":"https:\/\/blog.espol.edu.ec\/lisethb\/wp-json\/wp\/v2\/pages"}],"about":[{"href":"https:\/\/blog.espol.edu.ec\/lisethb\/wp-json\/wp\/v2\/types\/page"}],"author":[{"embeddable":true,"href":"https:\/\/blog.espol.edu.ec\/lisethb\/wp-json\/wp\/v2\/users\/3976"}],"replies":[{"embeddable":true,"href":"https:\/\/blog.espol.edu.ec\/lisethb\/wp-json\/wp\/v2\/comments?post=149"}],"version-history":[{"count":5,"href":"https:\/\/blog.espol.edu.ec\/lisethb\/wp-json\/wp\/v2\/pages\/149\/revisions"}],"predecessor-version":[{"id":153,"href":"https:\/\/blog.espol.edu.ec\/lisethb\/wp-json\/wp\/v2\/pages\/149\/revisions\/153"}],"wp:attachment":[{"href":"https:\/\/blog.espol.edu.ec\/lisethb\/wp-json\/wp\/v2\/media?parent=149"}],"curies":[{"name":"wp","href":"https:\/\/api.w.org\/{rel}","templated":true}]}}