{"id":211,"date":"2010-08-10T11:34:29","date_gmt":"2010-08-10T11:34:29","guid":{"rendered":"http:\/\/blog.espol.edu.ec\/lisethb\/?page_id=211"},"modified":"2010-08-10T11:45:43","modified_gmt":"2010-08-10T11:45:43","slug":"mis-amigos","status":"publish","type":"page","link":"https:\/\/blog.espol.edu.ec\/lisethb\/mis-amigos\/","title":{"rendered":"mis amigos"},"content":{"rendered":"<p><a href=\"http:\/\/blog.espol.edu.ec\/lisethb\/files\/2010\/08\/39170_1511949805960_1450832654_1301565_2077068_n.jpg\"><img loading=\"lazy\" decoding=\"async\" class=\"alignleft size-medium wp-image-218\" title=\"39170_1511949805960_1450832654_1301565_2077068_n\" src=\"http:\/\/blog.espol.edu.ec\/lisethb\/files\/2010\/08\/39170_1511949805960_1450832654_1301565_2077068_n-300x225.jpg\" alt=\"\" width=\"122\" height=\"124\" \/><\/a><span style=\"color: #ff00ff\">hola aki le doy un espacio a mis amigos , personas que estan conmigo , bueno no es necesrio que seamos amigos de toda la vida o\u00a0 desde hace tiempo para poder tener una linda amistad , ya que\u00a0 ellos se han sabido ganar u espacio en mi coraz\u00f3n y mi confianza.<\/span><\/p>\n<p><span style=\"color: #ff00ff\">Con ellos he compartido mi vida en ESPOL y a demas risas, tristezas, corajes , hasta locuras, considero que son estupendos, cada uno tiene algo que lo hace especial. iniciare con :<\/span><\/p>\n<p><span style=\"color: #00ccff\"><span style=\"text-decoration: underline\">jofre Wickenhauser:<\/span><\/span><\/p>\n<p><a href=\"http:\/\/blog.espol.edu.ec\/lisethb\/files\/2010\/08\/39480_1520724265316_1450832654_1324887_661867_n1.jpg\"><img loading=\"lazy\" decoding=\"async\" class=\"alignright size-thumbnail wp-image-220\" title=\"39480_1520724265316_1450832654_1324887_661867_n\" src=\"http:\/\/blog.espol.edu.ec\/lisethb\/files\/2010\/08\/39480_1520724265316_1450832654_1324887_661867_n1-150x150.jpg\" alt=\"\" width=\"150\" height=\"150\" \/><\/a>Bueno \u00e9l es mi mejor amigo, no estudia conmigo en la ESPOL pero comporto con \u00e9l\u00a0 cada experiencia que\u00a0 tengo de la universidad. Siempre me hace sonreir trata de alegrarme el dia, se preocupa si ya comi si ya llegue ,si entendi las materias etc, es como un hermano para mi\u2665 ... \u00c9l es super divertido, es amable, algo desatado, es super amiguero, juju es algo celoso (siempre) , le encanta conversar , dar consejos y sobre todo tratar de hacer sentir bien a las dem\u00e1s personas, es muy cari\u00f1oso.<\/p>\n<p>Cualidad: amable, honesto<\/p>\n<p>Defecto: impulsivo<\/p>\n<p>color favorita: azul y celeste.<\/p>\n<p><span style=\"color: #00ccff\"><span style=\"text-decoration: underline\">Vanessa Cochancela ( amiga desde el colegio)<\/span> <\/span><\/p>\n<p><a href=\"http:\/\/blog.espol.edu.ec\/lisethb\/files\/2010\/08\/38535_1517596667128_1450832654_1315608_418984_n.jpg\"><img loading=\"lazy\" decoding=\"async\" class=\"alignright size-thumbnail wp-image-221\" title=\"38535_1517596667128_1450832654_1315608_418984_n\" src=\"http:\/\/blog.espol.edu.ec\/lisethb\/files\/2010\/08\/38535_1517596667128_1450832654_1315608_418984_n-150x150.jpg\" alt=\"\" width=\"150\" height=\"182\" \/><\/a><\/p>\n<p>Vanessa es una chica muy inteligente, y honesta, tiene un caracter que admiro porq ella es la que siempre nos dice comportense , me dice Liseth - por qu\u00e9 no eres una ni\u00f1a normal jajajaja.<\/p>\n<p>ella es muy sincera me a demostrado que a pesar de que duela la verdad ella te la da a conocer, ella me da concejos, me cuida, ( siempre la hago rier o enojar).<\/p>\n<p>Es buena amiga, esta siempre pendiente de las cosas que hai que hacer, la quiero mucho.<\/p>\n<p>Cualidad: hosnesta , sincera, confiable.<\/p>\n<p>defecto: ??\u00a1\u00a1\u00a1\u00bf\u00bf\u00bf<\/p>\n<p>color favorito: verde.<\/p>\n<p><span style=\"text-decoration: underline\"><span style=\"color: #00ccff\">Jenniffer Falquez:<\/span><\/span><strong><a href=\"http:\/\/blog.espol.edu.ec\/lisethb\/files\/2010\/08\/39498_1517625667853_1450832654_1315622_5663843_n2.jpg\"><img loading=\"lazy\" decoding=\"async\" class=\"alignright size-thumbnail wp-image-229\" title=\"39498_1517625667853_1450832654_1315622_5663843_n\" src=\"http:\/\/blog.espol.edu.ec\/lisethb\/files\/2010\/08\/39498_1517625667853_1450832654_1315622_5663843_n2-150x150.jpg\" alt=\"\" width=\"150\" height=\"150\" \/><\/a><\/strong><\/p>\n<p><span style=\"color: #ffff00\"><strong>Jenny es super chevere, es inteligente, es risue\u00f1a, le gusta compartir con las demas personas recien soy amiga de<\/strong><a href=\"http:\/\/blog.espol.edu.ec\/lisethb\/files\/2010\/08\/39498_1517625667853_1450832654_1315622_5663843_n2.jpg\"><strong> <\/strong><\/a><\/span><\/p>\n<p><span style=\"color: #ffff00\"><strong>ella , pero durante este poco tiempo me ha demostrado que es una perosna de confiar, divertida, ella e escucha aunque se queja ajajajaja, es muy buena amiga, la pasamos riendo o conversando. <\/strong><\/span><\/p>\n<p><span style=\"color: #ffff00\"><strong>Tiene su lado tierno y tambien su lado de ni\u00f1a seria cuando tiene que estarlo.<\/strong><\/span><\/p>\n<p><span style=\"color: #ffff00\"><strong>me he dado cuenta que su color favorito es el rojo,<\/strong><\/span><\/p>\n<p><span style=\"color: #ffff00\"><strong>ella es descomplicada no le importa lo q opinan los <\/strong>demas por<strong>q ella sabe q ella siempre se sabe ganar su puesto<\/strong><\/span><\/p>\n<p><span style=\"color: #000000\"><br \/>\n<\/span><\/p>\n<p><span style=\"color: #00ccff\"><span style=\"text-decoration: underline\">Darwin Choez<\/span><\/span><\/p>\n<p><a href=\"http:\/\/blog.espol.edu.ec\/lisethb\/files\/2010\/08\/39710_1517585266843_1450832654_1315602_1155564_n.jpg\"><img loading=\"lazy\" decoding=\"async\" class=\"alignright size-thumbnail wp-image-224\" title=\"39710_1517585266843_1450832654_1315602_1155564_n\" src=\"http:\/\/blog.espol.edu.ec\/lisethb\/files\/2010\/08\/39710_1517585266843_1450832654_1315602_1155564_n-150x150.jpg\" alt=\"\" width=\"150\" height=\"150\" \/><\/a>El es un ni\u00f1o super divertido siempre sale son sus locuras, es muy gentil y respetuoso, a veces suele actuar de una madera inmadura pero nos hace rier a todos , creo que por eso es bien querido, a \u00c9l le gusta cantar,conversar, contarnos acerca de su vida, es un ni\u00f1o generoso, cari\u00f1oso, muy chevere.<\/p>\n<p>le agradezco mucho a \u00c9l porq siempre me hace rier.<\/p>\n<p>le encanta el color blanco y azul oscuro.<\/p>\n<p>come bastante, jajajajaja. Su cualidad es que el es 100% sincero , respetuoso y divertido<\/p>\n<p><span style=\"text-decoration: underline\"><span style=\"color: #00ccff\">Diana Flores<\/span><\/span><\/p>\n<p><a href=\"http:\/\/blog.espol.edu.ec\/lisethb\/files\/2010\/08\/39037_1517608227417_1450832654_1315613_7390810_n.jpg\"><img loading=\"lazy\" decoding=\"async\" class=\"alignright size-thumbnail wp-image-225\" title=\"39037_1517608227417_1450832654_1315613_7390810_n\" src=\"http:\/\/blog.espol.edu.ec\/lisethb\/files\/2010\/08\/39037_1517608227417_1450832654_1315613_7390810_n-150x150.jpg\" alt=\"\" width=\"150\" height=\"150\" \/><\/a>Ella es bien sencilla, tranquila, inteligente, se rie siempre de las cosas que digo jajajaja, es buena amiga me explica cosas, me reta a veces pero para eso estan los amigos para corregirnos cuando estamos mal.<\/p>\n<p>Tiene una linda personalidad, es sincera, no es una ni\u00f1a mala,,, es muy tranquila, respetuosa, me agrada cuando me dice ME HACES REIR -porque se q por lo menos hago algo por ella alegrarle el dia asi como tambien a las demas personas q conoozco.<\/p>\n<p><span style=\"color: #00ccff\"><span style=\"text-decoration: underline\">FRancisco Arevalo<\/span><\/span><\/p>\n<p><a href=\"http:\/\/blog.espol.edu.ec\/lisethb\/files\/2010\/08\/35970_1517576866633_1450832654_1315555_2179464_n.jpg\"><img loading=\"lazy\" decoding=\"async\" class=\"alignright size-thumbnail wp-image-226\" title=\"35970_1517576866633_1450832654_1315555_2179464_n\" src=\"http:\/\/blog.espol.edu.ec\/lisethb\/files\/2010\/08\/35970_1517576866633_1450832654_1315555_2179464_n-150x150.jpg\" alt=\"\" width=\"150\" height=\"150\" \/><\/a>Fran es fran, es chevere , inteliente( todos mis amigos son inteligentes) \u00e9l es respetuoso, amable, chistoso, comelon...jajajajajaja\u00a0 me hace reir tambien y tambien lo hago reir , el un chico tranquilo, a veces que le da el cuarto de hora (mentira ese es Darwin) , en fin es muy buen amigo, me imita a veces, es Barcelonista, jajajaja =(<\/p>\n<p>le gusta el color negro, es una persona confiable.<\/p>\n","protected":false},"excerpt":{"rendered":"<p>hola aki le doy un espacio a mis amigos , personas que estan conmigo , bueno no es necesrio que seamos amigos de toda la vida o\u00a0 desde hace tiempo para poder tener una linda amistad , ya que\u00a0 ellos se han sabido ganar u espacio en mi coraz\u00f3n y mi confianza. Con ellos he [&hellip;]<\/p>\n","protected":false},"author":3976,"featured_media":0,"parent":0,"menu_order":0,"comment_status":"open","ping_status":"open","template":"","meta":{"footnotes":""},"class_list":["post-211","page","type-page","status-publish","hentry"],"_links":{"self":[{"href":"https:\/\/blog.espol.edu.ec\/lisethb\/wp-json\/wp\/v2\/pages\/211","targetHints":{"allow":["GET"]}}],"collection":[{"href":"https:\/\/blog.espol.edu.ec\/lisethb\/wp-json\/wp\/v2\/pages"}],"about":[{"href":"https:\/\/blog.espol.edu.ec\/lisethb\/wp-json\/wp\/v2\/types\/page"}],"author":[{"embeddable":true,"href":"https:\/\/blog.espol.edu.ec\/lisethb\/wp-json\/wp\/v2\/users\/3976"}],"replies":[{"embeddable":true,"href":"https:\/\/blog.espol.edu.ec\/lisethb\/wp-json\/wp\/v2\/comments?post=211"}],"version-history":[{"count":9,"href":"https:\/\/blog.espol.edu.ec\/lisethb\/wp-json\/wp\/v2\/pages\/211\/revisions"}],"predecessor-version":[{"id":228,"href":"https:\/\/blog.espol.edu.ec\/lisethb\/wp-json\/wp\/v2\/pages\/211\/revisions\/228"}],"wp:attachment":[{"href":"https:\/\/blog.espol.edu.ec\/lisethb\/wp-json\/wp\/v2\/media?parent=211"}],"curies":[{"name":"wp","href":"https:\/\/api.w.org\/{rel}","templated":true}]}}