{"id":270,"date":"2010-11-07T21:49:51","date_gmt":"2010-11-07T21:49:51","guid":{"rendered":"http:\/\/blog.espol.edu.ec\/lisethb\/?page_id=270"},"modified":"2010-11-07T21:58:54","modified_gmt":"2010-11-07T21:58:54","slug":"mi-lugar-favorito-puerto-santana","status":"publish","type":"page","link":"https:\/\/blog.espol.edu.ec\/lisethb\/mi-lugar-favorito-puerto-santana\/","title":{"rendered":"Mi Lugar Favorito( PUERTO SANTANA)"},"content":{"rendered":"<p><a href=\"http:\/\/blog.espol.edu.ec\/lisethb\/files\/2010\/11\/puertosantaana6.gif\"><img loading=\"lazy\" decoding=\"async\" class=\"aligncenter size-medium wp-image-274\" title=\"puertosantaana6\" src=\"http:\/\/blog.espol.edu.ec\/lisethb\/files\/2010\/11\/puertosantaana6-300x201.gif\" alt=\"\" width=\"350\" height=\"224\" \/><\/a><img decoding=\"async\" src=\"\/Users\/Diego\/AppData\/Local\/Temp\/moz-screenshot-6.png\" alt=\"\" \/><\/p>\n<p><img decoding=\"async\" src=\"\/Users\/Diego\/AppData\/Local\/Temp\/moz-screenshot-7.png\" alt=\"\" \/><\/p>\n<h2><span style=\"color: #00ccff\"><strong>Puerto Santa se podr\u00eda decir que es una nueva cuidad dentro de Guayaquil, es un lugar \u00a0lindo de recreaci\u00f3n que se construye gracias al Municipio de Guayaquil, se encuentra detr\u00e1s del cerro Santana \u00a0a orillas del rio Guayas ; se desarrolla en 4 hect\u00e1reas, que van desde la antigua Cervecer\u00eda Nacional a la ex piladora Modelo. Es \u00a0un parque contempor\u00e1neo donde las familias de re\u00fanen y tienen como vista la uni\u00f3n del r\u00edo Daule con el Babahoyo para formar el Guayas\u201d<\/strong><\/span><\/h2>\n<h2><span style=\"color: #00ccff\"><strong>En el lugar se construye un muelle para estimular los deportes n\u00e1uticos, diez edificios modernos y de bella infraestructura que se utilizaran para apartamentos, oficinas y restaurantes, un hotel y los museos a Julio Jaramillo, a la Cerveza y Barcelona los cuales tendr\u00e1n un papel cultural \u00a0que sin duda har\u00e1n que nuestra ciudad ascienda tur\u00edsticamente, adem\u00e1s cuenta con \u00a0una fuente donde el agua cae y armoniza nuestros o\u00eddos con su lindo sonar, las palmeras y flores sin duda hacen que el Puerto Santana se llene de paz y alegr\u00eda, se encuentra al aire libre y se siente la frescura de nuestra ciudad, no se escucha m\u00e1s que el sonar de los p\u00e1jaros. Posee un parqueadero que brindaran servicio a mas de 300 carros, en la Plaza Pilsener se llevan a cabo eventos culturales, y eventos art\u00edsticos que se ven reflejados en una pantalla gigante.<\/strong><\/span><\/h2>\n<h2><span style=\"color: #00ccff\"><strong>El Puerto Santana es un lugar que refleja recreaci\u00f3n, belleza y cultura, que posee un ambiente guayaquile\u00f1o, refleja al Guayaquil moderno, y tiene como principal misi\u00f3n fomentar el turismo y recreaci\u00f3n \u00a0y trabajo para los ecuatorianos.<\/strong><\/span><\/h2>\n<p style=\"text-align: center\"><a href=\"http:\/\/blog.espol.edu.ec\/lisethb\/files\/2010\/11\/guayaquil6ko4.jpg\"><img loading=\"lazy\" decoding=\"async\" class=\"size-medium wp-image-271 alignleft\" title=\"guayaquil6ko4\" src=\"http:\/\/blog.espol.edu.ec\/lisethb\/files\/2010\/11\/guayaquil6ko4-300x225.jpg\" alt=\"\" width=\"352\" height=\"333\" \/><\/a><a href=\"http:\/\/blog.espol.edu.ec\/lisethb\/files\/2010\/11\/guayaquil11wk5.jpg\"><img loading=\"lazy\" decoding=\"async\" class=\"size-medium wp-image-273  alignright\" title=\"guayaquil11wk5\" src=\"http:\/\/blog.espol.edu.ec\/lisethb\/files\/2010\/11\/guayaquil11wk5-300x225.jpg\" alt=\"\" width=\"345\" height=\"335\" \/><\/a><a href=\"http:\/\/blog.espol.edu.ec\/lisethb\/files\/2010\/11\/guayaquil1yt1.jpg\"><img loading=\"lazy\" decoding=\"async\" class=\"size-medium wp-image-272    aligncenter\" title=\"guayaquil1yt1\" src=\"http:\/\/blog.espol.edu.ec\/lisethb\/files\/2010\/11\/guayaquil1yt1-300x225.jpg\" alt=\"\" width=\"278\" height=\"337\" \/><\/a><\/p>\n","protected":false},"excerpt":{"rendered":"<p>Puerto Santa se podr\u00eda decir que es una nueva cuidad dentro de Guayaquil, es un lugar \u00a0lindo de recreaci\u00f3n que se construye gracias al Municipio de Guayaquil, se encuentra detr\u00e1s del cerro Santana \u00a0a orillas del rio Guayas ; se desarrolla en 4 hect\u00e1reas, que van desde la antigua Cervecer\u00eda Nacional a la ex piladora [&hellip;]<\/p>\n","protected":false},"author":3976,"featured_media":0,"parent":0,"menu_order":0,"comment_status":"open","ping_status":"open","template":"","meta":{"footnotes":""},"class_list":["post-270","page","type-page","status-publish","hentry"],"_links":{"self":[{"href":"https:\/\/blog.espol.edu.ec\/lisethb\/wp-json\/wp\/v2\/pages\/270","targetHints":{"allow":["GET"]}}],"collection":[{"href":"https:\/\/blog.espol.edu.ec\/lisethb\/wp-json\/wp\/v2\/pages"}],"about":[{"href":"https:\/\/blog.espol.edu.ec\/lisethb\/wp-json\/wp\/v2\/types\/page"}],"author":[{"embeddable":true,"href":"https:\/\/blog.espol.edu.ec\/lisethb\/wp-json\/wp\/v2\/users\/3976"}],"replies":[{"embeddable":true,"href":"https:\/\/blog.espol.edu.ec\/lisethb\/wp-json\/wp\/v2\/comments?post=270"}],"version-history":[{"count":2,"href":"https:\/\/blog.espol.edu.ec\/lisethb\/wp-json\/wp\/v2\/pages\/270\/revisions"}],"predecessor-version":[{"id":276,"href":"https:\/\/blog.espol.edu.ec\/lisethb\/wp-json\/wp\/v2\/pages\/270\/revisions\/276"}],"wp:attachment":[{"href":"https:\/\/blog.espol.edu.ec\/lisethb\/wp-json\/wp\/v2\/media?parent=270"}],"curies":[{"name":"wp","href":"https:\/\/api.w.org\/{rel}","templated":true}]}}