{"id":281,"date":"2011-02-20T04:27:49","date_gmt":"2011-02-20T04:27:49","guid":{"rendered":"http:\/\/blog.espol.edu.ec\/lisethb\/?page_id=281"},"modified":"2011-02-20T04:28:27","modified_gmt":"2011-02-20T04:28:27","slug":"disco-duro-virtual","status":"publish","type":"page","link":"https:\/\/blog.espol.edu.ec\/lisethb\/disco-duro-virtual\/","title":{"rendered":"Disco Duro Virtual"},"content":{"rendered":"<p style=\"text-align: justify\"><span style=\"color: #ffff99\"><a href=\"http:\/\/blog.espol.edu.ec\/lisethb\/files\/2011\/02\/dropbox-alojamiento-pymes.jpg\"><img loading=\"lazy\" decoding=\"async\" class=\"aligncenter size-medium wp-image-282\" title=\"dropbox-alojamiento-pymes\" src=\"http:\/\/blog.espol.edu.ec\/lisethb\/files\/2011\/02\/dropbox-alojamiento-pymes-300x156.jpg\" alt=\"\" width=\"300\" height=\"156\" srcset=\"https:\/\/blog.espol.edu.ec\/lisethb\/files\/2011\/02\/dropbox-alojamiento-pymes-300x156.jpg 300w, https:\/\/blog.espol.edu.ec\/lisethb\/files\/2011\/02\/dropbox-alojamiento-pymes.jpg 479w\" sizes=\"auto, (max-width: 300px) 100vw, 300px\" \/><\/a>En muchas ocaciones, cuando estamos de viaje o simplemente en otro ordenador distinto al que  habitualmente utilizamos, nos podemos encontrar con que necesitamos <strong>acceder a nuestros archivos<\/strong>. Por lo general utilizamos nuestro pen drive para acceder a ellos o si nos hemos enviado a alguna cuenta de webmail o cuenta personal como Hotmail o Gmail\u00a0 los descargamos desde estos lugares, pero que pasa cuando no podemos acceder por medio de estos metodos a los archivos\u00a0 podrias pensar que estas frito!! pero no es asi porque ahora dispones de los discos duros virtuales.<\/span><\/p>\n<p style=\"text-align: justify\"><span style=\"color: #00ffff\">Usted se preguntara:\u00a0<span style=\"color: #00ff00\"> \u00bf Qu\u00e8 es un disco Duro Virtual?<\/span><br \/>\n<\/span><\/p>\n<p style=\"text-align: justify\"><span style=\"color: #00ffff\">Un disco duro virtual es un sitema de almacenamiento externo creado por ciertas compa\u00f1ias para\u00a0 imitar a un disco duro f\u00edsico con la finalidad de solucionar el almacenamiento de datos como documentos de word, excel, power point etc. para que puedas acceder a ellos desde cualquier parte del mundo,  compartirlos con qui\u00e9n desees o mantener copias de seguridad de los que  consideres m\u00e1s importantes. Compartir\u00e1s los archivos que tu quieras con  la persona que elijas. <\/span><span style=\"color: #00ffff\">El uso de un disco duro virtual\u00a0 es <strong>muy sencillo e intuitivo<\/strong>, y una de las caracter\u00edsticas mas interesante es que es multiplataforma. Es decir, puedes acceder desde <strong>cualquier tipo de dispositivo<\/strong>: Linux, Mac o Windows<\/span><\/p>\n<p style=\"text-align: justify\"><span style=\"color: #00ffff\"><br \/>\n<span style=\"color: #00ff00\">El <strong>DV<\/strong> es ideal para: <\/span><\/span><\/p>\n<p><span style=\"color: #00ffff\">Aquellas personas que realizan parte de su actividad fuera del hogar o  del lugar de trabajo, como estudiantes y profesionales con movilidad.<\/span><\/p>\n<p><span style=\"color: #00ffff\">Transmitir archivos de gran tama\u00f1o, por ejemplo subir archivos desde tu casa y bajarlos en tu colegio, universidad o trabajo.<br \/>\nSe utiliza para prevenir problemas inform\u00e1ticos, ya que permite tener la informaci\u00f3n guardada externamente al ordenador, m\u00f3vil,en un servidor especialmente dedicado a eso. <\/span><\/p>\n<p style=\"text-align: justify\"><span style=\"color: #00ffff\"><span style=\"color: #00ffff\"><br \/>\nAdem\u00e1s, se puede utilizar como sistema de backup.<br \/>\nTiene una capacidad limitada, pero a diferencia de \u00e9stos, se le <\/span>puede fijar un tama\u00f1o m\u00e1ximo de archivo al que admitir, sin importar de qu\u00e9 tipo sea \u00e9ste.<br \/>\nActualmente es utilizado por por compa\u00f1ias como Google en Gmail,o el windows con Windows Live.<br \/>\nSon muy practicos pero se piensa que los CD, DVD y dispositivos USB tambien seguiran vigentes por mucho tiempo.<\/span><\/p>\n<h4 style=\"text-align: justify\"><span style=\"color: #00ff00\">\u00bfCu\u00e1l es la ventaja de usar el servicio DDV?<\/span><\/h4>\n<p style=\"text-align: justify\"><span style=\"color: #00ffff\"> Puedes tener acceso a los archivos almacenados en el Disco Duro Virtual  desde cualquier parte del mundo, basta con tener un computador conectado  a Internet. Es un espacio virtual para que guardes todo lo que quieras.<\/span><\/p>\n<h4 style=\"text-align: justify\"><span style=\"color: #00ff00\">\u00bfCon qu\u00e9 velocidad se transfieren los archivos?<\/span><\/h4>\n<p style=\"text-align: justify\"><span style=\"color: #00ffff\"> La velocidad de transferencia de archivos depender\u00e1, entre otras cosas,  de las caracter\u00edsticas de software y hardware que posea la computadora.<\/span><\/p>\n<p style=\"text-align: justify\"><span style=\"color: #ffff00\">Referencias Bibliograficas:<\/span><\/p>\n<p style=\"text-align: justify\"><span style=\"color: #00ffff\">Sitio Web: Dropbox | Miguel A. Manrrique NF \" Discos Duros Virtuales\" [En linea] URL: <\/span><span style=\"color: #00ffff\">http:\/\/www.tecnologiapyme.com\/servicios-web\/dropbox-un-disco-duro-virtual-para-lo-que-desees<\/span><\/p>\n<p style=\"text-align: justify\"><span style=\"color: #00ffff\">Sitio Web: wickipedia |\u00a0 Ultima fecha de modificacion :2 feb 2011, a las 15:45. \" Discos Duros Virtuales\" [En linea] URL: http:\/\/es.wikipedia.org\/wiki\/Disco_virtual<\/span><\/p>\n","protected":false},"excerpt":{"rendered":"<p>En muchas ocaciones, cuando estamos de viaje o simplemente en otro ordenador distinto al que habitualmente utilizamos, nos podemos encontrar con que necesitamos acceder a nuestros archivos. Por lo general utilizamos nuestro pen drive para acceder a ellos o si nos hemos enviado a alguna cuenta de webmail o cuenta personal como Hotmail o Gmail\u00a0 [&hellip;]<\/p>\n","protected":false},"author":3976,"featured_media":0,"parent":0,"menu_order":0,"comment_status":"open","ping_status":"open","template":"","meta":{"footnotes":""},"class_list":["post-281","page","type-page","status-publish","hentry"],"_links":{"self":[{"href":"https:\/\/blog.espol.edu.ec\/lisethb\/wp-json\/wp\/v2\/pages\/281","targetHints":{"allow":["GET"]}}],"collection":[{"href":"https:\/\/blog.espol.edu.ec\/lisethb\/wp-json\/wp\/v2\/pages"}],"about":[{"href":"https:\/\/blog.espol.edu.ec\/lisethb\/wp-json\/wp\/v2\/types\/page"}],"author":[{"embeddable":true,"href":"https:\/\/blog.espol.edu.ec\/lisethb\/wp-json\/wp\/v2\/users\/3976"}],"replies":[{"embeddable":true,"href":"https:\/\/blog.espol.edu.ec\/lisethb\/wp-json\/wp\/v2\/comments?post=281"}],"version-history":[{"count":2,"href":"https:\/\/blog.espol.edu.ec\/lisethb\/wp-json\/wp\/v2\/pages\/281\/revisions"}],"predecessor-version":[{"id":284,"href":"https:\/\/blog.espol.edu.ec\/lisethb\/wp-json\/wp\/v2\/pages\/281\/revisions\/284"}],"wp:attachment":[{"href":"https:\/\/blog.espol.edu.ec\/lisethb\/wp-json\/wp\/v2\/media?parent=281"}],"curies":[{"name":"wp","href":"https:\/\/api.w.org\/{rel}","templated":true}]}}