{"id":12,"date":"2016-11-07T21:15:22","date_gmt":"2016-11-07T21:15:22","guid":{"rendered":"http:\/\/blog.espol.edu.ec\/liveguti\/?page_id=12"},"modified":"2016-11-12T18:23:15","modified_gmt":"2016-11-12T18:23:15","slug":"amor","status":"publish","type":"page","link":"https:\/\/blog.espol.edu.ec\/liveguti\/amor\/","title":{"rendered":"Amor"},"content":{"rendered":"<pre style=\"text-align: justify\">Hola, les doy la bienvenida a la secci\u00f3n de doramas rom\u00e1nticos, para que puedas so\u00f1ar despierto. La lista que presento a continuaci\u00f3n, son a mi criterio los mejores doramas de amor.<\/pre>\n<h1 style=\"text-align: center\"><\/h1>\n<h1 style=\"text-align: center\"><span style=\"color: #800080\"><strong>BOY OVER FLOWERS<\/strong><\/span><\/h1>\n<p>&nbsp;<\/p>\n<p><iframe loading=\"lazy\" title=\"Boys Before Flowers- Trailer Espa\u00f1ol\" width=\"580\" height=\"435\" src=\"https:\/\/www.youtube.com\/embed\/cAkR8p79KQE?feature=oembed\" frameborder=\"0\" allow=\"accelerometer; autoplay; clipboard-write; encrypted-media; gyroscope; picture-in-picture; web-share\" referrerpolicy=\"strict-origin-when-cross-origin\" allowfullscreen><\/iframe><\/p>\n<p style=\"text-align: justify\"><em>Geum Jan Di es una chica humilde cuya familia es propietaria de una tintorer\u00eda. Un d\u00eda, mientras realiza una\u00a0entrega para un estudiante de la prestigiosa Escuela Superior Shin Hwa (escuela para ricos) se percata que el chico iba a suicidarse desde la azotea por obtener la tarjeta roja de los F4 y justo en el preciso momento en el que salta, Geum Jan Di le salva la vida al detenerlo y es llamada \"la chica\/mujer maravilla\". Este acto gener\u00f3 gran controversia en la ciudad, por lo cual es becada para asistir a la escuela. Al principio es maltratada y aislada por los dem\u00e1s estudiantes al recibir la tarjeta roja de los F4 (4 flores), que es un grupo de alumnos que gobiernan cruelmente la escuela por su belleza y riqueza. Gu Jun Pyo, l\u00edder de los F4 y sucesor de la Compa\u00f1\u00eda Shinhwa, empieza a tener sentimientos hacia Geum Jan Di. Yoon Ji Hoo tambi\u00e9n se enamora de Geum Jan Di, pero antes de que se diera cuenta de que estaba enamorado de ella, \u00e9l ten\u00eda sus sentimientos puestos en su amiga de todo la vida Min Seo Hyun y ella \"corresponde\" ese sentimiento,pero poco a poco se enamora de Jan Di y se provoca un triangulo amoroso.<\/em><\/p>\n<p style=\"text-align: justify\"><em>Opini\u00f3n: Jan di cumple un papel muy diferente al quez usualmente en otros doramas, ya que eela no se deja avasallar de los f4, es luchadora, y perseverante, y es esa esencia la que logra enamorar a dos chicos. ser\u00e1 que nosotras debemos seguir su ejemplo?<\/em><\/p>\n<p style=\"text-align: justify\">\n<hr \/>\n<hr \/>\n<p style=\"text-align: justify\">\n<p style=\"text-align: justify\">\n<h1 style=\"text-align: center\"><span style=\"color: #800080\"><strong>PLAYFUL KISS<\/strong><\/span><\/h1>\n<p>&nbsp;<\/p>\n<p><iframe loading=\"lazy\" title=\"(Playful Kiss) Beso Travieso Trailer - Espa\u00f1ol Latino - Clip\" width=\"580\" height=\"326\" src=\"https:\/\/www.youtube.com\/embed\/IEg49sYoQJY?feature=oembed\" frameborder=\"0\" allow=\"accelerometer; autoplay; clipboard-write; encrypted-media; gyroscope; picture-in-picture; web-share\" referrerpolicy=\"strict-origin-when-cross-origin\" allowfullscreen><\/iframe><\/p>\n<p style=\"text-align: justify\"><em>Oh Ha Ni es una estudiante loca y enamorada de Baek Seung Jo, el estudiante perfecto de la escuela. Un d\u00eda ella decide entregarle una carta confens\u00e1ndole su amor, pro este con coraz\u00f3n duro, la rechaza. luego de esto, ocurre u terremoto en donde su casa se destruye, y su padre tiene un amigo que estar\u00e1 dispuesto a darles posada, pero que casualidad el amigo es padre de Seung Jo. entonces empieza una historia de amor algo c\u00f3mica y controversial.<\/em><\/p>\n<p style=\"text-align: justify\"><em>Opini\u00f3n: Este es uno de los primeros doramas que pude disfrutar mucho, es una mezcla de rabia, ya que oh ha ni en ciertas ocasiones se humillaba demasiado, pero al final se queda con el !1<\/em><\/p>\n<p>&nbsp;<\/p>\n<hr \/>\n<hr \/>\n<p>&nbsp;<\/p>\n<h1 style=\"text-align: center\"><span style=\"color: #800080\"><strong>TO THE BEAUTIFUL YOU<\/strong><\/span><\/h1>\n<p>&nbsp;<\/p>\n<p><img loading=\"lazy\" decoding=\"async\" class=\"alignnone size-medium\" src=\"http:\/\/vignette1.wikia.nocookie.net\/drama\/images\/0\/0d\/JI0TP.jpg\/revision\/latest?cb=20121121231845&amp;path-prefix=es\" alt=\"\" width=\"1600\" height=\"1143\" \/><\/p>\n<p>&nbsp;<\/p>\n<p style=\"text-align: justify\"><em>La serie se centra en Jae Dawson, una chica coreana que vive en los Estados Unidos. Un d\u00eda, ella ve una competencia de pista y campo en la televisi\u00f3n, y se siente atra\u00edda por uno de los competidores de salto de altura, Kang Tae Joon. Ella comienza a idolatrar al joven deportista y finalmente, se transfiere a Corea para asistir a la misma escuela la que asiste Tae Joon, despu\u00e9s de que \u00e9l sufre un accidente que podr\u00eda acabar con su carrera. Sin embargo Tae Joon asiste a una escuela de chicos y\u00a0Jae Dawson\u00a0tiene que disfrazarse de chico para entrar. En la escuela se encontrara con muchos personajes que har\u00e1n que su vida de muchos cambios y podr\u00e1n poner en peligro su estancia en la escuela y revelar su secreto.<\/em><\/p>\n<p style=\"text-align: justify\"><em>Opinion: Es una historia de perseverancia de parte de los actores, asimismo el protagonista es un poco frio y cohibido pero el convivir con una mujer disfrazada de ombre en su mismo cuarto hace las cosas interesantes.<\/em><\/p>\n","protected":false},"excerpt":{"rendered":"<p>Hola, les doy la bienvenida a la secci\u00f3n de doramas rom\u00e1nticos, para que puedas so\u00f1ar despierto. La lista que presento a continuaci\u00f3n, son a mi criterio los mejores doramas de amor. BOY OVER FLOWERS &nbsp; Geum Jan Di es una chica humilde cuya familia es propietaria de una tintorer\u00eda. Un d\u00eda, mientras realiza una\u00a0entrega para [&hellip;]<\/p>\n","protected":false},"author":10657,"featured_media":0,"parent":0,"menu_order":0,"comment_status":"closed","ping_status":"closed","template":"","meta":{"footnotes":""},"class_list":["post-12","page","type-page","status-publish","hentry"],"_links":{"self":[{"href":"https:\/\/blog.espol.edu.ec\/liveguti\/wp-json\/wp\/v2\/pages\/12","targetHints":{"allow":["GET"]}}],"collection":[{"href":"https:\/\/blog.espol.edu.ec\/liveguti\/wp-json\/wp\/v2\/pages"}],"about":[{"href":"https:\/\/blog.espol.edu.ec\/liveguti\/wp-json\/wp\/v2\/types\/page"}],"author":[{"embeddable":true,"href":"https:\/\/blog.espol.edu.ec\/liveguti\/wp-json\/wp\/v2\/users\/10657"}],"replies":[{"embeddable":true,"href":"https:\/\/blog.espol.edu.ec\/liveguti\/wp-json\/wp\/v2\/comments?post=12"}],"version-history":[{"count":3,"href":"https:\/\/blog.espol.edu.ec\/liveguti\/wp-json\/wp\/v2\/pages\/12\/revisions"}],"predecessor-version":[{"id":63,"href":"https:\/\/blog.espol.edu.ec\/liveguti\/wp-json\/wp\/v2\/pages\/12\/revisions\/63"}],"wp:attachment":[{"href":"https:\/\/blog.espol.edu.ec\/liveguti\/wp-json\/wp\/v2\/media?parent=12"}],"curies":[{"name":"wp","href":"https:\/\/api.w.org\/{rel}","templated":true}]}}