{"id":14,"date":"2016-11-07T21:15:34","date_gmt":"2016-11-07T21:15:34","guid":{"rendered":"http:\/\/blog.espol.edu.ec\/liveguti\/?page_id=14"},"modified":"2016-11-12T20:46:12","modified_gmt":"2016-11-12T20:46:12","slug":"accion","status":"publish","type":"page","link":"https:\/\/blog.espol.edu.ec\/liveguti\/accion\/","title":{"rendered":"Accion"},"content":{"rendered":"<p>&nbsp;<\/p>\n<h1 style=\"text-align: center\"><strong><span style=\"color: #800080\">CITY HUNTER<\/span><\/strong><\/h1>\n<p>&nbsp;<\/p>\n<p><a href=\"https:\/\/www.youtube.com\/watch?v=ewq6lHY5zxo\">https:\/\/www.youtube.com\/watch?v=ewq6lHY5zxo<\/a><\/p>\n<p><em>Lee Young Sung es un hombre que ha sido influenciado por la sed de venganza de su padre, es entonces cuando decide enfrentar a las 5 personas que se vieron involucradas en la desaparici\u00f3n de los miembros de las Fuerzas Especiales de Corea del Sur en Octubre de 1983.<\/em><\/p>\n<p><em>Para involucrarse de una manera m\u00e1s efectiva comienza a formar parte del Equipo Nacional de Comunicaciones en la Casa Azul (Casa Presidencial Coreana) d\u00f3nde conoce a Kim Na Na, una guardaespaldas, qui\u00e9n despu\u00e9s de la p\u00e9rdida de sus padres en un accidente, ha tenido que sobrevivir haciendo de todo.<\/em><\/p>\n<p><em>Opinion: Ok, es el unico dorama de accion que me he visto, y lo vi, gracias a que el protagonista es Lee Min ho, XD bueno el dorama es super bueno, tiene una trama interesante, y ver al actor desarrollandose en una trama asi, hace que el dorama valga la pena verlo.<\/em><\/p>\n","protected":false},"excerpt":{"rendered":"<p>&nbsp; CITY HUNTER &nbsp; Lee Young Sung es un hombre que ha sido influenciado por la sed de venganza de su padre, es entonces cuando decide enfrentar a las 5 personas que se vieron involucradas en la desaparici\u00f3n de los miembros de las Fuerzas Especiales de Corea del Sur en Octubre de 1983. Para involucrarse [&hellip;]<\/p>\n","protected":false},"author":10657,"featured_media":0,"parent":0,"menu_order":0,"comment_status":"closed","ping_status":"closed","template":"","meta":{"footnotes":""},"class_list":["post-14","page","type-page","status-publish","hentry"],"_links":{"self":[{"href":"https:\/\/blog.espol.edu.ec\/liveguti\/wp-json\/wp\/v2\/pages\/14","targetHints":{"allow":["GET"]}}],"collection":[{"href":"https:\/\/blog.espol.edu.ec\/liveguti\/wp-json\/wp\/v2\/pages"}],"about":[{"href":"https:\/\/blog.espol.edu.ec\/liveguti\/wp-json\/wp\/v2\/types\/page"}],"author":[{"embeddable":true,"href":"https:\/\/blog.espol.edu.ec\/liveguti\/wp-json\/wp\/v2\/users\/10657"}],"replies":[{"embeddable":true,"href":"https:\/\/blog.espol.edu.ec\/liveguti\/wp-json\/wp\/v2\/comments?post=14"}],"version-history":[{"count":5,"href":"https:\/\/blog.espol.edu.ec\/liveguti\/wp-json\/wp\/v2\/pages\/14\/revisions"}],"predecessor-version":[{"id":67,"href":"https:\/\/blog.espol.edu.ec\/liveguti\/wp-json\/wp\/v2\/pages\/14\/revisions\/67"}],"wp:attachment":[{"href":"https:\/\/blog.espol.edu.ec\/liveguti\/wp-json\/wp\/v2\/media?parent=14"}],"curies":[{"name":"wp","href":"https:\/\/api.w.org\/{rel}","templated":true}]}}