{"id":18,"date":"2016-11-07T21:16:04","date_gmt":"2016-11-07T21:16:04","guid":{"rendered":"http:\/\/blog.espol.edu.ec\/liveguti\/?page_id=18"},"modified":"2016-11-12T20:39:00","modified_gmt":"2016-11-12T20:39:00","slug":"ficcion","status":"publish","type":"page","link":"https:\/\/blog.espol.edu.ec\/liveguti\/ficcion\/","title":{"rendered":"Fantasia"},"content":{"rendered":"<pre style=\"text-align: justify\">Hola, les doy la bienvenida a la secci\u00f3n de doramas fant\u00e1sticos, y aunque en lo personal me gusta mas el genero rom\u00e1ntico, no significa que no haya visto alguna vez un dorama con un poco de fantas\u00eda.<\/pre>\n<h1 style=\"text-align: center\"><\/h1>\n<h1 style=\"text-align: center\"><span style=\"color: #800080\"><strong>HI SCHOOL: LOVE ON <\/strong><\/span><\/h1>\n<h1 style=\"text-align: center\"><\/h1>\n<p><iframe loading=\"lazy\" title=\"High School Love On \ud558\uc774\uc2a4\ucfe8 - \ub7ec\ube0c\uc628 (2014)\" width=\"580\" height=\"326\" src=\"https:\/\/www.youtube.com\/embed\/W_R475gjv2s?feature=oembed\" frameborder=\"0\" allow=\"accelerometer; autoplay; clipboard-write; encrypted-media; gyroscope; picture-in-picture; web-share\" referrerpolicy=\"strict-origin-when-cross-origin\" allowfullscreen><\/iframe><\/p>\n<p style=\"text-align: justify\"><em>Lee Seul Bi es un \u00e1ngel que por medio de un accidente conoce a Shin Woo Hyun, que vive con su abuela y lleva las cicatrices emocionales de ser abandonado por sus padres. A pesar de su comportamiento fr\u00edo, Woo Hyun es muy popular en la escuela debido a su buena apariencia y habilidad para el canto. Cuando su mejor amigo, Hwang Seong Yeol, se entera de un secreto que los une y tambi\u00e9n desarrolla sentimientos hacia Seul Bi, quien se hace pasar por un compa\u00f1ero de estudios en la escuela, los mejores amigos se convierten en rivales. \u00bfPuede sobrevivir Seul Bi al primer amor y los otros peligros de la vida como un adolescente y hacer su trabajo correctamente para proteger a Woo Hyun?<\/em><\/p>\n<p style=\"text-align: justify\"><em>Opinion: aunque el dorama es de romance, la fantasia esta en el hecho de que ella era un a\u00e1ngel\u00a0y bueno estar en la tierra como un \"ser humano\" no ser\u00e1 facil para ella. Es un buen drama.<\/em><\/p>\n<p style=\"text-align: justify\">\n<hr \/>\n<hr \/>\n<p style=\"text-align: justify\">\n<h1 style=\"text-align: center\"><span style=\"color: #800080\"><strong>LET'S FIGHT GOSHT<\/strong><\/span><\/h1>\n<p>&nbsp;<\/p>\n<p><a href=\"https:\/\/www.youtube.com\/watch?v=rwgBp7DdZCc\">https:\/\/www.youtube.com\/watch?v=rwgBp7DdZCc<\/a><\/p>\n<p style=\"text-align: justify\"><em>Hyun Ji estudi\u00f3 durante sus 19 a\u00f1os de vida sin parar, hasta que fue v\u00edctima de un accidente automovil\u00edstico . Ella ahora es un fantasma que vaga sin rumbo. Hasta que conoce a Park Bong Pal, un exorcista que ayuda a los fantasmas a pasar al otro lado. Se convierten en un equipo mientras realizan exorcismos. A medida que van encontr\u00e1ndose con nuevos fantasmas \u00a0enfrentan mayores desaf\u00edos para poder derrotarlos.<\/em><\/p>\n<p style=\"text-align: justify\"><em>El personaje de Park Bong Pal tiene un amor unilateral por una sunbae, gracias a la ayuda de Kim Hyun Ji logra intercambiar palabras con ella, cuando la relaci\u00f3n entre Bong Pal y su sunbae se va convirtiendo aparentemente m\u00e1s cercana genera celos en Hyun Ji.<\/em><\/p>\n<p style=\"text-align: justify\"><em>Opnion: Es un drama lleno misterio. de\u00a0El personaje principal femenino no tiene ning\u00fan recuerdo relacionado con su vida. Entre otras incertidumbres, que de seguro descubrir\u00e1s por ti mismos si decide empezar ver un interesante drama que cuenta con la mezcla entre misterio, comedia, acci\u00f3n y romances.<\/em><\/p>\n<p style=\"text-align: justify\">\n<hr \/>\n<hr \/>\n<p style=\"text-align: justify\">\n<h1 style=\"text-align: center\"><span style=\"color: #800080\"><strong>ORANGE MERMELADE<\/strong><\/span><\/h1>\n<p>&nbsp;<\/p>\n<p><a href=\"https:\/\/www.youtube.com\/watch?v=CExgbAnVXBc\">https:\/\/www.youtube.com\/watch?v=CExgbAnVXBc<\/a><\/p>\n<p style=\"text-align: justify\"><em>Baek Ma Ri (<a title=\"Kim Seol Hyun\" href=\"http:\/\/es.drama.wikia.com\/wiki\/Kim_Seol_Hyun\">Kim Seol Hyun<\/a>) es una joven vampiro que trata de alejarse de las cl\u00e1sicas costumbres de consumir sangre humana, escondiendo as\u00ed su identidad de vampiro, junto a su familia viven mudandose.<\/em><\/p>\n<p style=\"text-align: justify\"><em>Al ingresar a un nuevo colegio, ella conocer\u00e1 a Jung Jae Min (<a title=\"Yeo Jin Goo\" href=\"http:\/\/es.drama.wikia.com\/wiki\/Yeo_Jin_Goo\">Yeo Jin Goo<\/a>), un estudiante popular, el mejor alumno de la clase, quien teme y odia a los vampiros por determinadas razones- por el cual ella sentir\u00e1 mucha atracci\u00f3n para beber su sangre, as\u00ed que trata siempre de evitarlo para evitar que algo malo le suceda.<\/em><\/p>\n<p style=\"text-align: justify\"><em>Tambi\u00e9n se reencontrar\u00e1 con un conocido de su infancia, un vampiro renegado - Han Shi Hoo (<a title=\"Lee Jong Hyun\" href=\"http:\/\/es.drama.wikia.com\/wiki\/Lee_Jong_Hyun\">Lee Jong Hyun)<\/a>.<\/em><\/p>\n<p style=\"text-align: justify\"><em>Opinion: si te gusta la fantasia relacionado con vampiros, te la recomiendo, cada capitulo es un misterio y te impulsa a seguir viendola.. es genial!<\/em><\/p>\n<p style=\"text-align: justify\">\n","protected":false},"excerpt":{"rendered":"<p>Hola, les doy la bienvenida a la secci\u00f3n de doramas fant\u00e1sticos, y aunque en lo personal me gusta mas el genero rom\u00e1ntico, no significa que no haya visto alguna vez un dorama con un poco de fantas\u00eda. HI SCHOOL: LOVE ON Lee Seul Bi es un \u00e1ngel que por medio de un accidente conoce a [&hellip;]<\/p>\n","protected":false},"author":10657,"featured_media":0,"parent":0,"menu_order":0,"comment_status":"closed","ping_status":"closed","template":"","meta":{"footnotes":""},"class_list":["post-18","page","type-page","status-publish","hentry"],"_links":{"self":[{"href":"https:\/\/blog.espol.edu.ec\/liveguti\/wp-json\/wp\/v2\/pages\/18","targetHints":{"allow":["GET"]}}],"collection":[{"href":"https:\/\/blog.espol.edu.ec\/liveguti\/wp-json\/wp\/v2\/pages"}],"about":[{"href":"https:\/\/blog.espol.edu.ec\/liveguti\/wp-json\/wp\/v2\/types\/page"}],"author":[{"embeddable":true,"href":"https:\/\/blog.espol.edu.ec\/liveguti\/wp-json\/wp\/v2\/users\/10657"}],"replies":[{"embeddable":true,"href":"https:\/\/blog.espol.edu.ec\/liveguti\/wp-json\/wp\/v2\/comments?post=18"}],"version-history":[{"count":3,"href":"https:\/\/blog.espol.edu.ec\/liveguti\/wp-json\/wp\/v2\/pages\/18\/revisions"}],"predecessor-version":[{"id":66,"href":"https:\/\/blog.espol.edu.ec\/liveguti\/wp-json\/wp\/v2\/pages\/18\/revisions\/66"}],"wp:attachment":[{"href":"https:\/\/blog.espol.edu.ec\/liveguti\/wp-json\/wp\/v2\/media?parent=18"}],"curies":[{"name":"wp","href":"https:\/\/api.w.org\/{rel}","templated":true}]}}