{"id":27,"date":"2011-12-16T15:23:18","date_gmt":"2011-12-16T15:23:18","guid":{"rendered":"http:\/\/blog.espol.edu.ec\/ljrivade\/?page_id=27"},"modified":"2011-12-16T15:26:37","modified_gmt":"2011-12-16T15:26:37","slug":"escala-libre-y-conyoning","status":"publish","type":"page","link":"https:\/\/blog.espol.edu.ec\/ljrivade\/escala-libre-y-conyoning\/","title":{"rendered":"Escala libre y conyoning"},"content":{"rendered":"<p align=\"center\"><span style=\"font-size: medium\"><strong><span style=\"color: #ff0000\">Escalada libre<\/span><\/strong> <\/span><\/p>\n<p align=\"justify\">La escalada es una disciplina que se realiza en una estructura de cemento irregular que imita las escabrosas murallas de piedra de las monta\u00f1as. Muchos deportistas la escalan asegurados con un el\u00e1stico y casco. Para el apoyo para pies y manos lo constituyen piedras artificiales.<\/p>\n<p align=\"justify\">Quito, Guayaquil Ambato, Ba\u00f1os e Ibarra son algunos de los lugares que poseen estas paredes y algunas operadoras ofrecen el servicio en las mismas.<\/p>\n<p align=\"center\"><span style=\"font-size: medium\"><strong><span style=\"color: #ff0000\">Canyoning<\/span><\/strong> <\/span><\/p>\n<p align=\"justify\">El canyoning o descenso de barrancos consiste en descender por el curso de un r\u00edo en sus etapas de formaci\u00f3n, antes de ser navegable en cualquier tipo de embarcaci\u00f3n, combinando t\u00e9cnicas de monta\u00f1ismo, espeleolog\u00eda y nataci\u00f3n. Ba\u00f1os es definitivamente el lugar ideal para la pr\u00e1ctica de este novedoso deporte, h\u00e1galo siempre en compa\u00f1\u00eda de una operadora especializada.<\/p>\n<p align=\"justify\"><img loading=\"lazy\" decoding=\"async\" src=\"http:\/\/clubgecko.blogia.com\/upload\/20070815200452-separate-reality-gullich.jpg\" alt=\"\" width=\"200\" height=\"300\" \/><\/p>\n","protected":false},"excerpt":{"rendered":"<p>Escalada libre La escalada es una disciplina que se realiza en una estructura de cemento irregular que imita las escabrosas murallas de piedra de las monta\u00f1as. Muchos deportistas la escalan asegurados con un el\u00e1stico y casco. Para el apoyo para pies y manos lo constituyen piedras artificiales. Quito, Guayaquil Ambato, Ba\u00f1os e Ibarra son algunos [&hellip;]<\/p>\n","protected":false},"author":7022,"featured_media":0,"parent":0,"menu_order":0,"comment_status":"open","ping_status":"open","template":"","meta":{"footnotes":""},"class_list":["post-27","page","type-page","status-publish","hentry"],"_links":{"self":[{"href":"https:\/\/blog.espol.edu.ec\/ljrivade\/wp-json\/wp\/v2\/pages\/27","targetHints":{"allow":["GET"]}}],"collection":[{"href":"https:\/\/blog.espol.edu.ec\/ljrivade\/wp-json\/wp\/v2\/pages"}],"about":[{"href":"https:\/\/blog.espol.edu.ec\/ljrivade\/wp-json\/wp\/v2\/types\/page"}],"author":[{"embeddable":true,"href":"https:\/\/blog.espol.edu.ec\/ljrivade\/wp-json\/wp\/v2\/users\/7022"}],"replies":[{"embeddable":true,"href":"https:\/\/blog.espol.edu.ec\/ljrivade\/wp-json\/wp\/v2\/comments?post=27"}],"version-history":[{"count":2,"href":"https:\/\/blog.espol.edu.ec\/ljrivade\/wp-json\/wp\/v2\/pages\/27\/revisions"}],"predecessor-version":[{"id":34,"href":"https:\/\/blog.espol.edu.ec\/ljrivade\/wp-json\/wp\/v2\/pages\/27\/revisions\/34"}],"wp:attachment":[{"href":"https:\/\/blog.espol.edu.ec\/ljrivade\/wp-json\/wp\/v2\/media?parent=27"}],"curies":[{"name":"wp","href":"https:\/\/api.w.org\/{rel}","templated":true}]}}