{"id":29,"date":"2011-12-16T15:24:08","date_gmt":"2011-12-16T15:24:08","guid":{"rendered":"http:\/\/blog.espol.edu.ec\/ljrivade\/?page_id=29"},"modified":"2011-12-16T15:24:08","modified_gmt":"2011-12-16T15:24:08","slug":"tuning-y-rafting","status":"publish","type":"page","link":"https:\/\/blog.espol.edu.ec\/ljrivade\/tuning-y-rafting\/","title":{"rendered":"Tuning y Rafting"},"content":{"rendered":"<p align=\"center\"><span style=\"font-size: medium\"><strong><span style=\"color: #ff0000\">Tuning<\/span><\/strong> <\/span><\/p>\n<p align=\"justify\">Una carrera de pique es b\u00e1sicamente una competencia de aceleraci\u00f3n entre dos carros que parten de la posici\u00f3n de parada y recorren una distancia de 1\/4 de milla (402.336 Mts.), siendo el ganador el primero en llegar a la meta, es decir el que haya hecho el menor tiempo en dicho recorrido. En un deporte relativamente nuevo en el Ecuador, lleva solo 2 a\u00f1os. Quito e Ibarra son los lugares donde m\u00e1s se ha desarrollado esta actividad y existen clubes oficiales que practican las competencias en El Bel\u00e9n y Yaguarcocha.<\/p>\n<p align=\"justify\">Para la pr\u00e1ctica de cual quiera de estos deportes extremos, se debe tomar en cuenta ciertas recomendaciones importantes: Si sufre de problemas de coraz\u00f3n se recomienda que no practique los deportes extremos.<\/p>\n<p align=\"justify\">No tener problemas o haber estado con problemas como las rodillas, cuello, espalda, tobillos. No tener la presi\u00f3n alta. No estar bajo la influencia del alcohol No estar bajo la influencia de alguna droga.<\/p>\n<p align=\"justify\"><img loading=\"lazy\" decoding=\"async\" src=\"http:\/\/2.bp.blogspot.com\/--NxYh_axZd4\/To8JJlRunzI\/AAAAAAAAIoM\/Xx9JiERjLIo\/s1600\/1223396566947_f-737790.jpg\" alt=\"\" width=\"500\" height=\"335\" \/><\/p>\n<p align=\"center\"><span style=\"font-size: medium\"><strong><span style=\"color: #ff0000\">Rafting<\/span><\/strong><\/span><\/p>\n<p align=\"justify\">Esta disciplina se la practica en los r\u00edos de gran afluencia donde hay la presencia de r\u00e1pido que llegan su recorrido a 50 kil\u00f3metros por hora, este deporte extremo se lo practica sobre una canoa especial inflable, donde puede caber hasta 6 personas. Para la pr\u00e1ctica de este deporte extremos se requiere usar chaleco salvavidas, casco, y las ganas de recorrer ciertos tramos del r\u00edo a una velocidad considerable, donde la adrenalina se hace presente en cada r\u00e1pido que se entra.<\/p>\n","protected":false},"excerpt":{"rendered":"<p>Tuning Una carrera de pique es b\u00e1sicamente una competencia de aceleraci\u00f3n entre dos carros que parten de la posici\u00f3n de parada y recorren una distancia de 1\/4 de milla (402.336 Mts.), siendo el ganador el primero en llegar a la meta, es decir el que haya hecho el menor tiempo en dicho recorrido. En un [&hellip;]<\/p>\n","protected":false},"author":7022,"featured_media":0,"parent":0,"menu_order":0,"comment_status":"open","ping_status":"open","template":"","meta":{"footnotes":""},"class_list":["post-29","page","type-page","status-publish","hentry"],"_links":{"self":[{"href":"https:\/\/blog.espol.edu.ec\/ljrivade\/wp-json\/wp\/v2\/pages\/29","targetHints":{"allow":["GET"]}}],"collection":[{"href":"https:\/\/blog.espol.edu.ec\/ljrivade\/wp-json\/wp\/v2\/pages"}],"about":[{"href":"https:\/\/blog.espol.edu.ec\/ljrivade\/wp-json\/wp\/v2\/types\/page"}],"author":[{"embeddable":true,"href":"https:\/\/blog.espol.edu.ec\/ljrivade\/wp-json\/wp\/v2\/users\/7022"}],"replies":[{"embeddable":true,"href":"https:\/\/blog.espol.edu.ec\/ljrivade\/wp-json\/wp\/v2\/comments?post=29"}],"version-history":[{"count":1,"href":"https:\/\/blog.espol.edu.ec\/ljrivade\/wp-json\/wp\/v2\/pages\/29\/revisions"}],"predecessor-version":[{"id":30,"href":"https:\/\/blog.espol.edu.ec\/ljrivade\/wp-json\/wp\/v2\/pages\/29\/revisions\/30"}],"wp:attachment":[{"href":"https:\/\/blog.espol.edu.ec\/ljrivade\/wp-json\/wp\/v2\/media?parent=29"}],"curies":[{"name":"wp","href":"https:\/\/api.w.org\/{rel}","templated":true}]}}