{"id":31,"date":"2011-12-16T15:24:58","date_gmt":"2011-12-16T15:24:58","guid":{"rendered":"http:\/\/blog.espol.edu.ec\/ljrivade\/?page_id=31"},"modified":"2011-12-16T15:24:58","modified_gmt":"2011-12-16T15:24:58","slug":"kayak","status":"publish","type":"page","link":"https:\/\/blog.espol.edu.ec\/ljrivade\/kayak\/","title":{"rendered":"Kayak"},"content":{"rendered":"<p align=\"center\"><strong><span style=\"color: #ff0000;font-size: medium\">Kayak<\/span><\/strong><\/p>\n<p align=\"justify\"><img loading=\"lazy\" decoding=\"async\" src=\"http:\/\/www.ecuadormagic.com\/fotos\/kayak.jpg\" alt=\"kayak\" width=\"141\" height=\"100\" align=\"left\" \/>El kayak es un deporte extremo que se practica en los r\u00e1pidos de los r\u00edos, a diferencia del rafting donde se puede navegar con varias personas, el kayak es personal, por lo que le hace m\u00e1s emocionante este deporte. Para practicar debe estar previamente con una gu\u00eda que le indique las t\u00e9cnicas de navegaci\u00f3n y que lo acompa\u00f1ar\u00e1n en su recorrido, el hacer rafting significa descender r\u00edos r\u00e1pidos en balsa de goma.<\/p>\n<p align=\"justify\">La pr\u00e1ctica de este deporte es posible durante todo el a\u00f1o, pero al ser r\u00edos de monta\u00f1as su mayor caudal lo traen en el verano donde el r\u00edo es medido por su nivel de dificultad. Fuera de la \u00e9poca de verano al tener menor caudal es pr\u00e1cticamente apto para todo tipo de p\u00fablico nos referimos a personas principiantes. La pr\u00e1ctica del rafting generalmente es asociada a la pr\u00e1ctica grupal.<\/p>\n<p align=\"justify\"><img loading=\"lazy\" decoding=\"async\" src=\"http:\/\/tecnomagazine.net\/images\/kayak-transparente.jpg\" alt=\"\" width=\"489\" height=\"302\" \/><\/p>\n","protected":false},"excerpt":{"rendered":"<p>Kayak El kayak es un deporte extremo que se practica en los r\u00e1pidos de los r\u00edos, a diferencia del rafting donde se puede navegar con varias personas, el kayak es personal, por lo que le hace m\u00e1s emocionante este deporte. Para practicar debe estar previamente con una gu\u00eda que le indique las t\u00e9cnicas de navegaci\u00f3n [&hellip;]<\/p>\n","protected":false},"author":7022,"featured_media":0,"parent":0,"menu_order":0,"comment_status":"open","ping_status":"open","template":"","meta":{"footnotes":""},"class_list":["post-31","page","type-page","status-publish","hentry"],"_links":{"self":[{"href":"https:\/\/blog.espol.edu.ec\/ljrivade\/wp-json\/wp\/v2\/pages\/31","targetHints":{"allow":["GET"]}}],"collection":[{"href":"https:\/\/blog.espol.edu.ec\/ljrivade\/wp-json\/wp\/v2\/pages"}],"about":[{"href":"https:\/\/blog.espol.edu.ec\/ljrivade\/wp-json\/wp\/v2\/types\/page"}],"author":[{"embeddable":true,"href":"https:\/\/blog.espol.edu.ec\/ljrivade\/wp-json\/wp\/v2\/users\/7022"}],"replies":[{"embeddable":true,"href":"https:\/\/blog.espol.edu.ec\/ljrivade\/wp-json\/wp\/v2\/comments?post=31"}],"version-history":[{"count":1,"href":"https:\/\/blog.espol.edu.ec\/ljrivade\/wp-json\/wp\/v2\/pages\/31\/revisions"}],"predecessor-version":[{"id":32,"href":"https:\/\/blog.espol.edu.ec\/ljrivade\/wp-json\/wp\/v2\/pages\/31\/revisions\/32"}],"wp:attachment":[{"href":"https:\/\/blog.espol.edu.ec\/ljrivade\/wp-json\/wp\/v2\/media?parent=31"}],"curies":[{"name":"wp","href":"https:\/\/api.w.org\/{rel}","templated":true}]}}