{"id":19,"date":"2011-10-31T19:17:15","date_gmt":"2011-10-31T19:17:15","guid":{"rendered":"http:\/\/blog.espol.edu.ec\/lmorillo\/otras-noticias\/"},"modified":"2011-11-04T03:02:01","modified_gmt":"2011-11-04T03:02:01","slug":"otras-noticias","status":"publish","type":"page","link":"https:\/\/blog.espol.edu.ec\/lmorillo\/otras-noticias\/","title":{"rendered":"En Ecuador..."},"content":{"rendered":"<p>Nuestro pa\u00eds no tiene nada que envidiarle a los dem\u00e1s, propongamonos conocer un poco mas nuestros paisajes...<\/p>\n<p><a href=\"http:\/\/es.wikipedia.org\/wiki\/Bah%C3%ADa_de_Car%C3%A1quez\"><strong>Bah\u00eda de Car\u00e1quez<\/strong><\/a><br \/>\n<a href=\"http:\/\/blog.espol.edu.ec\/lmorillo\/files\/2011\/10\/400_1316524294_bahia-de-caraquez-ecuador.jpg\"><img loading=\"lazy\" decoding=\"async\" class=\"alignnone size-medium wp-image-54\" title=\"400_1316524294_bahia-de-caraquez-ecuador\" src=\"http:\/\/blog.espol.edu.ec\/lmorillo\/files\/2011\/10\/400_1316524294_bahia-de-caraquez-ecuador-300x233.jpg\" alt=\"\" width=\"300\" height=\"233\" srcset=\"https:\/\/blog.espol.edu.ec\/lmorillo\/files\/2011\/10\/400_1316524294_bahia-de-caraquez-ecuador-300x233.jpg 300w, https:\/\/blog.espol.edu.ec\/lmorillo\/files\/2011\/10\/400_1316524294_bahia-de-caraquez-ecuador.jpg 400w\" sizes=\"auto, (max-width: 300px) 100vw, 300px\" \/><\/a><\/p>\n<p>En la provincia de Manab\u00ed se encuentra esta ciudad costera, la cual se encuentra situada en la desembocadura del r\u00edo Chone. La ciudad se encuentra a una hora al norte de la ciudad de Manta y en la era precolombina fue sede de la antigua ciudad ind\u00edgena de Car\u00e1n. Bah\u00eda de Car\u00e1quez, o simplemente Bah\u00eda, es una de las playas m\u00e1s exclusivas del Ecuador. Mucha gente, especialmente de la ciudad capital, Quito, vacacionan all\u00ed.<\/p>\n<p><a href=\"http:\/\/www.viajandox.com\/esmeraldas\/esme_atacames_playa.htm\"><strong>Playa de Atacames<\/strong><\/a><\/p>\n<p><a href=\"http:\/\/blog.espol.edu.ec\/lmorillo\/files\/2011\/10\/400_1309448081_atacames-ecuador1.jpg\"><img loading=\"lazy\" decoding=\"async\" class=\"alignnone size-medium wp-image-56\" title=\"400_1309448081_atacames-ecuador\" src=\"http:\/\/blog.espol.edu.ec\/lmorillo\/files\/2011\/10\/400_1309448081_atacames-ecuador1-300x225.jpg\" alt=\"\" width=\"300\" height=\"225\" srcset=\"https:\/\/blog.espol.edu.ec\/lmorillo\/files\/2011\/10\/400_1309448081_atacames-ecuador1-300x225.jpg 300w, https:\/\/blog.espol.edu.ec\/lmorillo\/files\/2011\/10\/400_1309448081_atacames-ecuador1.jpg 400w\" sizes=\"auto, (max-width: 300px) 100vw, 300px\" \/><\/a><\/p>\n<p>Atacames es una playa muy tur\u00edstica ubicada en la provincia de Esmeraldas, al norte de Ecuador. Esta provincia tiene fama de tener hermosas y acogedoras playas que reciben a los turistas durante todo el a\u00f1o. A lo largo del malec\u00f3n de Atacames se asientan los principales restaurantes con deliciosa comida t\u00edpica, sobre la arena, peque\u00f1os bares ofrecen bebidas tropicales a base de agua de coco y otros majares. Tambi\u00e9n se puede realizar un paseo para comprar o admirar artesan\u00edas y objetos trabajados en coral y concha.<\/p>\n<p><a href=\"http:\/\/www.cuicocha.org\/\"><strong>Laguna de Cuicocha<\/strong><\/a><\/p>\n<p><img loading=\"lazy\" decoding=\"async\" class=\"alignnone size-medium wp-image-57\" title=\"400_1278777999_cuicocha-quito-ecuador\" src=\"http:\/\/blog.espol.edu.ec\/lmorillo\/files\/2011\/10\/400_1278777999_cuicocha-quito-ecuador-300x225.jpg\" alt=\"\" width=\"300\" height=\"225\" srcset=\"https:\/\/blog.espol.edu.ec\/lmorillo\/files\/2011\/10\/400_1278777999_cuicocha-quito-ecuador-300x225.jpg 300w, https:\/\/blog.espol.edu.ec\/lmorillo\/files\/2011\/10\/400_1278777999_cuicocha-quito-ecuador.jpg 400w\" sizes=\"auto, (max-width: 300px) 100vw, 300px\" \/><\/a><\/p>\n<p>Conocida como la laguna de los dioses, esa laguna forma parte de la Reserva Cotacachi-Cayapas, que se ubica entre las provincias de Imbabura y Esmeraldas. Es uno de los destinos tur\u00edsticos m\u00e1s visitados en el Ecuador es rico en flora y fauna. Esta laguna est\u00e1 formada en un antiguo cr\u00e1ter al pie del Volc\u00e1n Cotacachi, en su interior hay dos islotes que se llaman Teodoro Wolf y Jos\u00e9 Mar\u00eda Yerovi<\/p>\n","protected":false},"excerpt":{"rendered":"<p>Nuestro pa\u00eds no tiene nada que envidiarle a los dem\u00e1s, propongamonos conocer un poco mas nuestros paisajes... Bah\u00eda de Car\u00e1quez En la provincia de Manab\u00ed se encuentra esta ciudad costera, la cual se encuentra situada en la desembocadura del r\u00edo Chone. La ciudad se encuentra a una hora al norte de la ciudad de Manta [&hellip;]<\/p>\n","protected":false},"author":6966,"featured_media":0,"parent":0,"menu_order":0,"comment_status":"open","ping_status":"open","template":"","meta":{"footnotes":""},"class_list":["post-19","page","type-page","status-publish","hentry"],"_links":{"self":[{"href":"https:\/\/blog.espol.edu.ec\/lmorillo\/wp-json\/wp\/v2\/pages\/19","targetHints":{"allow":["GET"]}}],"collection":[{"href":"https:\/\/blog.espol.edu.ec\/lmorillo\/wp-json\/wp\/v2\/pages"}],"about":[{"href":"https:\/\/blog.espol.edu.ec\/lmorillo\/wp-json\/wp\/v2\/types\/page"}],"author":[{"embeddable":true,"href":"https:\/\/blog.espol.edu.ec\/lmorillo\/wp-json\/wp\/v2\/users\/6966"}],"replies":[{"embeddable":true,"href":"https:\/\/blog.espol.edu.ec\/lmorillo\/wp-json\/wp\/v2\/comments?post=19"}],"version-history":[{"count":16,"href":"https:\/\/blog.espol.edu.ec\/lmorillo\/wp-json\/wp\/v2\/pages\/19\/revisions"}],"predecessor-version":[{"id":40,"href":"https:\/\/blog.espol.edu.ec\/lmorillo\/wp-json\/wp\/v2\/pages\/19\/revisions\/40"}],"wp:attachment":[{"href":"https:\/\/blog.espol.edu.ec\/lmorillo\/wp-json\/wp\/v2\/media?parent=19"}],"curies":[{"name":"wp","href":"https:\/\/api.w.org\/{rel}","templated":true}]}}