{"id":97,"date":"2011-12-09T22:47:51","date_gmt":"2011-12-09T22:47:51","guid":{"rendered":"http:\/\/blog.espol.edu.ec\/lmorillo\/?page_id=97"},"modified":"2011-12-09T22:50:41","modified_gmt":"2011-12-09T22:50:41","slug":"tecnologia","status":"publish","type":"page","link":"https:\/\/blog.espol.edu.ec\/lmorillo\/tecnologia\/","title":{"rendered":"Tecnolog\u00eda"},"content":{"rendered":"<p><strong><\/p>\n<ul>\nPara mantener HP webOS, hacerlo open source<\/ul>\n<ol>\n<\/strong><br \/>\n<a href=\"http:\/\/blog.espol.edu.ec\/lmorillo\/files\/2011\/12\/r-HP-WEBOS-large570.jpg\"><img loading=\"lazy\" decoding=\"async\" src=\"http:\/\/blog.espol.edu.ec\/lmorillo\/files\/2011\/12\/r-HP-WEBOS-large570-300x125.jpg\" alt=\"\" width=\"300\" height=\"125\" class=\"alignnone size-medium wp-image-98\" srcset=\"https:\/\/blog.espol.edu.ec\/lmorillo\/files\/2011\/12\/r-HP-WEBOS-large570-300x125.jpg 300w, https:\/\/blog.espol.edu.ec\/lmorillo\/files\/2011\/12\/r-HP-WEBOS-large570.jpg 570w\" sizes=\"auto, (max-width: 300px) 100vw, 300px\" \/><\/a><br \/>\nSAN FRANCISCO - Hewlett-Packard Co. dijo el viernes que est\u00e1 haciendo su webOS sistema m\u00f3vil disponible como software de c\u00f3digo abierto que cualquiera puede utilizar y modificar libremente.<\/p>\n<p>La medida puede ser uno de los esfuerzos m\u00e1s caro del mundo de la tecnolog\u00eda para dar algo de distancia. HP hab\u00eda enganchado el software webOS intuitiva cuando pag\u00f3 $ 1.8 billones en 2010 para agitando smartphone pionera Palm Inc.<\/p>\n<p>HP dijo que todav\u00eda planea desarrollar y apoyar webOS.<\/p>\n<p>Inicialmente lanzado en el tel\u00e9fono inteligente Palm Pre en 2009, webOS en \u00faltima instancia funcion\u00f3 en varios smartphones. En julio, HP tambi\u00e9n utiliza en su computadora tablet, el TouchPad.<\/p>\n<p>Los dispositivos m\u00f3viles nunca prendi\u00f3 con los consumidores, muchos de los cuales fueron m\u00e1s atra\u00eddos por el iPhone y el iPad s y los smartphones con Google Inc. 's Apple Inc. software Android. Los desarrolladores tambi\u00e9n no eran tan interesados \u200b\u200ben crear aplicaciones para un p\u00fablico reducido.<\/p>\n<p>HP espera que al ofrecer a la comunidad open-source, aplicaciones m\u00f3viles m\u00e1s se desarrollar\u00e1.<\/p>\n<p>El futuro del software ha sido incierto desde agosto, cuando HP dijo que dejar\u00eda de hacer que las computadoras tablet y smartphones - parte de un anuncio cometi\u00f3 un error por el entonces CEO Leo Apotheker, quien tambi\u00e9n dijo entonces que HP estaba considerando poner su negocio de PC a la venta.<\/p>\n<p>En septiembre, Apotheker fue despedido y reemplazado por el ex consejera delegada de eBay Meg Whitman. Whitman dijo que a finales de octubre que HP no ser\u00eda la venta de su negocio de computadoras personales, despu\u00e9s de todo, pero luego dijo que el futuro de webOS todav\u00eda no estaba claro.<\/p>\n<p>Todd Bradley, jefe de la unidad de PC de HP, dijo en ese momento que era \"justo dicen que Apple tiene un gran salto de inicio en el espacio comprimido\", y HP estaba tratando de averiguar su mejor enfoque propio. Dijo que HP se centra en la construcci\u00f3n de una tableta que se utiliza Microsoft Corp. 's pr\u00f3ximo Windows 8 software.<\/p>\n<p>Agreg\u00f3 que los consumidores no deben mantener un ojo para un TouchPad 2, pero que la compa\u00f1\u00eda \"claramente vistazo a lo que es el camino correcto a seguir para WebOS.\" Con el anuncio del viernes, parece que HP cree que ha encontrado.<\/p>\n<p>Las acciones de HP, que tiene su sede en Palo Alto, subi\u00f3 46 centavos a 28,12 d\u00f3lares en las operaciones de la tarde del viernes.<\/p>\n<p>Leer mas: <a href=\"http:\/\/www.huffingtonpost.com\/news\/hp-webos\">HP webOS<\/a>, <a href=\"http:\/\/www.huffingtonpost.com\/news\/webos-open-source\">Webos Open Source<\/a><\/p>\n","protected":false},"excerpt":{"rendered":"<p>Para mantener HP webOS, hacerlo open source SAN FRANCISCO - Hewlett-Packard Co. dijo el viernes que est\u00e1 haciendo su webOS sistema m\u00f3vil disponible como software de c\u00f3digo abierto que cualquiera puede utilizar y modificar libremente. La medida puede ser uno de los esfuerzos m\u00e1s caro del mundo de la tecnolog\u00eda para dar algo de distancia. [&hellip;]<\/p>\n","protected":false},"author":6966,"featured_media":0,"parent":0,"menu_order":0,"comment_status":"open","ping_status":"open","template":"","meta":{"footnotes":""},"class_list":["post-97","page","type-page","status-publish","hentry"],"_links":{"self":[{"href":"https:\/\/blog.espol.edu.ec\/lmorillo\/wp-json\/wp\/v2\/pages\/97","targetHints":{"allow":["GET"]}}],"collection":[{"href":"https:\/\/blog.espol.edu.ec\/lmorillo\/wp-json\/wp\/v2\/pages"}],"about":[{"href":"https:\/\/blog.espol.edu.ec\/lmorillo\/wp-json\/wp\/v2\/types\/page"}],"author":[{"embeddable":true,"href":"https:\/\/blog.espol.edu.ec\/lmorillo\/wp-json\/wp\/v2\/users\/6966"}],"replies":[{"embeddable":true,"href":"https:\/\/blog.espol.edu.ec\/lmorillo\/wp-json\/wp\/v2\/comments?post=97"}],"version-history":[{"count":4,"href":"https:\/\/blog.espol.edu.ec\/lmorillo\/wp-json\/wp\/v2\/pages\/97\/revisions"}],"predecessor-version":[{"id":102,"href":"https:\/\/blog.espol.edu.ec\/lmorillo\/wp-json\/wp\/v2\/pages\/97\/revisions\/102"}],"wp:attachment":[{"href":"https:\/\/blog.espol.edu.ec\/lmorillo\/wp-json\/wp\/v2\/media?parent=97"}],"curies":[{"name":"wp","href":"https:\/\/api.w.org\/{rel}","templated":true}]}}