{"id":2,"date":"2009-12-11T22:08:25","date_gmt":"2009-12-12T03:08:25","guid":{"rendered":""},"modified":"2010-01-26T12:28:41","modified_gmt":"2010-01-26T17:28:41","slug":"about","status":"publish","type":"page","link":"https:\/\/blog.espol.edu.ec\/loreliji\/about\/","title":{"rendered":"La Casa del \u00e1rbol"},"content":{"rendered":"<p class=\"MsoNormal\"><!--[if !mso]&gt;--><span style=\"font-size: 12pt\" lang=\"ES\"><img loading=\"lazy\" decoding=\"async\" class=\"size-full wp-image-103 alignright\" src=\"http:\/\/blog.espol.edu.ec\/loreliji\/files\/2009\/12\/logo.png\" alt=\"logo\" width=\"275\" height=\"97\" \/><\/span><span style=\"font-size: 12pt\" lang=\"ES\"><strong>Medio ambiente para ni\u00f1os y adultos<\/strong><\/span><\/p>\n<p>Bienvenidos a este blog ecol\u00f3gico que tiene como \u00fanico fin ofrecer a nuestros usuarios informaci\u00f3n referente al sector de la ecolog\u00eda, en donde los visitantes adquirir\u00e1n conocimiento de nuestro medioambiente y as\u00ed compartir este conocimiento con sus hijos, conocidos, etc. Este blog\u00a0 pretende, tal como lo dice nuestro eslogan, <em>sembrar semillas para el futuro<\/em>, es decir, fomentar el amor hacia el ecosistema en los ni\u00f1os ya que si desde peque\u00f1os les creamos una conciencia ecol\u00f3gica cuando estos crezcan se lo inculcar\u00e1n en su hijos y as\u00ed seguir\u00e1 la cadena que beneficiar\u00e1 a futuras generaciones.<\/p>\n<p>En este espacio dedicado\u00a0 a trav\u00e9s de art\u00edculos, juegos, pasatiempos, curiosidades y otros recursos educativos\u00a0 trata de mostrar a los m\u00e1s peque\u00f1os la importancia que tiene la conservaci\u00f3n de nuestra fauna, flora, as\u00ed como los ecosistemas y c\u00f3mo con nuestros h\u00e1bitos diarios podemos contribuir a un desarrollo m\u00e1s sostenible.<\/p>\n<p class=\"MsoNormal\"><span style=\"font-size: 12pt\" lang=\"ES\"><img loading=\"lazy\" decoding=\"async\" class=\"alignleft size-full wp-image-66\" src=\"http:\/\/blog.espol.edu.ec\/loreliji\/files\/2009\/12\/abuelito.png\" alt=\"abuelito\" width=\"186\" height=\"261\" \/><\/span>Con el prop\u00f3sito de educar a los ni\u00f1os de una manera divertida creamos un personaje llamado el <strong>\u201cAbuelito Germ\u00e1n\u201d<\/strong>. Este personaje ayudar\u00e1 a los ni\u00f1os a comprender lo valioso de cuidar nuestro planeta con divertidos juegos. Adem\u00e1s contamos con una secci\u00f3n de descarga en donde nuestros visitantes podr\u00e1n descargar diferentes recursos tales como wallpapers, calendarios \u2026 Todos con una leyenda ecol\u00f3gica.<\/p>\n<p>Adem\u00e1s, en la secci\u00f3n <em><strong>Sab\u00edas que<\/strong><\/em> publicaremos peri\u00f3dicamente art\u00edculos informativos. As\u00ed es que, esperamos que disfruten de este blog,\u00a0 sus comentarios y sugerencias son bienvenidos. Recuerden que para ayudar a nuestro planeta el cambio debe empezar por nosotros para que as\u00ed hayan cambios en nuestra comunidad y poder contribuir significativamente desde nuestros hogares u oficinas en la preservaci\u00f3n del medio ambiente.<\/p>\n<p class=\"MsoNormal\" style=\"text-align: justify\"><span style=\"font-size: 12pt;font-family: Arial\"><br \/>\n<\/span><\/p>\n<p class=\"MsoNormal\" style=\"text-align: justify\"><strong><span style=\"font-size: 12pt;font-family: Arial\"> <\/span><\/strong><\/p>\n<p><!--EndFragment--><\/p>\n<p><!--EndFragment--><\/p>\n","protected":false},"excerpt":{"rendered":"<p>Medio ambiente para ni\u00f1os y adultos Bienvenidos a este blog ecol\u00f3gico que tiene como \u00fanico fin ofrecer a nuestros usuarios informaci\u00f3n referente al sector de la ecolog\u00eda, en donde los visitantes adquirir\u00e1n conocimiento de nuestro medioambiente y as\u00ed compartir este conocimiento con sus hijos, conocidos, etc. Este blog\u00a0 pretende, tal como lo dice nuestro eslogan, [&hellip;]<\/p>\n","protected":false},"author":3557,"featured_media":0,"parent":0,"menu_order":0,"comment_status":"open","ping_status":"open","template":"","meta":{"_monsterinsights_skip_tracking":false,"_monsterinsights_sitenote_active":false,"_monsterinsights_sitenote_note":"","_monsterinsights_sitenote_category":0,"footnotes":""},"class_list":["post-2","page","type-page","status-publish","hentry"],"_links":{"self":[{"href":"https:\/\/blog.espol.edu.ec\/loreliji\/wp-json\/wp\/v2\/pages\/2","targetHints":{"allow":["GET"]}}],"collection":[{"href":"https:\/\/blog.espol.edu.ec\/loreliji\/wp-json\/wp\/v2\/pages"}],"about":[{"href":"https:\/\/blog.espol.edu.ec\/loreliji\/wp-json\/wp\/v2\/types\/page"}],"author":[{"embeddable":true,"href":"https:\/\/blog.espol.edu.ec\/loreliji\/wp-json\/wp\/v2\/users\/3557"}],"replies":[{"embeddable":true,"href":"https:\/\/blog.espol.edu.ec\/loreliji\/wp-json\/wp\/v2\/comments?post=2"}],"version-history":[{"count":9,"href":"https:\/\/blog.espol.edu.ec\/loreliji\/wp-json\/wp\/v2\/pages\/2\/revisions"}],"predecessor-version":[{"id":45,"href":"https:\/\/blog.espol.edu.ec\/loreliji\/wp-json\/wp\/v2\/pages\/2\/revisions\/45"}],"wp:attachment":[{"href":"https:\/\/blog.espol.edu.ec\/loreliji\/wp-json\/wp\/v2\/media?parent=2"}],"curies":[{"name":"wp","href":"https:\/\/api.w.org\/{rel}","templated":true}]}}