{"id":43,"date":"2010-01-24T18:37:35","date_gmt":"2010-01-24T23:37:35","guid":{"rendered":"http:\/\/blog.espol.edu.ec\/loreliji\/?page_id=43"},"modified":"2010-01-26T12:34:12","modified_gmt":"2010-01-26T17:34:12","slug":"descarga","status":"publish","type":"page","link":"https:\/\/blog.espol.edu.ec\/loreliji\/descarga\/","title":{"rendered":"Art\u00edculos"},"content":{"rendered":"<p><!--[if gte mso 9]&gt;  Normal.dotm 0 0 1 137 785 Studio QATRO 6 1 964 12.0     &lt;![endif]--><!--[if gte mso 9]&gt;  0 false  21  18 pt 18 pt 0 0  false false false        &lt;![endif]--><!--[if gte mso 9]&gt;   &lt;![endif]--><\/p>\n<p class=\"MsoNormal\"><span lang=\"ES\">Somos un grupo de estudiantes de la Escuela Superior Polit\u00e9cnica del Litoral, quienes al cursar la materia de ecolog\u00eda aprendimos, conocimos la realidad ambiental en que se encuentra nuestro planeta. Con la gu\u00eda de nuestro profesor Fernando Mor\u00e1n aprendimos mucho sobre la necesidad de proteger nuestro medio ambiente y la importancia de cuidar el aire que respiramos, el agua que bebemos y el suelo en que vivimos para el beneficio de todas las especies vivientes en el planeta y de las generaciones futuras, pu\u00e9s estos recursos que \u00e1ntes eran inagotables hoy en d\u00eda ya no lo son.<\/span><\/p>\n<p class=\"MsoNormal\"><span lang=\"ES\">Nuestro prop\u00f3sito es el de crear conciencia en las personas y motivarlas a cambiar sus h\u00e1bitos de manera que no<span> <\/span>afecten mas a la naturaleza. No es f\u00e1cil crear estos cambios en personas adultas, por eso tambi\u00e9n queremos llegar a los m\u00e1s peque\u00f1os para que eduquen a los adultos y as\u00ed cuando ellos sean adultos crezcan ya con h\u00e1bitos de cuidado ambiental.<\/span><\/p>\n<p><!--EndFragment--><\/p>\n","protected":false},"excerpt":{"rendered":"<p>Somos un grupo de estudiantes de la Escuela Superior Polit\u00e9cnica del Litoral, quienes al cursar la materia de ecolog\u00eda aprendimos, conocimos la realidad ambiental en que se encuentra nuestro planeta. Con la gu\u00eda de nuestro profesor Fernando Mor\u00e1n aprendimos mucho sobre la necesidad de proteger nuestro medio ambiente y la importancia de cuidar el aire [&hellip;]<\/p>\n","protected":false},"author":3557,"featured_media":0,"parent":0,"menu_order":0,"comment_status":"open","ping_status":"open","template":"","meta":{"_monsterinsights_skip_tracking":false,"_monsterinsights_sitenote_active":false,"_monsterinsights_sitenote_note":"","_monsterinsights_sitenote_category":0,"footnotes":""},"class_list":["post-43","page","type-page","status-publish","hentry"],"_links":{"self":[{"href":"https:\/\/blog.espol.edu.ec\/loreliji\/wp-json\/wp\/v2\/pages\/43","targetHints":{"allow":["GET"]}}],"collection":[{"href":"https:\/\/blog.espol.edu.ec\/loreliji\/wp-json\/wp\/v2\/pages"}],"about":[{"href":"https:\/\/blog.espol.edu.ec\/loreliji\/wp-json\/wp\/v2\/types\/page"}],"author":[{"embeddable":true,"href":"https:\/\/blog.espol.edu.ec\/loreliji\/wp-json\/wp\/v2\/users\/3557"}],"replies":[{"embeddable":true,"href":"https:\/\/blog.espol.edu.ec\/loreliji\/wp-json\/wp\/v2\/comments?post=43"}],"version-history":[{"count":6,"href":"https:\/\/blog.espol.edu.ec\/loreliji\/wp-json\/wp\/v2\/pages\/43\/revisions"}],"predecessor-version":[{"id":126,"href":"https:\/\/blog.espol.edu.ec\/loreliji\/wp-json\/wp\/v2\/pages\/43\/revisions\/126"}],"wp:attachment":[{"href":"https:\/\/blog.espol.edu.ec\/loreliji\/wp-json\/wp\/v2\/media?parent=43"}],"curies":[{"name":"wp","href":"https:\/\/api.w.org\/{rel}","templated":true}]}}