{"id":21,"date":"2016-06-01T15:01:58","date_gmt":"2016-06-01T20:01:58","guid":{"rendered":"http:\/\/blog.espol.edu.ec\/lpramos\/?page_id=21"},"modified":"2016-06-01T15:03:53","modified_gmt":"2016-06-01T20:03:53","slug":"equipos","status":"publish","type":"page","link":"https:\/\/blog.espol.edu.ec\/lpramos\/pagina-ejemplo\/equipos\/","title":{"rendered":"Equipos"},"content":{"rendered":"<p><img loading=\"lazy\" decoding=\"async\" class=\"alignnone wp-image-22\" src=\"http:\/\/blog.espol.edu.ec\/lpramos\/files\/2016\/06\/descarga.jpg\" alt=\"descarga\" width=\"248\" height=\"262\" \/><\/p>\n<p style=\"text-align: left\">La Primera Divisi\u00f3n de Espa\u00f1a, tambi\u00e9n conocida simplemente como La Liga o por motivos de patrocinio Liga BBVA,1 es la m\u00e1xima categor\u00eda del sistema de Ligas de f\u00fatbol de Espa\u00f1a. Comenz\u00f3 a disputarse en la temporada 1928-29 y desde entonces se ha celebrado sin interrupciones, con la excepci\u00f3n del par\u00f3n sufrido por la Guerra Civil de 1936 a 1939.<\/p>\n<p style=\"text-align: left\">Es considerada como la primera liga del mundo en importancia seg\u00fan el ranking anual oficial de la Federaci\u00f3n Internacional de Historia y Estad\u00edstica de F\u00fatbol (IFFHS),2 y ocupa ese lugar de manera consecutiva desde 2010.3<\/p>\n<p style=\"text-align: left\">A lo largo de su historia nueve clubes han resultado campeones, siendo el Real Madrid Club de F\u00fatbol el equipo m\u00e1s laureado con treinta y dos campeonatos. F\u00fatbol Club Barcelona, el Club Atl\u00e9tico de Madrid, el Athletic Club, el Valencia Club de F\u00fatbol, la Real Sociedad de F\u00fatbol, el Real Betis Balompi\u00e9, el Sevilla F\u00fatbol Club y el Real Club Deportivo de La Coru\u00f1a completan el resto de campeonatos de las ochenta y cinco temporadas del campeonato.<\/p>\n<p>Entre ellos, los dos primeros citados clubes son los que ostentan el mayor n\u00famero de puntos en una edici\u00f3n, con cien, logrados en las temporadas 2011-12 \u2014temporada en la que el mismo club logr\u00f3 el r\u00e9cord de goles en una edici\u00f3n con 121\u2014 y 2012-13 respectivamente. Un total de m\u00e1s de 14 800 futbolistas \u2014incluidos los pertenecientes a la Segunda Divisi\u00f3n de Espa\u00f1a\u2014 han disputado alg\u00fan partido a lo largo de su historia.4<\/p>\n<p>&nbsp;<\/p>\n","protected":false},"excerpt":{"rendered":"<p>La Primera Divisi\u00f3n de Espa\u00f1a, tambi\u00e9n conocida simplemente como La Liga o por motivos de patrocinio Liga BBVA,1 es la m\u00e1xima categor\u00eda del sistema de Ligas de f\u00fatbol de Espa\u00f1a. Comenz\u00f3 a disputarse en la temporada 1928-29 y desde entonces se ha celebrado sin interrupciones, con la excepci\u00f3n del par\u00f3n sufrido por la Guerra Civil &hellip; <\/p>\n<p><a class=\"more-link btn\" href=\"https:\/\/blog.espol.edu.ec\/lpramos\/pagina-ejemplo\/equipos\/\">Seguir leyendo<\/a><\/p>\n","protected":false},"author":10322,"featured_media":0,"parent":2,"menu_order":2,"comment_status":"closed","ping_status":"closed","template":"","meta":{"footnotes":""},"class_list":["post-21","page","type-page","status-publish","hentry","nodate","item-wrap"],"_links":{"self":[{"href":"https:\/\/blog.espol.edu.ec\/lpramos\/wp-json\/wp\/v2\/pages\/21","targetHints":{"allow":["GET"]}}],"collection":[{"href":"https:\/\/blog.espol.edu.ec\/lpramos\/wp-json\/wp\/v2\/pages"}],"about":[{"href":"https:\/\/blog.espol.edu.ec\/lpramos\/wp-json\/wp\/v2\/types\/page"}],"author":[{"embeddable":true,"href":"https:\/\/blog.espol.edu.ec\/lpramos\/wp-json\/wp\/v2\/users\/10322"}],"replies":[{"embeddable":true,"href":"https:\/\/blog.espol.edu.ec\/lpramos\/wp-json\/wp\/v2\/comments?post=21"}],"version-history":[{"count":1,"href":"https:\/\/blog.espol.edu.ec\/lpramos\/wp-json\/wp\/v2\/pages\/21\/revisions"}],"predecessor-version":[{"id":23,"href":"https:\/\/blog.espol.edu.ec\/lpramos\/wp-json\/wp\/v2\/pages\/21\/revisions\/23"}],"up":[{"embeddable":true,"href":"https:\/\/blog.espol.edu.ec\/lpramos\/wp-json\/wp\/v2\/pages\/2"}],"wp:attachment":[{"href":"https:\/\/blog.espol.edu.ec\/lpramos\/wp-json\/wp\/v2\/media?parent=21"}],"curies":[{"name":"wp","href":"https:\/\/api.w.org\/{rel}","templated":true}]}}