{"id":3,"date":"2011-09-12T23:01:56","date_gmt":"2011-09-12T23:01:56","guid":{"rendered":"http:\/\/blog.espol.edu.ec\/lquinter\/?page_id=3"},"modified":"2011-09-12T23:07:32","modified_gmt":"2011-09-12T23:07:32","slug":"windows-phone-7-visual-studio-2010","status":"publish","type":"page","link":"https:\/\/blog.espol.edu.ec\/lquinter\/windows-phone-7-visual-studio-2010\/","title":{"rendered":"Windows phone 7 &amp; Visual Studio 2010"},"content":{"rendered":"<p>Buenas con todos los lectores de este humilde blog, a continuaci\u00f3n les relatare una experiencia que hace poco viv\u00ed, los principales involucrados fueron \"Microsoft Visual Studio 2010\" y el sistema operativo\u00a0 \"Windows phone 7\" , que como ya sabran es un O.S. para telefonos celulares desarrollado por Microsoft posterior al \"Windows Mobile\".<\/p>\n<p>Continuando con mi relato, siendo actualmente un aspirante a programador y estudiando una carrera del area de Sistemas he implementado el m\u00e1s sencillo de los programas el \u201cHello World\u201d pero en una aplicaci\u00f3n que pueda ejecutarse en un dispositivo m\u00f3vil con Windows Phone 7 como O.S, ya que nunca esta de m\u00e1s entender como funcionan otros entornos de programacion<\/p>\n<p>Para empezar debemos tener instalada por lo menos el \"Microsoft Visual Studio 2010 Express for Windows Phone\" ya que este programa nos da todo lo necesario para crear una aplicacion para mobiles con dicho O.S. (especificamente ya tiene \"Windows Phone 7 SDK\")<\/p>\n<p>Ahora abrimos nuestro Visual<\/p>\n<p><a href=\"http:\/\/blog.espol.edu.ec\/lquinter\/files\/2011\/09\/wp_pan1.jpg\"><img loading=\"lazy\" decoding=\"async\" class=\"size-full wp-image-4 alignnone\" title=\"wp_pan1\" src=\"http:\/\/blog.espol.edu.ec\/lquinter\/files\/2011\/09\/wp_pan1.jpg\" alt=\"\" width=\"1017\" height=\"511\" \/><\/a><\/p>\n<p>Luego ir a File - New Project y elegir Windows Phone Application<\/p>\n<p><a href=\"http:\/\/blog.espol.edu.ec\/lquinter\/files\/2011\/09\/wp_pan2.jpg\"><img loading=\"lazy\" decoding=\"async\" class=\"alignleft size-full wp-image-5\" title=\"wp_pan2\" src=\"http:\/\/blog.espol.edu.ec\/lquinter\/files\/2011\/09\/wp_pan2.jpg\" alt=\"\" width=\"950\" height=\"580\" srcset=\"https:\/\/blog.espol.edu.ec\/lquinter\/files\/2011\/09\/wp_pan2.jpg 950w, https:\/\/blog.espol.edu.ec\/lquinter\/files\/2011\/09\/wp_pan2-300x183.jpg 300w\" sizes=\"auto, (max-width: 950px) 100vw, 950px\" \/><\/a><\/p>\n<p>Ahora todo ya es m\u00e1s intuitivo , como pueden apreciar todav\u00eda el entorno es muy parecido a los anteriores Visual...<\/p>\n<p>Asi que simplemente arrastran un TextBlock al \"form\"\u00a0 luego damos clic derecho sobre el form y elegimos \"View Code\"<\/p>\n<p>y apareceremos en el evento \"PhoneApplicationPage_Loaded\"<\/p>\n<p><a href=\"http:\/\/blog.espol.edu.ec\/lquinter\/files\/2011\/09\/wp_pan3.jpg\"><img loading=\"lazy\" decoding=\"async\" class=\"alignleft size-full wp-image-6\" title=\"wp_pan3\" src=\"http:\/\/blog.espol.edu.ec\/lquinter\/files\/2011\/09\/wp_pan3.jpg\" alt=\"\" width=\"657\" height=\"245\" srcset=\"https:\/\/blog.espol.edu.ec\/lquinter\/files\/2011\/09\/wp_pan3.jpg 657w, https:\/\/blog.espol.edu.ec\/lquinter\/files\/2011\/09\/wp_pan3-300x111.jpg 300w\" sizes=\"auto, (max-width: 657px) 100vw, 657px\" \/><\/a><\/p>\n<p>Como podran ver, solo queda escribir la sentencia para que nuestro TextBlock1 (el que arrastramos al form) cambie su texto por nuestro mensaje<\/p>\n<p>Para probar nuestra aplicacion oprimen \"F5\" y veran las siguientes pantallas<\/p>\n<p><a href=\"http:\/\/blog.espol.edu.ec\/lquinter\/files\/2011\/09\/wp_pan4.jpg\"><img loading=\"lazy\" decoding=\"async\" class=\"alignleft size-full wp-image-7\" title=\"wp_pan4\" src=\"http:\/\/blog.espol.edu.ec\/lquinter\/files\/2011\/09\/wp_pan4.jpg\" alt=\"\" width=\"390\" height=\"730\" srcset=\"https:\/\/blog.espol.edu.ec\/lquinter\/files\/2011\/09\/wp_pan4.jpg 390w, https:\/\/blog.espol.edu.ec\/lquinter\/files\/2011\/09\/wp_pan4-160x300.jpg 160w\" sizes=\"auto, (max-width: 390px) 100vw, 390px\" \/><\/a><\/p>\n<p>y depues el propio mensaje (ahh esa peque\u00f1a imagen es propia mia solo lo puse para probar)<\/p>\n<p><a href=\"http:\/\/blog.espol.edu.ec\/lquinter\/files\/2011\/09\/wp_pan5.jpg\"><img loading=\"lazy\" decoding=\"async\" class=\"alignleft size-full wp-image-8\" title=\"wp_pan5\" src=\"http:\/\/blog.espol.edu.ec\/lquinter\/files\/2011\/09\/wp_pan5.jpg\" alt=\"\" width=\"392\" height=\"730\" srcset=\"https:\/\/blog.espol.edu.ec\/lquinter\/files\/2011\/09\/wp_pan5.jpg 392w, https:\/\/blog.espol.edu.ec\/lquinter\/files\/2011\/09\/wp_pan5-161x300.jpg 161w\" sizes=\"auto, (max-width: 392px) 100vw, 392px\" \/><\/a><\/p>\n<p>Bueno eso es todo... Hasta la proxima<\/p>\n<p>P.D se han desactivado los comentarios para impedir insultos, les recuerdo que esta es mi primera entrada, no me acostumbro al modelo de edicion de estos blog's.<\/p>\n","protected":false},"excerpt":{"rendered":"<p>Buenas con todos los lectores de este humilde blog, a continuaci\u00f3n les relatare una experiencia que hace poco viv\u00ed, los principales involucrados fueron \"Microsoft Visual Studio 2010\" y el sistema operativo\u00a0 \"Windows phone 7\" , que como ya sabran es un O.S. para telefonos celulares desarrollado por Microsoft posterior al \"Windows Mobile\". Continuando con mi [&hellip;]<\/p>\n","protected":false},"author":6757,"featured_media":0,"parent":0,"menu_order":0,"comment_status":"closed","ping_status":"open","template":"","meta":{"footnotes":""},"class_list":["post-3","page","type-page","status-publish","hentry"],"_links":{"self":[{"href":"https:\/\/blog.espol.edu.ec\/lquinter\/wp-json\/wp\/v2\/pages\/3","targetHints":{"allow":["GET"]}}],"collection":[{"href":"https:\/\/blog.espol.edu.ec\/lquinter\/wp-json\/wp\/v2\/pages"}],"about":[{"href":"https:\/\/blog.espol.edu.ec\/lquinter\/wp-json\/wp\/v2\/types\/page"}],"author":[{"embeddable":true,"href":"https:\/\/blog.espol.edu.ec\/lquinter\/wp-json\/wp\/v2\/users\/6757"}],"replies":[{"embeddable":true,"href":"https:\/\/blog.espol.edu.ec\/lquinter\/wp-json\/wp\/v2\/comments?post=3"}],"version-history":[{"count":3,"href":"https:\/\/blog.espol.edu.ec\/lquinter\/wp-json\/wp\/v2\/pages\/3\/revisions"}],"predecessor-version":[{"id":10,"href":"https:\/\/blog.espol.edu.ec\/lquinter\/wp-json\/wp\/v2\/pages\/3\/revisions\/10"}],"wp:attachment":[{"href":"https:\/\/blog.espol.edu.ec\/lquinter\/wp-json\/wp\/v2\/media?parent=3"}],"curies":[{"name":"wp","href":"https:\/\/api.w.org\/{rel}","templated":true}]}}