{"id":36,"date":"2016-11-30T04:22:11","date_gmt":"2016-11-30T04:22:11","guid":{"rendered":"http:\/\/blog.espol.edu.ec\/lualmore\/?page_id=36"},"modified":"2016-11-30T04:22:27","modified_gmt":"2016-11-30T04:22:27","slug":"historia-yamaha","status":"publish","type":"page","link":"https:\/\/blog.espol.edu.ec\/lualmore\/historia-yamaha\/","title":{"rendered":"HISTORIA YAMAHA"},"content":{"rendered":"<p>El hombre que hizo de la marca japonesa<strong> Yamaha <\/strong>un nombre reconocido en todo el mundo con sus motocicletas e instrumentos musicales, vivi\u00f3 y muri\u00f3 en la localidad industrial de Hamamatsu, situada a 200 kil\u00f3metros al oeste de Tokio, donde est\u00e1n ubicadas las sedes de ambas compa\u00f1\u00edas.<\/p>\n<p>En sus inicios, en 1877, la empresa creada por el se\u00f1or Torakusu <strong>Yamaha<\/strong> depend\u00eda de la fabricaci\u00f3n y venta de pianos verticales, pero ya a comienzos del XX prob\u00f3 con los pianos de cola y \u00f3rganos. En 1927, Kaichi, el padre de Kawakami, asume la tercera presidencia de la compa\u00f1\u00eda. Su hijo, tras graduarse en la Escuela Comercial de Takachiho, se uni\u00f3 en 1937 a la empresa, convirti\u00e9ndola en el principal fabricante de pianos del mundo. Pero fue al heredar el mando, en 1950, cuando cambi\u00f3 el rumbo que hab\u00edan impuesto hasta entonces las otras generaciones.<img loading=\"lazy\" decoding=\"async\" class=\" wp-image-37 aligncenter\" src=\"http:\/\/blog.espol.edu.ec\/lualmore\/files\/2016\/11\/Genichi.jpg\" alt=\"genichi\" width=\"313\" height=\"204\" \/><\/p>\n","protected":false},"excerpt":{"rendered":"<p>El hombre que hizo de la marca japonesa Yamaha un nombre reconocido en todo el mundo con sus motocicletas e instrumentos musicales, vivi\u00f3 y muri\u00f3 en la localidad industrial de Hamamatsu, situada a 200 kil\u00f3metros al oeste de Tokio, donde est\u00e1n ubicadas las sedes de ambas compa\u00f1\u00edas. En sus inicios, en 1877, la empresa creada [&hellip;]<\/p>\n","protected":false},"author":10796,"featured_media":0,"parent":0,"menu_order":0,"comment_status":"closed","ping_status":"closed","template":"","meta":{"footnotes":""},"class_list":["post-36","page","type-page","status-publish","hentry"],"_links":{"self":[{"href":"https:\/\/blog.espol.edu.ec\/lualmore\/wp-json\/wp\/v2\/pages\/36","targetHints":{"allow":["GET"]}}],"collection":[{"href":"https:\/\/blog.espol.edu.ec\/lualmore\/wp-json\/wp\/v2\/pages"}],"about":[{"href":"https:\/\/blog.espol.edu.ec\/lualmore\/wp-json\/wp\/v2\/types\/page"}],"author":[{"embeddable":true,"href":"https:\/\/blog.espol.edu.ec\/lualmore\/wp-json\/wp\/v2\/users\/10796"}],"replies":[{"embeddable":true,"href":"https:\/\/blog.espol.edu.ec\/lualmore\/wp-json\/wp\/v2\/comments?post=36"}],"version-history":[{"count":1,"href":"https:\/\/blog.espol.edu.ec\/lualmore\/wp-json\/wp\/v2\/pages\/36\/revisions"}],"predecessor-version":[{"id":38,"href":"https:\/\/blog.espol.edu.ec\/lualmore\/wp-json\/wp\/v2\/pages\/36\/revisions\/38"}],"wp:attachment":[{"href":"https:\/\/blog.espol.edu.ec\/lualmore\/wp-json\/wp\/v2\/media?parent=36"}],"curies":[{"name":"wp","href":"https:\/\/api.w.org\/{rel}","templated":true}]}}