{"id":103,"date":"2011-01-25T04:31:03","date_gmt":"2011-01-25T04:31:03","guid":{"rendered":"http:\/\/blog.espol.edu.ec\/lucho\/?page_id=103"},"modified":"2011-01-25T04:55:15","modified_gmt":"2011-01-25T04:55:15","slug":"web-2-0redes-sociales","status":"publish","type":"page","link":"https:\/\/blog.espol.edu.ec\/lucho\/web-2-0redes-sociales\/","title":{"rendered":"WeB 2.0(redes sociales)"},"content":{"rendered":"<h2><strong>Servicios asociados<\/strong><\/h2>\n<p>Para compartir en la Web 2.0 se utilizan una serie de herramientas, entre las que se pueden destacar:<\/p>\n<ul>\n<li>BLOGS:  La blogosfera es el conjunto de blogs que hay en internet. Un blog es  un espacio web personal en el que su autor (puede haber varios autores  autorizados) puede escribir cronol\u00f3gicamente art\u00edculos, noticias...(con  im\u00e1genes y enlaces), pero adem\u00e1s es un espacio colaborativo donde los  lectores tambi\u00e9n pueden escribir sus comentarios a cada uno de los  art\u00edculos (entradas\/post) que ha realizado el autor. Hay diversos  servidores de weblog gratuitos como por ejemplo:<\/li>\n<li>WIKIS:  En hawaiano \"wikiwiki \" significa: r\u00e1pido, informal. Una wiki es un  espacio web corporativo, organizado mediante una estructura hipertextual  de p\u00e1ginas (referenciadas en un men\u00fa lateral), donde varias personas  autorizadas elaboran contenidos de manera as\u00edncrona. Basta pulsar el  bot\u00f3n \"editar\" para acceder a los contenidos y modificarlos. Suelen  mantener un archivo hist\u00f3rico de las versiones anteriores y facilitan la  realizaci\u00f3n de copias de seguridad de los contenidos. Hay diversos  servidores de wiki gratuitos:<\/li>\n<li>Entornos para compartir recursos: Todos estos entornos nos permiten  almacenar recursos en Internet, compartirlos y visualizarlos cuando nos  convenga desde Internet. Constituyen una inmensa fuente de recursos y  lugares donde publicar materiales para su difusi\u00f3n mundial.<\/li>\n<li>Documentos: podemos subir nuestros documentos y compartirlos, embebi\u00e9ndolos en un Blog o Wiki, envi\u00e1ndolos por correo.<\/li>\n<li>V\u00eddeos<\/li>\n<li>Presentaciones<\/li>\n<li>Fotos<\/li>\n<li>Plataformas educativas<\/li>\n<li>Redes Sociales<\/li>\n<\/ul>\n<p><img loading=\"lazy\" decoding=\"async\" class=\"aligncenter\" src=\"http:\/\/capileiraticrecursos.wikispaces.com\/file\/view\/web20.jpg\/83467893\/web20.jpg\" alt=\"\" width=\"500\" height=\"420\" \/><\/p>\n","protected":false},"excerpt":{"rendered":"<p>Servicios asociados Para compartir en la Web 2.0 se utilizan una serie de herramientas, entre las que se pueden destacar: BLOGS: La blogosfera es el conjunto de blogs que hay en internet. Un blog es un espacio web personal en el que su autor (puede haber varios autores autorizados) puede escribir cronol\u00f3gicamente art\u00edculos, noticias...(con im\u00e1genes [&hellip;]<\/p>\n","protected":false},"author":5576,"featured_media":0,"parent":0,"menu_order":0,"comment_status":"open","ping_status":"open","template":"","meta":{"footnotes":""},"class_list":["post-103","page","type-page","status-publish","hentry"],"_links":{"self":[{"href":"https:\/\/blog.espol.edu.ec\/lucho\/wp-json\/wp\/v2\/pages\/103","targetHints":{"allow":["GET"]}}],"collection":[{"href":"https:\/\/blog.espol.edu.ec\/lucho\/wp-json\/wp\/v2\/pages"}],"about":[{"href":"https:\/\/blog.espol.edu.ec\/lucho\/wp-json\/wp\/v2\/types\/page"}],"author":[{"embeddable":true,"href":"https:\/\/blog.espol.edu.ec\/lucho\/wp-json\/wp\/v2\/users\/5576"}],"replies":[{"embeddable":true,"href":"https:\/\/blog.espol.edu.ec\/lucho\/wp-json\/wp\/v2\/comments?post=103"}],"version-history":[{"count":7,"href":"https:\/\/blog.espol.edu.ec\/lucho\/wp-json\/wp\/v2\/pages\/103\/revisions"}],"predecessor-version":[{"id":105,"href":"https:\/\/blog.espol.edu.ec\/lucho\/wp-json\/wp\/v2\/pages\/103\/revisions\/105"}],"wp:attachment":[{"href":"https:\/\/blog.espol.edu.ec\/lucho\/wp-json\/wp\/v2\/media?parent=103"}],"curies":[{"name":"wp","href":"https:\/\/api.w.org\/{rel}","templated":true}]}}