{"id":32,"date":"2010-11-30T14:25:41","date_gmt":"2010-11-30T14:25:41","guid":{"rendered":"http:\/\/blog.espol.edu.ec\/lucho\/?page_id=32"},"modified":"2010-11-30T19:58:22","modified_gmt":"2010-11-30T19:58:22","slug":"microsoft","status":"publish","type":"page","link":"https:\/\/blog.espol.edu.ec\/lucho\/microsoft\/","title":{"rendered":"MiCrOSofT"},"content":{"rendered":"<p>(NASDAQ: MSFT) es una empresa multinacional de origen estadounidense, fundada en 1975 por Bill Gates y Paul Allen. Dedicada al sector de la inform\u00e1tica, con sede en Redmond, Washington, Estados Unidos. Microsoft desarrolla, fabrica, licencia y produce software y equipos electr\u00f3nicos. Siendo sus productos m\u00e1s usados el sistema operativo Microsoft Windows y la suite Microsoft Office, los cuales tienen una importante posici\u00f3n entre los ordenadores personales. Con una cuota de mercado cercana al 90% para Office en 2003 y para Windows en el 2006. Siguiendo la estrategia de Bill Gates de <em>\"tener una estaci\u00f3n de trabajo que funcione con nuestro software en cada escritorio y en cada hogar\"<\/em>.<\/p>\n<p>La compa\u00f1\u00eda tambi\u00e9n suele ser nombrada como MS, por sus iniciales en el NASDAQ: (NASDAQ: MSFT) o simplemente como <strong>Redmond<\/strong>, debido a la gran influencia que tiene sobre la localidad de su centro de operaciones. Tiene 93.000 empleados en 102 pa\u00edses diferentes y cont\u00f3 con unos ingresos de 51.120 millones de d\u00f3lares durante el a\u00f1o 2007<\/p>\n<p>Fundada para desarrollar y vender int\u00e9rpretes de BASIC para el Altair 8800, a mediados de los 80 consigui\u00f3 dominar el mercado de ordenadores personales con el sistema operativo MS-DOS. La compa\u00f1\u00eda inici\u00f3 una Oferta P\u00fablica de Venta en el mercado de valores en 1986, la cual, debido a la subida de cotizaci\u00f3n de las acciones, llev\u00f3 a 4 empleados a convertirse en multimillonarios y a 12.000 en millonarios.<\/p>\n<p>Durante su historia, ha sido objeto de cr\u00edticas, como acusaciones de realizar pr\u00e1cticas monopol\u00edsticas que la han llevado ante la Comisi\u00f3n Europea y el Departamento de Justicia de los Estados Unidos.<\/p>\n<p>Microsoft afianz\u00f3 su posici\u00f3n en otros mercados como el de sistemas operativos y suites de oficina, con recursos como la red de televisi\u00f3n por cable MSNBC, el portal de Internet MSN, y la enciclopedia multimedia Microsof Encarta, producto y servicio cancelado por la empresa a principios de 2009 debido a la competencia de la libre Wikipedia. La compa\u00f1\u00eda tambi\u00e9n comercializa hardware como el rat\u00f3n de Microsoft y productos de entretenimiento casero como Xbox, Xbox 360, Zune y WebTv Microsoft ha dado soporte a sus usuarios a trav\u00e9s de Usenet en grupos de noticias y en Internet,<sup> <\/sup>tambi\u00e9n premia con la categor\u00eda de Microsoft MVP (<em>Most Valuable Professional<\/em>) a aquellos voluntarios que demuestran ser \u00fatiles en la asistencia a los clientes. Su web oficial es una de las p\u00e1ginas m\u00e1s visitadas de la red, recibiendo por d\u00eda m\u00e1s de 2'4 millones de visitas \u00fanicas seg\u00fan datos de Alexa, que situ\u00f3 el 11 de mayo de 2008 a Microsoft.com como la 14\u00aa p\u00e1gina web con m\u00e1s visitas del mundo.<img loading=\"lazy\" decoding=\"async\" class=\"alignright\" src=\"http:\/\/blog.interdominios.com\/wp-content\/2008\/microsoft.jpg\" alt=\"\" width=\"405\" height=\"324\" \/><a href=\"http:\/\/blog.espol.edu.ec\/lucho\/files\/2010\/11\/MICROSOFT-PRESENTACION.pptx\">MICROSOFT <\/a><\/p>\n","protected":false},"excerpt":{"rendered":"<p>(NASDAQ: MSFT) es una empresa multinacional de origen estadounidense, fundada en 1975 por Bill Gates y Paul Allen. Dedicada al sector de la inform\u00e1tica, con sede en Redmond, Washington, Estados Unidos. Microsoft desarrolla, fabrica, licencia y produce software y equipos electr\u00f3nicos. Siendo sus productos m\u00e1s usados el sistema operativo Microsoft Windows y la suite Microsoft [&hellip;]<\/p>\n","protected":false},"author":5576,"featured_media":0,"parent":0,"menu_order":0,"comment_status":"open","ping_status":"open","template":"","meta":{"footnotes":""},"class_list":["post-32","page","type-page","status-publish","hentry"],"_links":{"self":[{"href":"https:\/\/blog.espol.edu.ec\/lucho\/wp-json\/wp\/v2\/pages\/32","targetHints":{"allow":["GET"]}}],"collection":[{"href":"https:\/\/blog.espol.edu.ec\/lucho\/wp-json\/wp\/v2\/pages"}],"about":[{"href":"https:\/\/blog.espol.edu.ec\/lucho\/wp-json\/wp\/v2\/types\/page"}],"author":[{"embeddable":true,"href":"https:\/\/blog.espol.edu.ec\/lucho\/wp-json\/wp\/v2\/users\/5576"}],"replies":[{"embeddable":true,"href":"https:\/\/blog.espol.edu.ec\/lucho\/wp-json\/wp\/v2\/comments?post=32"}],"version-history":[{"count":3,"href":"https:\/\/blog.espol.edu.ec\/lucho\/wp-json\/wp\/v2\/pages\/32\/revisions"}],"predecessor-version":[{"id":48,"href":"https:\/\/blog.espol.edu.ec\/lucho\/wp-json\/wp\/v2\/pages\/32\/revisions\/48"}],"wp:attachment":[{"href":"https:\/\/blog.espol.edu.ec\/lucho\/wp-json\/wp\/v2\/media?parent=32"}],"curies":[{"name":"wp","href":"https:\/\/api.w.org\/{rel}","templated":true}]}}