{"id":35,"date":"2010-11-30T19:41:33","date_gmt":"2010-11-30T19:41:33","guid":{"rendered":"http:\/\/blog.espol.edu.ec\/lucho\/?page_id=35"},"modified":"2010-11-30T19:54:21","modified_gmt":"2010-11-30T19:54:21","slug":"samsung","status":"publish","type":"page","link":"https:\/\/blog.espol.edu.ec\/lucho\/samsung\/","title":{"rendered":"SaMSUnG"},"content":{"rendered":"<p><a href=\"http:\/\/blog.espol.edu.ec\/lucho\/files\/2010\/11\/Presentac..1.pptx\">SaMSUnG<\/a>Fundada en 1969, es el miembro m\u00e1s grande del Grupo Samsung, que es a la vez una de las compa\u00f1\u00edas de aparatos el\u00e9ctricos m\u00e1s importantes alrededor del mundo. Fundada en Daegu, Corea del Sur, opera en alrededor de 58 pa\u00edses y tiene m\u00e1s de 208.000 empleados. Sus ventas en el a\u00f1o\u00a02003 fueron de alrededor de 101.700 millones de d\u00f3lares (unos 86.200 millones de Euros).<\/p>\n<p>Samsung Electronics es reconocida por ser una de las 10 mayores marcas de fabricantes en el mundo; es espec\u00edficamente la segunda mayor productora del mundo, teniendo el primer lugar, la tambi\u00e9n coreana Hyundai; la cual tiene a la venta productos de telecomunicaci\u00f3n, electrodom\u00e9sticos y pantallas.<\/p>\n<p>Fue la empresa que lanz\u00f3 la primera TV de plasma en el mundo. ha llegado a ser una de las compa\u00f1\u00edas de electrodom\u00e9sticos de m\u00e1s valor en el mercado global, a la par de la japonesa Sony.<\/p>\n<p>Lanz\u00f3 una exitosa l\u00ednea de Televisores CRT llamada <em>Biovision<\/em>, posteriormente aparecen los Televisores CRT de Pantalla Plana <em>Tantus<\/em>.<\/p>\n<p>Cre\u00f3 el <em>DNIe<\/em> (Motor Natural de Im\u00e1genes Digitales),para mejorar la claridad y el detalle de las im\u00e1genes reproducidas por los Televisores CRT, plasma y LCD.<\/p>\n<p>Hoy en d\u00eda, es la empresa N\u00ba20 con mayores ganancias en el mundo y sus mayores ganancias est\u00e1n en la venta de tel\u00e9fonos m\u00f3viles\/celulares y chips de memoria.<\/p>\n<p>Sus productos se caracteriz<img loading=\"lazy\" decoding=\"async\" class=\"alignright\" src=\"http:\/\/blog.espol.edu.ec\/eeoviedo\/files\/2010\/11\/samsung-logo-copy.jpg\" alt=\"\" width=\"800\" height=\"305\" \/>an por tener un dise\u00f1o atractivo y sobrio.<\/p>\n","protected":false},"excerpt":{"rendered":"<p>SaMSUnGFundada en 1969, es el miembro m\u00e1s grande del Grupo Samsung, que es a la vez una de las compa\u00f1\u00edas de aparatos el\u00e9ctricos m\u00e1s importantes alrededor del mundo. Fundada en Daegu, Corea del Sur, opera en alrededor de 58 pa\u00edses y tiene m\u00e1s de 208.000 empleados. Sus ventas en el a\u00f1o\u00a02003 fueron de alrededor de [&hellip;]<\/p>\n","protected":false},"author":5576,"featured_media":0,"parent":0,"menu_order":0,"comment_status":"open","ping_status":"open","template":"","meta":{"footnotes":""},"class_list":["post-35","page","type-page","status-publish","hentry"],"_links":{"self":[{"href":"https:\/\/blog.espol.edu.ec\/lucho\/wp-json\/wp\/v2\/pages\/35","targetHints":{"allow":["GET"]}}],"collection":[{"href":"https:\/\/blog.espol.edu.ec\/lucho\/wp-json\/wp\/v2\/pages"}],"about":[{"href":"https:\/\/blog.espol.edu.ec\/lucho\/wp-json\/wp\/v2\/types\/page"}],"author":[{"embeddable":true,"href":"https:\/\/blog.espol.edu.ec\/lucho\/wp-json\/wp\/v2\/users\/5576"}],"replies":[{"embeddable":true,"href":"https:\/\/blog.espol.edu.ec\/lucho\/wp-json\/wp\/v2\/comments?post=35"}],"version-history":[{"count":4,"href":"https:\/\/blog.espol.edu.ec\/lucho\/wp-json\/wp\/v2\/pages\/35\/revisions"}],"predecessor-version":[{"id":41,"href":"https:\/\/blog.espol.edu.ec\/lucho\/wp-json\/wp\/v2\/pages\/35\/revisions\/41"}],"wp:attachment":[{"href":"https:\/\/blog.espol.edu.ec\/lucho\/wp-json\/wp\/v2\/media?parent=35"}],"curies":[{"name":"wp","href":"https:\/\/api.w.org\/{rel}","templated":true}]}}